{"id":5821,"date":"2024-12-02T22:13:32","date_gmt":"2024-12-02T21:13:32","guid":{"rendered":"https:\/\/masinezavlagu021.com\/?post_type=product&#038;p=5821"},"modified":"2026-05-09T04:39:52","modified_gmt":"2026-05-09T02:39:52","slug":"ultrazvucni-ovlazivac-vazduha-trotec-b-1-e","status":"publish","type":"product","link":"https:\/\/masinezavlagu021.com\/index.php\/product\/ultrazvucni-ovlazivac-vazduha-trotec-b-1-e\/","title":{"rendered":"TROTEC ULTRAZVU\u010cNI OVLA\u017dIVA\u010c VAZDUHA B 1 E"},"content":{"rendered":"<p><strong>Trotec B 1 E \u2013 Ovla\u017eiva\u010d vazduha sa ultrazvu\u010dnom tehnologijom<\/strong><\/p>\n<p>Ovla\u017eiva\u010d vazduha <strong>Trotec B 1 E<\/strong> koristi naprednu ultrazvu\u010dnu tehnologiju za efikasno i brzo pove\u0107anje vla\u017enosti vazduha u prostoriji, \u010dime stvara prijatnu i zdravu atmosferu, posebno u prostorima sa suvim grejnim vazduhom. Ovaj ure\u0111aj koristi visokofrekventne vibracije koje stvaraju mikroskopske kapljice koje se lako prenose u vazduh, osiguravaju\u0107i optimalnu vla\u017enost bez prekomernog vla\u017eenja.<\/p>\n<p><strong>Glavne karakteristike proizvoda:<\/strong><\/p>\n<ul>\n<li><strong>Ultrazvu\u010dna tehnologija:<\/strong> Ovaj ure\u0111aj stvara visoki pritisak uz pomo\u0107 zvu\u010dnih talasa, \u0161to omogu\u0107ava efikasno osloba\u0111anje fine magle koja se brzo raspr\u0161uje u vazduh.<\/li>\n<li><strong>Idealno za suve prostore:<\/strong> Savr\u0161en je za kori\u0161\u0107enje tokom zimskih meseci, kada grejanje stvara suh vazduh, pogotovo u kancelarijama, domovima i wellness prostorima.<\/li>\n<li><strong>Prilagodljiva vla\u017enost:<\/strong> Omogu\u0107ava korisnicima da lako prilagode nivo vla\u017enosti u prostoriji, \u010dime se stvara prijatno okru\u017eenje koje podr\u017eava dobro zdravlje i blagostanje.<\/li>\n<li><strong>Tih rad:<\/strong> Ure\u0111aj radi tiho, \u0161to ga \u010dini idealnim za spava\u0107e sobe, kancelarije i druge prostore gde je potrebno o\u010duvati mirnu atmosferu.<\/li>\n<li><strong>Visok kvalitet:<\/strong> Preporu\u010duje se kori\u0161\u0107enje destilovane vode kako bi se izbeglo \u0161irenje bakterija u vazduhu, \u010dime se odr\u017eava visok nivo higijene u prostoru.<\/li>\n<\/ul>\n<p><strong>Trotec B 1 E<\/strong> je jednostavan za upotrebu, a njegov moderan dizajn omogu\u0107ava mu da se lako uklopi u svaki prostor. Ovaj ure\u0111aj je idealan za one koji \u017eele da pobolj\u0161aju kvalitet vazduha u svom okru\u017eenju i osiguraju optimalnu vla\u017enost za zdravlje i udobnost.<\/p>\n","protected":false},"excerpt":{"rendered":"<h5 class=\"elementor-heading-title elementor-size-default\">2-u-1 ovla\u017eiva\u010d i aromati\u010dni osve\u017eiva\u010d vazduha. Koristec\u0301i ultrazvu\u010dnu metodu, vlaga se na efikasan na\u010din isporu\u010duje u vazduh prostorije, \u0161to osigurava opu\u0161teno disanje, posebno pri suvom grejnom vazduhu.<\/h5>\n","protected":false},"featured_media":5839,"comment_status":"open","ping_status":"closed","template":"","meta":[],"product_cat":[197],"product_tag":[],"class_list":["post-5821","product","type-product","status-publish","has-post-thumbnail","hentry","product_cat-ovlazivaci-vazduha"],"_links":{"self":[{"href":"https:\/\/masinezavlagu021.com\/index.php\/wp-json\/wp\/v2\/product\/5821","targetHints":{"allow":["GET"]}}],"collection":[{"href":"https:\/\/masinezavlagu021.com\/index.php\/wp-json\/wp\/v2\/product"}],"about":[{"href":"https:\/\/masinezavlagu021.com\/index.php\/wp-json\/wp\/v2\/types\/product"}],"replies":[{"embeddable":true,"href":"https:\/\/masinezavlagu021.com\/index.php\/wp-json\/wp\/v2\/comments?post=5821"}],"wp:featuredmedia":[{"embeddable":true,"href":"https:\/\/masinezavlagu021.com\/index.php\/wp-json\/wp\/v2\/media\/5839"}],"wp:attachment":[{"href":"https:\/\/masinezavlagu021.com\/index.php\/wp-json\/wp\/v2\/media?parent=5821"}],"wp:term":[{"taxonomy":"product_cat","embeddable":true,"href":"https:\/\/masinezavlagu021.com\/index.php\/wp-json\/wp\/v2\/product_cat?post=5821"},{"taxonomy":"product_tag","embeddable":true,"href":"https:\/\/masinezavlagu021.com\/index.php\/wp-json\/wp\/v2\/product_tag?post=5821"}],"curies":[{"name":"wp","href":"https:\/\/api.w.org\/{rel}","templated":true}]}}