{"id":5141,"date":"2023-10-24T09:54:36","date_gmt":"2023-10-24T09:54:36","guid":{"rendered":"https:\/\/masine.aviportfolio.com\/?post_type=product&#038;p=5141"},"modified":"2026-02-15T23:46:46","modified_gmt":"2026-02-15T22:46:46","slug":"stojeca-led-radna-svetiljka-pwls-01-3","status":"publish","type":"product","link":"https:\/\/masinezavlagu021.com\/index.php\/product\/stojeca-led-radna-svetiljka-pwls-01-3\/","title":{"rendered":"TROTEC STOJE\u0106A LED RADNA SVETILJKA PWLS 01-3"},"content":{"rendered":"<p>Bilo da se nalazite u ku\u0107i, profesionalnoj radionici ili obavljate privatne popravke, kampujete ili pecate u ranim jutarnjim satima, ova baterijska, be\u017ei\u010dna LED \u0161tapna radna svetiljka uvek je prakti\u010dan i pouzdan saputnik kada su u pitanju savr\u0161eni uslovi osvetljenja.<\/p>\n<p>Sa svojim svetlom koje se mo\u017ee okretati za 90\u00b0 i rotirati za 270\u00b0, pru\u017ea jako svetlo ta\u010dno tamo gde je potrebno. Ova \u0161tap svetiljka je izdr\u017eljiva i vodootporna sa za\u0161titom IPX4, a karakteri\u0161u je kompaktni dimenzije, velika fleksibilnost i visoka prakti\u010dnost.<\/p>\n<p>3-u-1: Jedno svetlo, tri funkcije Multifunkcionalni LED ru\u010dni svetlosni reflektor PWLS 03-1 kombinuje tri funkcije u jednom ure\u0111aju:<\/p>\n<p>Radna svetlost: Sna\u017eno svetlo ravnomerno osvetljava va\u0161 radni prostor. Integrisana COB povr\u0161inska LED u dugom delu lampe pru\u017ea posebno ravnomerno i jaku svetlosnu zra\u010denje sa slede\u0107im specifikacijama: 3 vata, svetlosni fluks od 220 lm, dnevna svetlost belog svetla sa temperaturom boje od 6.000 K i trajanjem osvetljenja do 6 sati. U nastavku mo\u017eete saznati vi\u0161e o prednostima COB-LED tehnologije.<\/p>\n<p>Rucna lampa: LED ta\u010dka na vrhu lampe daje fokusiranu svetlosnu snop i ima snagu od 1 vata, svetlosni fluks od 70 lm, temperaturu boje dnevnog belog svetla od 12.000 K i trajanje osvetljenja do 8 sati.<\/p>\n<p>Crveno svetlo upozorenja: Bilo da je u pitanju kvar ili nesre\u0107a, integrisano crveno svetlo upozorenja na zadnjoj strani privu\u0107i \u0107e pa\u017enju drugih u\u010desnika u saobra\u0107aju radi vizuelnog obele\u017eavanja opasnosti.<\/p>\n<p>Prilikom postavljanja lampe mo\u017eete izabrati izme\u0111u tri opcije: ve\u0161alice, stezaljke ili magneta. Na taj na\u010din, u svakoj situaciji \u0107ete na\u0107i odgovaraju\u0107i na\u010din monta\u017ee. Tako\u0111e, uklju\u010dene su tri 1,5 V AA baterije, tako da mo\u017eete odmah da po\u010dnete sa radom.<\/p>\n<p>Rotiraju\u0107i svetlosni reflektor za bolju vidljivost Mogu\u0107nost pravilnog usmeravanja svetlosnog reflektora pru\u017ea idealne uslove za svetlo i vidljivost. Ovaj reflektor se mo\u017ee rotirati za 90\u00b0 i dodatno okrenuti za 270\u00b0, \u0161to zna\u010di da unutra\u0161nji prostori ili spoljni prostori mogu lako biti osvetljeni, uklju\u010duju\u0107i i najudaljenije delove. Fleksibilno pode\u0161avanje smera svetlosnog snopa je posebno korisno pri radu na tesnim mestima ili pod te\u0161kim uslovima (na primer, ispod automobila).<\/p>\n<p>Tri na\u010dina monta\u017ee za sve okoline Kako biste mogli udobno i, pre svega, sa slobodnim rukama obavljati svoj posao, be\u017ei\u010dna lampa je opremljena preklopivim kuke za ka\u010denje, sna\u017enim stezaljkama za pri\u010dvr\u0161\u0107ivanje i integrisanim magnetnim dr\u017ea\u010dem. Na taj na\u010din mo\u017eete lamu obesiti, pri\u010dvrstiti na dasku ili merdevine ili je magnetski zaka\u010diti za metalne povr\u0161ine, kao \u0161to su haube automobila ili \u010deli\u010dne konstrukcije. Sa ovim raznovrsnim na\u010dinima monta\u017ee, lampa mo\u017ee biti postavljena na pouzdan na\u010din u svim pozicijama i u svim okru\u017eenjima prema va\u0161im potrebama.<\/p>\n<p>Svetlosna lampa upozorenja za slu\u010daj potrebe Posebno tokom tamnih meseci, sa smanjenom vidljivo\u0161\u0107u usled magle, \u010deste su saobra\u0107ajne nesre\u0107e. No\u0161enjem prenosne svetlosne lampe upozorenja u automobilu, mo\u017eete zna\u010dajno pove\u0107ati svoju sopstvenu bezbednost i bezbednost drugih u\u010desnika u saobra\u0107aju pomo\u0107u dodatnog trep\u0107u\u0107eg svetla na modelu PWLS<\/p>\n","protected":false},"excerpt":{"rendered":"<div class=\"group final-completion w-full text-token-text-primary border-b border-black\/10 gizmo:border-0 dark:border-gray-900\/50 gizmo:dark:border-0 bg-gray-50 gizmo:bg-transparent dark:bg-[#444654] gizmo:dark:bg-transparent\" data-testid=\"conversation-turn-61\">\n<div class=\"p-4 gizmo:py-2 justify-center text-base md:gap-6 md:py-6 m-auto\">\n<div class=\"flex flex-1 gap-4 text-base mx-auto md:gap-6 gizmo:gap-3 gizmo:md:px-5 gizmo:lg:px-1 gizmo:xl:px-5 md:max-w-2xl lg:max-w-[38rem] gizmo:md:max-w-3xl gizmo:lg:max-w-[40rem] gizmo:xl:max-w-[48rem] xl:max-w-3xl }\">\n<div class=\"relative flex w-[calc(100%-50px)] flex-col gizmo:w-full lg:w-[calc(100%-115px)] agent-turn\">\n<div class=\"flex-col gap-1 md:gap-3\">\n<div class=\"flex flex-grow flex-col gap-3 max-w-full\">\n<div class=\"min-h-[20px] flex flex-col items-start gap-3 whitespace-pre-wrap break-words overflow-x-auto\">\n<div class=\"markdown prose w-full break-words dark:prose-invert light\">\n<div class=\"group final-completion w-full text-token-text-primary border-b border-black\/10 gizmo:border-0 dark:border-gray-900\/50 gizmo:dark:border-0 bg-gray-50 gizmo:bg-transparent dark:bg-[#444654] gizmo:dark:bg-transparent\" data-testid=\"conversation-turn-63\">\n<div class=\"p-4 gizmo:py-2 justify-center text-base md:gap-6 md:py-6 m-auto\">\n<div class=\"flex flex-1 gap-4 text-base mx-auto md:gap-6 gizmo:gap-3 gizmo:md:px-5 gizmo:lg:px-1 gizmo:xl:px-5 md:max-w-2xl lg:max-w-[38rem] gizmo:md:max-w-3xl gizmo:lg:max-w-[40rem] gizmo:xl:max-w-[48rem] xl:max-w-3xl }\">\n<div class=\"relative flex w-[calc(100%-50px)] flex-col gizmo:w-full lg:w-[calc(100%-115px)] agent-turn\">\n<div class=\"flex-col gap-1 md:gap-3\">\n<div class=\"flex flex-grow flex-col gap-3 max-w-full\">\n<div class=\"min-h-[20px] flex flex-col items-start gap-3 whitespace-pre-wrap break-words overflow-x-auto\">\n<div class=\"markdown prose w-full break-words dark:prose-invert light\">\n<h2>RADNA SVETILJKA PWLS 01-3 DONOSI SVETLO U TAMNO.<\/h2>\n<\/div>\n<\/div>\n<\/div>\n<\/div>\n<\/div>\n<\/div>\n<\/div>\n<\/div>\n<\/div>\n<\/div>\n<\/div>\n<\/div>\n<\/div>\n<\/div>\n<\/div>\n<\/div>\n","protected":false},"featured_media":5142,"comment_status":"open","ping_status":"closed","template":"","meta":[],"product_cat":[208,213],"product_tag":[238],"class_list":["post-5141","product","type-product","status-publish","has-post-thumbnail","hentry","product_cat-oprema","product_cat-radne-lampe","product_tag-trotec"],"_links":{"self":[{"href":"https:\/\/masinezavlagu021.com\/index.php\/wp-json\/wp\/v2\/product\/5141","targetHints":{"allow":["GET"]}}],"collection":[{"href":"https:\/\/masinezavlagu021.com\/index.php\/wp-json\/wp\/v2\/product"}],"about":[{"href":"https:\/\/masinezavlagu021.com\/index.php\/wp-json\/wp\/v2\/types\/product"}],"replies":[{"embeddable":true,"href":"https:\/\/masinezavlagu021.com\/index.php\/wp-json\/wp\/v2\/comments?post=5141"}],"wp:featuredmedia":[{"embeddable":true,"href":"https:\/\/masinezavlagu021.com\/index.php\/wp-json\/wp\/v2\/media\/5142"}],"wp:attachment":[{"href":"https:\/\/masinezavlagu021.com\/index.php\/wp-json\/wp\/v2\/media?parent=5141"}],"wp:term":[{"taxonomy":"product_cat","embeddable":true,"href":"https:\/\/masinezavlagu021.com\/index.php\/wp-json\/wp\/v2\/product_cat?post=5141"},{"taxonomy":"product_tag","embeddable":true,"href":"https:\/\/masinezavlagu021.com\/index.php\/wp-json\/wp\/v2\/product_tag?post=5141"}],"curies":[{"name":"wp","href":"https:\/\/api.w.org\/{rel}","templated":true}]}}