{"id":5107,"date":"2023-10-24T09:43:14","date_gmt":"2023-10-24T09:43:14","guid":{"rendered":"https:\/\/masine.aviportfolio.com\/?post_type=product&#038;p=5107"},"modified":"2026-02-15T23:46:59","modified_gmt":"2026-02-15T22:46:59","slug":"led-radna-svetiljka-pwls-05-10-na-baterije","status":"publish","type":"product","link":"https:\/\/masinezavlagu021.com\/index.php\/product\/led-radna-svetiljka-pwls-05-10-na-baterije\/","title":{"rendered":"TROTEC LED RADNA SVETILJKA PWLS 05-10, NA BATERIJE"},"content":{"rendered":"<div class=\"group final-completion w-full text-token-text-primary border-b border-black\/10 gizmo:border-0 dark:border-gray-900\/50 gizmo:dark:border-0 bg-gray-50 gizmo:bg-transparent dark:bg-[#444654] gizmo:dark:bg-transparent\" data-testid=\"conversation-turn-63\">\n<div class=\"p-4 justify-center text-base md:gap-6 md:py-6 m-auto\">\n<div class=\"flex flex-1 gap-4 text-base mx-auto md:gap-6 gizmo:gap-3 gizmo:md:px-5 gizmo:lg:px-1 gizmo:xl:px-5 md:max-w-2xl lg:max-w-[38rem] gizmo:md:max-w-3xl gizmo:lg:max-w-[40rem] gizmo:xl:max-w-[48rem] xl:max-w-3xl }\">\n<div class=\"relative flex w-[calc(100%-50px)] flex-col gizmo:w-full lg:w-[calc(100%-115px)] agent-turn\">\n<div class=\"flex-col gap-1 md:gap-3\">\n<div class=\"flex flex-grow flex-col gap-3 max-w-full\">\n<div class=\"flex flex-col items-start gap-3 whitespace-pre-wrap break-words overflow-x-auto\">\n<div class=\"markdown prose w-full break-words dark:prose-invert light\">\n<p>Ova be\u017ei\u010dna LED radna svetiljka PWLS 05-10 pru\u017ea izuzetno svetlu svetlost (650 lm) za jaku osvetljenost i optimalne uslove gledanja. Bilo da je re\u010d o unutra\u0161njem ili spoljnom radu, ova prenosiva svetlosna svetiljka na baterije (uklju\u010duje 4 x 1,5 V AA) je veoma robusna, lako se sklapa i dokazuje svoju prakti\u010dnost u praksi kroz brzu spremnost za rad, snagu i fleksibilnost.<\/p>\n<p>Prakti\u010dan izvor svetla &#8211; za ku\u0107u, hobi, slobodno vreme i zanat<\/p>\n<p>LED radna svetiljka PWLS 05-10 ima mnogo primena u privatnom doma\u0107instvu, kod ku\u0107e sa samoposlugom, u zanatu ili na gradili\u0161tu. Bez obzira da li se radi o tapetiranju i farbanju, o gletovanju u gruboj gradnji, kao radionica za rad na automobilima ili rad na otvorenom pri sumraku &#8211; dobar izvor svetlosti je klju\u010d uspeha u zanatu! Tako\u0111e, kao kamp svetlo, svetlo za paniku na putu ili za aktivnosti na otvorenom, PWLS 05-10 se dokazuje, na primer, za osvetljavanje \u0161atora, pretragu opreme ili pronala\u017eenje puta u no\u0107i.<\/p>\n<p>Fleksibilno usmeravanje i monta\u017ea<\/p>\n<p>Dizajniran za te\u0161ke uslove, ovaj reflektor koji je za\u0161ti\u0107en prema IP44 standardu od prskanja vode ima za\u0161titu od udaraca. Prakti\u010dno, ru\u010dka koja se mo\u017ee pode\u0161avati u 6 koraka za 180\u00b0 slu\u017ei i kao stabilna postolje za precizno osvetljavanje radnog prostora. Ovu promenljivost dopunjuje jaka magnetna monta\u017ea &#8211; idealna za sigurno pri\u010dvr\u0161\u0107ivanje radne svetiljke na metalnim povr\u0161inama.<\/p>\n<p>Sna\u017ena povr\u0161inska svetlost u tri re\u017eima osvetljenja<\/p>\n<p>Sa snagom od 10 vati, radni reflektor pru\u017ea dnevno svetlo bele boje sa temperaturom boje od 6.000 K, sa trajanjem svetla od oko 3-9 sati (zavisno o re\u017eimu rada). Integrirana COB povr\u0161inska LED dioda obezbe\u0111uje posebno ravnomernu i jaku svetlosnu zra\u010denje. Pogledajte detalje o prednostima COB LED tehnologije u nastavku.<\/p>\n<p>Re\u017eim 1 &#8211; maksimalna svetlina: svetlina od 650 lumena obezbe\u0111uje optimalne uslove gledanja.<\/p>\n<p>Re\u017eim 2 &#8211; smanjena svetlina: Za svetlo bez bljeska mo\u017eete smanjiti svetlinu na 195 lumena.<\/p>\n<p>Re\u017eim 3 &#8211; Stroboskop svetlo: Osvetljenje sa intervalima blinkanja mo\u017ee se koristiti kao svetlo za upozorenje, svetlo za ozna\u010davanje ili za odbijanje divljih \u017eivotinja.<\/p>\n<p>Va\u0161 rad dolazi u pravu svetlost<\/p>\n<p>Osim odgovaraju\u0107eg alata, najva\u017enije je jedno kod zanatskog posla: dobra svetlost i slobodne ruke &#8211; posebno na te\u0161ko dostupnim mestima. Tako\u0111e, postoje i trenuci sa malo svetla u ku\u0107nom okru\u017eenju. Stoga: budite spremni i potpuno se oslonite na odmah dostupno svetlo be\u017ei\u010dne PWLS 05-10.<\/p>\n<p>Za optimalne rezultate u zanatu i na gradili\u0161tu<\/p>\n<p>Bilo da se radi o se\u010denju, bu\u0161enju, postavljanju cevi ili gletovanju &#8211; savr\u0161ene radne rezultate posti\u017eete samo pri optimalnim uslovima osvetljenja. Ako prirodna svetlost nije dovoljna, koristite PWLS 05-10 za veliko osvetljavanje va\u0161eg radnog prostora.<\/p>\n<p>Dobar pregled pri radu na automobilu<\/p>\n<p>Kada radite na automehani\u010darskim poslovima, PWLS 05-10 slu\u017ei kao prakti\u010dna radna svetiljka i omogu\u0107ava jasan pregled donjeg dela vozila &#8211; bez ograni\u010davanja radnog opsega nepotrebnim kablom ili dr\u017eanjem svetiljke u ruci. Za radove na motoru, preporu\u010duje se integrirana magnetna monta\u017ea kako bi svetiljku mogli pri\u010dvrstiti na otvorenu haubu, na primer.<\/p>\n<p>Neprocenjiva pomo\u0107 kod problema sa autom<\/p>\n<p>Problem sa gumom je frustriraju\u0107! Jo\u0161 frustriraju\u0107e je kad treba promeniti to\u010dak no\u0107u. Zato budite sigurni i uvek nosite sklopljenu LED svetiljku u svom automobilu! Bez obzira na saobra\u0107ajnu nesre\u0107u ili kvar &#8211; sa PWLS 05-10 imate pouzdanu svetlosnu svetiljku i upe\u010datljivu svetlosnu svetiljku. Savet: Pored ove svetiljke za rad direktno nosite i pi\u0161tolj za odvrtanje to\u010dkova na baterije PIWS 10-20V od Trotec u svom automobilu, tako da odvijanje ili stegivanje to\u010dkova ide lako bez velikog napora.<\/p>\n<p>Prakti\u010dan izvor svetla pri prekidima napajanja i o\u010ditavanju brojila<\/p>\n<p>Nema samo starih ku\u0107a koje imaju kutije sa osigura\u010dima, ve\u0107 i broja\u010di za struju, gas ili vodu \u010desto su sme\u0161teni u slabo osvetljene podrume. Da biste pro\u010ditali brojila tokom redovnog izvo\u0111enja, morate da pro\u0111ete kroz ponekad opasne zamke i slabo osvetljene podrum stepenice. Tako\u0111e, u slu\u010daju neo\u010dekivanog prekida napajanja, ovakvih opasnih mesta mo\u017eete bezbedno pro\u0107i sa ru\u010dnom svetiljkom PWLS 05-10 i spre\u010diti nesre\u0107e u svakodnevnom \u017eivotu.<\/p>\n<p>Kamp svetlo, svetlo za pecanje ili svetlo za zabavu na otvorenom i vreme provedeno u prirodi<\/p>\n<p>Ljubitelji prirode osvetli\u0107e tamne no\u0107i pomo\u0107u PWLS 05-10. Bez obzira da li kampirate pod otvorenim nebom, pecate no\u0107u, imate spontane pla\u017ee, lovite ili idete na vi\u0161ednevne planinarske ture: univerzalna LED svetiljka pouzdano osvetljava mrak.<\/p>\n<p>Jedinstveno povr\u0161insko svetlo zahvaljuju\u0107i COB LED tehnologiji<\/p>\n<p>COB zna\u010di &#8222;\u010dip na plo\u010di&#8220; i ozna\u010dava tehnologiju LED svetala sa veoma ravnomernim svetlom na svetlima. U pore\u0111enju sa konvencionalnim LED svetlima, gde su pojedine svetlosne diode \u010desto vidljive golim okom, radne svetiljke sa visokim performansama COB LED svetala stvaraju ravnomernu i punu svetlosnu difuziju. \u010citava povr\u0161ina COB LED-a se percipira kao ravnomerna svetle\u0107a povr\u0161ina.<\/p>\n<p>Osim tih opti\u010dkih prednosti u percepciji svetla, moderni COB LED-ovi se isti\u010du jo\u0161 ve\u0107om energetskom efikasno\u0161\u0107u u odnosu na obi\u010dne LED svetle\u0107e ure\u0111aje. Sa istom potro\u0161njom energije, COB LED-ovi svetle do 20 puta svetlije nego konvencionalne \u017earulje.<\/p>\n<p>Prednosti u praksi: Odmah spremna za upotrebu zahvaljuju\u0107i 4 x 1,5 V AA baterijama (uklju\u010dene u isporuci) Sna\u017ena LED radna svetiljka sa za\u0161titom od udaraca Visokoperformantski COB LED-ovi obezbe\u0111uju ravnomernu, izuzetno svetlu svetlost (650 lm) Fleksibilna ru\u010dka i postolje, sa 180\u00b0 pode\u0161avanjem u 6 pozicija 3 re\u017eima osvetljenja: visoka svetlina, niska svetlina, Stroboskop re\u017eim Jaka magnetna monta\u017ea za pri\u010dvr\u0161\u0107ivanje na metalne povr\u0161ine Za\u0161tita IP44 &#8211; ku\u0107i\u0161te za\u0161ti\u0107eno od prskanja vode sa svih strana Do 9 sati trajanja svetla Temperatura boje 6.000 K (dnevno bela) Kompaktan i lako prenosiv<\/p>\n<\/div>\n<\/div>\n<\/div>\n<\/div>\n<\/div>\n<\/div>\n<\/div>\n<\/div>\n","protected":false},"excerpt":{"rendered":"<div class=\"group final-completion w-full text-token-text-primary border-b border-black\/10 gizmo:border-0 dark:border-gray-900\/50 gizmo:dark:border-0 bg-gray-50 gizmo:bg-transparent dark:bg-[#444654] gizmo:dark:bg-transparent\" data-testid=\"conversation-turn-55\">\n<div class=\"p-4 gizmo:py-2 justify-center text-base md:gap-6 md:py-6 m-auto\">\n<div class=\"flex flex-1 gap-4 text-base mx-auto md:gap-6 gizmo:gap-3 gizmo:md:px-5 gizmo:lg:px-1 gizmo:xl:px-5 md:max-w-2xl lg:max-w-[38rem] gizmo:md:max-w-3xl gizmo:lg:max-w-[40rem] gizmo:xl:max-w-[48rem] xl:max-w-3xl }\">\n<div class=\"relative flex w-[calc(100%-50px)] flex-col gizmo:w-full lg:w-[calc(100%-115px)] agent-turn\">\n<div class=\"flex-col gap-1 md:gap-3\">\n<div class=\"flex flex-grow flex-col gap-3 max-w-full\">\n<div class=\"min-h-[20px] flex flex-col items-start gap-3 whitespace-pre-wrap break-words overflow-x-auto\">\n<div class=\"markdown prose w-full break-words dark:prose-invert light\">\n<h2>PRAKTICNO SVETLO &#8211; ZA KUCU, HOBI, SLOBODNO VREME I ZANAT<\/h2>\n<\/div>\n<\/div>\n<\/div>\n<\/div>\n<\/div>\n<\/div>\n<\/div>\n<\/div>\n","protected":false},"featured_media":5109,"comment_status":"open","ping_status":"closed","template":"","meta":[],"product_cat":[208,213],"product_tag":[238],"class_list":["post-5107","product","type-product","status-publish","has-post-thumbnail","hentry","product_cat-oprema","product_cat-radne-lampe","product_tag-trotec"],"_links":{"self":[{"href":"https:\/\/masinezavlagu021.com\/index.php\/wp-json\/wp\/v2\/product\/5107","targetHints":{"allow":["GET"]}}],"collection":[{"href":"https:\/\/masinezavlagu021.com\/index.php\/wp-json\/wp\/v2\/product"}],"about":[{"href":"https:\/\/masinezavlagu021.com\/index.php\/wp-json\/wp\/v2\/types\/product"}],"replies":[{"embeddable":true,"href":"https:\/\/masinezavlagu021.com\/index.php\/wp-json\/wp\/v2\/comments?post=5107"}],"wp:featuredmedia":[{"embeddable":true,"href":"https:\/\/masinezavlagu021.com\/index.php\/wp-json\/wp\/v2\/media\/5109"}],"wp:attachment":[{"href":"https:\/\/masinezavlagu021.com\/index.php\/wp-json\/wp\/v2\/media?parent=5107"}],"wp:term":[{"taxonomy":"product_cat","embeddable":true,"href":"https:\/\/masinezavlagu021.com\/index.php\/wp-json\/wp\/v2\/product_cat?post=5107"},{"taxonomy":"product_tag","embeddable":true,"href":"https:\/\/masinezavlagu021.com\/index.php\/wp-json\/wp\/v2\/product_tag?post=5107"}],"curies":[{"name":"wp","href":"https:\/\/api.w.org\/{rel}","templated":true}]}}