{"id":5048,"date":"2023-10-24T09:05:53","date_gmt":"2023-10-24T09:05:53","guid":{"rendered":"https:\/\/masine.aviportfolio.com\/?post_type=product&#038;p=5048"},"modified":"2026-02-15T23:47:18","modified_gmt":"2026-02-15T22:47:18","slug":"eksterna-kondenzna-pumpa","status":"publish","type":"product","link":"https:\/\/masinezavlagu021.com\/index.php\/product\/eksterna-kondenzna-pumpa\/","title":{"rendered":"TROTEC EKSTERNA PUMPA ZA ODVOD KONDEZATA"},"content":{"rendered":"<p>Kondenzatna pumpa za slede\u0107e Trotec komercijalne osu\u0161iva\u010de vazduha iz ECO i TTK-S serije:<\/p>\n<p>TTK 75 ECO TTK 166 ECO TTK 170 ECO TTK 171 ECO TTK 140 S Model Year 2013 TTK 170 S Model Year 2013 TTK 350 S Model Year 2013 TTK 650 S Model Year 2013 Optimalna za du\u017ee periode su\u0161enja bez nadzora.<\/p>\n<p>Nakon \u0161to je kondenzatna pumpa pravilno priklju\u010dena na ure\u0111aj i su\u0161enje je pokrenuto, posuda pumpe postepeno se puni vodom. Kada dostigne odre\u0111eni nivo vode, pumpa se automatski aktivira i usmerava vodu kroz priklju\u010denu cev. Nakon toga, pumpa se ponovno isklju\u010duje dok se nivo vode u posudi ponovno ne pove\u0107a.<\/p>\n<p>Automatsko isklju\u010denje odvla\u017eiva\u010da vazduha je obustavljeno kada se pomo\u0107u kondenzatne pumpe planira ispu\u0161tati odstranjenu te\u010dnost.<\/p>\n<p>Tehni\u010dki podaci:<\/p>\n<p>Napon: 220 V (50\/60 Hz)<\/p>\n<p>Snaga: 58\/55 vati<\/p>\n<p>Maksimalna visina podizanja: 3,90 m<\/p>\n<p>Ventil za spre\u010davanje povratnog toka<\/p>\n<p>Dovodni vodeni crev: 25 mm (maksimalni spoljni pre\u010dnik)<\/p>\n<p>Odvodni vodeni crev: 5 mm (unutra\u0161nji pre\u010dnik)<\/p>\n<p>Dimenzije: 280 mm x 125 mm x 140 mm<\/p>\n<p>Te\u017eina: oko 1,9 kg<\/p>\n<p>Protok: 90 l\/h pri visini podizanja od 3 m<\/p>\n","protected":false},"excerpt":{"rendered":"<p>Kondenzatna pumpa za slede\u0107e Trotec komercijalne osu\u0161iva\u010de vazduha iz ECO i TTK-S serije: TTK 75 ECO TTK 166 ECO TTK 170 ECO TTK 171 ECO TTK 140 S Model Year 2013 TTK 170 S Model Year 2013 TTK 350 S Model Year 2013 TTK 650 S Model Year 2013 Optimalna za du\u017ee periode su\u0161enja bez<\/p>\n<div class=\"klb-readmore button\"><a class=\"btn link\" href=\"https:\/\/masinezavlagu021.com\/index.php\/product\/eksterna-kondenzna-pumpa\/\">Read More <i class=\"klbth-icon-right-arrow\"><\/i><\/a><\/div>\n","protected":false},"featured_media":5049,"comment_status":"open","ping_status":"closed","template":"","meta":[],"product_cat":[208,199],"product_tag":[238],"class_list":["post-5048","product","type-product","status-publish","has-post-thumbnail","hentry","product_cat-oprema","product_cat-pumpe","product_tag-trotec"],"_links":{"self":[{"href":"https:\/\/masinezavlagu021.com\/index.php\/wp-json\/wp\/v2\/product\/5048","targetHints":{"allow":["GET"]}}],"collection":[{"href":"https:\/\/masinezavlagu021.com\/index.php\/wp-json\/wp\/v2\/product"}],"about":[{"href":"https:\/\/masinezavlagu021.com\/index.php\/wp-json\/wp\/v2\/types\/product"}],"replies":[{"embeddable":true,"href":"https:\/\/masinezavlagu021.com\/index.php\/wp-json\/wp\/v2\/comments?post=5048"}],"wp:featuredmedia":[{"embeddable":true,"href":"https:\/\/masinezavlagu021.com\/index.php\/wp-json\/wp\/v2\/media\/5049"}],"wp:attachment":[{"href":"https:\/\/masinezavlagu021.com\/index.php\/wp-json\/wp\/v2\/media?parent=5048"}],"wp:term":[{"taxonomy":"product_cat","embeddable":true,"href":"https:\/\/masinezavlagu021.com\/index.php\/wp-json\/wp\/v2\/product_cat?post=5048"},{"taxonomy":"product_tag","embeddable":true,"href":"https:\/\/masinezavlagu021.com\/index.php\/wp-json\/wp\/v2\/product_tag?post=5048"}],"curies":[{"name":"wp","href":"https:\/\/api.w.org\/{rel}","templated":true}]}}