{"id":5023,"date":"2023-10-24T08:22:12","date_gmt":"2023-10-24T08:22:12","guid":{"rendered":"https:\/\/masine.aviportfolio.com\/?post_type=product&#038;p=5023"},"modified":"2026-04-15T09:28:01","modified_gmt":"2026-04-15T07:28:01","slug":"tf-l-160-mm-6-m-crevo-za-vazduh","status":"publish","type":"product","link":"https:\/\/masinezavlagu021.com\/index.php\/product\/tf-l-160-mm-6-m-crevo-za-vazduh\/","title":{"rendered":"TROTEC TF-L 160 mm \/ 6 m CREVO ZA VAZDUH I IZDUVNE GASOVE"},"content":{"rendered":"<div class=\"group final-completion w-full text-token-text-primary border-b border-black\/10 gizmo:border-0 dark:border-gray-900\/50 gizmo:dark:border-0 bg-gray-50 gizmo:bg-transparent dark:bg-[#444654] gizmo:dark:bg-transparent\" data-testid=\"conversation-turn-37\">\n<div class=\"p-4 justify-center text-base md:gap-6 md:py-6 m-auto\">\n<div class=\"flex flex-1 gap-4 text-base mx-auto md:gap-6 gizmo:gap-3 gizmo:md:px-5 gizmo:lg:px-1 gizmo:xl:px-5 md:max-w-2xl lg:max-w-[38rem] gizmo:md:max-w-3xl gizmo:lg:max-w-[40rem] gizmo:xl:max-w-[48rem] xl:max-w-3xl }\">\n<div class=\"relative flex w-[calc(100%-50px)] flex-col gizmo:w-full lg:w-[calc(100%-115px)] agent-turn\">\n<div class=\"flex-col gap-1 md:gap-3\">\n<div class=\"flex flex-grow flex-col gap-3 max-w-full\">\n<div class=\"min-h-[20px] flex flex-col items-start gap-3 whitespace-pre-wrap break-words overflow-x-auto\">\n<div class=\"markdown prose w-full break-words dark:prose-invert light\">\n<p>Temperaturni opseg: -5 \u00b0C do +80 \u00b0C PVC oblo\u017eeno platneno crevo sa postavljenom \u017ei\u010danom spiralom Visoko izdr\u017eljivo Lagano i fleksibilno Otporno na habanje Vrlo dobro podlo\u017eno stvaranju nabojnog elektriciteta Nije zapaljivo Standardna du\u017eina 6 m Pre\u010dnik: Unutra\u0161nji 157 mm \/ Spoljni 160 mm Na\u0161 prakti\u010dni savet:<\/p>\n<p>Ovo robusno crevo vrhunskog kvaliteta tako\u0111e je idealno za upotrebu kao odvodni crevo za su\u0161ilice ili aspiratore za kuvanje i dostupno je u odgovaraju\u0107im pre\u010dnicima za sve poznate marke.<\/p>\n<\/div>\n<\/div>\n<\/div>\n<\/div>\n<\/div>\n<\/div>\n<\/div>\n<\/div>\n","protected":false},"excerpt":{"rendered":"<div class=\"group final-completion w-full text-token-text-primary border-b border-black\/10 gizmo:border-0 dark:border-gray-900\/50 gizmo:dark:border-0 bg-gray-50 gizmo:bg-transparent dark:bg-[#444654] gizmo:dark:bg-transparent\" data-testid=\"conversation-turn-15\">\n<div class=\"p-4 gizmo:py-2 justify-center text-base md:gap-6 md:py-6 m-auto\">\n<div class=\"flex flex-1 gap-4 text-base mx-auto md:gap-6 gizmo:gap-3 gizmo:md:px-5 gizmo:lg:px-1 gizmo:xl:px-5 md:max-w-2xl lg:max-w-[38rem] gizmo:md:max-w-3xl gizmo:lg:max-w-[40rem] gizmo:xl:max-w-[48rem] xl:max-w-3xl }\">\n<div class=\"relative flex w-[calc(100%-50px)] flex-col gizmo:w-full lg:w-[calc(100%-115px)] agent-turn\">\n<div class=\"flex-col gap-1 md:gap-3\">\n<div class=\"flex flex-grow flex-col gap-3 max-w-full\">\n<div class=\"min-h-[20px] flex flex-col items-start gap-3 whitespace-pre-wrap break-words overflow-x-auto\">\n<div class=\"markdown prose w-full break-words dark:prose-invert light\">\n<h2>UNIVERZALNO SE KORISTI ZA VENTILACIJU, ODVOD ZRAKA, ODSTRANJIVANJE DIMNIH GASOVA, SU\u0160ENJE BOJE, VENTILACIJU REZERVOARA ZA ULJE, VENTILACIJU KANALA, ODSTRANJIVANJE AEROSOLA IZ KABINA ZA PRSKANJE, VENTILACIJU REZERVOARA I ODSTRANJIVANJE GASOVA, VENTILACIJU BRODOVA.<\/h2>\n<\/div>\n<\/div>\n<\/div>\n<div class=\"flex justify-between empty:hidden gizmo:justify-start gizmo:gap-3 lg:block gizmo:lg:flex\">\n<div class=\"text-gray-400 flex self-end lg:self-center justify-center gizmo:lg:justify-start mt-2 gizmo:mt-0 visible lg:gap-1 lg:absolute lg:top-0 lg:translate-x-full lg:right-0 lg:mt-0 lg:pl-2 gap-2 md:gap-3\">\n<h2><\/h2>\n<h2 class=\"flex gap-1 gizmo:gap-3\"><\/h2>\n<\/div>\n<\/div>\n<\/div>\n<\/div>\n<\/div>\n<\/div>\n<\/div>\n","protected":false},"featured_media":5024,"comment_status":"open","ping_status":"closed","template":"","meta":[],"product_cat":[209,208],"product_tag":[238],"class_list":["post-5023","product","type-product","status-publish","has-post-thumbnail","hentry","product_cat-creva","product_cat-oprema","product_tag-trotec"],"_links":{"self":[{"href":"https:\/\/masinezavlagu021.com\/index.php\/wp-json\/wp\/v2\/product\/5023","targetHints":{"allow":["GET"]}}],"collection":[{"href":"https:\/\/masinezavlagu021.com\/index.php\/wp-json\/wp\/v2\/product"}],"about":[{"href":"https:\/\/masinezavlagu021.com\/index.php\/wp-json\/wp\/v2\/types\/product"}],"replies":[{"embeddable":true,"href":"https:\/\/masinezavlagu021.com\/index.php\/wp-json\/wp\/v2\/comments?post=5023"}],"wp:featuredmedia":[{"embeddable":true,"href":"https:\/\/masinezavlagu021.com\/index.php\/wp-json\/wp\/v2\/media\/5024"}],"wp:attachment":[{"href":"https:\/\/masinezavlagu021.com\/index.php\/wp-json\/wp\/v2\/media?parent=5023"}],"wp:term":[{"taxonomy":"product_cat","embeddable":true,"href":"https:\/\/masinezavlagu021.com\/index.php\/wp-json\/wp\/v2\/product_cat?post=5023"},{"taxonomy":"product_tag","embeddable":true,"href":"https:\/\/masinezavlagu021.com\/index.php\/wp-json\/wp\/v2\/product_tag?post=5023"}],"curies":[{"name":"wp","href":"https:\/\/api.w.org\/{rel}","templated":true}]}}