{"id":5017,"date":"2023-10-24T08:10:51","date_gmt":"2023-10-24T08:10:51","guid":{"rendered":"https:\/\/masine.aviportfolio.com\/?post_type=product&#038;p=5017"},"modified":"2026-03-12T09:10:22","modified_gmt":"2026-03-12T08:10:22","slug":"sp-t-crevo-305-mm-76-m","status":"publish","type":"product","link":"https:\/\/masinezavlagu021.com\/index.php\/product\/sp-t-crevo-305-mm-76-m\/","title":{"rendered":"TROTEC SP-T ARMIRANO CREVO 305 mm, 7,6 m"},"content":{"rendered":"<p>Primene:<\/p>\n<p>Ventilacija u klimatizaciji i ventilacionoj tehnici, su\u0161enje gra\u0111evinskih objekata, grejanje na gradili\u0161tima tokom zime, ventilacija \u0161tala, grejanje hala i \u0161atora, izrada \u0161tandova na sajmovima i doga\u0111ajima, su\u0161enje \u017eitarica, transport rasutog materijala, ventilacija i odstranjivanje gasova iz rezervoara, pra\u017enjenje silosa, tu\u0161evi sa vazdu\u0161nim zidom u autopraonicama.<\/p>\n<p>Temperaturni opseg: -20 \u00b0C do +80 \u00b0C Kratkotrajno izdr\u017eava i vru\u0107i vazduh do 100 \u00b0C Posebno \u010dvrsta izrada od oja\u010danog poliamidnog platna prekrivenog PVC-om Otporno na savijanje i kidanje Oba kraja su bez spiralnih nastavaka Sa za\u0161titom od habanja i \u010deli\u010dnom spiralom ispod nje Polupre\u010dnik savijanja 0,5 x \u00f8 Standardna du\u017eina 7,6 m Preporu\u010dujemo vam da creva za transport vazduha iz serije SP koristite samo zajedno sa odgovaraju\u0107im spojnicama!<\/p>\n","protected":false},"excerpt":{"rendered":"<div class=\"group final-completion w-full text-token-text-primary border-b border-black\/10 gizmo:border-0 dark:border-gray-900\/50 gizmo:dark:border-0 bg-gray-50 gizmo:bg-transparent dark:bg-[#444654] gizmo:dark:bg-transparent\" data-testid=\"conversation-turn-3\">\n<div class=\"p-4 gizmo:py-2 justify-center text-base md:gap-6 md:py-6 m-auto\">\n<div class=\"flex flex-1 gap-4 text-base mx-auto md:gap-6 gizmo:gap-3 gizmo:md:px-5 gizmo:lg:px-1 gizmo:xl:px-5 md:max-w-2xl lg:max-w-[38rem] gizmo:md:max-w-3xl gizmo:lg:max-w-[40rem] gizmo:xl:max-w-[48rem] xl:max-w-3xl }\">\n<div class=\"relative flex w-[calc(100%-50px)] flex-col gizmo:w-full lg:w-[calc(100%-115px)] agent-turn\">\n<div class=\"flex-col gap-1 md:gap-3\">\n<div class=\"flex flex-grow flex-col gap-3 max-w-full\">\n<div class=\"min-h-[20px] flex flex-col items-start gap-3 whitespace-pre-wrap break-words overflow-x-auto\">\n<div class=\"markdown prose w-full break-words dark:prose-invert light\">\n<h2>OJA\u010cANO I VRLO FLEKSIBILNO CREVO ZA TRANSPORT VAZDUHA SA RAZNOVRSNIM PRIMENAMA, KAO \u0160TO SU GREJANJE, VENTILACIJA ILI KLIMATIZACIJA.<\/h2>\n<\/div>\n<\/div>\n<\/div>\n<\/div>\n<\/div>\n<\/div>\n<\/div>\n<\/div>\n","protected":false},"featured_media":5018,"comment_status":"open","ping_status":"closed","template":"","meta":[],"product_cat":[209,208],"product_tag":[238],"class_list":["post-5017","product","type-product","status-publish","has-post-thumbnail","hentry","product_cat-creva","product_cat-oprema","product_tag-trotec"],"_links":{"self":[{"href":"https:\/\/masinezavlagu021.com\/index.php\/wp-json\/wp\/v2\/product\/5017","targetHints":{"allow":["GET"]}}],"collection":[{"href":"https:\/\/masinezavlagu021.com\/index.php\/wp-json\/wp\/v2\/product"}],"about":[{"href":"https:\/\/masinezavlagu021.com\/index.php\/wp-json\/wp\/v2\/types\/product"}],"replies":[{"embeddable":true,"href":"https:\/\/masinezavlagu021.com\/index.php\/wp-json\/wp\/v2\/comments?post=5017"}],"wp:featuredmedia":[{"embeddable":true,"href":"https:\/\/masinezavlagu021.com\/index.php\/wp-json\/wp\/v2\/media\/5018"}],"wp:attachment":[{"href":"https:\/\/masinezavlagu021.com\/index.php\/wp-json\/wp\/v2\/media?parent=5017"}],"wp:term":[{"taxonomy":"product_cat","embeddable":true,"href":"https:\/\/masinezavlagu021.com\/index.php\/wp-json\/wp\/v2\/product_cat?post=5017"},{"taxonomy":"product_tag","embeddable":true,"href":"https:\/\/masinezavlagu021.com\/index.php\/wp-json\/wp\/v2\/product_tag?post=5017"}],"curies":[{"name":"wp","href":"https:\/\/api.w.org\/{rel}","templated":true}]}}