{"id":4987,"date":"2023-10-23T23:08:15","date_gmt":"2023-10-23T21:08:15","guid":{"rendered":"https:\/\/masine.aviportfolio.com\/?post_type=product&#038;p=4987"},"modified":"2026-04-24T07:37:38","modified_gmt":"2026-04-24T05:37:38","slug":"industrijska-kondenzacijska-susilica-dh-105-s","status":"publish","type":"product","link":"https:\/\/masinezavlagu021.com\/index.php\/product\/industrijska-kondenzacijska-susilica-dh-105-s\/","title":{"rendered":"TROTEC INDUSTRIJSKA KONDENZACIJSKA SU\u0160ILICA DH 105 S"},"content":{"rendered":"<p>Pouzdani ure\u0111aj za su\u0161enje sa visokim kapacitetom odvla\u017eivanja<\/p>\n<p>Ovaj standardni industrijski su\u0161a\u010d mo\u017ee odvla\u017eiti do 165 litara dnevno i predstavlja posebno ekonomi\u010dno re\u0161enje za o\u010duvanje suvo\u0107e skladi\u0161ta ili spre\u010davanje \u0161tete uzrokovane plesnima i korozijom u industrijskim procesima.<\/p>\n<p>Ure\u0111aj za su\u0161enje opremljen je integrisanim sistemom za odmrzavanje toplim gasom koji omogu\u0107ava efikasan rad bez vremenskih prekida za odmrzavanje, tokom kojih nema odvla\u017eivanja.<\/p>\n<p>Pomo\u0107u spoljnog izlaza DH 105 S, kondenzat mo\u017ee biti odveden i preko vi\u0161e spratova, jer standardna pumpa za kondenzat ima kapacitet za podizanje na \u010detiri metra.<\/p>\n<p>DH 105 S je opremljen elektri\u010dnim komponentama i vodovodnim instalacijama prema evropskim standardima, i potpuno je zavr\u0161en u nema\u010dkoj ruci i pro\u0161ao kontrolu kvaliteta kod Troteca.<\/p>\n<p>Evo prednosti stalnog odvla\u017eivanja vazduha sa DH 105 S:<\/p>\n<p>Prevencija \u0161tete uzrokovane plesnima i korozijom Spre\u010davanje kondenzacije Za\u0161tita od vla\u017enih o\u0161te\u0107enja na gra\u0111evinskim materijalima, proizvodnim instalacijama i inventaru Pove\u0107anje pouzdanosti elektronskih ure\u0111aja Su\u0161enje vazduha za optimizaciju industrijskih procesa Za\u0161tita i o\u010duvanje vrednih dobara Smanjenje neprijatnih mirisa Ni\u017ei tro\u0161kovi grejanja zahvaljuju\u0107i optimizovanoj vla\u017enosti vazduha Tih i efikasan proces odvla\u017eivanja<\/p>\n<p>Prednosti u praksi:<\/p>\n<p>Pouzdan ure\u0111aj za su\u0161enje sa visokim kapacitetom odvla\u017eivanja Posebno ekonomi\u010dno re\u0161enje za tipi\u010dne zadatke su\u0161enja u proizvodnim ili skladi\u0161nim prostorima Standardno opremljen integrisanim sistemom za pumpu kondenzata Manometarski prikazi za lako otkrivanje problema i odr\u017eavanje Elektri\u010dne i vodovodne komponente modularno obra\u0111ene u skladu sa evropskim standardima u nema\u010dkoj ruci Optimalan odnos cene i performansi<\/p>\n","protected":false},"excerpt":{"rendered":"<div class=\"elementor-element elementor-element-96c10e1 e-flex e-con-boxed e-con e-parent\" data-id=\"96c10e1\" data-element_type=\"container\" data-settings=\"{&quot;content_width&quot;:&quot;boxed&quot;}\" data-core-v316-plus=\"true\">\n<div class=\"e-con-inner\">\n<div class=\"elementor-element elementor-element-21684766 elementor-widget elementor-widget-heading\" data-id=\"21684766\" data-element_type=\"widget\" data-widget_type=\"heading.default\">\n<div class=\"elementor-widget-container\">\n<h2 class=\"elementor-heading-title elementor-size-default\">Tanka industrijska kondenzatorska su\u0161ara DH 105 S odvla\u017euje do 165 litara dnevno<\/h2>\n<\/div>\n<\/div>\n<\/div>\n<\/div>\n<div class=\"elementor-element elementor-element-90e6cdf e-con-full e-flex e-con e-parent\" data-id=\"90e6cdf\" data-element_type=\"container\" data-settings=\"{&quot;content_width&quot;:&quot;full&quot;}\" data-core-v316-plus=\"true\">\n<div class=\"elementor-element elementor-element-794bab69 e-con-full e-flex e-con e-child\" data-id=\"794bab69\" data-element_type=\"container\" data-settings=\"{&quot;content_width&quot;:&quot;full&quot;}\">\n<div class=\"elementor-element elementor-element-22407f52 elementor-widget elementor-widget-image\" data-id=\"22407f52\" data-element_type=\"widget\" data-widget_type=\"image.default\"><\/div>\n<\/div>\n<\/div>\n","protected":false},"featured_media":4988,"comment_status":"open","ping_status":"closed","template":"","meta":[],"product_cat":[219,195],"product_tag":[238],"class_list":["post-4987","product","type-product","status-publish","has-post-thumbnail","hentry","product_cat-odvlazivaci-industrijski","product_cat-odvlazivaci-vazduha","product_tag-trotec"],"_links":{"self":[{"href":"https:\/\/masinezavlagu021.com\/index.php\/wp-json\/wp\/v2\/product\/4987","targetHints":{"allow":["GET"]}}],"collection":[{"href":"https:\/\/masinezavlagu021.com\/index.php\/wp-json\/wp\/v2\/product"}],"about":[{"href":"https:\/\/masinezavlagu021.com\/index.php\/wp-json\/wp\/v2\/types\/product"}],"replies":[{"embeddable":true,"href":"https:\/\/masinezavlagu021.com\/index.php\/wp-json\/wp\/v2\/comments?post=4987"}],"wp:featuredmedia":[{"embeddable":true,"href":"https:\/\/masinezavlagu021.com\/index.php\/wp-json\/wp\/v2\/media\/4988"}],"wp:attachment":[{"href":"https:\/\/masinezavlagu021.com\/index.php\/wp-json\/wp\/v2\/media?parent=4987"}],"wp:term":[{"taxonomy":"product_cat","embeddable":true,"href":"https:\/\/masinezavlagu021.com\/index.php\/wp-json\/wp\/v2\/product_cat?post=4987"},{"taxonomy":"product_tag","embeddable":true,"href":"https:\/\/masinezavlagu021.com\/index.php\/wp-json\/wp\/v2\/product_tag?post=4987"}],"curies":[{"name":"wp","href":"https:\/\/api.w.org\/{rel}","templated":true}]}}