{"id":4948,"date":"2023-10-23T22:26:06","date_gmt":"2023-10-23T20:26:06","guid":{"rendered":"https:\/\/masine.aviportfolio.com\/?post_type=product&#038;p=4948"},"modified":"2026-02-15T23:41:55","modified_gmt":"2026-02-15T22:41:55","slug":"grejac-na-ulje-sa-ventilatorom-ide-50","status":"publish","type":"product","link":"https:\/\/masinezavlagu021.com\/index.php\/product\/grejac-na-ulje-sa-ventilatorom-ide-50\/","title":{"rendered":"TROTEC KALORIFER NA ULJE SA VENTILATOROM IDE 50"},"content":{"rendered":"<p>Indirektni greja\u010di sa gorionikom, kao \u0161to je uljna grejalica IDE 50, predstavljaju optimalna re\u0161enja za obezbe\u0111ivanje velike koli\u010dine \u010diste i suve tople vazdu\u0161ne mase potrebne za grejanje gradili\u0161ta, \u0161atora, izlo\u017ebenih hala, radionica ili \u0161tala.<\/p>\n<p>Ova uljna grejalica IDE 50 se uspe\u0161no nosi sa dugotrajnim spoljnim zadacima zahvaljuju\u0107i izdr\u017eljivom ku\u0107i\u0161tu od dvostruko lakiranog materijala, postavljenom na lagano prenosivoj konstrukciji sa dr\u017ea\u010dima za kablove i integrisanim rezervoarom za gorivo.<\/p>\n<p>Tako\u0111e, kori\u0161\u0107enjem opciono dostupnog odvoda dimnih gasova, ovaj grejni ure\u0111aj se mo\u017ee fleksibilno koristiti za potpuno automatsko grejanje zatvorenih prostora.<\/p>\n<p>Za kontrolu temperature, ugra\u0111en je termostat sa digitalnim dvostrukim prikazom za postavljanje i trenutnu temperaturu. Opciono se mo\u017ee isporu\u010diti i spoljni termostat sa kablom od 25 metara, ukoliko je uljna grejalica postavljena udaljeno od podru\u010dja koje se greje.<\/p>\n<p>IDE 50 mo\u017ee koristiti dizel ili lo\u017e-ulje kao gorivo, uz obezbe\u0111ivanje konstantnog dotoka visokokvalitetne Danfoss pumpe za ubrizgavanje goriva. Spoljni filter za gorivo omogu\u0107ava lagan pristup, a trenutna koli\u010dina goriva mo\u017ee se lako o\u010ditati na integrisanom pokazatelju nivoa goriva u rezervoaru.<\/p>\n<p>IDE-Indirektne uljne grejalice &#8211; maksimalna toplotna snaga, \u010dista toplina<\/p>\n<p>IDE serija indirektnih uljnih grejalica idealna je za prostore u kojima je ventilacija ograni\u010dena, ali se i dalje koriste od strane ljudi i \u017eivotinja. Tako\u0111e su odli\u010dan izbor za ubrzanje su\u0161enja gra\u0111evinskih materijala i za prostore u kojima postoji opasnost od po\u017eara zbog prisustva zapaljivih materijala.<\/p>\n<p>Vazduh se zagreva prolaskom kroz pro\u0161irenu povr\u0161inu komore za sagorevanje, odnosno izmenjiva\u010da toplote. Dok ventilator koji izbacuje topli vazduh tako\u0111e obezbe\u0111uje potrebnu koli\u010dinu vazduha za sagorevanje, produktni sagorevanja se odvode kroz dimnjak na spolj.<\/p>\n<p>Kako biste dobili \u010distu i suvu toplotu, preporu\u010duje se kori\u0161\u0107enje indirektnih grejalica. Za razliku od direktnih grejalica, ovde nema izlaska produkata sagorevanja ili pare u prostor, pod uslovom da je instaliran opciono dostupan odvod dimnih gasova.<\/p>\n<p>Prednosti u praksi:<\/p>\n<p>Izuzetno ekonomska re\u0161enja za standardne primene grejanja naftom Integrisani rezervoar za gorivo sa pokazateljem nivoa Elektronska sigurnosna za\u0161tita od plamena Za\u0161tita od pregrevanja Komora za sagorevanje od ner\u0111aju\u0107eg \u010delika Integrisani termostat sa dualnim prikazom za postavljanje i trenutnu temperaturu Priklju\u010dak za spoljni termostat Podvozje za lako premje\u0161tanje na drugo mesto.<\/p>\n","protected":false},"excerpt":{"rendered":"<div class=\"elementor-element elementor-element-2b9d0e21 e-flex e-con-boxed e-con e-parent\" data-id=\"2b9d0e21\" data-element_type=\"container\" data-settings=\"{&quot;content_width&quot;:&quot;boxed&quot;}\" data-core-v316-plus=\"true\">\n<div class=\"e-con-inner\">\n<div class=\"elementor-element elementor-element-30630d76 elementor-widget elementor-widget-heading\" data-id=\"30630d76\" data-element_type=\"widget\" data-widget_type=\"heading.default\">\n<div class=\"elementor-widget-container\">\n<h2 class=\"elementor-heading-title elementor-size-default\">Indirektno lo\u017eeni ventilator za grejanje ulja IDE 50 obezbe\u0111uje \u010dist, suv topao vazduh<\/h2>\n<\/div>\n<\/div>\n<\/div>\n<\/div>\n<div class=\"elementor-element elementor-element-65081476 e-con-full e-flex e-con e-parent\" data-id=\"65081476\" data-element_type=\"container\" data-settings=\"{&quot;content_width&quot;:&quot;full&quot;}\" data-core-v316-plus=\"true\">\n<div class=\"elementor-element elementor-element-3f422a79 e-con-full e-flex e-con e-child\" data-id=\"3f422a79\" data-element_type=\"container\" data-settings=\"{&quot;content_width&quot;:&quot;full&quot;}\">\n<div class=\"elementor-element elementor-element-386d9a5 elementor-widget elementor-widget-image\" data-id=\"386d9a5\" data-element_type=\"widget\" data-widget_type=\"image.default\"><\/div>\n<\/div>\n<\/div>\n","protected":false},"featured_media":4949,"comment_status":"open","ping_status":"closed","template":"","meta":[],"product_cat":[205,202],"product_tag":[238],"class_list":["post-4948","product","type-product","status-publish","has-post-thumbnail","hentry","product_cat-grejaci-na-ulje","product_cat-grejalice-grejaci","product_tag-trotec"],"_links":{"self":[{"href":"https:\/\/masinezavlagu021.com\/index.php\/wp-json\/wp\/v2\/product\/4948","targetHints":{"allow":["GET"]}}],"collection":[{"href":"https:\/\/masinezavlagu021.com\/index.php\/wp-json\/wp\/v2\/product"}],"about":[{"href":"https:\/\/masinezavlagu021.com\/index.php\/wp-json\/wp\/v2\/types\/product"}],"replies":[{"embeddable":true,"href":"https:\/\/masinezavlagu021.com\/index.php\/wp-json\/wp\/v2\/comments?post=4948"}],"wp:featuredmedia":[{"embeddable":true,"href":"https:\/\/masinezavlagu021.com\/index.php\/wp-json\/wp\/v2\/media\/4949"}],"wp:attachment":[{"href":"https:\/\/masinezavlagu021.com\/index.php\/wp-json\/wp\/v2\/media?parent=4948"}],"wp:term":[{"taxonomy":"product_cat","embeddable":true,"href":"https:\/\/masinezavlagu021.com\/index.php\/wp-json\/wp\/v2\/product_cat?post=4948"},{"taxonomy":"product_tag","embeddable":true,"href":"https:\/\/masinezavlagu021.com\/index.php\/wp-json\/wp\/v2\/product_tag?post=4948"}],"curies":[{"name":"wp","href":"https:\/\/api.w.org\/{rel}","templated":true}]}}