{"id":4936,"date":"2023-10-23T22:20:03","date_gmt":"2023-10-23T20:20:03","guid":{"rendered":"https:\/\/masine.aviportfolio.com\/?post_type=product&#038;p=4936"},"modified":"2026-02-15T23:42:07","modified_gmt":"2026-02-15T22:42:07","slug":"grejac-na-ulje-sa-ventilatorom-ide-20","status":"publish","type":"product","link":"https:\/\/masinezavlagu021.com\/index.php\/product\/grejac-na-ulje-sa-ventilatorom-ide-20\/","title":{"rendered":"TROTEC KALORIFER NA ULJE SA VENTILATOROM IDE 20"},"content":{"rendered":"<p>Vrela cena za vrelu vazdu\u0161nu grejanje u trenu:<\/p>\n<p>Najmanji IDE serija uljnih grejalica od strane Trotec dolazi u velikom stilu kada ste u potrazi za kompaktnim i podjednako pristupa\u010dnim i pouzdanim re\u0161enjem za grejanje naftom za fleksibilne primene. Bilo da je u pitanju radionica, skladi\u0161te, proizvodnja ili gradili\u0161te, sa snagom grejanja od 20 kW, IDE 20 bez problema proizvodi \u010dist i suv protok tople vazdu\u0161ne mase do 600 m\u00b3\/h.<\/p>\n<p>\u010cak ni du\u017ei spoljni zadaci ne\u0107e dovesti IDE 20 uljnu grejalicu van forme, jer ima izdr\u017eljivo ku\u0107i\u0161te od dvostruko lakiranog materijala, postavljeno na lagano prenosivoj konstrukciji sa dr\u017ea\u010dima za kablove i integrisanim rezervoarom za gorivo. Prilikom kori\u0161\u0107enja opcionalno dostupnog odvoda dimnih gasova, ovaj grejni ure\u0111aj se mo\u017ee fleksibilno koristiti za potpuno automatsko grejanje zatvorenih prostora.<\/p>\n<p>IDE 20 mo\u017ee koristiti naftu ili dizel kao gorivo, a stabilan dotok goriva obezbe\u0111uje visokokvalitetna pumpa za gorivo. Spoljni filter za gorivo omogu\u0107ava lagan pristup, a trenutna koli\u010dina goriva mo\u017ee se lako o\u010ditati na integrisanom pokazatelju nivoa goriva u rezervoaru.<\/p>\n<p>Pored termostata za kontrolu temperature koji je standardno ugra\u0111en, IDE 20 ima dodatni priklju\u010dak za spoljni termostat, koji se mo\u017ee dobiti kao opcija, ukoliko se planira postavljanje uljne grejalice na udaljenosti do 25 metara od oblasti koja se greje.<\/p>\n<p>IDE Indirektne uljne grejalice &#8211; maksimalna snaga grejanja, \u010dista toplota<\/p>\n<p>Indirektne uljne grejalice iz IDE serije su idealne za prostore u kojima je mogu\u0107a samo ograni\u010dena ventilacija, ali se ipak koriste od strane ljudi i \u017eivotinja. Tako\u0111e su odli\u010dan izbor za ubrzanje su\u0161enja gra\u0111evinskih materijala i za prostore u kojima postoji opasnost od po\u017eara zbog prisustva zapaljivih materijala.<\/p>\n<p>Kod indirektnih grejalica, vazduh koji se zagreva je potpuno odvojen od komore za sagorevanje.<\/p>\n<p>Vazduh se zagreva prolaskom kroz pro\u0161irenu povr\u0161inu komore za sagorevanje, tj. izmenjiva\u010d toplote. Ventilator koji izbacuje topli vazduh tako\u0111e obezbe\u0111uje potrebnu koli\u010dinu vazduha za sagorevanje, dok se produktni sagorevanja izbacuju kroz dimnjak na spolj.<\/p>\n<p>Da biste dobili \u010distu i suvu toplotu, preporu\u010duje se kori\u0161\u0107enje indirektnih grejalica.<\/p>\n<p>Za razliku od direktnih grejalica, ovde nema izlaska produkata sagorevanja ili pare u prostoriju, pod uslovom da je instaliran opciono dostupan odvod dimnih gasova.<\/p>\n<p>Evo nekoliko prakti\u010dnih prednosti u pregledu:<\/p>\n<p>Izuzetno ekonomska re\u0161enja za standardne primene grejanja naftom Integrisani rezervoar za gorivo sa pokazateljem nivoa i filterom za gorivo Elektronska sigurnosna za\u0161tita od plamena Za\u0161tita od pregrevanja Komora za sagorevanje od ner\u0111aju\u0107eg \u010delika Integrisani termostat Priklju\u010dak za spoljni termostat Podvozje za lako premje\u0161tanje na drugo mesto.<\/p>\n","protected":false},"excerpt":{"rendered":"<div class=\"elementor-element elementor-element-2ac00712 e-flex e-con-boxed e-con e-parent\" data-id=\"2ac00712\" data-element_type=\"container\" data-settings=\"{&quot;content_width&quot;:&quot;boxed&quot;}\" data-core-v316-plus=\"true\">\n<div class=\"e-con-inner\">\n<div class=\"elementor-element elementor-element-68b7558 elementor-widget elementor-widget-heading\" data-id=\"68b7558\" data-element_type=\"widget\" data-widget_type=\"heading.default\">\n<div class=\"elementor-widget-container\">\n<h2 class=\"elementor-heading-title elementor-size-default\">Fleksibilan svestrani ure\u0111aj za \u0161irok spektar primena u grejanju: ultra mobilni ventilator za grejanje na ulje IDE 20<\/h2>\n<\/div>\n<\/div>\n<\/div>\n<\/div>\n<div class=\"elementor-element elementor-element-7e92f964 e-con-full e-flex e-con e-parent\" data-id=\"7e92f964\" data-element_type=\"container\" data-settings=\"{&quot;content_width&quot;:&quot;full&quot;}\" data-core-v316-plus=\"true\">\n<div class=\"elementor-element elementor-element-78fd93ce e-con-full e-flex e-con e-child\" data-id=\"78fd93ce\" data-element_type=\"container\" data-settings=\"{&quot;content_width&quot;:&quot;full&quot;}\">\n<div class=\"elementor-element elementor-element-17091d67 elementor-widget elementor-widget-image\" data-id=\"17091d67\" data-element_type=\"widget\" data-widget_type=\"image.default\"><\/div>\n<\/div>\n<\/div>\n","protected":false},"featured_media":4937,"comment_status":"open","ping_status":"closed","template":"","meta":[],"product_cat":[205,202],"product_tag":[238],"class_list":["post-4936","product","type-product","status-publish","has-post-thumbnail","hentry","product_cat-grejaci-na-ulje","product_cat-grejalice-grejaci","product_tag-trotec"],"_links":{"self":[{"href":"https:\/\/masinezavlagu021.com\/index.php\/wp-json\/wp\/v2\/product\/4936","targetHints":{"allow":["GET"]}}],"collection":[{"href":"https:\/\/masinezavlagu021.com\/index.php\/wp-json\/wp\/v2\/product"}],"about":[{"href":"https:\/\/masinezavlagu021.com\/index.php\/wp-json\/wp\/v2\/types\/product"}],"replies":[{"embeddable":true,"href":"https:\/\/masinezavlagu021.com\/index.php\/wp-json\/wp\/v2\/comments?post=4936"}],"wp:featuredmedia":[{"embeddable":true,"href":"https:\/\/masinezavlagu021.com\/index.php\/wp-json\/wp\/v2\/media\/4937"}],"wp:attachment":[{"href":"https:\/\/masinezavlagu021.com\/index.php\/wp-json\/wp\/v2\/media?parent=4936"}],"wp:term":[{"taxonomy":"product_cat","embeddable":true,"href":"https:\/\/masinezavlagu021.com\/index.php\/wp-json\/wp\/v2\/product_cat?post=4936"},{"taxonomy":"product_tag","embeddable":true,"href":"https:\/\/masinezavlagu021.com\/index.php\/wp-json\/wp\/v2\/product_tag?post=4936"}],"curies":[{"name":"wp","href":"https:\/\/api.w.org\/{rel}","templated":true}]}}