{"id":4921,"date":"2023-10-23T22:08:13","date_gmt":"2023-10-23T20:08:13","guid":{"rendered":"https:\/\/masine.aviportfolio.com\/?post_type=product&#038;p=4921"},"modified":"2026-02-15T23:42:36","modified_gmt":"2026-02-15T22:42:36","slug":"grejac-na-gas-sa-ventilatorom-tgh-16-e","status":"publish","type":"product","link":"https:\/\/masinezavlagu021.com\/index.php\/product\/grejac-na-gas-sa-ventilatorom-tgh-16-e\/","title":{"rendered":"TROTEC KALORIFER NA GAS SA VENTILATOROM TGH 16 E"},"content":{"rendered":"<p>Kada je re\u010d o pristupa\u010dnom instantnom zagrevanju za gra\u0111evinske lokacije, radionice, \u0161tale ili staklenike, gasni grejni ure\u0111aj je gotovo nezaobilazan. Naime, gas kao izvor energije je ekonomi\u010dan, a u kombinaciji s jeftinim grejnim ventilatorom TGH 16 E, predstavlja jedno od najpovoljnijih re\u0161enja za efikasno odmahno zagrevanje.<\/p>\n<p>Robustan gasni grejni ventilator brendiran kao TGH 16 E ne impresionira samo svojim odli\u010dnim odnosom cene i performansi, ve\u0107 tako\u0111e postavlja bezbednost na prvo mesto kada je u pitanju ovaj grejalica na propan gas.<\/p>\n<p>Brzo zagrevanje &#8211; ta\u010dno tamo gde je potrebno<\/p>\n<p>Integrisani temperaturni senzor slu\u017ei kao za\u0161tita od ga\u0161enja plamena i spre\u010dava izlazak neizgorenog gasa. Tako\u0111e, standardno je ugra\u0111en sigurnosni termostat za za\u0161titu od pregrevanja, koji automatski prekida dovod gasa u slu\u010daju pregrevanja, dok se ventilator i dalje hladi. I specijalno oblikovana re\u0161etka za izduv gasnog grejnog ventilatora TGH 16 E \u0161titi od direktnog kontakta sa plamenom, istovremeno osiguravaju\u0107i optimalan, veliki protok tople vazdu\u0161ne mase.<\/p>\n<p>Na kraju, izolirana toplotom ru\u010dka omogu\u0107ava siguran i lak prenos na slede\u0107e radno mesto, gde se gasni grejni ure\u0111aj TGH 16 E mo\u017ee postaviti sigurno, zahvaljuju\u0107i dodatnim gumiranim nogama. Zbog svog izuzetno kompaktnog dizajna, ure\u0111aj za grejanje mo\u017ee se lako prenositi \u010dak i u najmanjem gepeku automobila.<\/p>\n<p>KOMPAKTNO I FLEKSIBILNO RE\u0160ENJE ZA GREJANJE<\/p>\n<p>Koristite gasni grejni ure\u0111aj TGH 16 E na primer za mobilno ta\u010dkasto grejanje dobro provetrenih gra\u0111evinskih lokacija, radionica, skladi\u0161ta, gara\u017ea, \u0161tala, staklenika ili za natkrivene spoljne prostore, \u0161atore i kampovanje. Ovom grejalicu ne\u0107e smetati surovi uslovi rada, jer ima izdr\u017eljivu, \u010dvrstu metalnu konstrukciju sa grejnom cevi u izvedbi sa pra\u0161kastim premazom na rebrastom limu.<\/p>\n<p>Za rad su potrebne samo uti\u010dnica i boca sa propan gasom, jer spojni crevo i reducir za priklju\u010dak na bocu ve\u0107 dolaze uz ure\u0111aj za grejanje. Dug kabl za priklju\u010divanje pru\u017ea fleksibilnost pri izboru mesta za postavljanje.<\/p>\n<p>Kada se jednom stavi u pogon, prijatna toplina se momentalno \u0161iri, jer integrisani turbopunja\u010d TGH 16 E obezbe\u0111uje efikasan protok vazduha iz okoline i izduv tople vazdu\u0161ne mase. Na ovaj na\u010din, \u010dak i ve\u0107i prostori se brzo mogu zagrejati.<\/p>\n<p>Dobro je znati: Gasni grejni ure\u0111aji&#8230;<\/p>\n<p>su pogodni za upotrebu u dobro provetrenim unutra\u0161njim prostorima i natkrivenim spoljnim podru\u010djima pru\u017eaju 100% kapaciteta za grejanje izbacuju dimne gasove zajedno sa topotom direktno u prostoriju nisu pogodni za zatvorene prostore ne mogu se koristiti za su\u0161enje gra\u0111evinskog materijala, jer se pri sagorevanju proizvodi oko 1,6 kg vodene pare po litru goriva ne smeju se koristiti u prostorijama u kojima postoji opasnost od po\u017eara zbog skladi\u0161tenja zapaljivih materijala Evo nekih prakti\u010dnih prednosti u pregledu:<\/p>\n<p>Prenosivi gasni grejni ure\u0111aj sa snagom od 15 kW Termostatske i senzorski kontrolisane za\u0161titne funkcije za maksimalnu sigurnost Odvojene tipke za protok gasa i piezo paljenje radi za\u0161tite od ne\u017eeljenog aktiviranja Izdr\u017eljiva, \u010dvrsta metalna konstrukcija Izolovana ru\u010dka za no\u0161enje Grejna cev u izvedbi sa pra\u0161kastim premazom na rebrastom limu Gumirane noge za stabilnost Turbopunja\u010d za maksimalan protok tople vazdu\u0161ne mase Mogu\u0107 je i rad ventilatora bez funkcije grejanja Reduktor i crevo za gas ve\u0107 su uklju\u010deni u isporuku ure\u0111aja<\/p>\n","protected":false},"excerpt":{"rendered":"<div class=\"elementor-element elementor-element-7e9ec433 e-flex e-con-boxed e-con e-parent\" data-id=\"7e9ec433\" data-element_type=\"container\" data-settings=\"{&quot;content_width&quot;:&quot;boxed&quot;}\" data-core-v316-plus=\"true\">\n<div class=\"e-con-inner\">\n<div class=\"elementor-element elementor-element-5f93a34b elementor-widget elementor-widget-heading\" data-id=\"5f93a34b\" data-element_type=\"widget\" data-widget_type=\"heading.default\">\n<div class=\"elementor-widget-container\">\n<h2 class=\"elementor-heading-title elementor-size-default\">Ventilator za grejanje na gas sa grejnom snagom od 15 kV za efikasno grejanje \u010dak i vec\u0301ih, dobro provetrenih prostorija<\/h2>\n<\/div>\n<\/div>\n<\/div>\n<\/div>\n<div class=\"elementor-element elementor-element-395ace9b e-con-full e-flex e-con e-parent\" data-id=\"395ace9b\" data-element_type=\"container\" data-settings=\"{&quot;content_width&quot;:&quot;full&quot;}\" data-core-v316-plus=\"true\">\n<div class=\"elementor-element elementor-element-3f9ac81b e-con-full e-flex e-con e-child\" data-id=\"3f9ac81b\" data-element_type=\"container\" data-settings=\"{&quot;content_width&quot;:&quot;full&quot;}\">\n<div class=\"elementor-element elementor-element-75a77e3e elementor-widget elementor-widget-image\" data-id=\"75a77e3e\" data-element_type=\"widget\" data-widget_type=\"image.default\"><\/div>\n<\/div>\n<\/div>\n","protected":false},"featured_media":4922,"comment_status":"open","ping_status":"closed","template":"","meta":[],"product_cat":[204,202],"product_tag":[238],"class_list":["post-4921","product","type-product","status-publish","has-post-thumbnail","hentry","product_cat-grejaci-na-gas","product_cat-grejalice-grejaci","product_tag-trotec"],"_links":{"self":[{"href":"https:\/\/masinezavlagu021.com\/index.php\/wp-json\/wp\/v2\/product\/4921","targetHints":{"allow":["GET"]}}],"collection":[{"href":"https:\/\/masinezavlagu021.com\/index.php\/wp-json\/wp\/v2\/product"}],"about":[{"href":"https:\/\/masinezavlagu021.com\/index.php\/wp-json\/wp\/v2\/types\/product"}],"replies":[{"embeddable":true,"href":"https:\/\/masinezavlagu021.com\/index.php\/wp-json\/wp\/v2\/comments?post=4921"}],"wp:featuredmedia":[{"embeddable":true,"href":"https:\/\/masinezavlagu021.com\/index.php\/wp-json\/wp\/v2\/media\/4922"}],"wp:attachment":[{"href":"https:\/\/masinezavlagu021.com\/index.php\/wp-json\/wp\/v2\/media?parent=4921"}],"wp:term":[{"taxonomy":"product_cat","embeddable":true,"href":"https:\/\/masinezavlagu021.com\/index.php\/wp-json\/wp\/v2\/product_cat?post=4921"},{"taxonomy":"product_tag","embeddable":true,"href":"https:\/\/masinezavlagu021.com\/index.php\/wp-json\/wp\/v2\/product_tag?post=4921"}],"curies":[{"name":"wp","href":"https:\/\/api.w.org\/{rel}","templated":true}]}}