{"id":4907,"date":"2023-10-23T21:55:53","date_gmt":"2023-10-23T19:55:53","guid":{"rendered":"https:\/\/masine.aviportfolio.com\/?post_type=product&#038;p=4907"},"modified":"2026-02-15T23:42:57","modified_gmt":"2026-02-15T22:42:57","slug":"elektricna-grejalica-tds-75-r","status":"publish","type":"product","link":"https:\/\/masinezavlagu021.com\/index.php\/product\/elektricna-grejalica-tds-75-r\/","title":{"rendered":"TROTEC ELEKTRI\u010cNA GREJALICA TDS 75 R"},"content":{"rendered":"<p>Nije samo zbog okruglog izlaza topleg vazduha da terensko grejanje s mo\u0107nim elektri\u010dnim grejnim topom TDS 75 R ide glatko u svakom smislu.<\/p>\n<p>Kombinacija pouzdane, jednostavne tehnologije grejanja putem za\u0161ti\u0107enih od korozije grejnih elemenata od ner\u0111aju\u0107eg \u010delika, koji omogu\u0107avaju pouzdano i bez problema grejanje tokom du\u017eeg vremenskog perioda, zajedno s jednostavnom upotrebom putem beskona\u010dnog termostata i trostepenog regulatora snage grejanja, pru\u017ea vam ekonomi\u010dno re\u0161enje grejanja za razli\u010dite potrebe bez nepotrebnih komplikacija &#8211; sme\u0161teno u potpuno pocinkovanom, lakiranom \u010deli\u010dnom ku\u0107i\u0161tu sa ergonomskom dr\u0161kom.<\/p>\n<p>I zbog toga \u0161to elektri\u010dni grejni top TDS 75 R, za razliku od direktno paljenih gasnih ili uljnih grejalica, ne tro\u0161i kiseonik pri generisanju topleg vazduha niti proizvodi izduvne gasove, mo\u017ee se fleksibilno koristiti na bilo kom mestu za grejanje ve\u0107ih prostora &#8211; \u010dak i u zatvorenim ili slabo provetrenim unutra\u0161njim prostorima.<\/p>\n<p>Zahvaljuju\u0107i tri nivoa grejanja koja se mogu pove\u0107ati do 15 kW i velikom koli\u010dinom cirkuli\u0161u\u0107eg vazduha, elektri\u010dni grejni top TDS 75 R tako\u0111e je idealan za grejanje ve\u0107ih radionica, skladi\u0161ta, staklenika, gradili\u0161ta i industrijskih postrojenja kompanija iz sektora trgovine i industrije.<\/p>\n<p>Evo nekoliko prakti\u010dnih prednosti:<\/p>\n<ul>\n<li>Kontrola temperature sa tri nivoa grejanja<\/li>\n<li>Integrisani termostat za konstantan protok topleg vazduha<\/li>\n<li>Za\u0161tita od pregrevanja<\/li>\n<li>Ventilatorski motor sa termosigurnosnom za\u0161titom<\/li>\n<li>Ventilatorska funkcija nakon ga\u0161enja radi hla\u0111enja komponenti<\/li>\n<li>Toplota bez kondenzacije &#8211; bez tro\u0161enja kiseonika &#8211; zbog toga je idealna za grejanje unutra\u0161njih prostora<\/li>\n<li>Jednostavno prenosiv i koristiti<\/li>\n<li>Funkcija ventilatora dostupna i bez grejnog rada<\/li>\n<li>Mogu\u0107i oblasti primene:<\/li>\n<li>Auto-servisi<\/li>\n<li>Gra\u0111evinske lokacije<\/li>\n<li>Monta\u017eni zadaci<\/li>\n<li>Ugostiteljstvo<\/li>\n<li>Skladi\u0161ta i radionice<\/li>\n<li>Staklenici<\/li>\n<li>i mnoge druge&#8230;<\/li>\n<\/ul>\n","protected":false},"excerpt":{"rendered":"<div class=\"elementor-element elementor-element-3ce6c21c e-flex e-con-boxed e-con e-parent\" data-id=\"3ce6c21c\" data-element_type=\"container\" data-settings=\"{&quot;content_width&quot;:&quot;boxed&quot;}\" data-core-v316-plus=\"true\">\n<div class=\"e-con-inner\">\n<div class=\"elementor-element elementor-element-7143c7e2 elementor-widget elementor-widget-heading\" data-id=\"7143c7e2\" data-element_type=\"widget\" data-widget_type=\"heading.default\">\n<div class=\"elementor-widget-container\">\n<h2 class=\"elementor-heading-title elementor-size-default\">Profesionalna grejalica za \u0161irok spektar primena: sa elektri\u010dnim greja\u010dem TDS 75 R<\/h2>\n<\/div>\n<\/div>\n<\/div>\n<\/div>\n<div class=\"elementor-element elementor-element-53db81f5 e-con-full e-flex e-con e-parent\" data-id=\"53db81f5\" data-element_type=\"container\" data-settings=\"{&quot;content_width&quot;:&quot;full&quot;}\" data-core-v316-plus=\"true\">\n<div class=\"elementor-element elementor-element-5b40378a e-con-full e-flex e-con e-child\" data-id=\"5b40378a\" data-element_type=\"container\" data-settings=\"{&quot;content_width&quot;:&quot;full&quot;}\">\n<div class=\"elementor-element elementor-element-4c1e4d70 elementor-widget elementor-widget-image\" data-id=\"4c1e4d70\" data-element_type=\"widget\" data-widget_type=\"image.default\"><\/div>\n<\/div>\n<\/div>\n","protected":false},"featured_media":4908,"comment_status":"open","ping_status":"closed","template":"","meta":[],"product_cat":[203,202],"product_tag":[238],"class_list":["post-4907","product","type-product","status-publish","has-post-thumbnail","hentry","product_cat-grejaci-na-struju","product_cat-grejalice-grejaci","product_tag-trotec"],"_links":{"self":[{"href":"https:\/\/masinezavlagu021.com\/index.php\/wp-json\/wp\/v2\/product\/4907","targetHints":{"allow":["GET"]}}],"collection":[{"href":"https:\/\/masinezavlagu021.com\/index.php\/wp-json\/wp\/v2\/product"}],"about":[{"href":"https:\/\/masinezavlagu021.com\/index.php\/wp-json\/wp\/v2\/types\/product"}],"replies":[{"embeddable":true,"href":"https:\/\/masinezavlagu021.com\/index.php\/wp-json\/wp\/v2\/comments?post=4907"}],"wp:featuredmedia":[{"embeddable":true,"href":"https:\/\/masinezavlagu021.com\/index.php\/wp-json\/wp\/v2\/media\/4908"}],"wp:attachment":[{"href":"https:\/\/masinezavlagu021.com\/index.php\/wp-json\/wp\/v2\/media?parent=4907"}],"wp:term":[{"taxonomy":"product_cat","embeddable":true,"href":"https:\/\/masinezavlagu021.com\/index.php\/wp-json\/wp\/v2\/product_cat?post=4907"},{"taxonomy":"product_tag","embeddable":true,"href":"https:\/\/masinezavlagu021.com\/index.php\/wp-json\/wp\/v2\/product_tag?post=4907"}],"curies":[{"name":"wp","href":"https:\/\/api.w.org\/{rel}","templated":true}]}}