{"id":4864,"date":"2023-10-23T20:10:20","date_gmt":"2023-10-23T18:10:20","guid":{"rendered":"https:\/\/masine.aviportfolio.com\/?post_type=product&#038;p=4864"},"modified":"2026-02-16T00:13:47","modified_gmt":"2026-02-15T23:13:47","slug":"elektricni-grejac-ventilator-tds-20","status":"publish","type":"product","link":"https:\/\/masinezavlagu021.com\/index.php\/product\/elektricni-grejac-ventilator-tds-20\/","title":{"rendered":"TROTEC ELEKTRI\u010cNI KALORIFER GREJALICA  TDS 20"},"content":{"rendered":"<p>Ovaj elektri\u010dni grejni ventilator pokazuje izuzetne performanse u razli\u010ditim zadacima grejanja. I naravno, to nije slu\u010dajnost, ve\u0107 ekskluzivno proizvod kompanije Trotec.<\/p>\n<p>Prilikom razvoja serije TDS, posebnu pa\u017enju smo posvetili mnogim prakti\u010dnim detaljima, a to \u010dini zna\u010dajnu razliku u pore\u0111enju sa konvencionalnim standardnim elektri\u010dnim grejnim ventilatorima.<\/p>\n<p>Osim uobi\u010dajenih funkcija kao \u0161to su za\u0161tita od pregrevanja ili ventilatorski motor sa termosigurnosnim za\u0161titom, elektri\u010dni grejni ventilator TDS 20, na primer, ima dodatnu vazdu\u0161nu re\u0161etku koja optimalno usmerava topao vazduh prema spolja i posti\u017ee maksimalnu efikasnost.<\/p>\n<p>I zahvaljuju\u0107i ugra\u0111enoj termostatskoj kontroli, generisani topao vazduh mo\u017ee se beskona\u010dno prilagoditi \u017eeljenoj temperaturi.<\/p>\n<p>Da li je u pitanju originalni elektri\u010dni grejni ventilator TDS od Troteca, mo\u017eete prepoznati po prepoznatljivom logotipu i dva pri\u010dvr\u0161\u0107ena navojna otvora sa strane, koji slu\u017ee za prihvat opcionalnih nosa\u010da za zid ili plafon.<\/p>\n<p>Na ovaj na\u010din, mo\u017eete postaviti elektri\u010dni grejni ventilator TDS 20 na podu, zidovima ili plafonu fleksibilno, koriste\u0107i ga kao raznovrsno re\u0161enje za grejanje u skladi\u0161tima, radionicama, prostorijama bez prozora ili na tezgama na tr\u017ei\u0161tu.<\/p>\n<p>Posebne karakteristike:<\/p>\n<ul>\n<li>Priprema za monta\u017eu na zidu ili plafon<\/li>\n<li>Standardno sa vazdu\u0161nom re\u0161etkom<\/li>\n<li>Regulator sa dubokom za\u0161titom<\/li>\n<li>Prednosti u praksi:<\/li>\n<li>100% TROTEC &#8211; razvoj, dizajn, proizvodnja<\/li>\n<li>Kontrola temperature sa dva nivoa grejanja<\/li>\n<li>Ugra\u0111en termostat za konstantan protok toplih vazdu\u0161nih struja<\/li>\n<li>Funkcija ventilatora<\/li>\n<li>Za\u0161tita od pregrevanja<\/li>\n<li>10% vi\u0161e snage u odnosu na modele konkurencije (3,3 kW)<\/li>\n<li>Ventilatorski motor sa termosigurnosnom za\u0161titom<\/li>\n<li>Bez kondenzacije &#8211; ne tro\u0161i kiseonik &#8211; zbog toga je idealan za unutra\u0161nje grejanje<\/li>\n<li>Mogu\u0107a monta\u017ea na zidu ili plafonu &#8211; dr\u017ea\u010d je dostupan kao dodatna oprema<\/li>\n<li>Standardno ugra\u0111ena vazdu\u0161na re\u0161etka za optimizaciju ispu\u0161tanja toplote (garantuje maksimalnu efikasnost)<\/li>\n<li>Funkcija ventilatora<\/li>\n<\/ul>\n<p>Mogu\u0107nosti primene:<\/p>\n<ul>\n<li>Kontejneri na gradili\u0161tima<\/li>\n<li>Gara\u017ee<\/li>\n<li>Ugostiteljski objekti<\/li>\n<li>Staklenici<\/li>\n<li>Tezge na tr\u017ei\u0161tu<\/li>\n<li>Skladi\u0161ta i radionice<\/li>\n<li>Splavovi<\/li>\n<li>Radionice<\/li>\n<li>Brodogradili\u0161ta<\/li>\n<li>i mnogi drugi&#8230;<\/li>\n<\/ul>\n<p>Napomena: Na zadnjoj strani elektri\u010dnog greja\u010da vazduh (hladan) se usisava, greje i izduvava kao topao vazduh. Zbog toga se temperatura prostora postepeno pove\u0107ava tokom vremena. Iako se izduvani vazduh ne ose\u0107a posebno vru\u0107im zbog velike koli\u010dine usisanog i izduvanog vazduha, ceo prostor se postepeno zagreva zbog visokog protoka vazduha.<\/p>\n","protected":false},"excerpt":{"rendered":"<div class=\"elementor-element elementor-element-f1810d8 e-flex e-con-boxed e-con e-parent\" data-id=\"f1810d8\" data-element_type=\"container\" data-settings=\"{&quot;content_width&quot;:&quot;boxed&quot;}\" data-core-v316-plus=\"true\">\n<div class=\"e-con-inner\">\n<div class=\"elementor-element elementor-element-7c4bf02 elementor-widget elementor-widget-heading\" data-id=\"7c4bf02\" data-element_type=\"widget\" data-widget_type=\"heading.default\">\n<div class=\"elementor-widget-container\">\n<h2 class=\"elementor-heading-title elementor-size-default\">Crno, belo, vruc\u0301e! Idealan za mnoge zadatke stacionarnog grejanja.<\/h2>\n<\/div>\n<\/div>\n<\/div>\n<\/div>\n<div class=\"elementor-element elementor-element-6340112 e-con-full e-flex e-con e-parent\" data-id=\"6340112\" data-element_type=\"container\" data-settings=\"{&quot;content_width&quot;:&quot;full&quot;}\" data-core-v316-plus=\"true\">\n<div class=\"elementor-element elementor-element-83a9251 e-con-full e-flex e-con e-child\" data-id=\"83a9251\" data-element_type=\"container\" data-settings=\"{&quot;content_width&quot;:&quot;full&quot;}\">\n<div class=\"elementor-element elementor-element-640e0fa elementor-widget elementor-widget-text-editor\" data-id=\"640e0fa\" data-element_type=\"widget\" data-widget_type=\"text-editor.default\">\n<h2 class=\"elementor-widget-container\"><\/h2>\n<\/div>\n<\/div>\n<\/div>\n","protected":false},"featured_media":4873,"comment_status":"open","ping_status":"closed","template":"","meta":[],"product_cat":[203,202],"product_tag":[238],"class_list":["post-4864","product","type-product","status-publish","has-post-thumbnail","hentry","product_cat-grejaci-na-struju","product_cat-grejalice-grejaci","product_tag-trotec"],"_links":{"self":[{"href":"https:\/\/masinezavlagu021.com\/index.php\/wp-json\/wp\/v2\/product\/4864","targetHints":{"allow":["GET"]}}],"collection":[{"href":"https:\/\/masinezavlagu021.com\/index.php\/wp-json\/wp\/v2\/product"}],"about":[{"href":"https:\/\/masinezavlagu021.com\/index.php\/wp-json\/wp\/v2\/types\/product"}],"replies":[{"embeddable":true,"href":"https:\/\/masinezavlagu021.com\/index.php\/wp-json\/wp\/v2\/comments?post=4864"}],"wp:featuredmedia":[{"embeddable":true,"href":"https:\/\/masinezavlagu021.com\/index.php\/wp-json\/wp\/v2\/media\/4873"}],"wp:attachment":[{"href":"https:\/\/masinezavlagu021.com\/index.php\/wp-json\/wp\/v2\/media?parent=4864"}],"wp:term":[{"taxonomy":"product_cat","embeddable":true,"href":"https:\/\/masinezavlagu021.com\/index.php\/wp-json\/wp\/v2\/product_cat?post=4864"},{"taxonomy":"product_tag","embeddable":true,"href":"https:\/\/masinezavlagu021.com\/index.php\/wp-json\/wp\/v2\/product_tag?post=4864"}],"curies":[{"name":"wp","href":"https:\/\/api.w.org\/{rel}","templated":true}]}}