{"id":4697,"date":"2023-10-22T13:51:30","date_gmt":"2023-10-22T13:51:30","guid":{"rendered":"https:\/\/masine.aviportfolio.com\/?post_type=product&#038;p=4697"},"modified":"2026-02-15T23:38:22","modified_gmt":"2026-02-15T22:38:22","slug":"merac-vlaznosti-bm22","status":"publish","type":"product","link":"https:\/\/masinezavlagu021.com\/index.php\/product\/merac-vlaznosti-bm22\/","title":{"rendered":"TROTEC MERA\u010c VLA\u017dNOSTI BM22"},"content":{"rendered":"<p>Robusni i po potrebi lako zamjenjivi o\u0161tri \u010deli\u010dni \u010divijevi BM22 omogu\u0107avaju \u010dvrstu vezu sa materijalom za ispitivanje i osiguravaju pouzdane rezultate mjerenja vlage pri detekciji vlage u drvetu za rezanje i lo\u017eenje ili pri odre\u0111ivanju sadr\u017eaja vlage u mekim gra\u0111evinskim materijalima kao \u0161to su gips, malter ili estrih.<\/p>\n<p>Traka sa brojevima i dodatni direktni prikaz volumena vlage u apsolutnim procentima olak\u0161avaju \u010ditanje vla\u017enosti, dok dva razli\u010dita opsega skala za drvo i gra\u0111evinske materijale pove\u0107avaju preciznost.<\/p>\n<p>U ure\u0111aju je za merenje vlage u drvetu sa\u010duvana kalibraciona kriva koja odgovara prose\u010dnom drvetu relevantnom u Evropi pri temperaturi drveta od 20 \u00b0C.<\/p>\n<p>Stoga, za brzu indikaciju sadr\u017eaja vlage u drvetu nisu potrebne dodatne pode\u0161avanja.<\/p>\n<p>Promena iz re\u017eima merenja vlage u drvetu na re\u017eim merenja vlage u gra\u0111evinskim materijalima nije potrebna na BM22, jer se prikaz merenih vrednosti vr\u0161i putem dve paralelne prikazane skale za odgovaraju\u0107i materijal. Tako\u0111e, u za\u0161titi ure\u0111aja je integrisan referentni adapter za proveru baterije i funkcionalnosti.<\/p>\n<p>Prednosti u praksi:<\/p>\n<p>Razvoj, dizajn, proizvodnja: 100% Trotec<\/p>\n<p>Merenje vlage u drvetu i gra\u0111evinskim materijalima sa jednim ure\u0111ajem<\/p>\n<p>Dvostruka skala za merenje vlage u drvetu i materijalima<\/p>\n<p>Uklju\u010duje za\u0161titnu kapu sa integrisanom test funkcijom<\/p>\n<p>Odmah upotrebljiv<\/p>\n<p>Prikaz temperature okoline po izboru u \u00b0C i \u00b0F<\/p>\n<p>Kalibracione krive za uobi\u010dajene vrste drveta Sa LED indikatorom vlage<\/p>\n<p>Integrisana LED baterijska lampa<\/p>\n<p>Lako zamenjivi o\u0161tri \u010deli\u010dni \u010divije<\/p>\n<p>Direktni prikaz merenih vrednosti u %<\/p>\n<p>Automatski test funkcija i baterije<\/p>\n<p>Prakti\u010dna kop\u010da za d\u017eep<\/p>\n<p>Automatsko isklju\u010divanje<\/p>\n<p>Optimizovan za praksu nema\u010dki industrijski dizajn &#8211; registrovan patent za dizajn<\/p>\n<p>&nbsp;<\/p>\n<p>Tehni\u010dki podaci:<\/p>\n<p>Princip merenja:<\/p>\n<p>Metoda otpornosti<\/p>\n<p>Du\u017eina elektroda: oko 8 mm<\/p>\n<p>Elektrode: ugra\u0111ene, zamenjive<\/p>\n<p>Dopu\u0161teni uslovi okoline: 0 do +40 \u00b0C \/ 0 do 85 % relativne vlage<\/p>\n<p>Napajanje: 4 x 1,5 V AAA baterija<\/p>\n<p>Dimenzije (D x \u0160 x V): 155 x 34 x 52 mm<\/p>\n<p>Te\u017eina: 135 g<\/p>\n<p>Vlaga u drvetu<\/p>\n<p>Opseg merenja: 6 do 44 % Preciznost: &lt; 30 % otprilike \u00b1 2 % \/ \u2265 30 % otprilike \u00b1 4 %<\/p>\n<p>Gra\u0111evinska vlaga<\/p>\n<p>Opseg merenja: oko 0,2 do 2,0 % Preciznost: &lt; 1,4 % otprilike \u00b1 0,1 % \/ \u2265 1,4 % otprilike \u00b1 0,2 %<\/p>\n<p>Temperatura<\/p>\n<p>Opseg merenja: 0 do 40 \u00b0C \/ 32 &#8211; 104 \u00b0F<\/p>\n<p>Preciznost: nije specifikovana<\/p>\n<p>Sadr\u017eaj paketa: Merilo, baterija, uputstvo za upotrebu<\/p>\n","protected":false},"excerpt":{"rendered":"<h2>Dvostruka skala za merenje vlage u drvetu i materijalima<\/h2>\n","protected":false},"featured_media":4777,"comment_status":"open","ping_status":"closed","template":"","meta":[],"product_cat":[220,200],"product_tag":[238],"class_list":["post-4697","product","type-product","status-publish","has-post-thumbnail","hentry","product_cat-meraci-za-vlagu","product_cat-merni-instrumenti","product_tag-trotec"],"_links":{"self":[{"href":"https:\/\/masinezavlagu021.com\/index.php\/wp-json\/wp\/v2\/product\/4697","targetHints":{"allow":["GET"]}}],"collection":[{"href":"https:\/\/masinezavlagu021.com\/index.php\/wp-json\/wp\/v2\/product"}],"about":[{"href":"https:\/\/masinezavlagu021.com\/index.php\/wp-json\/wp\/v2\/types\/product"}],"replies":[{"embeddable":true,"href":"https:\/\/masinezavlagu021.com\/index.php\/wp-json\/wp\/v2\/comments?post=4697"}],"wp:featuredmedia":[{"embeddable":true,"href":"https:\/\/masinezavlagu021.com\/index.php\/wp-json\/wp\/v2\/media\/4777"}],"wp:attachment":[{"href":"https:\/\/masinezavlagu021.com\/index.php\/wp-json\/wp\/v2\/media?parent=4697"}],"wp:term":[{"taxonomy":"product_cat","embeddable":true,"href":"https:\/\/masinezavlagu021.com\/index.php\/wp-json\/wp\/v2\/product_cat?post=4697"},{"taxonomy":"product_tag","embeddable":true,"href":"https:\/\/masinezavlagu021.com\/index.php\/wp-json\/wp\/v2\/product_tag?post=4697"}],"curies":[{"name":"wp","href":"https:\/\/api.w.org\/{rel}","templated":true}]}}