{"id":4654,"date":"2023-10-21T21:46:33","date_gmt":"2023-10-21T19:46:33","guid":{"rendered":"https:\/\/masine.aviportfolio.com\/?post_type=product&#038;p=4654"},"modified":"2026-04-25T11:29:42","modified_gmt":"2026-04-25T09:29:42","slug":"odvlazivac-za-bazen-ds-30","status":"publish","type":"product","link":"https:\/\/masinezavlagu021.com\/index.php\/product\/odvlazivac-za-bazen-ds-30\/","title":{"rendered":"TROTEC ODVLA\u017dIVA\u010c ZA BAZEN DS 30"},"content":{"rendered":"<p>Bilo da se radi o zatvorenim bazenima, \u0111akuzijima ili wellness prostorima &#8211; u svim okru\u017eenjima sa visokom vlagom i kondenzacijom, efikasno odvla\u017eivanje vazduha je neophodno kako bi se osiguralo udobnost posetilaca i spre\u010dile \u0161tete na objektima i inventaru.<\/p>\n<p>Za sve ove potrebe, bazenski osu\u0161iva\u010d vazduha DS 30 je optimalno re\u0161enje, jer je ovaj ure\u0111aj vrhunskog kvaliteta proizveden u Nema\u010dkoj specijalno razvijen za ovu namenu.<\/p>\n<p>DS 30, sme\u0161ten u koroziji otporno ku\u0107i\u0161te od staklom oja\u010dane plastike, sadr\u017ei sna\u017ean radijalni ventilator sa izuzetno tihim radom, kao i ispariva\u010d i kondenzator sa dodatnim povr\u0161inama presvu\u010denim poliesterom.<\/p>\n<p>Ovaj ure\u0111aj za zatvorene bazene sa povr\u0161inama bazena do 25 kvadratnih metara je jednostavan za monta\u017eu, radi potpuno automatski i sposoban je da iz vazduha izvla\u010di velike koli\u010dine vlage.<\/p>\n<p>Energija apsorbovana tokom procesa odvla\u017eivanja direktno se pretvara u toplotu i koristi za grejanje prostora, \u010dime se dodatno pove\u0107ava isplativost ure\u0111aja.<\/p>\n<p>Opciona oprema: Spoljna pumpa za kondenzat<\/p>\n<p>Prednosti u praksi:<\/p>\n<p>Profesionalni kvalitet &#8222;made in Germany&#8220; &#8211; Originalni Trotec proizvod Specijalno razvijen za upotrebu u vla\u017enim prostorima Korozioni otporna konstrukcija od staklom oja\u010dane plastike &#8211; lako se \u010disti Visokotla\u010dni radijalni ventilator Poliesterom presvu\u010den, otporan na koroziju izmenjiva\u010d toplote Beskrajno podesiv higrostat Potpuno automatski rad Profesionalni odmrzavanje toplim gasom Visok i nizak pritisak prekida\u010di Pripremljeno za monta\u017eu na zid Opciono dostupno sa pumpom za kondenzat Mnoge dodatne opcije i specijalne verzije su dostupne.<\/p>\n","protected":false},"excerpt":{"rendered":"<div class=\"elementor-element elementor-element-5a3f616f e-flex e-con-boxed e-con e-parent\" data-id=\"5a3f616f\" data-element_type=\"container\" data-settings=\"{&quot;content_width&quot;:&quot;boxed&quot;}\" data-core-v316-plus=\"true\">\n<div class=\"e-con-inner\">\n<div class=\"elementor-element elementor-element-21790846 elementor-widget elementor-widget-heading\" data-id=\"21790846\" data-element_type=\"widget\" data-widget_type=\"heading.default\">\n<div class=\"elementor-widget-container\">\n<h2 class=\"elementor-heading-title elementor-size-default\">Veoma ekonomi\u010dan odvla\u017eiva\u010d sa sna\u017enim centrifugalnim ventilatorom<\/h2>\n<\/div>\n<\/div>\n<\/div>\n<\/div>\n<div class=\"elementor-element elementor-element-283230fc e-con-full e-flex e-con e-parent\" data-id=\"283230fc\" data-element_type=\"container\" data-settings=\"{&quot;content_width&quot;:&quot;full&quot;}\" data-core-v316-plus=\"true\">\n<div class=\"elementor-element elementor-element-57a23157 e-con-full e-flex e-con e-child\" data-id=\"57a23157\" data-element_type=\"container\" data-settings=\"{&quot;content_width&quot;:&quot;full&quot;}\">\n<div class=\"elementor-element elementor-element-d53f8db elementor-widget elementor-widget-image\" data-id=\"d53f8db\" data-element_type=\"widget\" data-widget_type=\"image.default\"><\/div>\n<\/div>\n<\/div>\n","protected":false},"featured_media":4655,"comment_status":"open","ping_status":"closed","template":"","meta":[],"product_cat":[195,218],"product_tag":[238],"class_list":["post-4654","product","type-product","status-publish","has-post-thumbnail","hentry","product_cat-odvlazivaci-vazduha","product_cat-odvlazivaci-za-bazene","product_tag-trotec"],"_links":{"self":[{"href":"https:\/\/masinezavlagu021.com\/index.php\/wp-json\/wp\/v2\/product\/4654","targetHints":{"allow":["GET"]}}],"collection":[{"href":"https:\/\/masinezavlagu021.com\/index.php\/wp-json\/wp\/v2\/product"}],"about":[{"href":"https:\/\/masinezavlagu021.com\/index.php\/wp-json\/wp\/v2\/types\/product"}],"replies":[{"embeddable":true,"href":"https:\/\/masinezavlagu021.com\/index.php\/wp-json\/wp\/v2\/comments?post=4654"}],"wp:featuredmedia":[{"embeddable":true,"href":"https:\/\/masinezavlagu021.com\/index.php\/wp-json\/wp\/v2\/media\/4655"}],"wp:attachment":[{"href":"https:\/\/masinezavlagu021.com\/index.php\/wp-json\/wp\/v2\/media?parent=4654"}],"wp:term":[{"taxonomy":"product_cat","embeddable":true,"href":"https:\/\/masinezavlagu021.com\/index.php\/wp-json\/wp\/v2\/product_cat?post=4654"},{"taxonomy":"product_tag","embeddable":true,"href":"https:\/\/masinezavlagu021.com\/index.php\/wp-json\/wp\/v2\/product_tag?post=4654"}],"curies":[{"name":"wp","href":"https:\/\/api.w.org\/{rel}","templated":true}]}}