{"id":4631,"date":"2023-10-21T21:40:06","date_gmt":"2023-10-21T19:40:06","guid":{"rendered":"https:\/\/masine.aviportfolio.com\/?post_type=product&#038;p=4631"},"modified":"2026-02-15T23:39:36","modified_gmt":"2026-02-15T22:39:36","slug":"gradevinski-odvlazivac-ttk-500","status":"publish","type":"product","link":"https:\/\/masinezavlagu021.com\/index.php\/product\/gradevinski-odvlazivac-ttk-500\/","title":{"rendered":"TROTEC GRA\u0110EVINSKI ODVLA\u017dIVA\u010c TTK 500"},"content":{"rendered":"<p>Universalni gra\u0111evinski osu\u0161iva\u010d vazduha<\/p>\n<p>Bilo da se radi o sanaciji vodenih \u0161teta, su\u0161enju gra\u0111evinskih objekata ili odr\u017eavanju hladnih poslovnih prostora &#8211; pouzna tehnologija za su\u0161enje je potrebna za promenljivu upotrebu na razli\u010ditim gra\u0111evinskim mestima. Otporan na napore, pouzdan, sa visokom sposobno\u0161\u0107u odvla\u017eivanja, \u010dak i pri niskim temperaturama okoline. To je ta\u010dan profil zahteva gra\u0111evinskog osu\u0161iva\u010da TTK 500 od Trotec.<\/p>\n<p>Ovaj profesionalni kondenzacioni osu\u0161iva\u010d vazduha je dosledno dizajniran za maksimalnu mobilnost na promenljivim lokacijama i te\u0161kim radnim uslovima. Zato TTK 500 ima kolica sa podesivom ru\u010dkom za guranje i velike to\u010dkove sa gumiranom oblogom koja ne ostavlja tragove &#8211; sve to u \u010dvrstom metalnom ku\u0107i\u0161tu.<\/p>\n<p>Za skladi\u0161tenje ili transport, konstrukcija TTK 500 omogu\u0107ava kompaktno postavljanje ure\u0111aja jedan pored drugog, tako da mnogo osu\u0161iva\u010da mo\u017ee biti transportovano samo jednom vo\u017enjom ili \u0107e zauzeti manje prostora u skladi\u0161tu &#8211; ure\u0111aji se mogu skladi\u0161titi i do tri puta.<\/p>\n<p>Efikasna metoda za visok nivo odvla\u017eivanja do maksimalno 70 l\/24 h<\/p>\n<p>Za efikasno odvla\u017eivanje vazduha, TTK 500 je opremljen sna\u017enom automatskom funkcijom odmrzavanja sa toplim gasom u re\u017eimu zaobila\u017eenja, koja zahteva samo vrlo kratke faze odmrzavanja, pove\u0107avaju\u0107i kapacitet i \u010dine\u0107i ga optimalnim za efikasno odvla\u017eivanje vazduha u niskim temperaturnim podru\u010djima, kao \u0161to su nezagrejane prostorije.<\/p>\n<p>Kombinacija visokog kapaciteta odvla\u017eivanja, minimalne potro\u0161nje energije i velike pokretljivosti sa malim potrebnim prostorom za postavljanje \u010dini TTK 500 idealnim re\u0161enjem za odvla\u017eivanje \u010dak i pri niskim temperaturama &#8211; za neprekidan rad, opciono sa higrostatom i pumpom za kondenzat.<\/p>\n<p>100 % gra\u0111evinski osu\u0161iva\u010d &#8211; ime govori samo za sebe<\/p>\n<p>Gra\u0111evinski osu\u0161iva\u010d vazduha ne postaje stvaranjem oznake. Ime obavezuje: ure\u0111aj mora osu\u0161iti velike koli\u010dine vazduha, neprekidno, na gra\u0111evinskom mestu, u hladnim uslovima. Na kraju krajeva, gra\u0111evinski osu\u0161iva\u010di zara\u0111uju novac svojim radom na su\u0161enju, ne sme\u0161taju\u0107i ih u skladi\u0161te, a pogotovo ne u radionicu.<\/p>\n<p>Zato su gra\u0111evinski osu\u0161iva\u010di TTK serije dosledno dizajnirani za visok kapacitet odvla\u017eivanja i vreme rada. Ovi ure\u0111aji rade pouzdano i neprekidno na gra\u0111evinskom mestu, i kada je potrebno odr\u017eavanje, to se mo\u017ee obaviti br\u017ee nego ikad:<\/p>\n<p>Inovativni centralni okvir &#8211; koncept sa modularnim dizajnom olak\u0161ava odr\u017eavanje<\/p>\n<p>TTK 500 ima inovativni centralni okvir sa kojeg se \u010dvrsto metalno ku\u0107i\u0161te brzo i jednostavno mo\u017ee skinuti. Idealan za servisiranje, odr\u017eavanje i \u010di\u0161\u0107enje.<\/p>\n<p>I cela elektronika nije samo posebno kapsulirana i na taj na\u010din za\u0161ti\u0107ena od \u0161tetnih naslaga &#8211; modularna je i svi pojedina\u010dni elektronski moduli su lako povezani i menjaju se bez odr\u017eavanja. Zamena pojedina\u010dnih modula se vr\u0161i brzo i jednostavno, \u010dak i na samom mestu na gradili\u0161tu: odvajate priklju\u010dke, zamenjujete modul, ponovo priklju\u010dujete &#8211; gotovo. Pauze uslovljene odr\u017eavanjem mogu se tako svesti na minimum.<\/p>\n<p>Prednosti u praksi:<\/p>\n<p>Razvoj, dizajn, proizvodnja: 100 % Trotec Visok kapacitet odvla\u017eivanja &#8211; \u010dak i pri temperaturama ispod 15 \u00b0C Pogodno za prostore do 470 m\u00b3 pri su\u0161enju gra\u0111evina i sanaciji vodenih \u0161teta Odr\u017eavanje prostora do 940 m\u00b3 Mo\u017ee se koristiti na temperaturama od 0 \u00b0C Izuzetno sna\u017ean rotacioni kompresor Profesionalno odmrzavanje toplim gasom u re\u017eimu zaobila\u017eenja Inovativni centralni okvir, lako se skida radi brisja i inspekcije Posebno prijateljski dizajniran za odr\u017eavanje: Moduli elektronike povezani su utika\u010dima, lako se menjaju bez alata Mo\u017ee se skladi\u0161titi sa u\u0161tedom prostora &#8211; mala povr\u0161ina za sme\u0161taj u skladi\u0161tu Transportabilan u bilo kojem polo\u017eaju zahvaljuju\u0107i TTK kompresorskoj tehnologiji Robustan i visoko mobilan &#8211; veliki to\u010dkovi omogu\u0107avaju jednostavno rukovanje i na zahtevnom terenu ili stepenicama Aksijalni ventilator sa visokom brzinom vazduha Lako zamenjiv i periv filter za vazduh Priklju\u010dak za spoljni higrostat Podesiva ru\u010dka za guranje &#8211; horizontalno ili vertikalno Broja\u010d radnih sati je standardno uklju\u010den MID-konforman dualni broja\u010d za radne sate i potro\u0161nju energije opciono<\/p>\n","protected":false},"excerpt":{"rendered":"<div class=\"elementor-element elementor-element-3bb57ecd e-flex e-con-boxed e-con e-parent\" data-id=\"3bb57ecd\" data-element_type=\"container\" data-settings=\"{&quot;content_width&quot;:&quot;boxed&quot;}\" data-core-v316-plus=\"true\">\n<div class=\"e-con-inner\">\n<div class=\"elementor-element elementor-element-151de93 elementor-widget elementor-widget-heading\" data-id=\"151de93\" data-element_type=\"widget\" data-widget_type=\"heading.default\">\n<div class=\"elementor-widget-container\">\n<h2 class=\"elementor-heading-title elementor-size-default\">Sna\u017ean \u010dak i pri niskim temperaturama \u2013 profesionalni kondenzatorski su\u0161a\u010d visokih performansi u robusnom dizajnu kolica<\/h2>\n<\/div>\n<\/div>\n<\/div>\n<\/div>\n<div class=\"elementor-element elementor-element-737ace17 e-con-full e-flex e-con e-parent\" data-id=\"737ace17\" data-element_type=\"container\" data-settings=\"{&quot;content_width&quot;:&quot;full&quot;}\" data-core-v316-plus=\"true\">\n<div class=\"elementor-element elementor-element-42e07909 e-con-full e-flex e-con e-child\" data-id=\"42e07909\" data-element_type=\"container\" data-settings=\"{&quot;content_width&quot;:&quot;full&quot;}\">\n<div class=\"elementor-element elementor-element-228c2ef9 elementor-widget elementor-widget-image\" data-id=\"228c2ef9\" data-element_type=\"widget\" data-widget_type=\"image.default\"><\/div>\n<\/div>\n<\/div>\n","protected":false},"featured_media":4632,"comment_status":"open","ping_status":"closed","template":"","meta":[],"product_cat":[217,195],"product_tag":[238],"class_list":["post-4631","product","type-product","status-publish","has-post-thumbnail","hentry","product_cat-odvlazivaci-komercijalni","product_cat-odvlazivaci-vazduha","product_tag-trotec"],"_links":{"self":[{"href":"https:\/\/masinezavlagu021.com\/index.php\/wp-json\/wp\/v2\/product\/4631","targetHints":{"allow":["GET"]}}],"collection":[{"href":"https:\/\/masinezavlagu021.com\/index.php\/wp-json\/wp\/v2\/product"}],"about":[{"href":"https:\/\/masinezavlagu021.com\/index.php\/wp-json\/wp\/v2\/types\/product"}],"replies":[{"embeddable":true,"href":"https:\/\/masinezavlagu021.com\/index.php\/wp-json\/wp\/v2\/comments?post=4631"}],"wp:featuredmedia":[{"embeddable":true,"href":"https:\/\/masinezavlagu021.com\/index.php\/wp-json\/wp\/v2\/media\/4632"}],"wp:attachment":[{"href":"https:\/\/masinezavlagu021.com\/index.php\/wp-json\/wp\/v2\/media?parent=4631"}],"wp:term":[{"taxonomy":"product_cat","embeddable":true,"href":"https:\/\/masinezavlagu021.com\/index.php\/wp-json\/wp\/v2\/product_cat?post=4631"},{"taxonomy":"product_tag","embeddable":true,"href":"https:\/\/masinezavlagu021.com\/index.php\/wp-json\/wp\/v2\/product_tag?post=4631"}],"curies":[{"name":"wp","href":"https:\/\/api.w.org\/{rel}","templated":true}]}}