{"id":4596,"date":"2023-10-21T21:11:39","date_gmt":"2023-10-21T21:11:39","guid":{"rendered":"https:\/\/masine.aviportfolio.com\/?post_type=product&#038;p=4596"},"modified":"2026-04-20T18:17:26","modified_gmt":"2026-04-20T16:17:26","slug":"komercijalni-odvlazivac-ttk-350-s","status":"publish","type":"product","link":"https:\/\/masinezavlagu021.com\/index.php\/product\/komercijalni-odvlazivac-ttk-350-s\/","title":{"rendered":"KOMERCIJALNI ODVLA\u017dIVA\u010c TROTEC TTK 350 S"},"content":{"rendered":"<p><strong>Otporni i sna\u017eni univerzalni ure\u0111aj<\/strong><\/p>\n<p>Crno-bela kombinacija u jednom sna\u017enom ure\u0111aju. TTK 350 S stavlja ta\u010dku na izbor izme\u0111u dobrog i jeftinog. On je jednostavno oba, pa mo\u017eete profitirati sa cenama na nivou Dalekog istoka, a da ne morate praviti kompromise u vezi sa kvalitetom i pouzdano\u0161\u0107u. Na kraju krajeva, kvalitet ovog osu\u0161iva\u010da vazduha nije slu\u010dajan \u2013 poti\u010de iz tradicionalne proizvodnje u EU.<\/p>\n<p>Ovaj visokoefikasni su\u0161a\u010d za gradili\u0161ta mo\u017ee da osu\u0161iti prostorije do veli\u010dine od 180 m\u00b2 sa kapacitetom do 70 litara za 24 sata. \u017deljenu vla\u017enost vazduha mo\u017eete podesiti izme\u0111u 32 % i 100 % relativne vla\u017enosti putem prakti\u010dnog kontrolnog dugmeta, a TTK 350 S \u0107e raditi automatski zahvaljuju\u0107i higrostatskom re\u017eimu. Tako\u0111e, obezbe\u0111uje sna\u017enu cirkulaciju vazduha od 1.000 kubi\u010dnih metara na sat.<\/p>\n<p>Ovaj pouzdani osu\u0161iva\u010d vazduha je dizajniran da bude izdr\u017eljiv, \u0161to se vidi ne samo u njegovom metalnom ku\u0107i\u0161tu sa plastifikacijom, ve\u0107 i u stabilnoj konstrukciji sa to\u010dkovima za maksimalnu pokretljivost.<\/p>\n<p><strong>Re\u017eim za stalno su\u0161enje za gra\u0111evinske poslove<\/strong><\/p>\n<p>Mogu\u0107nost priklju\u010dka spoljnog izlaza kondenzata \u2013 po potrebi uz opcionalnu pumpu za kondenzat \u2013 \u010dini TTK 350 S idealnim za du\u017ee periode bez nadzora, kao \u0161to su gra\u0111evinski radovi.<\/p>\n<p>Performanse i sigurnost su ovde od su\u0161tinskog zna\u010daja!<\/p>\n<p>Prekida\u010d za rad i lampica za upozorenje o nivou punjenja za\u0161ti\u0107eni su poklopcem od pra\u0161ine i prskanja vode, a zubasti kontrolni dugme za higrostatsko pode\u0161avanje \u0161titi od slu\u010dajnog pomeranja. Lampica za kontrolu kondenzatne posude svetli kada je posuda puna. Tako\u0111e, TTK 350 S se automatski isklju\u010duje kada je rezervoar za vodu pun.<\/p>\n<p>Unutra\u0161njost ure\u0111aja obezbe\u0111uje profesionalno automatsko odmrzavanje sa toplim gasom, \u0161to omogu\u0107ava efikasne rezultate su\u0161enja \u010dak i pri niskim temperaturama. Zahvaljuju\u0107i standardnom spoljnog izlazu kondenzata, TTK 350 S je pogodna za du\u017ee periode su\u0161enja bez nadzora, kao i za gra\u0111evinske poslove.<\/p>\n<p>TTK 350 S je ekskluzivno dostupan samo kod Troteca i opcionalno dolazi sa integrisanim broja\u010dem radnih sati ili MID kompatibilnim dvostrukim broja\u010dem za radne sate i kilovat-sate.<\/p>\n<p><strong>\u0160ta zna\u010di MID kompatibilan?<\/strong><\/p>\n<p>Evropska direktiva o mernim ure\u0111ajima (MID) zamenjuje postoje\u0107e nacionalne propise i naknadnu kalibraciju u odre\u0111enim oblastima. Kao rezultat toga, svi broja\u010di energije koji se koriste za obra\u010dun potro\u0161nje energije u Evropi moraju biti MID kompatibilni.<\/p>\n<p><strong>Hidrofluorolefin (R-454C) kao ekolo\u0161ki rashladni fluid u osu\u0161iva\u010dima vazduha<\/strong><\/p>\n<p>Svake godine sinteti\u010dki rashladni fluidi emituju milione tona \u0161tetnih CO2 emisija (stakleni\u010dkih gasova) u atmosferu. Kori\u0161\u0107enje alternativnih rashladnih fluida je jedan od na\u0161ih glavnih ciljeva. Kori\u0161\u0107enjem hidrofluorolefina (R-454C) kao rashladnog fluida, ovaj osu\u0161iva\u010d vazduha doprinosi za\u0161titi klime.<\/p>\n<p>Hidrofluorolefin (R-454C) je organsko jedinjenje koje spada u ugljovodonike. Za razliku od sinteti\u010dkih rashladnih fluida, ekolo\u0161ki prihvatljiv hidrofluorolefin (R-454C) nema potencijal za razaranje ozona (ODP=0) i nema zna\u010dajan efekat stakleni\u010dkog gasa (GWP=146).<\/p>\n<p>Dodatna korist za \u017eivotnu sredinu: Zahvaljuju\u0107i odli\u010dnim termodinami\u010dkim osobinama, hidrofluorolefin (R-454C) je energetski efikasan rashladni fluid koji dodatno smanjuje va\u0161e tro\u0161kove energije.<\/p>\n<p><strong>Prednosti u praksi:<\/strong><\/p>\n<ul>\n<li>Razvoj, dizajn, proizvodnja: 100 % Trotec<\/li>\n<li>Visoka efikasnost su\u0161enja \u010dak i pri niskim temperaturama<\/li>\n<li>Otporno metalno ku\u0107i\u0161te sa plastifikacijom<\/li>\n<li>Transportabilan i skladi\u0161tiv u svakom polo\u017eaju zahvaljuju\u0107i klipnom kompresoru<\/li>\n<li>Stabilna konstrukcija sa to\u010dkovima<\/li>\n<li>Automatski higrostatski kontrolisani re\u017eim su\u0161enja<\/li>\n<li>Kvalitetno automatsko odmrzavanje sa toplim gasom<\/li>\n<li>Opcioni MID kompatibilni dvostruki broja\u010d za radne sate i kilovat-sate (opciono)<\/li>\n<\/ul>\n","protected":false},"excerpt":{"rendered":"<div class=\"elementor-element elementor-element-7e44eff0 e-flex e-con-boxed e-con e-parent\" data-id=\"7e44eff0\" data-element_type=\"container\" data-settings=\"{&quot;content_width&quot;:&quot;boxed&quot;}\" data-core-v316-plus=\"true\">\n<div class=\"e-con-inner\">\n<div class=\"elementor-element elementor-element-448e1a57 elementor-widget elementor-widget-heading\" data-id=\"448e1a57\" data-element_type=\"widget\" data-widget_type=\"heading.default\">\n<div class=\"elementor-widget-container\">\n<h2 class=\"elementor-heading-title elementor-size-default\">Profesionalni svestrani ure\u0111aj za zahtevne aplikacije su\u0161enja<\/h2>\n<\/div>\n<\/div>\n<\/div>\n<\/div>\n<div class=\"elementor-element elementor-element-67b9e039 e-con-full e-flex e-con e-parent\" data-id=\"67b9e039\" data-element_type=\"container\" data-settings=\"{&quot;content_width&quot;:&quot;full&quot;}\" data-core-v316-plus=\"true\">\n<div class=\"elementor-element elementor-element-7884aca9 e-con-full e-flex e-con e-child\" data-id=\"7884aca9\" data-element_type=\"container\" data-settings=\"{&quot;content_width&quot;:&quot;full&quot;}\">\n<div class=\"elementor-element elementor-element-2266d91f elementor-widget elementor-widget-image\" data-id=\"2266d91f\" data-element_type=\"widget\" data-widget_type=\"image.default\"><\/div>\n<\/div>\n<\/div>\n","protected":false},"featured_media":4604,"comment_status":"open","ping_status":"closed","template":"","meta":[],"product_cat":[217,195],"product_tag":[238],"class_list":["post-4596","product","type-product","status-publish","has-post-thumbnail","hentry","product_cat-odvlazivaci-komercijalni","product_cat-odvlazivaci-vazduha","product_tag-trotec"],"_links":{"self":[{"href":"https:\/\/masinezavlagu021.com\/index.php\/wp-json\/wp\/v2\/product\/4596","targetHints":{"allow":["GET"]}}],"collection":[{"href":"https:\/\/masinezavlagu021.com\/index.php\/wp-json\/wp\/v2\/product"}],"about":[{"href":"https:\/\/masinezavlagu021.com\/index.php\/wp-json\/wp\/v2\/types\/product"}],"replies":[{"embeddable":true,"href":"https:\/\/masinezavlagu021.com\/index.php\/wp-json\/wp\/v2\/comments?post=4596"}],"wp:featuredmedia":[{"embeddable":true,"href":"https:\/\/masinezavlagu021.com\/index.php\/wp-json\/wp\/v2\/media\/4604"}],"wp:attachment":[{"href":"https:\/\/masinezavlagu021.com\/index.php\/wp-json\/wp\/v2\/media?parent=4596"}],"wp:term":[{"taxonomy":"product_cat","embeddable":true,"href":"https:\/\/masinezavlagu021.com\/index.php\/wp-json\/wp\/v2\/product_cat?post=4596"},{"taxonomy":"product_tag","embeddable":true,"href":"https:\/\/masinezavlagu021.com\/index.php\/wp-json\/wp\/v2\/product_tag?post=4596"}],"curies":[{"name":"wp","href":"https:\/\/api.w.org\/{rel}","templated":true}]}}