{"id":4589,"date":"2023-10-19T20:50:02","date_gmt":"2023-10-19T20:50:02","guid":{"rendered":"https:\/\/masine.aviportfolio.com\/?post_type=product&#038;p=4589"},"modified":"2026-03-23T17:26:59","modified_gmt":"2026-03-23T16:26:59","slug":"komercijalni-odvlazivac-ttk-170-s","status":"publish","type":"product","link":"https:\/\/masinezavlagu021.com\/index.php\/product\/komercijalni-odvlazivac-ttk-170-s\/","title":{"rendered":"KOMERCIJALNI ODVLA\u017dIVA\u010c TROTEC TTK 170 S"},"content":{"rendered":"<p>Bez obzira da li se radi o su\u0161enju nakon poplava, su\u0161enju novih gra\u0111evinskih objekata ili odr\u017eavanju vla\u017enosti grejanih i negrejanih skladi\u0161ta i radnih prostora, ovaj svestrani ure\u0111aj za odvla\u017eivanje omogu\u0107ava vam da profitirate, pru\u017eaju\u0107i re\u0161enje za odvla\u017eivanje koje \u0161tedi bud\u017eet, bez potrebe za kompromisima u pogledu kvaliteta i pouzdanosti.<\/p>\n<p>Iza povoljne cene ovog ure\u0111aja, na nivou Dalekog istoka, krije se robusna konstrukcija od \u010deli\u010dnog lima tradicionalne proizvodnje Evropske unije i pouzdana tehnika renomiranog brenda koja traje i traje. Lako se odr\u017eava, retko zahteva servisiranje i pristupa\u010dan je za nabavku.<\/p>\n<p><strong>TTK 170 S<\/strong> je opremljen profesionalnim automatskim odmrzavanjem pomo\u0107u vru\u0107eg gasa i mo\u017ee odvla\u017eiti prostorije do 180 m\u00b2 sa kapacitetom od \u010dak 50 litara u 24 sata. Ovaj sna\u017ean ure\u0111aj za su\u0161enje radi sa kontrolom vla\u017enosti, a mo\u017eete unapred izabrati \u017eeljeni nivo vla\u017enosti vazduha izme\u0111u 32 % i 100 % relativne vla\u017enosti pomo\u0107u prakti\u010dnog okretnog prekida\u010da. Pored toga, ure\u0111aj generi\u0161e protok vazduha od 580 kubnih metara na sat. Sa stabilnom konstrukcijom na to\u010dkovima i velikim to\u010dkovima, mo\u017eete lako promeniti lokaciju ure\u0111aja.<\/p>\n<p><strong>Re\u017eim neprekidnog rada za gra\u0111evinske primene<\/strong><\/p>\n<p>Mogu\u0107nost povezivanja spoljnog slivnika za kondenzat \u2013 po potrebi sa opcionim kondenzacionim pumpom \u2013 \u010dini <strong>TTK 170 S<\/strong> idealnim za du\u017ee periode bez nadzora, kao \u0161to su slu\u010dajevi su\u0161enja gra\u0111evinskih objekata.<\/p>\n<p><strong>Sna\u017ean i bezbedan!<\/strong><\/p>\n<p>Kontrola rada i indikator nivoa punjenja za\u0161ti\u0107eni su za\u0161titnim poklopcem od pra\u0161ine i prskanja vode, a re\u017eim za pode\u0161avanje vla\u017enosti ima posebnu zaklju\u010davaju\u0107u \u0161licu koja spre\u010dava nenamerno pomeranje prekida\u010da. Indikator punjenja posude za kondenzat svetli kada je puna. Tako\u0111e, <strong>TTK 170 S<\/strong> se automatski isklju\u010duje kada je rezervoar za vodu pun.<\/p>\n<p>Unutar ure\u0111aja, profesionalno odmrzavanje pomo\u0107u vru\u0107eg gasa omogu\u0107ava efikasne rezultate odvla\u017eivanja \u010dak i pri niskim temperaturama, a zahvaljuju\u0107i standardnom spoljnom odvodu kondenzata, <strong>TTK 170 S<\/strong> je pogodan za du\u017ee periode neprekidnog rada i za su\u0161enje gra\u0111evinskih objekata.<\/p>\n<p><strong>TTK 170 S<\/strong> je ekskluzivno dostupan samo kod Troteca i opcionalno se mo\u017ee dobiti sa integrisanim broja\u010dem radnih sati ili MID-konformnim dvostrukim broja\u010dem za radne sate i kilovat-sate.<\/p>\n<p><strong>\u0160ta zna\u010di MID-konformno?<\/strong><\/p>\n<p>Evropska direktiva o mernim ure\u0111ajima (MID) zamenjuje prethodnu regulativu koja je podrazumevala nacionalno odobrenje i naknadno merenje. Kao rezultat toga, u Evropi \u0107e ubudu\u0107e svi broja\u010di energije koji se koriste za obra\u010dun potro\u0161nje energije morati da budu MID-konformni.<\/p>\n<p><strong>Propan (R290)<\/strong> kao ekolo\u0161ki prihvatljivo rashladno sredstvo u ure\u0111ajima za odvla\u017eivanje vazduha<\/p>\n<p>Svake godine, sinteti\u010dki rashladni gasovi ispu\u0161taju milione tona \u0161tetnih emisija CO2 (gasovi sa efektom staklene ba\u0161te) u atmosferu. Zato je kori\u0161\u0107enje alternativnih rashladnih gasova jedan od na\u0161ih glavnih ciljeva. Upotrebom propana (R290) kao rashladnog sredstva, ovaj ure\u0111aj za odvla\u017eivanje vazduha daje dragocen doprinos za\u0161titi \u017eivotne sredine.<\/p>\n<p>Prirodno rashladno sredstvo propan (R290) je organsko jedinjenje koje spada u ugljovodonike. Za razliku od sinteti\u010dkih rashladnih sredstava, ekolo\u0161ki prihvatljivi propan (R290) nema potencijal za o\u0161te\u0107enje ozonskog omota\u010da (ODP=0) i nema zna\u010dajan efekat staklene ba\u0161te (GWP=3).<\/p>\n<p><strong>Dodatna prednost za \u017eivotnu sredinu:<\/strong> Zbog svojih izvanrednih termodinami\u010dkih osobina, propan (R290) je izuzetno energetski efikasno rashladno sredstvo i tako dodatno smanjuje tro\u0161kove energije.<\/p>\n<p><strong>Prednosti u praksi:<\/strong><\/p>\n<ul>\n<li>Razvoj, dizajn, proizvodnja: 100 % Trotec<\/li>\n<li>Visoka efikasnost odvla\u017eivanja \u010dak i pri niskim temperaturama<\/li>\n<li>Robustno metalno ku\u0107i\u0161te sa plasti\u010dnim premazom<\/li>\n<li>Zahvaljuju\u0107i klipnom kompresoru, ure\u0111aj se mo\u017ee transportovati i skladi\u0161titi u bilo kojoj poziciji<\/li>\n<li>Stabilna konstrukcija sa to\u010dkovima<\/li>\n<li>Automatski re\u017eim odvla\u017eivanja upravljan preko higrostata<\/li>\n<li>Kvalitetno odmrzavanje pomo\u0107u vru\u0107eg gasa<\/li>\n<li>Opcioni MID-konformni dvostrostruki broja\u010d za radne sate i kilovat-sate.<\/li>\n<\/ul>\n<p><strong>Na raspolaganju su slede\u0107i dodaci:<\/strong><\/p>\n<p>Dostupan je samo kod Troteca i opcionalno sa ugra\u0111enim broja\u010dem radnih sati ili MID-konformnim broja\u010dem za radne sate i kilovatsate.<\/p>\n<p>Ovo je posebno projektovan i mo\u0107an ure\u0111aj za uklanjanje vlage iz vazduha, koji mo\u017eete primenjivati u razli\u010ditim situacijama. S obzirom na svoju izuzetnu sposobnost uklanjanja vlage, lako\u0107u odr\u017eavanja i ekonomi\u010dnu cenu, ovaj ure\u0111aj predstavlja odli\u010dno re\u0161enje za mnoge komercijalne potrebe.<\/p>\n<p>Ako imate dodatna pitanja ili trebate vi\u0161e informacija, slobodno pitajte.<\/p>\n","protected":false},"excerpt":{"rendered":"<div class=\"elementor-element elementor-element-4665bd57 e-flex e-con-boxed e-con e-parent\" data-id=\"4665bd57\" data-element_type=\"container\" data-settings=\"{&quot;content_width&quot;:&quot;boxed&quot;}\" data-core-v316-plus=\"true\">\n<div class=\"e-con-inner\">\n<div class=\"elementor-element elementor-element-20d0d8ac elementor-widget elementor-widget-heading\" data-id=\"20d0d8ac\" data-element_type=\"widget\" data-widget_type=\"heading.default\">\n<div class=\"elementor-widget-container\">\n<h2 class=\"elementor-heading-title elementor-size-default\">Jaka tehnologija za radionice, skladi\u0161ta i gradili\u0161ta<\/h2>\n<\/div>\n<\/div>\n<\/div>\n<\/div>\n<div class=\"elementor-element elementor-element-6f348971 e-con-full e-flex e-con e-parent\" data-id=\"6f348971\" data-element_type=\"container\" data-settings=\"{&quot;content_width&quot;:&quot;full&quot;}\" data-core-v316-plus=\"true\">\n<div class=\"elementor-element elementor-element-3f949dbb e-con-full e-flex e-con e-child\" data-id=\"3f949dbb\" data-element_type=\"container\" data-settings=\"{&quot;content_width&quot;:&quot;full&quot;}\">\n<div class=\"elementor-element elementor-element-1426b597 elementor-widget elementor-widget-image\" data-id=\"1426b597\" data-element_type=\"widget\" data-widget_type=\"image.default\"><\/div>\n<\/div>\n<\/div>\n","protected":false},"featured_media":4590,"comment_status":"open","ping_status":"closed","template":"","meta":[],"product_cat":[217,195],"product_tag":[238],"class_list":["post-4589","product","type-product","status-publish","has-post-thumbnail","hentry","product_cat-odvlazivaci-komercijalni","product_cat-odvlazivaci-vazduha","product_tag-trotec"],"_links":{"self":[{"href":"https:\/\/masinezavlagu021.com\/index.php\/wp-json\/wp\/v2\/product\/4589","targetHints":{"allow":["GET"]}}],"collection":[{"href":"https:\/\/masinezavlagu021.com\/index.php\/wp-json\/wp\/v2\/product"}],"about":[{"href":"https:\/\/masinezavlagu021.com\/index.php\/wp-json\/wp\/v2\/types\/product"}],"replies":[{"embeddable":true,"href":"https:\/\/masinezavlagu021.com\/index.php\/wp-json\/wp\/v2\/comments?post=4589"}],"wp:featuredmedia":[{"embeddable":true,"href":"https:\/\/masinezavlagu021.com\/index.php\/wp-json\/wp\/v2\/media\/4590"}],"wp:attachment":[{"href":"https:\/\/masinezavlagu021.com\/index.php\/wp-json\/wp\/v2\/media?parent=4589"}],"wp:term":[{"taxonomy":"product_cat","embeddable":true,"href":"https:\/\/masinezavlagu021.com\/index.php\/wp-json\/wp\/v2\/product_cat?post=4589"},{"taxonomy":"product_tag","embeddable":true,"href":"https:\/\/masinezavlagu021.com\/index.php\/wp-json\/wp\/v2\/product_tag?post=4589"}],"curies":[{"name":"wp","href":"https:\/\/api.w.org\/{rel}","templated":true}]}}