{"id":4572,"date":"2023-10-19T19:46:14","date_gmt":"2023-10-19T19:46:14","guid":{"rendered":"https:\/\/masine.aviportfolio.com\/?post_type=product&#038;p=4572"},"modified":"2026-05-10T21:55:44","modified_gmt":"2026-05-10T19:55:44","slug":"komercijalni-odvlazivac-ttk-171-eco","status":"publish","type":"product","link":"https:\/\/masinezavlagu021.com\/index.php\/product\/komercijalni-odvlazivac-ttk-171-eco\/","title":{"rendered":"KOMERCIJALNI ODVLA\u017dIVA\u010c TROTEC TTK 171 ECO"},"content":{"rendered":"<p>Ovaj mo\u0107ni ure\u0111aj za odvla\u017eivanje TTK 171 ECO mo\u017ee se koristiti za razne zadatke odvla\u017eivanja u komercijalnom sektoru, uklju\u010duju\u0107i su\u0161enje gradili\u0161ta, stambenih prostora, spava\u0107ih soba, kupatila i podruma, ve\u0161eraja, vikendica, kamp ku\u0107ica, brodova, kao i za stalno odr\u017eavanje suvo\u0107e u skladi\u0161tima, arhivima, laboratorijama, gara\u017eama, svla\u010dionicama i kupatilima.<\/p>\n<p>Ova konstrukcija na to\u010dkovima, sa dr\u0161kom i velikim to\u010dkovima, olak\u0161ava transport \u010dak i po te\u0161kom terenu ili stepenicama.<\/p>\n<p>Za brzo postavljanje, TTK 171 ECO ima korisni\u010dki prijateljski kontrolni panel sa digitalnim prikazom svih funkcija. U automatskom re\u017eimu vo\u0111enom hidrostatom, mo\u017eete postaviti \u017eeljenu vla\u017enost u procentima, a trenutna vla\u017enost \u0107e biti prikazana zajedno sa postavljenom vredno\u0161\u0107u.<\/p>\n<p>Pomo\u0107u tajmera mo\u017eete konfigurirati vreme uklju\u010divanja ili isklju\u010divanja, a zahvaljuju\u0107i ugra\u0111enoj memoriji, postavke \u0107e ostati nepromenjene \u010dak i nakon prekida napajanja.<\/p>\n<p>Mogu\u0107nost povezivanja sa spoljnim sistemom za odvod kondenzata, uz opcionalnu pumpu za kondenzat, \u010dini TTK 171 ECO idealnim za du\u017ee zadatke odr\u017eavanja suvih prostora, kao \u0161to je su\u0161enje na gradili\u0161tima.<\/p>\n<p>Uz opcionalni priklju\u010dak za crevo za vazduh, TTK 171 ECO se mo\u017ee koristiti za su\u0161enje te\u0161ko dostupnih \u0161upljina, kao \u0161to su spu\u0161teni plafoni, prostori ispod kada ili kablovski kanali. Ure\u0111aj se jednostavno priklju\u010duje na taj priklju\u010dak pomo\u0107u opcionalnog adaptera.<\/p>\n<p>Radialni ventilator ima pritisak vazduha od 3,2 MPa, \u0161to omogu\u0107ava vazduhu da putuje na velike udaljenosti. Suvi vazduh se uvodi u \u0161upljinu putem creva za vazduh, pri\u010dvr\u0161\u0107enog na adapter na izlazu vazduha. Kroz postoje\u0107i ili ru\u010dno dodat otvor u oblogi \u0161upljine, uvu\u010deni vazduh izlazi napolje i su\u0161i \u0161upljinu.<\/p>\n<p>Napomena: Ako se u \u0161upljini nakupila velika koli\u010dina pra\u0161ine ili bu\u0111i, preporu\u010duje se da se prostorija koristi \u0161to manje ili se ne koristi, jer bi se ina\u010de \u010destice pra\u0161ine i spore bu\u0111i mogle raspr\u0161iti. U tom slu\u010daju, preporu\u010duje se dodatna upotreba ure\u0111aja za \u010di\u0161\u0107enje vazduha.<\/p>\n<p>**Prednosti ure\u0111aja za odvla\u017eivanje vazduha TTK 171 ECO:**<\/p>\n<p>&#8211; Izuzetno ekonomska re\u0161enja za uobi\u010dajene zadatke odvla\u017eivanja u komercijalnom sektoru.<br \/>\n&#8211; Visoka sposobnost odvla\u017eivanja \u010dak i pri niskim temperaturama.<br \/>\n&#8211; Priklju\u010dak za crevo za vazduh za usmereno su\u0161enje ili su\u0161enje \u0161upljina.<br \/>\n&#8211; Robusna konstrukcija na to\u010dkovima od \u010delika.<br \/>\n&#8211; Prenosiv i mogu\u0107nost skladi\u0161tenja u bilo kojem polo\u017eaju zahvaljuju\u0107i klipnom kompresoru.<br \/>\n&#8211; Funkcija tajmera.<br \/>\n&#8211; Funkcija memorije (automatski ponovni start).<br \/>\n&#8211; Permanentni re\u017eim rada.<br \/>\n&#8211; Vrata sa magnetnim zatvara\u010dem, koja su jednostavna za odr\u017eavanje.<br \/>\n&#8211; Propan (R290) kao ekolo\u0161ki prihvatljiv rashladni gas.<\/p>\n<p>Ovaj ure\u0111aj doprinosi za\u0161titi \u017eivotne sredine kori\u0161\u0107enjem propana (R290), koji nema potencijal za razaranje ozona (ODP=0) niti zna\u010dajan efekat staklene ba\u0161te (GWP=3). Tako\u0111e, propan je energetski efikasan, \u0161to smanjuje tro\u0161kove energije.<\/p>\n<p>TTK 171 ECO je idealan izbor za razli\u010dite komercijalne primene, pru\u017eaju\u0107i pouzdano i ekonomi\u010dno re\u0161enje za razli\u010dite zadatke odvla\u017eivanja.<\/p>\n","protected":false},"excerpt":{"rendered":"<div class=\"elementor-element elementor-element-6dac8638 e-flex e-con-boxed e-con e-parent\" data-id=\"6dac8638\" data-element_type=\"container\" data-settings=\"{&quot;content_width&quot;:&quot;boxed&quot;}\" data-core-v316-plus=\"true\">\n<div class=\"e-con-inner\">\n<div class=\"elementor-element elementor-element-2f99c802 elementor-widget elementor-widget-heading\" data-id=\"2f99c802\" data-element_type=\"widget\" data-widget_type=\"heading.default\">\n<div class=\"elementor-widget-container\">\n<h2 class=\"elementor-heading-title elementor-size-default\">Izuzetno svestran i moc\u0301an \u2013 sa ventilatorom pod pritiskom za su\u0161enje \u0161upljina<\/h2>\n<\/div>\n<\/div>\n<\/div>\n<\/div>\n<div class=\"elementor-element elementor-element-231daf43 e-con-full e-flex e-con e-parent\" data-id=\"231daf43\" data-element_type=\"container\" data-settings=\"{&quot;content_width&quot;:&quot;full&quot;}\" data-core-v316-plus=\"true\">\n<div class=\"elementor-element elementor-element-1d5fe7d4 e-con-full e-flex e-con e-child\" data-id=\"1d5fe7d4\" data-element_type=\"container\" data-settings=\"{&quot;content_width&quot;:&quot;full&quot;}\">\n<div class=\"elementor-element elementor-element-3ff671f4 elementor-widget elementor-widget-image\" data-id=\"3ff671f4\" data-element_type=\"widget\" data-widget_type=\"image.default\"><\/div>\n<\/div>\n<\/div>\n","protected":false},"featured_media":4573,"comment_status":"open","ping_status":"closed","template":"","meta":[],"product_cat":[217,195],"product_tag":[238],"class_list":["post-4572","product","type-product","status-publish","has-post-thumbnail","hentry","product_cat-odvlazivaci-komercijalni","product_cat-odvlazivaci-vazduha","product_tag-trotec"],"_links":{"self":[{"href":"https:\/\/masinezavlagu021.com\/index.php\/wp-json\/wp\/v2\/product\/4572","targetHints":{"allow":["GET"]}}],"collection":[{"href":"https:\/\/masinezavlagu021.com\/index.php\/wp-json\/wp\/v2\/product"}],"about":[{"href":"https:\/\/masinezavlagu021.com\/index.php\/wp-json\/wp\/v2\/types\/product"}],"replies":[{"embeddable":true,"href":"https:\/\/masinezavlagu021.com\/index.php\/wp-json\/wp\/v2\/comments?post=4572"}],"wp:featuredmedia":[{"embeddable":true,"href":"https:\/\/masinezavlagu021.com\/index.php\/wp-json\/wp\/v2\/media\/4573"}],"wp:attachment":[{"href":"https:\/\/masinezavlagu021.com\/index.php\/wp-json\/wp\/v2\/media?parent=4572"}],"wp:term":[{"taxonomy":"product_cat","embeddable":true,"href":"https:\/\/masinezavlagu021.com\/index.php\/wp-json\/wp\/v2\/product_cat?post=4572"},{"taxonomy":"product_tag","embeddable":true,"href":"https:\/\/masinezavlagu021.com\/index.php\/wp-json\/wp\/v2\/product_tag?post=4572"}],"curies":[{"name":"wp","href":"https:\/\/api.w.org\/{rel}","templated":true}]}}