{"id":4560,"date":"2023-10-19T19:06:09","date_gmt":"2023-10-19T19:06:09","guid":{"rendered":"https:\/\/masine.aviportfolio.com\/?post_type=product&#038;p=4560"},"modified":"2026-04-24T13:00:31","modified_gmt":"2026-04-24T11:00:31","slug":"komercijalni-odvlazivac-ttk-170-eco","status":"publish","type":"product","link":"https:\/\/masinezavlagu021.com\/index.php\/product\/komercijalni-odvlazivac-ttk-170-eco\/","title":{"rendered":"KOMERCIJALNI ODVLA\u017dIVA\u010c TROTEC TTK 170 ECO"},"content":{"rendered":"<p>TTK 170 ECO predstavlja prakti\u010dno re\u0161enje za potrebe osu\u0161enih prostora po pristupa\u010dnoj ceni<\/p>\n<p>TTK 170 ECO upravo to i nudi &#8211; impresivan odnos cene i performansi, \u010dine\u0107i ga prvim izborom za sve komercijalne korisnike koji tra\u017ee izuzetno robusan i ekonomi\u010dan ure\u0111aj za su\u0161enje vazduha.<\/p>\n<p>Zahvaljuju\u0107i profesionalnoj automatskoj funkciji vrelog gasa, TTK 170 ECO posti\u017ee visok stepen odvla\u017eivanja \u010dak i pri niskim temperaturama u negrejanim prostorijama ili na hladnim gradili\u0161tima.<\/p>\n<p>\u010ceste promene sa jednog gradili\u0161ta na drugo ili rad u te\u0161kim uslovima i na neravnom terenu nisu problem za ovaj kondenzacioni su\u0161a\u010d: robustna \u010deli\u010dna konstrukcija sa to\u010dkovima i rukohvatom lako se nosi sa svim izazovima i lako se prenosi na svako radno mesto.<\/p>\n<p>Dodatnu sigurnost tokom transporta pru\u017eaju prakti\u010dni nosa\u010di kablova na zadnjoj strani ure\u0111aja, a zahvaljuju\u0107i efikasnom klipnom kompresoru, ovaj ure\u0111aj koji ne zahteva odr\u017eavanje mo\u017ee se transportovati i skladi\u0161titi u bilo kom polo\u017eaju.<\/p>\n<p>Sa spoljnim odvodom kondenzata i opcionom pumpom za kondenzat, TTK 170 ECO je tako\u0111e savr\u0161en za du\u017ee periode nepra\u0107ene upotrebe, \u010dija se du\u017eina mo\u017ee ta\u010dno utvrditi pomo\u0107u ugra\u0111enog broja\u010da radnih sati &#8211; idealno posebno za komercijalne primene.<\/p>\n<p>Osim toga, ovaj ure\u0111aj za odvla\u017eivanje vazduha ima i priklju\u010dak za opcioni hidrostat za kontrolu su\u0161enja zavisnog o vla\u017enosti.<\/p>\n<p>Propan (R290) kao ekolo\u0161ki prihvatljiv rashladni gas u ure\u0111ajima za odvla\u017eivanje vazduha<\/p>\n<p>Svake godine se sinteti\u010dkim rashladnim sredstvima emituje vi\u0161e miliona tona \u0161tetnih CO2 emisija (gasova sa efektom staklene ba\u0161te) u vazduh. Stoga je kori\u0161\u0107enje alternativnih rashladnih sredstava jedan od na\u0161ih glavnih ciljeva. Upotrebom propana (R290) kao rashladnog sredstva ovaj ure\u0111aj za odvla\u017eivanje vazduha doprinosi za\u0161titi \u017eivotne sredine.<\/p>\n<p>Prirodno rashladno sredstvo propan (R290) je organsko jedinjenje i spada u ugljovodonike. Za razliku od sinteti\u010dkih rashladnih sredstava, ekolo\u0161ki prihvatljiv propan (R290) nema potencijal za razaranje ozona (ODP=0) niti zna\u010dajan efekat staklene ba\u0161te (GWP=3).<\/p>\n<p>Dodatna prednost za \u017eivotnu sredinu: Zahvaljuju\u0107i izuzetnim termo\u00addinami\u010dkim karakteristikama, propan (R290) je posebno energetski efikasno rashladno sredstvo, \u0161to dodatno smanjuje va\u0161u potro\u0161nju energije.<\/p>\n<p>Prednosti u praksi:<\/p>\n<p>Posebno ekonomska opcija za uobi\u010dajene zahteve za odvla\u017eivanje u komercijalnom sektoru Visoka sposobnost odvla\u017eivanja \u010dak i pri niskim temperaturama Robustna \u010deli\u010dna konstrukcija na to\u010dkovima Re\u017eim stalnog rada Zahvaljuju\u0107i klipnom kompresoru, ure\u0111aj je prenosiv i mo\u017ee se skladi\u0161titi u bilo kojem polo\u017eaju Automatska funkcija odle\u0111ivanja vrelog gasa Priklju\u010dak za spoljni hidrostat.<\/p>\n","protected":false},"excerpt":{"rendered":"<div class=\"elementor-element elementor-element-26d2dc19 e-flex e-con-boxed e-con e-parent\" data-id=\"26d2dc19\" data-element_type=\"container\" data-settings=\"{&quot;content_width&quot;:&quot;boxed&quot;}\" data-core-v316-plus=\"true\">\n<div class=\"e-con-inner\">\n<div class=\"elementor-element elementor-element-15257e6 elementor-widget elementor-widget-heading\" data-id=\"15257e6\" data-element_type=\"widget\" data-widget_type=\"heading.default\">\n<div class=\"elementor-widget-container\">\n<h2 class=\"elementor-heading-title elementor-size-default\">Visoko efikasan. Izuzetno robustan. Izuzetno jeftin.<\/h2>\n<\/div>\n<\/div>\n<\/div>\n<\/div>\n<div class=\"elementor-element elementor-element-4691a010 e-con-full e-flex e-con e-parent\" data-id=\"4691a010\" data-element_type=\"container\" data-settings=\"{&quot;content_width&quot;:&quot;full&quot;}\" data-core-v316-plus=\"true\">\n<div class=\"elementor-element elementor-element-683f515f e-con-full e-flex e-con e-child\" data-id=\"683f515f\" data-element_type=\"container\" data-settings=\"{&quot;content_width&quot;:&quot;full&quot;}\">\n<div class=\"elementor-element elementor-element-5f01bf99 elementor-widget elementor-widget-image\" data-id=\"5f01bf99\" data-element_type=\"widget\" data-widget_type=\"image.default\"><\/div>\n<\/div>\n<\/div>\n","protected":false},"featured_media":4561,"comment_status":"open","ping_status":"closed","template":"","meta":[],"product_cat":[217,195],"product_tag":[238],"class_list":["post-4560","product","type-product","status-publish","has-post-thumbnail","hentry","product_cat-odvlazivaci-komercijalni","product_cat-odvlazivaci-vazduha","product_tag-trotec"],"_links":{"self":[{"href":"https:\/\/masinezavlagu021.com\/index.php\/wp-json\/wp\/v2\/product\/4560","targetHints":{"allow":["GET"]}}],"collection":[{"href":"https:\/\/masinezavlagu021.com\/index.php\/wp-json\/wp\/v2\/product"}],"about":[{"href":"https:\/\/masinezavlagu021.com\/index.php\/wp-json\/wp\/v2\/types\/product"}],"replies":[{"embeddable":true,"href":"https:\/\/masinezavlagu021.com\/index.php\/wp-json\/wp\/v2\/comments?post=4560"}],"wp:featuredmedia":[{"embeddable":true,"href":"https:\/\/masinezavlagu021.com\/index.php\/wp-json\/wp\/v2\/media\/4561"}],"wp:attachment":[{"href":"https:\/\/masinezavlagu021.com\/index.php\/wp-json\/wp\/v2\/media?parent=4560"}],"wp:term":[{"taxonomy":"product_cat","embeddable":true,"href":"https:\/\/masinezavlagu021.com\/index.php\/wp-json\/wp\/v2\/product_cat?post=4560"},{"taxonomy":"product_tag","embeddable":true,"href":"https:\/\/masinezavlagu021.com\/index.php\/wp-json\/wp\/v2\/product_tag?post=4560"}],"curies":[{"name":"wp","href":"https:\/\/api.w.org\/{rel}","templated":true}]}}