{"id":4518,"date":"2023-10-19T09:02:07","date_gmt":"2023-10-19T07:02:07","guid":{"rendered":"https:\/\/masine.aviportfolio.com\/?post_type=product&#038;p=4518"},"modified":"2026-02-15T23:36:27","modified_gmt":"2026-02-15T22:36:27","slug":"masina-za-vetar-ttw-35000-s","status":"publish","type":"product","link":"https:\/\/masinezavlagu021.com\/index.php\/product\/masina-za-vetar-ttw-35000-s\/","title":{"rendered":"TROTEC MA\u0160INA ZA VETAR TTW 35000 S"},"content":{"rendered":"<p>Za sve potrebe ventilacije u proizvodnim okru\u017eenjima, poljoprivredi ili skladi\u0161tima, gde je potrebna visoka stopa izmene vazduha uz minimalne investicije, TTW 35000 S ventilator je optimalan izbor.<\/p>\n<p>Zahvaljuju\u0107i dvostruko podesivom protoku vazduha od \u010dak 32.400 m\u00b3\/h, ovaj robusni bubnjarski ventilator mo\u017ee ostvariti potrebnu stopu izmene vazduha \u010dak i u velikim prostorima ili halama.<\/p>\n<p>Galvanizirano \u010deli\u010dno ku\u0107i\u0161te omogu\u0107ava lagan transport zahvaljuju\u0107i okvira sa to\u010dkovima i nosi nagibnu ventilatorsku bubnju za prilagodljivo usmeravanje ventilatora \u010dak do vertikalnog polo\u017eaja. Na ovaj na\u010din se vazdu\u0161ni tok mo\u017ee ciljano usmeriti prema visokim zidovima ili plafonima, \u0161to ovaj ventilator \u010dini fleksibilnim re\u0161enjem za efikasnu cirkulaciju vazduha na scenama, filmskim i foto setovima.<\/p>\n<p>Prednosti u praksi:<\/p>\n<p>Ekonomi\u010dna opcija za poluprofesionalne primene ventilacije Kapacitet cirkulacije vazduha do 32.400 m\u00b3\/h Ventilator spremn za upotrebu s jednostavnim rukovanjem Podesiv nagib za usmeravanje vazdu\u0161nog toka od horizontalnog do vertikalnog polo\u017eaja Mobilnost zahvaljuju\u0107i konstrukciji sa to\u010dkovima Evo nekih tehni\u010dkih podataka o TTW 35000 S:<\/p>\n<p>Protok vazduha, Nivo 1: 24.600 m\u00b3\/h<\/p>\n<p>Protok vazduha, Nivo 2: 32.400 m\u00b3\/h<\/p>\n<p>Maksimalna brzina rotora: 850 min\u207b\u00b9<\/p>\n<p>Snaga, Nivo 1: 0,62 kW<\/p>\n<p>Snaga, Nivo 2: 0,75 kW<\/p>\n<p>Nivo buke, Nivo 1: 65 dB (A)<\/p>\n<p>Nivo buke, Nivo 2: 75 dB (A)<\/p>\n<p>Strujni priklju\u010dak: 16 A<\/p>\n<p>Naponski priklju\u010dak: 230 V \/ 50 Hz<\/p>\n<p>Priklju\u010dak za uti\u010dnicu: CEE 7\/7<\/p>\n<p>Pokretljivost: na to\u010dkovima<\/p>\n<p>Dimenzije (D x V x \u0160): 1230 x 525 x 1140 mm<\/p>\n<p>Te\u017eina: 49 kg<\/p>\n","protected":false},"excerpt":{"rendered":"<div class=\"elementor-element elementor-element-3aa3ca49 e-flex e-con-boxed e-con e-parent\" data-id=\"3aa3ca49\" data-element_type=\"container\" data-settings=\"{&quot;content_width&quot;:&quot;boxed&quot;}\" data-core-v316-plus=\"true\">\n<div class=\"e-con-inner\">\n<div class=\"elementor-element elementor-element-7363d0ef elementor-widget elementor-widget-heading\" data-id=\"7363d0ef\" data-element_type=\"widget\" data-widget_type=\"heading.default\">\n<div class=\"elementor-widget-container\">\n<h2 class=\"elementor-heading-title elementor-size-default\">Pouzdan cirkulator vazduha sa odli\u010dnim performansama \u010dak i za male bud\u017eete<\/h2>\n<\/div>\n<\/div>\n<\/div>\n<\/div>\n<div class=\"elementor-element elementor-element-7e4bbb99 e-con-full e-flex e-con e-parent\" data-id=\"7e4bbb99\" data-element_type=\"container\" data-settings=\"{&quot;content_width&quot;:&quot;full&quot;}\" data-core-v316-plus=\"true\">\n<div class=\"elementor-element elementor-element-7c73e476 e-con-full e-flex e-con e-child\" data-id=\"7c73e476\" data-element_type=\"container\" data-settings=\"{&quot;content_width&quot;:&quot;full&quot;}\">\n<div class=\"elementor-element elementor-element-533425f9 elementor-widget elementor-widget-image\" data-id=\"533425f9\" data-element_type=\"widget\" data-widget_type=\"image.default\"><\/div>\n<\/div>\n<\/div>\n","protected":false},"featured_media":4524,"comment_status":"open","ping_status":"closed","template":"","meta":[],"product_cat":[198,215],"product_tag":[238],"class_list":["post-4518","product","type-product","status-publish","has-post-thumbnail","hentry","product_cat-ventilatori","product_cat-ventilatori-industrijski","product_tag-trotec"],"_links":{"self":[{"href":"https:\/\/masinezavlagu021.com\/index.php\/wp-json\/wp\/v2\/product\/4518","targetHints":{"allow":["GET"]}}],"collection":[{"href":"https:\/\/masinezavlagu021.com\/index.php\/wp-json\/wp\/v2\/product"}],"about":[{"href":"https:\/\/masinezavlagu021.com\/index.php\/wp-json\/wp\/v2\/types\/product"}],"replies":[{"embeddable":true,"href":"https:\/\/masinezavlagu021.com\/index.php\/wp-json\/wp\/v2\/comments?post=4518"}],"wp:featuredmedia":[{"embeddable":true,"href":"https:\/\/masinezavlagu021.com\/index.php\/wp-json\/wp\/v2\/media\/4524"}],"wp:attachment":[{"href":"https:\/\/masinezavlagu021.com\/index.php\/wp-json\/wp\/v2\/media?parent=4518"}],"wp:term":[{"taxonomy":"product_cat","embeddable":true,"href":"https:\/\/masinezavlagu021.com\/index.php\/wp-json\/wp\/v2\/product_cat?post=4518"},{"taxonomy":"product_tag","embeddable":true,"href":"https:\/\/masinezavlagu021.com\/index.php\/wp-json\/wp\/v2\/product_tag?post=4518"}],"curies":[{"name":"wp","href":"https:\/\/api.w.org\/{rel}","templated":true}]}}