{"id":4496,"date":"2023-10-19T08:29:56","date_gmt":"2023-10-19T06:29:56","guid":{"rendered":"https:\/\/masine.aviportfolio.com\/?post_type=product&#038;p=4496"},"modified":"2026-02-11T08:50:49","modified_gmt":"2026-02-11T07:50:49","slug":"ventilator-visokih-performansi-ttv-4500","status":"publish","type":"product","link":"https:\/\/masinezavlagu021.com\/index.php\/product\/ventilator-visokih-performansi-ttv-4500\/","title":{"rendered":"AKSIJALNI VENTILATOR VISOKIH PERFORMANSI TROTEC TTV 4500"},"content":{"rendered":"<p>Mo\u0107an aksijalni ventilator<\/p>\n<p>Kombinacija mo\u0107nog aksijalnog ventilatora i pametnog dodatnog opreme za povezivanje razli\u010ditih vazdu\u0161nih transportnih cevi ili filter vre\u0107a \u010dini TTV 4500 izuzetno svestranim re\u0161enjem za ventilaciju, cirkulaciju vazduha, odstranjivanje pra\u0161ine i transport hladnog ili toplog vazduha \u010dak i na ve\u0107im udaljenostima kroz cevi.<\/p>\n<p>Zahvaljuju\u0107i fleksibilnim modulima dodatne opreme, uvek vam je potreban samo jedan ventilator, ali sa TTV 4500 mo\u017eete lako obavljati razli\u010dite zadatke za koje biste ina\u010de koristili vi\u0161e ure\u0111aja.<\/p>\n<p>Kao i svi visoko performantni ventilatori iz TTV serije, TTV 4500 je posebno dizajniran za zahtevne uslove na terenu, sa dugim radnim vekom i pouzdano\u0161\u0107u \u010dak i pri intenzivnom dugotrajnom radu na razli\u010ditim lokacijama.<\/p>\n<p>Za razliku od standardnih transportnih ventilatora, TTV 4500 je tako\u0111e idealan za efikasnu podr\u0161ku kondenzacionim su\u0161a\u010dima prilikom procesa su\u0161enja gra\u0111evinskih objekata.<\/p>\n<p>Ovaj visoko performantni ure\u0111aj omogu\u0107ava sna\u017enu i velikovolumensku cirkulaciju vazduha, \u0161to ubrzava proces isparavanja:<\/p>\n<p>\u0160to je ve\u0107a brzina strujanja vazduha na povr\u0161ini materijala, to \u0107e proces su\u0161enja biti br\u017ei. Zavisno o konstrukciji, kombinacijom su\u0161a\u010da i TTV 4500 mo\u017eete skratiti vreme su\u0161enja za polovinu!<\/p>\n<p>Jedan adapter &#8211; mnogo mogu\u0107nosti&#8230;<\/p>\n<p>TTV adapter za cevi se mo\u017ee priklju\u010diti sa obe strane, opcionalno za odstranjivanje ili cirkulaciju vazduha pored ventilatora. Kori\u0161\u0107enjem dva adaptera za cevi omogu\u0107ava kombinovano kori\u0161\u0107enje vazdu\u0161nih transportnih cevi i filter vre\u0107e za odstranjivanje \u010destica pra\u0161ine.<\/p>\n<p>Za\u0161tita od pra\u0161ine tokom radova na renoviranju<\/p>\n<p>Tokom renoviranja, obrade materijala i odstranjivanja, pra\u0161ina je neizbe\u017ena. U vezi s tim, zabrinjavaju\u0107e su aktuelne studije koje ukazuju na to da postoje\u0107i standardi za maksimalnu izlo\u017eenost pra\u0161ini na radnom mestu verovatno ne pru\u017eaju dovoljnu za\u0161titu od rizika od raka plu\u0107a.<\/p>\n<p>To posebno uti\u010de na radnike u gra\u0111evinskoj industriji koji neprestano udi\u0161u fine \u010destice pra\u0161ine &#8211; \u010dak i kada materijal sam po sebi nije otrovan.<\/p>\n<p>Zbog toga se za\u0161titite i svoje zaposlene tokom radnih procesa od potencijalno opasnih \u010destica pra\u0161ine!<\/p>\n<p>Proverena praksa za smanjenje optere\u0107enja pra\u0161inom je odstranjivanje \u010destica pra\u0161ine i prljav\u0161tine. Perive Trotec filter vre\u0107e imaju prozra\u010dnost manju od 0,1%, zadovoljavaju\u0107i klasu pra\u0161ine M i udovoljavaju standardima DIN EN 60335-2-69 za upotrebu filtera u ure\u0111ajima za kontrolu pra\u0161ine.<\/p>\n<p>Nema pra\u0161ine &#8211; nema rizika!<\/p>\n<p>Prednosti u praksi:<\/p>\n<p>Mo\u0107an aksijalni ventilator &#8211; proizveden prema visokim industrijskim standardima Izuzetno izdr\u017eljiv za profesionalnu upotrebu \u010dak i u najte\u017eim uslovima Za\u0161tita od prskanja (IP55) Ekonomska opcija skladi\u0161tenja: opcionalni adapter za cevi omogu\u0107ava povezivanje vazdu\u0161nih transportnih cevi ili filter vre\u0107e sa TTV 4500, npr. za odstranjivanje pra\u0161ine<\/p>\n<ul>\n<li>Visoka performansa &#8211; ovaj ventilator je dizajniran za izuzetno zahtevne industrijske uslove, pru\u017eaju\u0107i pouzdan rad i dugotrajnost \u010dak i pri neprestanom kori\u0161\u0107enju na razli\u010ditim radnim mestima.<\/li>\n<li>Za\u0161tita od prskanja &#8211; ventilator je za\u0161ti\u0107en od prskanja, \u0161to zna\u010di da se mo\u017ee koristiti u vla\u017enim ili vla\u017enim okru\u017eenjima bez problema.<\/li>\n<li>Ekonomi\u010dno skladi\u0161tenje &#8211; mo\u017ee se lako skladi\u0161titi i transportovati, a opcioni adapter za cevi omogu\u0107ava povezivanje vazdu\u0161nih transportnih cevi ili filter vre\u0107a sa TTV 4500, \u0161to ga \u010dini jo\u0161 prakti\u010dnijim.<\/li>\n<\/ul>\n<p>Ovaj mo\u0107an aksijalni ventilator pru\u017ea re\u0161enje za \u0161irok spektar primena, uklju\u010duju\u0107i ventilaciju, cirkulaciju vazduha, odstranjivanje pra\u0161ine i transport hladnog ili toplog vazduha kroz cevi. TTV 4500 je pouzdan partner za industrijske i gra\u0111evinske profesionalce koji zahtevaju visoke performanse i trajnost u zahtevnim uslovima. Osim toga, on pru\u017ea efikasnu podr\u0161ku kondenzacionim su\u0161a\u010dima tokom procesa su\u0161enja gra\u0111evinskih objekata, \u010dime se znatno ubrzava proces su\u0161enja.<\/p>\n","protected":false},"excerpt":{"rendered":"<h2 class=\"elementor-heading-title elementor-size-default\">Ventilator visokih performansi za sve: zahvaljujuc\u0301i dobro osmi\u0161ljenoj dodatnoj opremi, TTV 4500 se mo\u017ee prilagoditi skoro svakoj upotrebi<\/h2>\n","protected":false},"featured_media":4497,"comment_status":"open","ping_status":"closed","template":"","meta":[],"product_cat":[198,214],"product_tag":[238],"class_list":["post-4496","product","type-product","status-publish","has-post-thumbnail","hentry","product_cat-ventilatori","product_cat-ventilatori-komercijalni","product_tag-trotec"],"_links":{"self":[{"href":"https:\/\/masinezavlagu021.com\/index.php\/wp-json\/wp\/v2\/product\/4496","targetHints":{"allow":["GET"]}}],"collection":[{"href":"https:\/\/masinezavlagu021.com\/index.php\/wp-json\/wp\/v2\/product"}],"about":[{"href":"https:\/\/masinezavlagu021.com\/index.php\/wp-json\/wp\/v2\/types\/product"}],"replies":[{"embeddable":true,"href":"https:\/\/masinezavlagu021.com\/index.php\/wp-json\/wp\/v2\/comments?post=4496"}],"wp:featuredmedia":[{"embeddable":true,"href":"https:\/\/masinezavlagu021.com\/index.php\/wp-json\/wp\/v2\/media\/4497"}],"wp:attachment":[{"href":"https:\/\/masinezavlagu021.com\/index.php\/wp-json\/wp\/v2\/media?parent=4496"}],"wp:term":[{"taxonomy":"product_cat","embeddable":true,"href":"https:\/\/masinezavlagu021.com\/index.php\/wp-json\/wp\/v2\/product_cat?post=4496"},{"taxonomy":"product_tag","embeddable":true,"href":"https:\/\/masinezavlagu021.com\/index.php\/wp-json\/wp\/v2\/product_tag?post=4496"}],"curies":[{"name":"wp","href":"https:\/\/api.w.org\/{rel}","templated":true}]}}