{"id":4473,"date":"2023-10-18T22:28:12","date_gmt":"2023-10-18T22:28:12","guid":{"rendered":"https:\/\/masine.aviportfolio.com\/?post_type=product&#038;p=4473"},"modified":"2026-04-24T07:22:53","modified_gmt":"2026-04-24T05:22:53","slug":"ventilator-ttv-3000","status":"publish","type":"product","link":"https:\/\/masinezavlagu021.com\/index.php\/product\/ventilator-ttv-3000\/","title":{"rendered":"VENTILATOR\/TRANSPORTER VAZDUHA 3u1 TROTEC TTV 3000"},"content":{"rendered":"<p>Der TTV 3000 stvara pravu pometnju na svakoj gra\u0111evinskoj lokaciji. Njegov prepoznatljiv nema\u010dki industrijski dizajn sa integrisanim dr\u017ea\u010dem, udarnim prekida\u010dem i ku\u0107i\u0161tem od polietilena koje se mo\u017ee slagati odmah na prvi pogled isti\u010de profesionalnu orijentaciju ovog ventilatora za ventilaciju &#8211; i svi drugi performansi TTV 3000 su impresivni.<\/p>\n<p>Sa svojim performantnim, hermeti\u010dki zatvorenim ventilatorom, ovaj robustan i lak ventilator za ventilaciju mo\u017ee fleksibilno transportovati sve\u017e vazduh na velike udaljenosti do susednih spratova ili kanala, kao i izvla\u010diti zaga\u0111en vazduh na istu udaljenost. To su optimalni uslovi za potrebne stope izmena vazduha prilikom ventilacije kanala ili upotrebe aparata za varenje.<\/p>\n<p>Fleksibilne cevi du\u017eine do 38 metara mogu biti pri\u010dvr\u0161\u0107ene na izlaznoj ili ulaznoj strani TTV 3000, jer ovaj aksijalni ventilator ima odgovaraju\u0107e priklju\u010dke sa obe strane. To ne samo \u0161to omogu\u0107ava kombinovano kori\u0161\u0107enje filter vre\u0107e na izlazu i vazdu\u0161nog creva na ulazu, ve\u0107 tako\u0111e \u010dini TTV 3000 idealnim ventilatorom za transport u slu\u010daju mobilnih klimatizacija ili grejanja sa dugim cevima.<\/p>\n<p>Kako bi podr\u017eao hla\u0111enje ili grejanje ure\u0111aja, ovaj mo\u0107ni ventilator za ventilaciju se jednostavno postavlja izme\u0111u krajeva dva vazdu\u0161na transportna creva i na taj na\u010din poma\u017ee u pove\u0107anju udaljenosti prenosa tople ili hladne vazduha, \u010dak i na veoma dugim cevima.<\/p>\n<p>Prednosti u praksi:<\/p>\n<p>Razvoj, dizajn, proizvodnja: 100% Trotec Priklju\u010dci za creva sa obe strane, na izlazu i ulazu Robustno ku\u0107i\u0161te od polietilena Mo\u017ee se slagati kako bi se \u0161tedeo prostor pri skladi\u0161tenju i transportu Idealan za mnoge uobi\u010dajene zadatke ventilacije Mogu\u0107nost priklju\u010dka za filter vre\u0107u za odstranjivanje pra\u0161ine (filter vre\u0107a se mo\u017ee kupiti zasebno) Optimiziran za prakti\u010dnu upotrebu, nema\u010dki industrijski dizajn &#8211; Za\u0161ti\u0107en patentiran dizajn.<\/p>\n<ul>\n<li>Lako\u0107a upotrebe: TTV 3000 je jednostavan za rukovanje i postavljanje, \u0161to olak\u0161ava rad na gra\u0111evinskim ili ventilacionim mestima.<\/li>\n<li>Pode\u0161avanje vazdu\u0161nog toka: Mo\u017eete prilagoditi brzinu vazdu\u0161nog toka kako biste zadovoljili specifi\u010dne potrebe va\u0161eg projekta.<\/li>\n<li>Nema\u010dka kvaliteta: TTV 3000 je proizveden, dizajniran i razvijen od strane kompanije Trotec, poznate po svojoj visokokvalitetnoj opremi.<\/li>\n<li>Multifunkcionalnost: Mo\u017eete koristiti ovaj ventilator za razli\u010dite vrste ventilacije, kao i za pra\u0107enje i odr\u017eavanje \u010distog i zdravog vazduha na radnim mestima.<\/li>\n<li>Opciona filter vre\u0107a: Mo\u017eete dodatno pobolj\u0161ati kvalitet vazduha na va\u0161em radnom mestu pomo\u0107u opcione filter vre\u0107e za sakupljanje pra\u0161ine.<\/li>\n<\/ul>\n<p>Uz sve ove prednosti, TTV 3000 je idealan izbor za profesionalce koji zahtevaju visokokvalitetnu ventilaciju na gra\u0111evinskim lokacijama, u kanalima ili tokom rada sa aparatom za varenje. Nema\u010dki industrijski dizajn, izdr\u017eljivost i visoka performansa \u010dine ga pouzdanim partnerom za sve va\u0161e ventilacione potrebe.<\/p>\n","protected":false},"excerpt":{"rendered":"<div class=\"elementor-element elementor-element-42412d5d e-flex e-con-boxed e-con e-parent\" data-id=\"42412d5d\" data-element_type=\"container\" data-settings=\"{&quot;content_width&quot;:&quot;boxed&quot;}\" data-core-v316-plus=\"true\">\n<div class=\"e-con-inner\">\n<div class=\"elementor-element elementor-element-11e4383b elementor-widget elementor-widget-heading\" data-id=\"11e4383b\" data-element_type=\"widget\" data-widget_type=\"heading.default\">\n<div class=\"elementor-widget-container\">\n<h2 class=\"elementor-heading-title elementor-size-default\">Sna\u017ean za ventilaciju na udaljenostima creva do 38 metara<\/h2>\n<\/div>\n<\/div>\n<\/div>\n<\/div>\n<div class=\"elementor-element elementor-element-227444b9 e-con-full e-flex e-con e-parent\" data-id=\"227444b9\" data-element_type=\"container\" data-settings=\"{&quot;content_width&quot;:&quot;full&quot;}\" data-core-v316-plus=\"true\">\n<div class=\"elementor-element elementor-element-12d7c094 e-con-full e-flex e-con e-child\" data-id=\"12d7c094\" data-element_type=\"container\" data-settings=\"{&quot;content_width&quot;:&quot;full&quot;}\">\n<div class=\"elementor-element elementor-element-7b04d9b8 elementor-widget elementor-widget-image\" data-id=\"7b04d9b8\" data-element_type=\"widget\" data-widget_type=\"image.default\"><\/div>\n<\/div>\n<\/div>\n","protected":false},"featured_media":4474,"comment_status":"open","ping_status":"closed","template":"","meta":[],"product_cat":[198,214],"product_tag":[238],"class_list":["post-4473","product","type-product","status-publish","has-post-thumbnail","hentry","product_cat-ventilatori","product_cat-ventilatori-komercijalni","product_tag-trotec"],"_links":{"self":[{"href":"https:\/\/masinezavlagu021.com\/index.php\/wp-json\/wp\/v2\/product\/4473","targetHints":{"allow":["GET"]}}],"collection":[{"href":"https:\/\/masinezavlagu021.com\/index.php\/wp-json\/wp\/v2\/product"}],"about":[{"href":"https:\/\/masinezavlagu021.com\/index.php\/wp-json\/wp\/v2\/types\/product"}],"replies":[{"embeddable":true,"href":"https:\/\/masinezavlagu021.com\/index.php\/wp-json\/wp\/v2\/comments?post=4473"}],"wp:featuredmedia":[{"embeddable":true,"href":"https:\/\/masinezavlagu021.com\/index.php\/wp-json\/wp\/v2\/media\/4474"}],"wp:attachment":[{"href":"https:\/\/masinezavlagu021.com\/index.php\/wp-json\/wp\/v2\/media?parent=4473"}],"wp:term":[{"taxonomy":"product_cat","embeddable":true,"href":"https:\/\/masinezavlagu021.com\/index.php\/wp-json\/wp\/v2\/product_cat?post=4473"},{"taxonomy":"product_tag","embeddable":true,"href":"https:\/\/masinezavlagu021.com\/index.php\/wp-json\/wp\/v2\/product_tag?post=4473"}],"curies":[{"name":"wp","href":"https:\/\/api.w.org\/{rel}","templated":true}]}}