{"id":4465,"date":"2023-10-18T22:17:29","date_gmt":"2023-10-18T22:17:29","guid":{"rendered":"https:\/\/masine.aviportfolio.com\/?post_type=product&#038;p=4465"},"modified":"2026-02-11T08:50:49","modified_gmt":"2026-02-11T07:50:49","slug":"turbo-ventilator-tfv-30-s","status":"publish","type":"product","link":"https:\/\/masinezavlagu021.com\/index.php\/product\/turbo-ventilator-tfv-30-s\/","title":{"rendered":"VENTILATOR ZA SU\u0160ENJE PODOVA I ZIDOVA TROTEC TFV 30 S"},"content":{"rendered":"<p>Ovi fleksibilni ventilatori pouzdano obavljaju posao u svakoj situaciji&#8230;<\/p>\n<p>Ku\u0107i\u0161te kompaktnog turboventilatora izra\u0111eno je od nepoderivog polietilena i zato je lagano, izdr\u017eljivo i fleksibilno. Ovaj ure\u0111aj mo\u017ee se postavljati i skladi\u0161titi pod razli\u010ditim uglovima.<\/p>\n<p>TFV 30 S tako\u0111e mo\u017ee da se sla\u017ee jedan na drugi i ima tri nivoa regulacije protoka vazduha.<\/p>\n<p>Bez obzira da li je postavljen pod uglom od 0\u00b0, 45\u00b0 ili 90\u00b0 &#8211; TFV 30 S mo\u017ee se koristiti pod tri razli\u010dita ugla i obezbe\u0111uje siguran polo\u017eaj u svakom od tih polo\u017eaja.<\/p>\n<p>Kombinacija izdr\u017eljivosti, snage, kompaktnih dimenzija, fleksibilnih opcija postavljanja i odli\u010dnog odnosa cene i performansi \u010dini turboventilatore iz TFV S serije optimalnom univerzalnom opremom za firme koje se bave renoviranjem, \u010di\u0161\u0107enjem i zanatstvom.<\/p>\n<p>Najnovija generacija radialnog ventilatora TFV 30 S ima ugra\u0111enu uti\u010dnicu na kontrolnoj tabli koja omogu\u0107ava priklju\u010divanje dodatnih ure\u0111aja.<\/p>\n<p>Evo nekoliko tehni\u010dkih detalja o TFV 30 S:<\/p>\n<p>Protok vazduha: 1.350 \/ 1.880 \/ 2.250 m\u00b3\/h Maksimalni pritisak vazduha: 525 Pa Maksimalna radna temperatura: 60 \u00b0C Snaga: 1,05 kW Napon: 230 V Maksimalna struja: 5,2 A Vrsta priklju\u010dka: Schuko \/ CEE 7\/7 Du\u017eina kabla: 5 m Dimenzije D x \u0160 x V: 545 x 515 x 490 mm Te\u017eina: 16,5 kg Trokraki razvodnik i vazdu\u0161ne cevi prikazani na slici proizvoda nisu uklju\u010deni u isporuku!<\/p>\n","protected":false},"excerpt":{"rendered":"<div class=\"elementor-element elementor-element-141643c5 e-flex e-con-boxed e-con e-parent\" data-id=\"141643c5\" data-element_type=\"container\" data-settings=\"{&quot;content_width&quot;:&quot;boxed&quot;}\" data-core-v316-plus=\"true\">\n<div class=\"e-con-inner\">\n<div class=\"elementor-element elementor-element-27a27f68 elementor-widget elementor-widget-heading\" data-id=\"27a27f68\" data-element_type=\"widget\" data-widget_type=\"heading.default\">\n<div class=\"elementor-widget-container\">\n<h2 class=\"elementor-heading-title elementor-size-default\">TFV 30 S turbo ventilator stvara \u0161irok i ravan protok vazduha, posebno za su\u0161enje podova ili zidova<\/h2>\n<\/div>\n<\/div>\n<\/div>\n<\/div>\n<div class=\"elementor-element elementor-element-521d1d37 e-con-full e-flex e-con e-parent\" data-id=\"521d1d37\" data-element_type=\"container\" data-settings=\"{&quot;content_width&quot;:&quot;full&quot;}\" data-core-v316-plus=\"true\">\n<div class=\"elementor-element elementor-element-71bf84e2 e-con-full e-flex e-con e-child\" data-id=\"71bf84e2\" data-element_type=\"container\" data-settings=\"{&quot;content_width&quot;:&quot;full&quot;}\">\n<div class=\"elementor-element elementor-element-1b8eb325 elementor-widget elementor-widget-image\" data-id=\"1b8eb325\" data-element_type=\"widget\" data-widget_type=\"image.default\"><\/div>\n<\/div>\n<\/div>\n","protected":false},"featured_media":4466,"comment_status":"open","ping_status":"closed","template":"","meta":[],"product_cat":[198,214],"product_tag":[238],"class_list":["post-4465","product","type-product","status-publish","has-post-thumbnail","hentry","product_cat-ventilatori","product_cat-ventilatori-komercijalni","product_tag-trotec"],"_links":{"self":[{"href":"https:\/\/masinezavlagu021.com\/index.php\/wp-json\/wp\/v2\/product\/4465","targetHints":{"allow":["GET"]}}],"collection":[{"href":"https:\/\/masinezavlagu021.com\/index.php\/wp-json\/wp\/v2\/product"}],"about":[{"href":"https:\/\/masinezavlagu021.com\/index.php\/wp-json\/wp\/v2\/types\/product"}],"replies":[{"embeddable":true,"href":"https:\/\/masinezavlagu021.com\/index.php\/wp-json\/wp\/v2\/comments?post=4465"}],"wp:featuredmedia":[{"embeddable":true,"href":"https:\/\/masinezavlagu021.com\/index.php\/wp-json\/wp\/v2\/media\/4466"}],"wp:attachment":[{"href":"https:\/\/masinezavlagu021.com\/index.php\/wp-json\/wp\/v2\/media?parent=4465"}],"wp:term":[{"taxonomy":"product_cat","embeddable":true,"href":"https:\/\/masinezavlagu021.com\/index.php\/wp-json\/wp\/v2\/product_cat?post=4465"},{"taxonomy":"product_tag","embeddable":true,"href":"https:\/\/masinezavlagu021.com\/index.php\/wp-json\/wp\/v2\/product_tag?post=4465"}],"curies":[{"name":"wp","href":"https:\/\/api.w.org\/{rel}","templated":true}]}}