{"id":4455,"date":"2023-10-18T21:55:43","date_gmt":"2023-10-18T21:55:43","guid":{"rendered":"https:\/\/masine.aviportfolio.com\/?post_type=product&#038;p=4455"},"modified":"2026-03-23T16:36:05","modified_gmt":"2026-03-23T15:36:05","slug":"ovlazivac-b-400","status":"publish","type":"product","link":"https:\/\/masinezavlagu021.com\/index.php\/product\/ovlazivac-b-400\/","title":{"rendered":"TROTEC OVLA\u017dIVA\u010c B 400"},"content":{"rendered":"<p>Zdrava vla\u017enost vazduha u zatvorenim prostorima<\/p>\n<p>Higrostatski upravljan ovla\u017eiva\u010d velikog kapaciteta B 400 re\u0161ava problem suvi\u0161no suvog vazduha u kancelarijama, institucijama, vrti\u0107ima, muzejima i sli\u010dnim radnim prostorima velike povr\u0161ine. Bez obzira da li se radi o ulazu u banku, dnevnim sobama u domovima za starije osobe, hodnicima u bolnicama ili gradske slu\u017ebe, mobilni ovla\u017eiva\u010d vazduha B 400, sa sna\u017enim kapacitetom isparavanja od 60 litara na 24 sata, preporu\u010duje se za gotovo beskrajnu optimizaciju vazduha na prometnim povr\u0161inama do 360 m\u00b2 ili 900 m\u00b3.<\/p>\n<p>\u010cest problem: grejanje i ventilacioni sistemi isu\u0161uju vazduh Savremeni sistemi za ventilaciju i grejanje su nezamenjivi za preduze\u0107a, institucije i javne ustanove. Oni snabdevaju unutra\u0161nje prostore sve\u017eim vazduhom, uklanjaju neprijatne mirise i stvaraju prijatnu klimu. Bar tokom letnjih meseci! Me\u0111utim, tokom hladnih sezona, neprestana izmena vazduha zna\u010dajno isu\u0161uje vazduh u prostorijama, a vla\u017enost vazduha \u010desto opada za 20 &#8211; 30% tokom zime. Dodatno, grejanje dodatno isu\u0161uje ve\u0107 suv vazduh. To ima za posledicu pove\u0107anu koncentraciju pra\u0161ine u prostoriji, isu\u0161ivanje sluzoko\u017ee i smanjenje prirodnih odbrambenih snaga tela protiv bolesti. Posebno u javnim prostorima, neophodno je optimalno ovla\u017eivanje vazduha, kako bi se za\u0161titile rizi\u010dne grupe kao \u0161to su stariji ljudi sa oslabljenim imunim sistemom i osobe sa prethodnim oboljenjima disajnih puteva od opasnosti od infekcija prenosivih putem vazduha.<\/p>\n<p>Ovla\u017eiva\u010d vazduha B 400: Opremljen za zdravu unutra\u0161nju klimu Za izdr\u017eljiv i siguran neprekidan rad, ovla\u017eiva\u010d vazduha sa isparavanjem B 400 ima veliki rezervoar od 29 litara sa indikatorom nivoa vode i statusnom lampicom, opcionim fiksnim priklju\u010dkom za vodu (koji elimini\u0161e ru\u010dno punjenje rezervoara) i tihi ventilator sa dva re\u017eima i automatskim isklju\u010divanjem po postizanju cilja vla\u017enosti. Na taj na\u010din se mo\u017ee postaviti optimalna unutra\u0161nja klima po \u017eelji. Zahvaljuju\u0107i promenljivim re\u0161etkama za ispu\u0161tanje vazduha i isporu\u010denim distanciraju\u0107im dr\u017ea\u010dima za zid, osigurava se optimalna cirkulacija ispuhanog vazduha u prostoriji. Higrostatska kontrola sa beskrajnim postavljanjem omogu\u0107ava ovla\u017eivanje vazduha do postavljenog cilja i isklju\u010duje ure\u0111aj kada se dostigne ciljna vla\u017enost, ponovo se uklju\u010duju\u0107i kada je potrebno ponovno ovla\u017eivanje vazduha.<\/p>\n<p>Ovla\u017eivanje vazduha i \u010di\u0161\u0107enje vazduha u jednom ure\u0111aju Kroz stalno rotiraju\u0107e ovla\u017eiva\u010dko vlakno B 400, unutra\u0161nji vazduh se ne samo pouzdano ovla\u017euje, ve\u0107 i neprekidno \u010disti! Optimalni uslovi za zdravo disanje!<\/p>\n<p>Efekti vla\u017enosti vazduha na infektivnost vazduha Osobe koje ka\u0161lju ili kijaju u zatvorenim prostorima sa zapu\u0161enim nosom \u010desto privla\u010de neprijateljske poglede. Razumljivo, jer svakim ka\u0161ljem ili kijanjem se hiljade visoko infektivnih kapljica (tako\u0111e poznatih kao aerosoli) ispaljuju eksplozivno u okolni vazduh i u najgorem slu\u010daju se udahnu od strane kom\u0161ija. Upotreba ovla\u017eiva\u010da vazduha B 400 smanjuje taj rizik od infekcije! Trajno i bez upotrebe hemijskih dezinfekcionih sredstava!<\/p>\n<p>Vla\u017enost vazduha izme\u0111u 40 i 60 % smanjuje rizik od kaplji\u010dne infekcije Kapljice sa klicama koje su ka\u0161ljane ili kijane postaju neaktivne u sekundama kada se koristi ovla\u017eiva\u010d vazduha B 400. Vla\u017ean vazduh menja koncentraciju soli unutar tih kapljica, tako da se stvarni uzro\u010dnik bolesti u konglomeratu od pljuva\u010dke, soli i klica neposredno nakon kontakta sa vazduhom gubi svoju infektivnost. Ovla\u017eiva\u010d vazduha ne smanjuje broj kapljica u vazduhu, ali zna\u010dajno smanjuje infektivnost tih lete\u0107ih aerosola!<\/p>\n<p>Ovla\u017eivanje vazduha \u0161titi sluzoko\u017ee disajnih puteva i ja\u010da imunolo\u0161ki sistem Za\u0161tita zdravlja i dobrobiti nosnih i grkljanskih sluzoko\u017ea ima klju\u010dnu ulogu u borbi protiv \u0161tetnih virusa i bakterija. Respiratorne staze imaju sofisticirane mehanizme za odbranu od \u0161tetnih mikroorganizama, ali oni mogu optimalno funkcionisati samo kako su obezbe\u0111eni potrebni uslovi: vla\u017ean vazduh! Suvi vazduh, ako je previ\u0161e suv, dovodi do isu\u0161ivanja sluzoko\u017ea, umora, malaksalosti i smanjene koncentracije. Imunolo\u0161ki sistem slabi, a produktivnost opada.<\/p>\n<p>Ovla\u017eiva\u010d vazduha B 400 obezbe\u0111uje dvostruku za\u0161titu od infekcije Kori\u0161\u0107enjem B 400 ovla\u017eiva\u010da vazduha, smanjujete rizik od infekcije na dva na\u010dina. S jedne strane, infektivnost lebde\u0107ih aerosola se gotovo potpuno elimini\u0161e. Istovremeno, sluzoko\u017ee disajnih puteva se optimalno ovla\u017euju, \u0161to omogu\u0107ava telu da efikasno funkcioni\u0161e kao odbrambeni sistem.<\/p>\n<p>Optimalna vla\u017enost vazduha u svim okru\u017eenjima Kori\u0161\u0107enjem prenosivog ovla\u017eiva\u010da vazduha B 400 zna\u010dajno smanjujete rizik od infekcije u razli\u010ditim ustanovama i zgradama koje se koriste svakodnevno. Osim toga, B 400 stvara savr\u0161enu unutra\u0161nju klimu za maksimalnu produktivnost na radnom mestu. Tako\u0111e se preporu\u010duje kori\u0161\u0107enje B 400 za o\u010duvanje vrednih umetni\u010dkih dela, spisa i eksponata.<\/p>\n<p>Prednosti u praksi: Smanjuje rizik od infekcije patogenima u javnim prostorima \u0160titi vredne umetni\u010dke radove, spise i slike od su\u0161enja Obezbe\u0111uje dovoljno vla\u017eenja sluzoko\u017ee disajnih puteva Energetski efikasan i pogodan za neprekidan rad Indikator nivoa vode sa statusnom lampicom Opcioni fiksnih priklju\u010dak za vodu Kontrola vla\u017enosti sa beskrajnim pode\u0161avanjem Jednostavna kontrolna tabla Rotiraju\u0107e vlakno za ovla\u017eivanje i \u010di\u0161\u0107enje vazduha Dvostruki ventilator sa dva re\u017eima Automatsko isklju\u010divanje Podesiva re\u0161etka za ispu\u0161tanje vazduha Robustna konstrukcija od pra\u0161kastog \u010delika Optimalna cirkulacija vazduha putem integrisanih distanciraju\u0107ih dr\u017ea\u010da za zid Pove\u0107anje vla\u017enosti vazduha na 50% smanjuje rizik prenosa virusa Stru\u010dnjaci su analizirali rezultate istra\u017eivanja o otpornosti virusa (npr. SARS-CoV, MERS-CoV ili SARS-CoV-2 (Covid-19)) na vla\u017enost i temperaturu vazduha. Ispostavilo se da samo niske temperature i niska vla\u017enost vazduha omogu\u0107avaju dugotrajno pre\u017eivljavanje virusa. Iako su se virusi i dalje zadr\u017eavali pri umerenim temperaturama od 20-30\u00b0C, to je bilo mogu\u0107e samo ako je vazduh bio veoma suv. Vrlo visoke temperature iznad 30\u00b0C inaktiviraju koronavirus. To zna\u010di da pru\u017eamo virusima idealne klimatske uslove u na\u0161im zgradama pri temperaturama od 20 do 24 stepena i vla\u017enosti vazduha od 20 do maksimalno 40%. Ili upravo suprotno! Stru\u010dnjaci isti\u010du da mo\u017eemo smanjiti rizik od infekcije pove\u0107anjem vla\u017enosti vazduha u zgradama. Pove\u0107anje vla\u017enosti vazduha na oko 50% dovodi do smanjenja rizika prenosa. Ovla\u017eivanje vazduha se mo\u017ee primeniti kako u li\u010dnom, tako i u profesionalnom okru\u017eenju. Osim toga, ovla\u017eeni vazduh pobolj\u0161ava odbrambene mehanizme disajnih puteva putem efikasnijeg \u010di\u0161\u0107enja disajnih puteva i pobolj\u0161ane imunolo\u0161ke odbrane.<\/p>\n<p>Koristite biocide bezbedno. Pre upotrebe uvek pro\u010ditajte oznaku i informacije o proizvodu.<\/p>\n","protected":false},"excerpt":{"rendered":"<div class=\"elementor-element elementor-element-55da0932 e-flex e-con-boxed e-con e-parent\" data-id=\"55da0932\" data-element_type=\"container\" data-settings=\"{&quot;content_width&quot;:&quot;boxed&quot;}\" data-core-v316-plus=\"true\">\n<div class=\"e-con-inner\">\n<div class=\"elementor-element elementor-element-628aad9d elementor-widget elementor-widget-heading\" data-id=\"628aad9d\" data-element_type=\"widget\" data-widget_type=\"heading.default\">\n<div class=\"elementor-widget-container\">\n<h2 class=\"elementor-heading-title elementor-size-default\">Ovla\u017eivanje vazduha velikih povr\u0161ina za sve primene u preduzec\u0301ima, kancelarijama i javnim objektima<\/h2>\n<\/div>\n<\/div>\n<\/div>\n<\/div>\n<div class=\"elementor-element elementor-element-2a2194c8 e-con-full e-flex e-con e-parent\" data-id=\"2a2194c8\" data-element_type=\"container\" data-settings=\"{&quot;content_width&quot;:&quot;full&quot;}\" data-core-v316-plus=\"true\">\n<div class=\"elementor-element elementor-element-1e55660d e-con-full e-flex e-con e-child\" data-id=\"1e55660d\" data-element_type=\"container\" data-settings=\"{&quot;content_width&quot;:&quot;full&quot;}\">\n<div class=\"elementor-element elementor-element-63141a2 elementor-widget elementor-widget-image\" data-id=\"63141a2\" data-element_type=\"widget\" data-widget_type=\"image.default\"><\/div>\n<\/div>\n<\/div>\n","protected":false},"featured_media":4456,"comment_status":"open","ping_status":"closed","template":"","meta":[],"product_cat":[197],"product_tag":[238],"class_list":["post-4455","product","type-product","status-publish","has-post-thumbnail","hentry","product_cat-ovlazivaci-vazduha","product_tag-trotec"],"_links":{"self":[{"href":"https:\/\/masinezavlagu021.com\/index.php\/wp-json\/wp\/v2\/product\/4455","targetHints":{"allow":["GET"]}}],"collection":[{"href":"https:\/\/masinezavlagu021.com\/index.php\/wp-json\/wp\/v2\/product"}],"about":[{"href":"https:\/\/masinezavlagu021.com\/index.php\/wp-json\/wp\/v2\/types\/product"}],"replies":[{"embeddable":true,"href":"https:\/\/masinezavlagu021.com\/index.php\/wp-json\/wp\/v2\/comments?post=4455"}],"wp:featuredmedia":[{"embeddable":true,"href":"https:\/\/masinezavlagu021.com\/index.php\/wp-json\/wp\/v2\/media\/4456"}],"wp:attachment":[{"href":"https:\/\/masinezavlagu021.com\/index.php\/wp-json\/wp\/v2\/media?parent=4455"}],"wp:term":[{"taxonomy":"product_cat","embeddable":true,"href":"https:\/\/masinezavlagu021.com\/index.php\/wp-json\/wp\/v2\/product_cat?post=4455"},{"taxonomy":"product_tag","embeddable":true,"href":"https:\/\/masinezavlagu021.com\/index.php\/wp-json\/wp\/v2\/product_tag?post=4455"}],"curies":[{"name":"wp","href":"https:\/\/api.w.org\/{rel}","templated":true}]}}