{"id":4405,"date":"2023-10-18T20:59:46","date_gmt":"2023-10-18T18:59:46","guid":{"rendered":"https:\/\/masine.aviportfolio.com\/?post_type=product&#038;p=4405"},"modified":"2026-04-24T16:56:57","modified_gmt":"2026-04-24T14:56:57","slug":"profesionalni-precistivac-vazduha-tac-6500","status":"publish","type":"product","link":"https:\/\/masinezavlagu021.com\/index.php\/product\/profesionalni-precistivac-vazduha-tac-6500\/","title":{"rendered":"TROTEC PROFESIONALNI PRE\u010cISTIVA\u010c VAZDUHA TAC 6500"},"content":{"rendered":"<p>U skladu sa prostorom, prostor je \u010dist &#8211; jednostavno i efikasno uz profesionalni komercijalni pre\u010dista\u010d vazduha TAC 6500.<\/p>\n<p>TAC 6500 obezbe\u0111uje efikasno \u010di\u0161\u0107enje vazduha za \u010dak i velike povr\u0161ine za tretman vazduha, i prilagodljiv je za kori\u0161\u0107enje kako na gradili\u0161tima, tako i za renoviranje i sanaciju &#8211; sve sa samo jednim ure\u0111ajem!<\/p>\n<p>Ova jedinstvena fleksibilnost u upotrebi posti\u017ee se pre svega zahvaljuju\u0107i inovativnoj Vario-Shift funkciji TAC 6500 ure\u0111aja, koja omogu\u0107ava da se lanac filtera konfiguri\u0161e po potrebi, sa ili bez poslednjeg ventila, kao \u0161to je na primer propisano za \u010diste prostorije.<\/p>\n<p>Fleksibilno opremljen sa filterima koji odgovaraju potrebama<\/p>\n<p>Ovaj izuzetno mo\u0107an pre\u010dista\u010d vazduha sa filterima klase H je savr\u0161eno re\u0161enje za uklanjanje pra\u0161ine i \u010di\u0161\u0107enje vazduha u razli\u010ditim radnim okru\u017eenjima sa zaga\u0111enim vazduhom i velikom zapreminom.<\/p>\n<p>Pored toga, TAC 6500 se izdvaja po mogu\u0107nosti kombinovanja razli\u010ditih filter modula u skladu sa stepenom zaga\u0111enja vazduha u prostoru, \u0161to omogu\u0107ava postavljanje optimalnog lanca filtera za svaku situaciju.<\/p>\n<p>Po\u010dev od filtera za \u010destice boje, preko HEPA filtera H13 sa odobrenjem za filter klasu H, pa sve do visokoefikasnog filtera klase H14 za efikasno filtriranje virusa &#8211; TAC 6500 se mo\u017ee opremiti odgovaraju\u0107im filterima za svaku primenu.<\/p>\n<p>Prednost Vario-Shift funkcije &#8211; jedinstvena u svetu<\/p>\n<p>Konvencionalni pre\u010dista\u010di vazduha sa fiksnim nizom filtera su odli\u010dni za upotrebu na gra\u0111evinskim mestima, ali nisu prikladni za rad u \u010distim prostorima i tamo nisu dozvoljeni. Naime, u okolini \u010distih prostorija, postoji propis o upotrebi filtera za \u010destice boje na kraju lanca filtera &#8211; HEPA filter mora biti postavljen posle ventila, kao poslednji element lanca filtera.<\/p>\n<p>Potpuno \u010dist: Sve u jednom za \u010dist vazduh i prostor<\/p>\n<p>Redosled filtera za \u010destice boje, kao \u0161to je propisano za \u010diste prostorije, ne bi bio ekonomski isplativ za rad u standardnim okru\u017eenjima sa problemima kao \u0161to je bu\u0111 ili plesan, jer bi tada ventil bio kontaminiran sporama i morao bi da se pa\u017eljivo \u010disti i dezinfikuje nakon svake upotrebe.<\/p>\n<p>Do sada nije bilo mogu\u0107e koristiti samo jedan ure\u0111aj za udovoljenje oba zahteva na fleksibilan na\u010din i bez dodatnih delova.<\/p>\n<p>Zahvaljuju\u0107i jedinstvenoj Vario-Shift funkciji, TAC pre\u010dista\u010di vazduha od Troteca mogu biti prilago\u0111eni na fleksibilan na\u010din i u skladu sa zahtevima za sve primene. Kao jedini prenosivi pre\u010dista\u010di vazduha na tr\u017ei\u0161tu, TAC ure\u0111aji su opremljeni za brzo menjanje polo\u017eaja ventila i HEPA jedinice, tako da filteri mogu biti raspore\u0111eni u odgovaraju\u0107em redosledu u skladu sa zahtevanim postavkama, bilo da se radi o standardnim ili \u010distim prostorijama.<\/p>\n<p>FlowMatic kontrola za konstantan protok vazduha<\/p>\n<p>Da bi se postigli zahtevani nivoi promene vazduha u prostoru koji se tretira, neophodno je odr\u017eavati konstantan protok vazduha tokom \u010ditavog trajanja upotrebe. Me\u0111utim, upotreba filtera postepeno smanjuje protok vazduha u svakom ure\u0111aju za pre\u010di\u0161\u0107avanje vazduha, \u0161to dovodi do pove\u0107anja otpora i smanjenja protoka vazduha tokom vremena.<\/p>\n<p>Uobi\u010dajeni ure\u0111aji za pre\u010di\u0161\u0107avanje vazduha rade sa znatno ve\u0107im po\u010detnim vrednostima kako bi kompenzovali ovu pojavu, \u0161to dovodi do ve\u0107eg tro\u0161enja filtera i na kraju ne garantuje odr\u017eavanje nivoa protoka vazduha tokom celog trajanja upotrebe.<\/p>\n<p>Protiv svakog otpora: Protok vazduha se odr\u017eava<\/p>\n<p>Inovativna Flowmatic kontrola TAC 6500 zna\u010di da vi\u0161e nikada ne morate brinuti o smanjenju protoka vazduha ili promeni vazduha. Flowmatic, podr\u017eana senzorima, jedinstvena je u svetu i funkcioni\u0161e kao &#8222;tempomat&#8220; u va\u0161em automobilu:<\/p>\n<p>Flowmatic senzori prate stvarne vrednosti protoka vazduha kroz ceo lanac filtera i neprestano dinami\u010dki prilago\u0111avaju sistemsku efikasnost, tako da se numeri\u010dki unapred pode\u0161ena ciljna koli\u010dina vazduha odr\u017eava konstantno u svakoj situaciji! Ovo ne samo da pove\u0107ava vek trajanja filtera i efikasnost sistema, ve\u0107 tako\u0111e garantuje da se pridr\u017eavaju zakonom propisanih nivoa protoka vazduha.<\/p>\n<p>Za svaku pre\u010di\u0161\u0107ava\u010dku potrebu postoji optimalno re\u0161enje<\/p>\n<p>Pre\u010di\u0161\u0107avanje vazduha na gra\u0111evinskim mestima<\/p>\n<p>Tokom mnogih gra\u0111evinskih radova, mo\u017ee do\u0107i do visokih koncentracija pra\u0161ine, ne samo tokom upotrebe brusnih ma\u0161ina, ve\u0107 i tokom radova sa peskom, dletom i ru\u0161enjem, kao i tokom me\u0161anja suvih maltera, \u0161paklovanja i postavljanja plo\u010dica. TAC 6500 kontinuirano filtrira gra\u0111evinsku pra\u0161inu iz vazduha i automatski vas obave\u0161tava vizuelno i zvu\u010dno kada je potrebna zamena filtera.<\/p>\n<p>Pre\u010di\u0161\u0107avanje vazduha pri farbanju sa Airless ure\u0111ajima<\/p>\n<p>Upotrebom specijalnog filtera za farbanje, TAC 6500 ne samo da odr\u017eava vazduh bez \u010destica boje, ve\u0107 i pobolj\u0161ava kvalitet povr\u0161ine farbanja.<\/p>\n<p>Sanacija bu\u0111i i azbesta<\/p>\n<p>Posebno opasne su pra\u0161ine iz kamenih materijala koji sadr\u017ee kvarc, ve\u0161ta\u010dkih mineralnih vlakana, drveta, celuloze i azbesta. Tu dolazi i zaga\u0111enje sa sporama, alergenima i mikrovlaknima, na primer tokom sanacije zgrada, termoizolacije ili kod sanacije bu\u0111i. TAC 6500 je ovde idealno re\u0161enje jer ima klasu pra\u0161ine H i odobren je za sanaciju azbesta prema TRGS 519.<\/p>\n<p>Sanacija \u010distih prostorija i pre\u010di\u0161\u0107avanje mikroba i virusa<\/p>\n<p>Pomo\u0107u Vario-Shift funkcije, TAC 6500 ure\u0111aj se mo\u017ee prilagoditi zahtevima \u010distih prostorija sa poslednjim filterom za \u010destice boje, kao \u0161to je propisano. Po potrebi, HEPA filter se mo\u017ee opremiti sa H14 filterom za efikasno filtriranje virusa i drugih vazdu\u0161no prenosivih \u0161tetnih materija u rasponu od 0,1 do 0,2 \u03bcm.<\/p>\n<p>Spektar filtracije:<\/p>\n<ul>\n<li>Azbest pra\u0161ina<\/li>\n<li>Kvarcna pra\u0161ina<\/li>\n<li>Gra\u0111evinski otpad<\/li>\n<li>Bra\u0161no i drvena pra\u0161ina<\/li>\n<li>Mineralna vlakna<\/li>\n<li>Spore bu\u0111i<\/li>\n<li>\u010cestice boje<\/li>\n<li>Bakterije i virusi<\/li>\n<\/ul>\n<p>Tipi\u010dne primene:<\/p>\n<ul>\n<li>Radovi sa \u0161mirglom<\/li>\n<li>Gra\u0111evinski i adaptacijski radovi<\/li>\n<li>Sanacija vodenih o\u0161te\u0107enja<\/li>\n<li>Sanacija \u0161teta od po\u017eara<\/li>\n<li>Sanacija bu\u0111i<\/li>\n<li>Sanacija azbesta<\/li>\n<li>\u010ciste prostorije<\/li>\n<\/ul>\n<p>Prednosti u praksi:<\/p>\n<ul>\n<li>Profesionalni kvalitet &#8222;proizvedeno u Nema\u010dkoj&#8220; &#8211; Originalna proizvodnja Trotec-a<\/li>\n<li>Jedinstvena fleksibilnost za rad na gra\u0111evinskim mestima i u \u010distim prostorijama sa samo jednim ure\u0111ajem<\/li>\n<li>Klasa pra\u0161ine H, odobren za sanaciju azbesta prema TRGS 519<\/li>\n<li>Ve\u0107 pripremljen za budu\u0107e smernice BG za upotrebu prenosivih ure\u0111aja za pre\u010di\u0161\u0107avanje vazduha<\/li>\n<li>Vario-Shift funkcija za prilago\u0111avanje lanca filtera sa poslednjim ventilom ili HEPA filterom<\/li>\n<li>Senzorska Flowmatic kontrola za automatsko odr\u017eavanje izabrane koli\u010dine vazduha<\/li>\n<li>Monoventic regulator za precizno podesive koli\u010dine vazduha<\/li>\n<li>Opti\u010dki i zvu\u010dni indikatori za zamenu prednjeg i glavnog filtera<\/li>\n<li>Serijski sa rukohvatom za stavljanje jednog na drugog, za\u0161titom od udaraca i d\u017eepovima za vilju\u0161kar<\/li>\n<li>Jednostavna zamena filtera brzim otpu\u0161tanjem<\/li>\n<li>Molimo vas da obratite pa\u017enju da filteri nisu uklju\u010deni u isporuku!<\/li>\n<\/ul>\n<p>Upozorenje! Koristite samo originalne Trotec zamenske filtere. Samo oni su prilago\u0111eni i testirani za va\u0161 ure\u0111aj. Jeftine zamene obi\u010dno ne posti\u017eu navedene vrednosti filtera ili obezbe\u0111uju protok vazduha za koji je va\u0161 ure\u0111aj projektovan. To mo\u017ee dovesti do o\u0161te\u0107enja ure\u0111aja i, u zavisnosti od primene, predstavljati rizik za zdravlje osoba koje borave u prostoru.<\/p>\n","protected":false},"excerpt":{"rendered":"<h2 class=\"elementor-heading-title elementor-size-default\">Jedinstven \u0161irom sveta i ekskluzivan samo za Trotec: Mobilni pre\u010dista\u010d vazduha sa Vario-Shift i FlovMatic funkcijama za gradili\u0161ta i \u010diste sobe<\/h2>\n","protected":false},"featured_media":4406,"comment_status":"open","ping_status":"closed","template":"","meta":[],"product_cat":[196,207],"product_tag":[238],"class_list":["post-4405","product","type-product","status-publish","has-post-thumbnail","hentry","product_cat-preciscivaci-vazduha","product_cat-preciscivaci-vazduha-komercijalni","product_tag-trotec"],"_links":{"self":[{"href":"https:\/\/masinezavlagu021.com\/index.php\/wp-json\/wp\/v2\/product\/4405","targetHints":{"allow":["GET"]}}],"collection":[{"href":"https:\/\/masinezavlagu021.com\/index.php\/wp-json\/wp\/v2\/product"}],"about":[{"href":"https:\/\/masinezavlagu021.com\/index.php\/wp-json\/wp\/v2\/types\/product"}],"replies":[{"embeddable":true,"href":"https:\/\/masinezavlagu021.com\/index.php\/wp-json\/wp\/v2\/comments?post=4405"}],"wp:featuredmedia":[{"embeddable":true,"href":"https:\/\/masinezavlagu021.com\/index.php\/wp-json\/wp\/v2\/media\/4406"}],"wp:attachment":[{"href":"https:\/\/masinezavlagu021.com\/index.php\/wp-json\/wp\/v2\/media?parent=4405"}],"wp:term":[{"taxonomy":"product_cat","embeddable":true,"href":"https:\/\/masinezavlagu021.com\/index.php\/wp-json\/wp\/v2\/product_cat?post=4405"},{"taxonomy":"product_tag","embeddable":true,"href":"https:\/\/masinezavlagu021.com\/index.php\/wp-json\/wp\/v2\/product_tag?post=4405"}],"curies":[{"name":"wp","href":"https:\/\/api.w.org\/{rel}","templated":true}]}}