{"id":4396,"date":"2023-10-18T20:47:05","date_gmt":"2023-10-18T18:47:05","guid":{"rendered":"https:\/\/masine.aviportfolio.com\/?post_type=product&#038;p=4396"},"modified":"2026-03-24T09:40:57","modified_gmt":"2026-03-24T08:40:57","slug":"professional-air-purifier-tac-1500","status":"publish","type":"product","link":"https:\/\/masinezavlagu021.com\/index.php\/product\/professional-air-purifier-tac-1500\/","title":{"rendered":"TROTEC PROFESIONALNI PRE\u010cISTIVA\u010c VAZDUHA TAC 1500"},"content":{"rendered":"<p>Najbolja tehnologija za \u010dist vazduh uvek &#8211; komercijalni pre\u010dista\u010d vazduha TAC 1500 to omogu\u0107ava<\/p>\n<p>TAC 1500 omogu\u0107ava toliko raznovrsnu upotrebu da je verovatno jedini pre\u010dista\u010d vazduha na tr\u017ei\u0161tu koji to nudi: mo\u017ee se koristiti od &#8222;standardnih gra\u0111evinskih lokacija&#8220; preko sanacije azbesta, pa sve do higijenski osetljivih podru\u010dja, filtriranja virusa i \u010dak u sterilnim okru\u017eenjima &#8211; sve sa samo jednim ure\u0111ajem!<\/p>\n<p>Osnova ove \u0161iroke primene su modularni filteri koji se mogu kombinovati i jedinstvena Vario-Shift funkcija koja omogu\u0107ava fleksibilnu konfiguraciju lanca filtera sa poslednjim ventilatorom ili HEPA filterom, \u0161to je obavezno u sterilnim okru\u017eenjima.<\/p>\n<p>Fleksibilno opremljen sa filterima prilago\u0111enim potrebama<\/p>\n<p>Sa klasom pra\u0161ine H, ovaj mo\u0107an pre\u010dista\u010d vazduha je savr\u0161eno re\u0161enje za uklanjanje pra\u0161ine i \u010di\u0161\u0107enje razli\u010ditih radnih prostora sa zaga\u0111enim vazduhom.<\/p>\n<p>Osim toga, TAC 1500 impresionira mogu\u0107no\u0161\u0107u fleksibilne kombinacije razli\u010ditih filter modula, koja omogu\u0107ava sastavljanje optimalnog lanca filtera za svaki nivo zaga\u0111enja vazduha u prostoru.<\/p>\n<p>Od filtera za sprej farbe, preko HEPA filtera H13 koji je odobren za klasu pra\u0161ine H, pa do visokoefikasnih filtera klase H14 za efikasno filtriranje virusa &#8211; TAC 1500 se mo\u017ee opremiti odgovaraju\u0107om kombinacijom filtera za svaku situaciju.<\/p>\n<p>Prednost Vario-Shift funkcije &#8211; jedinstvena u svetu<\/p>\n<p>Klasi\u010dni pre\u010dista\u010di vazduha sa \u010dvrsto postavljenim lancem filtera su dobar izbor na gra\u0111evinskim mestima, ali su potpuno neprikladni za rad u sterilnom okru\u017eenju i tamo nisu dozvoljeni. Naime, u sterilnim okru\u017eenjima je obaveza da se koriste filteri za pre\u010di\u0161\u0107avanje \u010destica kao poslednji \u010dlan na kraju lanca filtera.<\/p>\n<p>O\u010di\u0161\u0107eni su: sve u jednom za \u010disto\u0107u i prostor<\/p>\n<p>Sastavljanje niza filtera sa filterom za pre\u010di\u0161\u0107avanje \u010destica na kraju, \u0161to je obavezno za sterilna okru\u017eenja, bilo bi ekonomski potpuno neprikladno za rad u standardnim uslovima sa plesnima. Jer, u tom slu\u010daju bi ventilator bio kontaminiran sporama i svaki put bi morao da se pa\u017eljivo o\u010disti i dezinfikuje.<\/p>\n<p>Do sada nije bilo mogu\u0107e da samo jednim ure\u0111ajem udovolji fleksibilno i bez dodatnih dodataka oba ova zahteva.<\/p>\n<p>Zahvaljuju\u0107i svetski jedinstvenoj Vario-Shift funkciji, Trotec-ovi TAC pre\u010dista\u010di vazduha mogu se prilagoditi promenljivim i obaveznim zahtevima za sve scenarije upotrebe. TAC ure\u0111aji su jedini prenosivi pre\u010dista\u010di vazduha na tr\u017ei\u0161tu opremljeni za brzu promenu polo\u017eaja ventilatora i HEPA jedinice, tako da filtere mo\u017eete prilagoditi na zahtevan na\u010din prema promenljivim potrebama u zahtevanoj sekvenci.<\/p>\n<p>Optimalno re\u0161enje za svaki zadatak \u010di\u0161\u0107enja vazduha<\/p>\n<p>\u010ci\u0161\u0107enje vazduha na gra\u0111evinskim mestima<\/p>\n<p>Pri mnogim gra\u0111evinskim aktivnostima mo\u017ee do\u0107i do visokih koncentracija pra\u0161ine, ne samo tokom upotrebe brusilica ili radova na peskiranju, bu\u0161enju i ru\u0161enju, ve\u0107 i pri pripremi suvih kre\u010dnih maltera, glet masa ili lepkova za plo\u010dice. TAC 1500 pouzdano uklanja pra\u0161inu iz vazduha i automatski vas obave\u0161tava vizuelno i zvu\u010dno kada je potrebna zamena filtera.<\/p>\n<p>\u010ci\u0161\u0107enje vazduha pri farbanju sa Airless sprejevima<\/p>\n<p>Ugradnjom specifi\u010dnog filtera za sprej boje, TAC 1500 ne samo da odr\u017eava vazduh slobodnim od \u010destica boje, ve\u0107 i pobolj\u0161ava kvalitet povr\u0161ine farbe kori\u0161\u0107enjem filtera.<\/p>\n<p>Sanacija plesni i azbesta<\/p>\n<p>Posebno opasni su pra\u0161kasti materijali kao \u0161to su kvarcni kamen, ve\u0161ta\u010dka mineralna vlakna, drvo, celuloza i azbest. Tu dolazi i izlo\u017eenost sporama, alergenima i mikrovlaknima, na primer, pri renoviranju zgrada, izolaciji ili sanaciji plesni. Sa TAC 1500 ste na sigurnoj strani, jer ovaj pre\u010dista\u010d vazduha ima klasu pra\u0161ine H i odobren je za sanaciju azbesta prema TRGS 519.<\/p>\n<p>Sanacija sterilnih prostora i filtracija mikroba i virusa<\/p>\n<p>Zahvaljuju\u0107i Vario-Shift funkciji, TAC 1500 mo\u017ee se fleksibilno konfigurisati sa filterom za pre\u010di\u0161\u0107avanje \u010destica kao \u0161to je obavezno za sterilne uslove. Po potrebi, HEPA filter mo\u017ee biti opremljen H14 filterom za efikasno zadr\u017eavanje virusa i drugih suspendovanih \u0161tetnih supstanci u opsegu \u010destica od 0,1 do 0,2 \u00b5m.<\/p>\n<p>Spektar filtracije:<br \/>\nPra\u0161ina azbesta<\/p>\n<p>Kvarcna pra\u0161ina<\/p>\n<p>Gra\u0111evinski otpad<\/p>\n<p>Bra\u0161no i drvena pra\u0161ina<\/p>\n<p>Mineralna vlakna<\/p>\n<p>Spore plesni<\/p>\n<p>\u010cestice boje<\/p>\n<p>Bakterije i virusi<\/p>\n<p>Tipi\u010dne primene:<\/p>\n<p>Radovi sa peskom<\/p>\n<p>Gra\u0111evinski i renoviraju\u0107i radovi<\/p>\n<p>Sanacija usled vodnih o\u0161te\u0107enja<\/p>\n<p>Sanacija usled po\u017eara<\/p>\n<p>Sanacija plesni<\/p>\n<p>Sanacija azbesta<\/p>\n<p>Sterilna okru\u017eenja<\/p>\n<p>Prednosti u praksi:<\/p>\n<p>Profesionalni kvalitet &#8222;made in Germany&#8220; &#8211; originalna Trotec proizvodnja Jedinstveno u svetu: Fleksibilna upotreba na gra\u0111evinskim mestima i u sterilnim prostorima sa samo jednim ure\u0111ajem Klasa pra\u0161ine H, odobren za sanaciju azbesta prema TRGS 519 Ve\u0107 pripremljen za budu\u0107e smernice BG za upotrebu prenosivih ure\u0111aja za pre\u010di\u0161\u0107avanje vazduha Vario-Shift funkcija za prilago\u0111avanje lanca filtera sa poslednjim ventilatorom ili HEPA filterom u zavisnosti od potrebe Monoventic regulator za precizno pode\u0161avanje koli\u010dine vazduha bez stepenovanja Vizuelno i zvu\u010dno upozorenje za zamenu filtera za predfiltere i glavne filtere Visoka pokretljivost zahvaljuju\u0107i ru\u010dki za no\u0161enje i to\u010dki\u0107ima Jednostavna zamena filtera zahvaljuju\u0107i brzom otklju\u010davanju Molimo, imajte na umu da filteri nisu uklju\u010deni u isporuku!<\/p>\n<p>Upozorenje! Koristite samo originalne zamenske filtere Trotec. Samo oni su odgovaraju\u0107i i testirani za va\u0161 ure\u0111aj. Jeftine kopije obi\u010dno ne posti\u017eu navedene vrednosti filtera ili nisu garantovane koli\u010dine vazduha za koje je va\u0161 ure\u0111aj projektovan. Zbog toga va\u0161 ure\u0111aj mo\u017ee biti o\u0161te\u0107en, a u zavisnosti od upotrebe, mo\u017ee predstavljati opasnost po zdravlje ljudi u prostoru.<\/p>\n<p>Nema\u010dka vlada i pokrajine podr\u017eavaju investicije u prenosive pre\u010dista\u010de vazduha Bilo da se radi o \u0161kolama, vrti\u0107ima, ugostiteljskim objektima, kulturnim manifestacijama ili slobodnim zanimanjima &#8211; kako bi se suo\u010dili sa izazovima pandemije COVID-19 tehni\u010dkim re\u0161enjima, Savezna vlada i pokrajine podr\u017eavaju investicije u TAC 1500 prenosive pre\u010dista\u010de vazduha putem nekoliko programa podr\u0161ke.<\/p>\n","protected":false},"excerpt":{"rendered":"<h2 class=\"elementor-heading-title elementor-size-default\">Profesionalno pre\u010di\u0161c\u0301avanje vazduha za svaku potrebu: od gradili\u0161ta do uklanjanja azbesta i higijenski osetljivih podru\u010dja do \u010diste sobe &#8211; sve sa jednim ure\u0111ajem<\/h2>\n","protected":false},"featured_media":4404,"comment_status":"open","ping_status":"closed","template":"","meta":[],"product_cat":[196,207],"product_tag":[238],"class_list":["post-4396","product","type-product","status-publish","has-post-thumbnail","hentry","product_cat-preciscivaci-vazduha","product_cat-preciscivaci-vazduha-komercijalni","product_tag-trotec"],"_links":{"self":[{"href":"https:\/\/masinezavlagu021.com\/index.php\/wp-json\/wp\/v2\/product\/4396","targetHints":{"allow":["GET"]}}],"collection":[{"href":"https:\/\/masinezavlagu021.com\/index.php\/wp-json\/wp\/v2\/product"}],"about":[{"href":"https:\/\/masinezavlagu021.com\/index.php\/wp-json\/wp\/v2\/types\/product"}],"replies":[{"embeddable":true,"href":"https:\/\/masinezavlagu021.com\/index.php\/wp-json\/wp\/v2\/comments?post=4396"}],"wp:featuredmedia":[{"embeddable":true,"href":"https:\/\/masinezavlagu021.com\/index.php\/wp-json\/wp\/v2\/media\/4404"}],"wp:attachment":[{"href":"https:\/\/masinezavlagu021.com\/index.php\/wp-json\/wp\/v2\/media?parent=4396"}],"wp:term":[{"taxonomy":"product_cat","embeddable":true,"href":"https:\/\/masinezavlagu021.com\/index.php\/wp-json\/wp\/v2\/product_cat?post=4396"},{"taxonomy":"product_tag","embeddable":true,"href":"https:\/\/masinezavlagu021.com\/index.php\/wp-json\/wp\/v2\/product_tag?post=4396"}],"curies":[{"name":"wp","href":"https:\/\/api.w.org\/{rel}","templated":true}]}}