{"id":4373,"date":"2023-10-18T20:27:06","date_gmt":"2023-10-18T18:27:06","guid":{"rendered":"https:\/\/masine.aviportfolio.com\/?post_type=product&#038;p=4373"},"modified":"2026-02-15T23:34:05","modified_gmt":"2026-02-15T22:34:05","slug":"vrhunski-precistivac-vazduha-u-sobi-preciscivac-vazduha-visokih-performansi-tac-v-od-trotec-a","status":"publish","type":"product","link":"https:\/\/masinezavlagu021.com\/index.php\/product\/vrhunski-precistivac-vazduha-u-sobi-preciscivac-vazduha-visokih-performansi-tac-v-od-trotec-a\/","title":{"rendered":"TROTEC PRO\u010cI\u0160\u0106IVA\u010c VAZDUHA ZA PROSTORIJE TAC V+"},"content":{"rendered":"<p><strong>Zonski pre\u010di\u0161\u0107iva\u010d vazduha TAC ECO II smanjuje vreme zadr\u017eavanja i intenzitet aerosola i \u010destica direktno na mestu postavljanja.<\/strong><\/p>\n<p><strong>TAC ECO II &#8211; Vazduh filtriran protiv virusa, ru\u010dno pode\u0161en<\/strong><\/p>\n<p>TAC ECO II je savr\u0161en izbor za redukovanje funkcionalnosti TAC V+ II na osnovne sposobnosti filtriranja virusa sa H14 HEPA filterom, prema EN 1822 standardu. Jednom kada se ure\u0111aj ru\u010dno konfiguri\u0161e, automatski \u0107ete imati koristi od vazduha pro\u010di\u0161\u0107enog od virusa u va\u0161im prostorijama.<\/p>\n<p><strong>Nau\u010dno postavljeni kriterijumi za efikasan ure\u0111aj za pro\u010di\u0161\u0107avanje vazduha od virusa su:<\/strong><\/p>\n<ol>\n<li>Ure\u0111aj mora imati dovoljno veliki protok vazduha, najmanje \u0161estostruko ve\u0107i od zapremine prostorije na sat.<\/li>\n<li>Ure\u0111aj mora biti tehni\u010dki sposoban da u jednom prolazu vazduha filtrira najmanje 99,995% virusa, \u0161to H14 HEPA filter prema EN 1822 mo\u017ee osigurati.<\/li>\n<li>Ure\u0111aj mora biti tih, kako ne bi ometao kori\u0161\u0107enje prostorije, jer postoji opasnost da ga korisnici isklju\u010de ako je previ\u0161e bu\u010dan.<\/li>\n<\/ol>\n<p>Svi ovi kriterijumi se u potpunosti ispunjavaju ne samo sa TAC V+ II, ve\u0107 i sa TAC ECO II. Zbog toga je TAC ECO II na\u0161a najbolja preporuka ako \u017eelite vazduh pro\u010di\u0161\u0107en H14 HEPA filterom &#8222;made in Germany&#8220;, bez obzira na opremu TAC V+ II.<\/p>\n<p>Po\u0161to se odri\u010de ure\u0111aja za termi\u010dku dekontaminaciju i obnavljanje filtera, visokou\u010dinkoviti pre\u010di\u0161\u0107iva\u010d vazduha TAC ECO II mo\u017ee se koristiti \u010dak i u oblastima koje zbog elektri\u010dne za\u0161tite samo delimi\u010dno dozvoljavaju automatizovan rad sa termi\u010dkom dekontaminacijom. Zbog toga nema dodatne vrednosti za higijenu i sigurnost koju TAC V+ II pru\u017ea cikli\u010dnim grejanjem i termi\u010dkim samo\u010di\u0161\u0107enjem filtera za du\u017ee vreme upotrebe.<\/p>\n<p>U ovom tretiranom podru\u010dju, okolina je uglavnom bez mikroba, \u010destica ili drugih lebde\u0107ih mikro\u010destica u vazduhu, jer TAC ECO II omogu\u0107ava efikasno usisavanje zaga\u0111enog vazduha sa efikasnim H14 visokoperformanskim filterima prema EN 1822 (ISO 45H Filter ISO 29463) i fleksibilno podesivo provla\u010denje zona, bez aerosolnih \u010destica.<\/p>\n<p><strong>U kombinaciji sa integrisanim G4 Z-Line predfilter sistemom, Trotec H14 visokoperformanskim filterom prema EN 1822,<\/strong> obezbe\u0111uje sigurno zadr\u017eavanje lebde\u0107ih mikroba, virusa, pra\u0161ine, bakterija, spora ili mikrovlakana iz papira i tekstila.<\/p>\n<p>Na ovaj na\u010din, TAC ECO II zna\u010dajno i sigurno smanjuje rizik od infekcija preno\u0161enih putem vazduha u zonama sa visokom frekvencijom ljudi i obezbe\u0111uje uslove bez pra\u0161ine u zonama sa visokim nivoom \u010destica u vazduhu:<\/p>\n<ul>\n<li>\u0160titi kupce, pacijente, goste i zaposlene smanjenjem rizika od infekcija.<\/li>\n<li>\u0160titi zaposlene od izlo\u017eenosti \u010desticama na radnom mestu.<\/li>\n<li>\u0160titi materijal, elektroniku i ma\u0161ine od zaga\u0111enja i o\u0161te\u0107enja izazvanih pra\u0161inom.<\/li>\n<\/ul>\n<p><strong>Neke od mnogih prednosti opreme TAC ECO II:<\/strong><\/p>\n<ul>\n<li><strong>Integrisan aparat za smanjenje buke:<\/strong> TAC ECO II dolazi sa efikasnim dvostrukim usmeravanjem usisnog vazduha preko integrisanog aparata za smanjenje buke kao standardnom opremom. Zbog toga je savr\u0161en za osetljiva mesta kao \u0161to su \u0161kole, kancelarije ili ordinacije.<\/li>\n<li><strong>Jednostavno rukovanje:<\/strong> Postavljanje TAC ECO II zahteva samo nekoliko koraka. Indikatori za filtere i prekida\u010di su za\u0161ti\u0107eni od udarca.<\/li>\n<li><strong>Robustan i pokretan:<\/strong> Zahvaljuju\u0107i \u010dvrstim to\u010dkovima i podesivom rukohvatu, ovaj robusni pre\u010di\u0161\u0107iva\u010d vazduha je idealan za brzu promenu mesta upotrebe. Samo ga postavite, priklju\u010dite na struju i zapo\u010dnite proces \u010di\u0161\u0107enja vazduha.<\/li>\n<\/ul>\n<p><strong>Prakti\u010dne prednosti:<\/strong><\/p>\n<ul>\n<li>\u010ci\u0161\u0107enje vazduha i filtriranje virusa u podru\u010djima sa velikom frekvencijom posetilaca ili gusto naseljenim zonama (fini aerosoli koji sadr\u017ee infektivne viruse kao \u0161to su SARS-CoV, MERS-CoV ili SARS-CoV-2\/Covid-19, ili grip, filtriraju se pomo\u0107u H14 filtera prema EN 1822 ISO).<\/li>\n<li>\u010ci\u0161\u0107enje vazduha, filtriranje virusa i \u010destica u radnim zonama sa pove\u0107anim sadr\u017eajem pra\u0161ine.<\/li>\n<li><strong>&#8222;\u010ciste zone podru\u010dja&#8220;:<\/strong> Uspostavite bezbedne zone za boravak i rad sa vazduhom filtriranim od virusa &#8211; individualno dimenzionisane prema broju ure\u0111aja i osoba, kao i stopi promene vazduha koju ste postavili.<\/li>\n<li><strong>&#8222;Priklju\u010di i pusti&#8220;:<\/strong> Postavljanje, priklju\u010divanje na struju i pokretanje procesa pro\u010di\u0161\u0107avanja prostora nezavisno od postoje\u0107ih klima i ventilacionih sistema.<\/li>\n<li>Efikasno filtriranje vazduha uz G4 Z-Line predfilter i H14-HEPA glavni filter.<\/li>\n<li>Optimalno uskla\u0111eni sistemski komponenti za fleksibilne primene u oblastima za\u0161tite od virusa i pra\u0161ine.<\/li>\n<li>Jednostavno rukovanje: Automatski, niskou\u017edr\u017eavanje rad tokom 24 sata.<\/li>\n<li><strong>\u0160tednja resursa:<\/strong> 100% ekolo\u0161ki prihvatljivo, bez hemikalija, bez potrebe za instalacijom.<\/li>\n<li><strong>Kvalitetni materijali i proizvodnja:<\/strong> &#8222;Made in Germany&#8220; &#8211; originalna proizvodnja Trotec-a, filteri za viruse sa pojedina\u010dnim testiranjem i sertifikatom.<\/li>\n<li><strong>Isplativa investicija:<\/strong> Maksimalna isplativost kroz bezgubitno \u010di\u0161\u0107enje vazduha direktno na mestu postavljanja.<\/li>\n<li><strong>Fleksibilno postavljanje:<\/strong> Postavite prenosivi TAC ECO II tamo gde je trenutno potreban.<\/li>\n<\/ul>\n<p><strong>Napomena:<\/strong> Slike mogu prikazivati dodatnu opremu koja nije uklju\u010dena u osnovnu cenu TAC ECO II.<\/p>\n<p><strong>Uklju\u010dena oprema:<\/strong><\/p>\n<ul>\n<li>TAC ECO II pre\u010di\u0161\u0107iva\u010d vazduha<\/li>\n<li>1 x G4 Z-Line predfilter<\/li>\n<li>1 x H14 filter prema EN 1822 (ISO 45H filter ISO 29463)<\/li>\n<\/ul>\n<p><strong>Upozorenje!<\/strong> Koristite samo originalne Trotec zamenske filtere. Samo oni su prilago\u0111eni i testirani za va\u0161 ure\u0111aj. Jeftine zamenske filtere obi\u010dno ne dosti\u017eu navedene vrednosti filtera ili protoka vazduha za koji je va\u0161 ure\u0111aj projektovan. Upotreba jeftinih zamenskih filtera za za\u0161titu od virusa mo\u017ee predstavljati rizik po zdravlje. Radi va\u0161e sigurnosti koristite samo originalne Trotec filtere.<\/p>\n","protected":false},"excerpt":{"rendered":"<h2 class=\"elementor-heading-title elementor-size-default\">Mobilni TAC V+ je dokazano efikasno re\u0161enje za pre\u010di\u0161c\u0301avanje vazduha aerosolnih \u010destica i bakterija koje sadr\u017ee viruse iz vazduha u zatvorenom prostoru<\/h2>\n","protected":false},"featured_media":4375,"comment_status":"open","ping_status":"closed","template":"","meta":[],"product_cat":[196,206],"product_tag":[238],"class_list":["post-4373","product","type-product","status-publish","has-post-thumbnail","hentry","product_cat-preciscivaci-vazduha","product_cat-preciscivaci-vazduha-kucni","product_tag-trotec"],"_links":{"self":[{"href":"https:\/\/masinezavlagu021.com\/index.php\/wp-json\/wp\/v2\/product\/4373","targetHints":{"allow":["GET"]}}],"collection":[{"href":"https:\/\/masinezavlagu021.com\/index.php\/wp-json\/wp\/v2\/product"}],"about":[{"href":"https:\/\/masinezavlagu021.com\/index.php\/wp-json\/wp\/v2\/types\/product"}],"replies":[{"embeddable":true,"href":"https:\/\/masinezavlagu021.com\/index.php\/wp-json\/wp\/v2\/comments?post=4373"}],"wp:featuredmedia":[{"embeddable":true,"href":"https:\/\/masinezavlagu021.com\/index.php\/wp-json\/wp\/v2\/media\/4375"}],"wp:attachment":[{"href":"https:\/\/masinezavlagu021.com\/index.php\/wp-json\/wp\/v2\/media?parent=4373"}],"wp:term":[{"taxonomy":"product_cat","embeddable":true,"href":"https:\/\/masinezavlagu021.com\/index.php\/wp-json\/wp\/v2\/product_cat?post=4373"},{"taxonomy":"product_tag","embeddable":true,"href":"https:\/\/masinezavlagu021.com\/index.php\/wp-json\/wp\/v2\/product_tag?post=4373"}],"curies":[{"name":"wp","href":"https:\/\/api.w.org\/{rel}","templated":true}]}}