{"id":4346,"date":"2023-10-18T19:51:18","date_gmt":"2023-10-18T17:51:18","guid":{"rendered":"https:\/\/masine.aviportfolio.com\/?post_type=product&#038;p=4346"},"modified":"2026-04-20T02:00:15","modified_gmt":"2026-04-20T00:00:15","slug":"preciscivac-vazduha-visokih-performansi-airgoclean-350-e","status":"publish","type":"product","link":"https:\/\/masinezavlagu021.com\/index.php\/product\/preciscivac-vazduha-visokih-performansi-airgoclean-350-e\/","title":{"rendered":"TROTEC PRE\u010cI\u0160C\u0301IVA\u010c VAZDUHA VISOKIH PERFORMANSI AIRGOCLEAN \u00ae 350 E"},"content":{"rendered":"<p>Trostruko filtriran vazduh za zdraviji \u017eivot i rad<\/p>\n<p>Na\u0161e zdravlje nam je va\u017eno! Poku\u0161avamo izbe\u0107i svakodnevne opasnosti, pazimo na uravnote\u017eenu ishranu i svesno \u017eivimo kako bismo spre\u010dili bolesti. Me\u0111utim, \u010desto zanemarujemo kvalitetu vazduha koji udi\u0161emo. Ni\u0161ta nam nije bli\u017ee! Dnevno udi\u0161emo izme\u0111u 10.000 i 20.000 litara vazduha. To \u010dinimo na poslu, prilikom kupovine, tokom ve\u017ebanja i kod ku\u0107e u vlastitim \u010detiri zida. Tokom sezone prehlade, u na\u0161e disne puteve u proseku u\u0111e 10.000 bakterija i do 100.000 virusa svakog sata. Samo na\u0161im sluznicama zahvaljujemo \u0161to ne dopu\u0161taju da svi uzro\u010dnici bolesti prodru u na\u0161e telo. Stoga je od presudne va\u017enosti da pazimo na optimalnu vla\u017enost vazduha za ovla\u017eivanje sluznica i uklju\u010dimo kvalitet vazduha u na\u0161 plan za o\u010duvanje zdravlja. \u010cista\u010d vazduha AirgoClean\u00ae 350 E obavlja ovaj zadatak umesto vas. Potpuno automatski! Njegovo inteligentno upravljanje pro\u010di\u0161\u0107avanjem vazduha i dvostruki HEPA filter efikasno osiguravaju higijenski \u010dist vazduh za zdravo disanje u prostorijama povr\u0161ine do 120 m\u00b2 odnosno 300 m\u00b3.<\/p>\n<p>Lebde\u0107e mikro\u010destice i uzro\u010dnici bolesti neprestano optere\u0107uju na\u0161u okolinu<\/p>\n<p>Prah nije samo neugledan i gotovo svuda prisutan. Prah je tako\u0111e magnet za uzro\u010dnike bolesti: alergene, bakterije, viruse poput SARS-CoV-2 i influence, spore plijesni, grinje, ljuspice ku\u0107nih ljubimaca i neprijatne mirise u obliku gasova. \u010cesto \u010dak i &#8222;svje\u017e vazduh&#8220; na otvorenom mo\u017ee imati opasno visoku koncentraciju sitnih \u010destica PM2.5 (promjer &lt;2,5 \u00b5m). Ove sitne \u010destice PM2.5 prodiru kroz otvorena vrata i prozore u zatvorene prostore i dolaze u telo disanjem &#8211; gde, prema trenutnoj studiji Nema\u010dke nacionalne akademije nauka Leopoldina, podsti\u010du pojavu mnogih bolesti.<\/p>\n<p>\u010cista\u010d vazduha AirgoClean\u00ae 350 E automatski uklanja sve \u0161to vas optere\u0107uje &#8211; uklanja 99,97% ultrafinih \u010destica do 0,3 \u00b5m<\/p>\n<p>Za\u0161titite sebe i svoje najmilije filtriranim vazduhom HEPA, koji je 99,97% slobodan od \u0161tetnih lebde\u0107ih \u010destica i zaga\u0111iva\u010da. Potpuno automatski zahvaljuju\u0107i najmodernijim &#8222;senzorima kvaliteta vazduha&#8220;. Senzori AirgoClean\u00ae 350 E neprestano mere temperaturu, vla\u017enost vazduha, kvalitet vazduha i optere\u0107enje mikro\u010desticama u vazduhu, kako bi, prema potrebi, automatski pro\u010distili vazduh inteligentno upravljanim zra\u010dnom snagom. \u010cetiri stepena ventilacije s turbo na\u010dinom i mo\u0107nom cirkulacijom vazduha od 1.000 m\u00b3\/h omogu\u0107avaju primetno pobolj\u0161anje kvaliteta vazduha u veoma kratkom vremenu. To su najbolji uslovi za zdrav dom ili neometano vreme na radnom mestu.<\/p>\n<p>Vrhunska udobnost s efikasnom HEPA filter tehnologijom<\/p>\n<p>Elegantni \u010dista\u010d vazduha u obliku kocke kombinuje estetsku eleganciju, izvanrednu funkcionalnost i visoko efikasnu HEPA filter tehnologiju najnovije generacije. Va\u017eni parametri kvaliteta vazduha, temperatura, vla\u017enost vazduha, optere\u0107enje finim \u010desticama i kvalitet vazduha, mere se u realnom vremenu i jasno prikazuju. Ova vrhunska funkcionalnost AirgoClean\u00ae 350 E upotpunjuje se s dve opcije rada (automatski na\u010din rada s funkcijom prepoznavanja svetla i no\u0107ni na\u010din rada), indikatorom za zamenu filtera, sigurnosnom blokadom za decu, prakti\u010dnim infracrvenim daljinskim upravlja\u010dem i programabilnim tajmerom od 24 sata.<\/p>\n<p>Trobojni pokazatelj kvaliteta vazduha s PM2.5 vredno\u0161\u0107u<\/p>\n<p>Trostruki pokazatelj kvaliteta vazduha AirgoClean\u00ae 350 E \u010dini ina\u010de nevidljivu kvalitetu vazduha vidljivom. Osim numeri\u010dkog prikaza PM 2.5 vrednosti (broj \u010destica finih \u010destica &lt; 2,5 \u03bcm), opti\u010dki prikaz pomo\u0107u LED svetala signalizira \u010disto\u0107u vazduha u okolini:<\/p>\n<p>Brzina ventilacije i povezana efikasnost pro\u010di\u0161\u0107avanja vazduha reguli\u0161e se prema kvalitetu vazduha u automatskom na\u010dinu rada:<\/p>\n<p>Zelena: Dobra kvaliteta vazduha PM2.5 vrednost 0 &#8211; 50 Plava: Umerna kvaliteta vazduha PM2.5 vrednost 51 &#8211; 100 Crvena: Lo\u0161a kvaliteta vazduha PM2.5 vrednost &gt; 100<\/p>\n<p>\u0160ta zna\u010di PM2.5 vrednost?<\/p>\n<p>PM2.5 se odnosi\u00a0na ultrafine \u010destice pra\u0161ine s pre\u010dnikom manjim od 2,5 \u00b5m. Ove fine \u010destice smatraju se rizikom za zdravlje jer mogu prodreti duboko u disne puteve, sr\u010dano-krvni sistem i mozak, gde mogu uzrokovati \u0161tetu. Svetska zdravstvena organizacija (WHO) u okviru projekta REVIHAAP zaklju\u010duje da \u010destice PM2.5, izme\u0111u ostalog, mogu uzrokovati aterosklerozu, uticati na poro\u0111aj i izazvati respiratorne bolesti kod dece.<\/p>\n<p>Automatski \u010dist vazduh bez virusa i zaga\u0111iva\u010da<\/p>\n<p>Higijenski \u010dist vazduh klju\u010dan je za zdrav \u017eivot. Ne prepu\u0161tajte ovaj klju\u010dni element zdravstvene za\u0161tite slu\u010daju. &#8222;Senzori kvaliteta vazduha&#8220; u AirgoClean\u00ae 350 E neprestano prate kvalitet vazduha 24 sata dnevno i 365 dana u godini kako bi pouzdano uklonili \u0161tetne mikro\u010destice i uzro\u010dnike bolesti iz va\u0161e okoline.<\/p>\n<p>Kombinacija podataka o klimi i prikaz kvaliteta vazduha s prikazom stvarnih vrednosti PM2.5 vrednosti, trenutne temperature i vlage u vazduhu<\/p>\n<p>Zna\u010dajni i informativni prikaz kvaliteta vazduha u AirgoClean\u00ae 350 E \u010dini kvalitet vazduha i broj finih \u010destica vidljivima. Numeri\u010dki prikaz otkriva PM2.5 vrednosti (broj \u010destica finih \u010destica &lt; 2,5 \u00b5m) koje se mere u vazduhu. Tako\u0111e, opti\u010dki prikaz putem LED svetala u tri boje trenutno prikazuje \u010disto\u0107u okolnog vazduha. Ovo je posebno korisno jer pru\u017ea informacije o trenutnoj temperaturi i vla\u017enosti vazduha, \u0161to su va\u017eni faktori za zdravlje i blagostanje.<\/p>\n<p>Kontinuirano merenje osetljivih senzora kvaliteta vazduha odmah otkriva ulazna zaga\u0111enja poput pra\u0161ine, polena, finih \u010destica i gasnih zaga\u0111iva\u010da te ih uklanja prilago\u0111avanjem snage vazdu\u0161ne struje. Rad snage vazduha automatski se prilago\u0111ava kako bi uklonio detektovane lebde\u0107e \u010destice ili mirise iz vazduha.<\/p>\n<p>Primene i veli\u010dine prostorija:<\/p>\n<p>Filtracija fine pra\u0161ine, polena i dlake ku\u0107nih ljubimaca (CADR): Prikladno za prostore do 120 m\u00b2 \/ 300 m\u00b3. Preporuka tvrtke Trotec* 78 m\u00b2 \/ 195 m\u00b3 Filtracija virusa SARS-CoV-2 i op\u0107a za\u0161tita od infekcija (gripa, prehlada, ospice itd.) Pri 6 izmene vazduha (kancelarije, sobe za sastanke) prikladno za prostore do maksimalno 66 m\u00b2 \/ 166 m\u00b3. Preporuka tvrtke Trotec* 43 m\u00b2 \/ 108 m\u00b3. Pri 10 izmena vazduha (ordinacije, tretmani) prikladno za prostore do maksimalno 40 m\u00b2 \/ 100 m\u00b3. Preporuka tvrtke Trotec* 26 m\u00b2 \/ 65 m\u00b3. Napomena: U slu\u010daju maksimalne veli\u010dine prostorija ure\u0111aj radi na najvi\u0161em stepenu ventilacije! Da biste postigli optimalnu kombinaciju maksimalne pro\u010di\u0161\u0107enosti vazduha i minimalne buke, preporu\u010dujemo da dimenzioni\u0161ete ure\u0111aj za oko 30% manju veli\u010dinu prostorije nego \u0161to je maksimalno mogu\u0107e. Na taj na\u010din ure\u0111aj mo\u017ee i na ni\u017eem stepenu regulacije snage vazduha osigurati pro\u010di\u0161\u0107avanje vazduha.<\/p>\n<p>Prakti\u010dno vi\u0161e udobnosti za velike prostore do 120 m\u00b2<\/p>\n<p>Osim impresivne visoke efikasnosti cirkulacije vazduha do 1.000 m\u00b3\/h i visokou\u010dinkovite HEPA filter tehnologije za pouzdanu izmenu vazduha \u010dak i u velikim poslovnim prostorima ili stambenim prostorima, AirgoClean\u00ae 350 E nudi vrhunsku opremu za udobnost koju \u0107ete prona\u0107i samo kod \u010dista\u010da vazduha iz serije AirgoClean.<\/p>\n<p>Prikaz kvaliteta vazduha<\/p>\n<p>Dodatni senzori u AirgoClean\u00ae 350 E mere trenutnu temperaturu u prostoru i relativnu vla\u017enost te prikazuju ove podatke na ekranu.<\/p>\n<p>Sna\u017eno daljinsko upravljanje<\/p>\n<p>Prakti\u010dnim infracrvenim daljinskim upravlja\u010dem mogu\u0107e je udobno i daljinski upravljati i postavljati sve funkcije ure\u0111aja, dodatno uz manualno upravljanje putem kontrole na ure\u0111aju.<\/p>\n<p>Indikator kvaliteta filtera s upozorenjem za zamenu<\/p>\n<p>S \u010detvorostepenim indikatorom kvaliteta filtera nikada ne\u0107ete propustiti pravi trenutak za zamenu HEPA filtera. Grafi\u010dki oblikovane trake pru\u017eaju informacije o preostalom vremenu do zamene filtera.<\/p>\n<p>Programabilni tajmer od 24 sata<\/p>\n<p>Tajmer koji se mo\u017ee postaviti na sat vremena omogu\u0107ava ure\u0111aju da se automatski isklju\u010di nakon unapred postavljenog vremena. To \u0161tedi energiju i osigurava da se ne morate brinuti o isklju\u010divanju ure\u0111aja nakon napornog radnog dana kod ku\u0107e ili pre spavanja.<\/p>\n<p>Za\u0161tita za decu i ku\u0107ne ljubimce<\/p>\n<p>Deca su prirodno znati\u017eeljna, a i ku\u0107ni ljubimci svakodnevno istra\u017euju svoju okolinu. Ovaj ure\u0111aj ima funkciju za\u0161tite za decu koja spre\u010dava slu\u010dajno rukovanje postavkama \u010dista\u010da vazduha od strane dece i ku\u0107nih ljubimaca. Status za\u0161tite za decu prikazuje se na digitalnom ekranu.<\/p>\n<p>Funkcija prigu\u0161enja<\/p>\n<p>Za potpuno ga\u0161enje digitalnog ekrana dovoljan je jedan pritisak na dugme. U no\u0107nom re\u017eimu rada prikaz LED ekrana automatski se deaktivira.<\/p>\n<p>No\u0107ni re\u017eim rada s smanjenim stepenom regulacije snage i minimalnom bukom<\/p>\n<p>\u010cist vazduh tokom spavanja omogu\u0107ava re\u017eim rada za no\u0107 smanjenom bukom i prigu\u0161enim svetlom. Protok vazduha automatski se prilago\u0111ava prema potrebama tokom spavanja, a snaga ventilatora reguli\u0161e se na najni\u017ei stepen.<\/p>\n<p>Dvostruka 3-u-1 HEPA filter tehnologija s jonizacijom za zdravu klimu u prostoru<\/p>\n<p>Zahvaljuju\u0107i kombinovanom sistemu filtriranja HEPA-Carbon i DACRON tehnologije u dvostrukom izdanju s dodatnom jonizacijom, fine \u010destice pra\u0161ine, alergeni i drugi uzro\u010dnici bolesti pouzdano se uklanjaju iz unutra\u0161njeg vazduha.<\/p>\n<p>2 puta HEPA filter (99,97%)<\/p>\n<p>U oba HEPA filtera virusi, bakterije, polen, alergeni, fine \u010destice pra\u0161ine i spore plesni elimini\u0161u se do veli\u010dine od 0,3 mikrometra. Zbog visokog stepena filtracije od 99,97%, filteri ove klase koriste se na primer u laboratorijama s visokim higijenskim standardima i u prehrambenoj industriji. Sve u svemu, ovo su idealni uslovi za pretvaranje va\u0161eg doma u oazu sa \u010distim, filtriranim i sve\u017eim vazduhom.<\/p>\n<p>Dvostruki Carbon filter (filter s aktivnim ugljenom)<\/p>\n<p>Dodatni Carbon filter napravljen od aktivnog uglja idealan je za pu\u0161a\u010de. Ovaj filter efikasno neutrali\u0161e \u0161tetne supstance, posebno mirise duvana, mirise ku\u0107nih ljubimaca, mirise hrane, dima i mirise formaldehida i rastvara\u010da iz okoline. Za \u010dist vazduh bez neprijatnih mirisa.<\/p>\n<p>2 DACRON\u00ae predfiltera<\/p>\n<p>DACRON\u00ae je naziv za sinteti\u010dki proizvedene neprekidne niti od poliestera koje se zbog svojih posebnih svojstava odli\u010dno primenjuju kao predfilteri u sistemima pro\u010di\u0161\u0107avanja vazduha. Ovi sinteti\u010dki filteri od nepropusnih vlakana su posebno otporni, dugotrajni i vodootporni. Sam sinteti\u010dki filter efikasno uklanja lak\u0161u do srednje pra\u0161inu, ve\u0107e \u010destice pra\u0161ine i dlake ku\u0107nih ljubimaca iz vazduha.<\/p>\n<p>Jonizacija<\/p>\n<p>Dodatno, visoka efikasnost filtriranja posti\u017ee se potpuno automatskom jonizacijom. Negativno nabijeni joni osloba\u0111aju se, a njihova stati\u010dka naelektrisanost privla\u010di lebde\u0107e pelene, pra\u0161inu, viruse i bakterije i spu\u0161ta ih na pod gde ih zatim usisava i uklanja vazdu\u0161ni tok troslojnog ventilatora. Na ovaj na\u010din vazduh u prostoriji se jo\u0161 efikasnije pro\u010di\u0161\u0107ava i dodatno oboga\u0107uje aktivnim kiseonikom.<\/p>\n<p>Brza i jednostavna zamena filtera<\/p>\n<p>Zamena ve\u0107 prethodno montiranih filtera jednako je jednostavna kao i upravljanje ure\u0111ajem AirgoClean\u00ae 350 E. Poklopci ure\u0111aja lako se uklanjaju sa svake strane bez potrebe za alatom kako bi se pregledali i zamenili predfiltri i HEPA filteri po potrebi.<\/p>\n<p>Prednosti u praksi:<\/p>\n<p>Vi\u0161estepeni sistem pro\u010di\u0161\u0107avanja vazduha sa predfiltrom DACRON\u00ae, HEPA-Carbon filtrom (99,97%) i jonizacijom Visoko efikasna HEPA filtracija ultrafine pra\u0161ine, lebde\u0107ih \u010destica, \u0161tetnih supstanci, mikroorganizama i mirisa Kombinovano prikazivanje kvaliteta vazduha u bojama sa prikazom stvarnih vrednosti PM-2.5 vrednosti Pogodno za potpuno automatsko \u010di\u0161\u0107enje vazduha u prostorima do 300 m\u00b3 Maksimalni volumen \u010di\u0161\u0107enja vazduha 1.000 m\u00b3\/h 4 stepena regulacije sa Turbo na\u010dinom 2 na\u010dina rada: Automatski na\u010din rada s prepoznavanjem svetla i No\u0107ni na\u010din rada Prikaz kvaliteta vazduha uklju\u010duju\u0107i temperaturu i vlagu vazduha Kompaktan i mo\u0107an s jednostavnom upotrebom Brza zamena filtera IR daljinski upravlja\u010d Tajmer funkcija Za\u0161tita za decu Pokazatelji stanja filtera No\u0107ni na\u010din rada (smanjenje buke) Nizak utro\u0161ak energije Prijateljski prema alergi\u010darima Napomena! Koristite samo originalne Trotec zamenske filtere. Samo oni su prilago\u0111eni i testirani za va\u0161 ure\u0111aj. Jeftine zamenske filtere obi\u010dno ne ostvaruju navedene filtere efikasnosti ili obezbe\u0111uju vazdu\u0161ne koli\u010dine za koje je ure\u0111aj prilago\u0111en. Kori\u0161\u0107enjem jeftinih zamenskih filtera za\u0161titu od virusa mo\u017ee predstavljati potencijalnu opasnost za zdravlje. Stoga radi svoje sigurnosti, koristite samo originalne filtre Trotec.<\/p>\n<p>Mogu\u0107e je dobiti do 90% dr\u017eavnog finansiranja putem \u010detvrtog kruga finansijske pomo\u0107i<\/p>\n<p>Preduze\u0107a u maloprodaji, sektoru doga\u0111anja i kulture, hotelijerstvu, ugostiteljstvu i pirotehnici, trgovini na veliko, turisti\u010dkom sektoru, slobodnim zanimanjima, te neprofitnim organizacijama i udru\u017eenjima mogu ostvariti subvenciju u visini do 90% nabavne cene, zavisno o visini smanjenja prometa.<\/p>\n<p>Trotec &#8211; Va\u0161 partner za \u010dist vazduh<\/p>\n<p>Trotec je vode\u0107i proizvo\u0111a\u010d re\u0161enja za \u010di\u0161\u0107enje vazduha i klimatizaciju. AirgoClean\u00ae 350 E \u010dista\u010d vazduha predstavlja najnoviju tehnolo\u0161ku inovaciju kompanije Trotec u ovoj oblasti. Sa dvostrukim HEPA filterima, funkcijom jonizacije, senzorima kvaliteta vazduha i nizom korisnih funkcija, ovaj ure\u0111aj obezbe\u0111uje \u010dist, sve\u017e i zdrav vazduh u va\u0161em domu ili radnom okru\u017eenju.<\/p>\n<p>Zaklju\u010dak<\/p>\n<p>Kvalitet vazduha koji udi\u0161emo va\u017ean je za na\u0161e zdravlje. AirgoClean\u00ae 350 E \u010dista\u010d vazduha mo\u017ee pomo\u0107i da se osigura \u010dist i higijenski vazduh u va\u0161em domu ili radnom prostoru. Sa svojim brojnim funkcijama, uklju\u010duju\u0107i dvostruke HEPA filtere, jonizaciju i senzore kvaliteta vazduha, ovaj ure\u0111aj mo\u017ee efikasno ukloniti \u010destice pra\u0161ine, alergene, bakterije, viruse i neprijatne mirise iz vazduha. Tako\u0111e, pru\u017ea informacije o kvalitetu vazduha u realnom vremenu, \u0161to vam poma\u017ee da pratite nivo zaga\u0111enja vazduha u svom okru\u017eenju. Uz mogu\u0107nost dobijanja dr\u017eavne subvencije, ovaj \u010dista\u010d vazduha postaje jo\u0161 privla\u010dnija opcija za one koji \u017eele da pobolj\u0161aju kvalitet vazduha u svojim domovima ili radnim prostorima.<\/p>\n","protected":false},"excerpt":{"rendered":"<h2 class=\"elementor-heading-title elementor-size-default\">Najvec\u0301i i najja\u010di u svojoj klasi do 120 m\u00b2 &#8211; 2k efikasna HEPA filter za\u0161tita od virusa, bakterija, fine pra\u0161ine i drugih \u010destica<\/h2>\n","protected":false},"featured_media":4371,"comment_status":"open","ping_status":"closed","template":"","meta":[],"product_cat":[196,206],"product_tag":[238],"class_list":["post-4346","product","type-product","status-publish","has-post-thumbnail","hentry","product_cat-preciscivaci-vazduha","product_cat-preciscivaci-vazduha-kucni","product_tag-trotec"],"_links":{"self":[{"href":"https:\/\/masinezavlagu021.com\/index.php\/wp-json\/wp\/v2\/product\/4346","targetHints":{"allow":["GET"]}}],"collection":[{"href":"https:\/\/masinezavlagu021.com\/index.php\/wp-json\/wp\/v2\/product"}],"about":[{"href":"https:\/\/masinezavlagu021.com\/index.php\/wp-json\/wp\/v2\/types\/product"}],"replies":[{"embeddable":true,"href":"https:\/\/masinezavlagu021.com\/index.php\/wp-json\/wp\/v2\/comments?post=4346"}],"wp:featuredmedia":[{"embeddable":true,"href":"https:\/\/masinezavlagu021.com\/index.php\/wp-json\/wp\/v2\/media\/4371"}],"wp:attachment":[{"href":"https:\/\/masinezavlagu021.com\/index.php\/wp-json\/wp\/v2\/media?parent=4346"}],"wp:term":[{"taxonomy":"product_cat","embeddable":true,"href":"https:\/\/masinezavlagu021.com\/index.php\/wp-json\/wp\/v2\/product_cat?post=4346"},{"taxonomy":"product_tag","embeddable":true,"href":"https:\/\/masinezavlagu021.com\/index.php\/wp-json\/wp\/v2\/product_tag?post=4346"}],"curies":[{"name":"wp","href":"https:\/\/api.w.org\/{rel}","templated":true}]}}