{"id":4324,"date":"2023-10-18T19:08:39","date_gmt":"2023-10-18T19:08:39","guid":{"rendered":"https:\/\/masine.aviportfolio.com\/?post_type=product&#038;p=4324"},"modified":"2026-02-15T23:34:32","modified_gmt":"2026-02-15T22:34:32","slug":"dizajnerski-preciscivac-vazduha-airgoclean-140-e-145-e","status":"publish","type":"product","link":"https:\/\/masinezavlagu021.com\/index.php\/product\/dizajnerski-preciscivac-vazduha-airgoclean-140-e-145-e\/","title":{"rendered":"TROTEC DIZAJNERSKI PRE\u010cI\u0160C\u0301IVA\u010c VAZDUHA AIRGOCLEAN \u00ae 140 E"},"content":{"rendered":"<p>&#8222;Na zidu, za zdraviji vazduh za \u017eivot, igru, u\u010denje i rad<\/p>\n<p>Kompaktni \u010dista\u010d vazduha AirgoClean\u00ae 140 E je savr\u0161en izbor za privatne stambene prostore, de\u010dije sobe, igraonice, hobisti\u010dke ili prostorije za trening, zajedni\u010dke kancelarije i sli\u010dne oblasti, kako bi efikasno i tiho \u010distio vazduh u prostoru. Zahvaljuju\u0107i opciji monta\u017ee na zidu (tako\u0111e mo\u017ee se koristiti kao slobodnostoje\u0107i ure\u0111aj), ure\u0111aj ne smeta i nalazi se na sigurnom mestu na zidu. Na taj na\u010din, rizik od povrede, na primer, deteta koje bi se spotaklo o ure\u0111aj, je isklju\u010den. Pri izboru boje, pratite svoj li\u010dni stil. Elegantan beli AirgoClean\u00ae 140 E ne\u017eno ispunjava prostor \u010distim vazduhom, slobodnim od zaga\u0111enja i patogena. Oni koji vole upadljiviji izgled mogu odabrati mat crni AirgoClean\u00ae 145 E da napravi vizuelnu izjavu u prostoru.<\/p>\n<p>Elegantan dizajn zidnog ure\u0111aja i prenosivog mobilnog ure\u0111aja u jednom&#8217;<\/p>\n<p>Prilikom postavljanja ure\u0111aja, AirgoClean\u00ae 140 E vam pru\u017ea slobodu izbora. Sa uklju\u010denim zidnim dr\u017ea\u010dem u pakovanju, tanak \u010dista\u010d vazduha pretvara se u atraktivan zidni ure\u0111aj sa minimalnim potrebama za prostorom. Za slobodnu upotrebu u vi\u0161e prostorija, \u010dista\u010d vazduha ima prakti\u010dnu ru\u010dku za no\u0161enje i zakrivljen postolje.<\/p>\n<p>Uklanja ono \u0161to vas optere\u0107uje &#8211; uklanja 99,97% \u010destica do 0,3 \u00b5m iz vazduha u prostoru<\/p>\n<p>Inovativan kao i dizajn AirgoClean\u00ae 140 E je njegov pametan sistem za \u010di\u0161\u0107enje vazduha koji stalno kontroli\u0161e i pobolj\u0161ava kvalitet vazduha u prostoru. Za\u0161titite svoje zdravlje i zdravlje okoline sa vazduhom koji je pro\u0161ao kroz HEPA filter i koji je 99,97% slobodan od \u0161tetnih \u010destica i zaga\u0111iva\u010da. AirgoClean\u00ae 140 E efikasno uklanja \u0161tetne viruse kao \u0161to su SARS-CoV-2 ili grip virus, bakterije, \u010destice pra\u0161ine, polen, ostatke grinja, spore plesni ili alergene iz vazduha u prostoru, kao i cigaretni dim, smog i druge neprijatne mirise. Potpuno automatski, zahvaljuju\u0107i najsavremenijim &#8222;senzorima za kvalitet vazduha&#8220;. Senzori za kvalitet vazduha AirgoClean\u00ae 140 E neprestano prate temperaturu u prostoru, vla\u017enost vazduha, kao i kvalitet vazduha i koncentraciju mikro\u010destica u vazduhu, kako bi ga o\u010distili uz pametno upravljanje.<\/p>\n<p>Izuzetna udobnost sa efikasnom HEPA filter tehnologijom<\/p>\n<p>AirgoClean\u00ae 140 E kombinuje najnoviju generaciju napredne HEPA tehnologije za \u010di\u0161\u0107enje vazduha sa izvanrednom funkcionalno\u0161\u0107u. Va\u017eni parametri kvaliteta vazduha, temperatura, vla\u017enost, nivo \u010destica u vazduhu i kvalitet vazduha se meri u stvarnom vremenu i prikazuje na jasan na\u010din. Pomo\u0107u UV funkcije, mo\u017ee se uklju\u010diti UV-LED kako bi se unutar ure\u0111aja spre\u010dila formiranje virusa, bakterija i neprijatnih mirisa. Ova izuzetna oprema u ovoj klasi ure\u0111aja obuhvata tri re\u017eima rada (automatski re\u017eim, no\u0107ni re\u017eim i ventilaciju), jonizaciju, za\u0161titu za decu, prakti\u010dno daljinsko upravljanje putem IR daljinskog upravlja\u010da i programabilni tajmer od 24 sata.<\/p>\n<p>Trobojno prikazivanje kvaliteta vazduha sa vrednostima PM2.5<\/p>\n<p>Troslojni prikaz kvaliteta vazduha AirgoClean\u00ae 140 E \u010dini ina\u010de nevidljiv kvalitet vazduha vidljivim. Osim numeri\u010dkog prikaza vrednosti PM-2.5 (broj \u010destica pra\u0161ine manjih od 2,5 \u00b5m), opti\u010dki prikaz boja LED lampica signalizira stepen \u010distog okru\u017eenja:<\/p>\n<p>Zelena: Dobar kvalitet vazduha PM2.5 vrednost 0 &#8211; 50 \u017duta: Srednji kvalitet vazduha PM2.5 vrednost 51-100 Crvena: Lo\u0161 kvalitet vazduha PM2.5 vrednost &gt; 100<\/p>\n<p>\u0160ta zna\u010di vrednost PM2.5?<\/p>\n<p>PM 2.5 \u010destice su \u010destice pra\u0161ine koje su manje od 2,5 \u00b5m u pre\u010dniku i mogu prodreti duboko u disajne puteve, sr\u010dano-krvni sistem i mozak, gde mogu izazvati \u0161tetu zbog svoje male veli\u010dine. Svetska zdravstvena organizacija je u okviru projekta REVIHAAP zaklju\u010dila da PM 2.5 \u010destice mogu izazvati aterosklerozu, uticati na trudno\u0107u i izazvati respiratorne bolesti kod dece.<\/p>\n<p>Automatski \u010dist vazduh, bez virusa i zaga\u0111iva\u010da<\/p>\n<p>\u010cist vazduh je od su\u0161tinskog<\/p>\n<p>zna\u010daja za zdrav \u017eivot. Zato ne prepu\u0161tajte kvalitet vazduha slu\u010daju. Senzori &#8222;Kvaliteta vazduha&#8220; AirgoClean\u00ae 140 E neprestano prate klju\u010dne parametre vazduha u prostoru kako bi pouzdano uklonili \u0161tetne mikro\u010destice i patogene iz va\u0161eg okru\u017eenja.<\/p>\n<p>Kombinacija podataka o klimi i prikaz kvaliteta vazduha sa stvarnim PM-2.5 vrednostima, trenutnom temperaturom i vla\u017eno\u0161\u0107u vazduha<\/p>\n<p>Jasno vidljiv prikaz kvaliteta vazduha AirgoClean\u00ae 140 E prikazuje kvalitet unutra\u0161njeg vazduha i broj fine \u010destice u vazduhu PM-2.5 (\u010destice pra\u0161ine manje od 2,5 \u00b5m), dok opti\u010dki prikaz boja LED lampica istovremeno pokazuje stepen \u010disto\u0107e vazduha u tri boje. Posebno korisno je prikazivanje trenutne temperature i vla\u017enosti vazduha &#8211; dva va\u017ena parametra za zdravlje i udobnost.<\/p>\n<p>Zahvaljuju\u0107i neprekidnom pra\u0107enju senzora za kvalitet vazduha, \u010destice pra\u0161ine, prljav\u0161tina, \u010destice u vazduhu i gasovi se odmah prepoznaju i uklanjaju putem prilago\u0111ene funkcije \u010di\u0161\u0107enja vazduha. Protok vazduha se automatski reguli\u0161e kako bi se detektovane \u010destice i mirisi trenutno uklonili iz vazduha u prostoru.<\/p>\n<p>Podru\u010dja primene i veli\u010dine prostora:<\/p>\n<p>Filtracija \u010destica pra\u0161ine, polena i dlaka ku\u0107nih ljubimaca (CADR): Pogodan za prostorije do 44 m\u00b2 \/ 110 m\u00b3. Preporuka Trotec* 32 m\u00b2 \/ 80 m\u00b3<\/p>\n<p>Filtracija virusa SARS-CoV-2 i op\u0161ta za\u0161tita od infekcija (grip, prehlada, malarija, itd.): Za 6 izmena vazduha, pogodan za prostorije do maksimalno 22 m\u00b2 \/ 55 m\u00b3. Preporuka Trotec* 16 m\u00b2 \/ 40 m\u00b3. Za 10 izmena vazduha, pogodan za prostorije do maksimalno 13 m\u00b2 \/ 33 m\u00b3. Preporuka Trotec* 10 m\u00b2 \/ 24 m\u00b3.<\/p>\n<p>*Napomena: U reklamama se \u010desto isti\u010de maksimalna veli\u010dina prostora kao &#8222;preporu\u010dena veli\u010dina prostora&#8220;. Da bi se postigla dobra kombinacija \u010di\u0161\u0107enja vazduha i nivoa buke, na\u0161e preporu\u010dene veli\u010dine prostora usmerene su na maksimalni nivo buke od 50 dB(A).<\/p>\n<p>Automatski re\u017eim i filtracija virusa:<\/p>\n<p>Nemojte koristiti automatski re\u017eim kada ure\u0111aj slu\u017ei za filtraciju virusa. Ugra\u0111eni senzori reaguju samo na prisustvo \u010destica pra\u0161ine ili polena u vazduhu. Virusno optere\u0107enje nije detektovano od strane ure\u0111aja. Mogu\u0107e je da \u0107e automatski re\u017eim prikazati &#8222;dobar&#8220; kvalitet vazduha, iako je prisustvo virusa u prostoru veoma visoko. Zbog toga preporu\u010dujemo, kad se ure\u0111aj koristi za filtraciju virusa radi smanjenja indirektnog rizika od infekcije, uvek postaviti brzinu ventilatora koja je zahtevana za odgovaraju\u0107u cirkulaciju vazduha (volumen vazduha) u datim uslovima.<\/p>\n<p>Udoban na\u010din da u\u017eivate u \u010distom vazduhu<\/p>\n<p>Svi AirgoClean\u00ae \u010dista\u010di vazduha odlikuju se izvanrednom HEPA filtracionom snagom uz istovremeno visok protok vazduha, \u0161to su dva klju\u010dna faktora za pouzdano i brzo \u010di\u0161\u0107enje vazduha u prostoru. Osim toga, \u010dista\u010di vazduha imaju obiman set komfornih funkcija koji se retko nalazi u ovoj klasi ure\u0111aja, a nalazi se samo kod ure\u0111aja serije AirgoClean\u00ae.<\/p>\n<p>Prikazivanje kvaliteta vazduha<\/p>\n<p>Senzori &#8222;Kvaliteta vazduha&#8220; AirgoClean\u00ae 140 E stalno mere trenutnu temperaturu i relativnu vla\u017enost vazduha i prikazuju ove parametre na ekranu ure\u0111aja.<\/p>\n<p>Daljinski upravlja\u010d velikog dometa<\/p>\n<p>Prakti\u010dnim IR daljinskim upravlja\u010dem mo\u017eete udobno i lako upravljati svim funkcijama ure\u0111aja iz udobnosti va\u0161eg mesta, kao dodatak ru\u010dnom pode\u0161avanju putem kontrolne plo\u010de.<\/p>\n<p>Programabilni tajmer od 24 sata<\/p>\n<p>Tajmer se mo\u017ee postaviti u jednosatnim intervalima kako bi ure\u0111aj automatski isklju\u010dio nakon unapred postavljenog vremena. To \u0161tedi energiju i osloba\u0111a vas brige o isklju\u010divanju nakon napornog radnog dana kod ku\u0107e ili pre spavanja.<\/p>\n<p>Za\u0161tita za decu i ku\u0107ne ljubimce<\/p>\n<p>Deca su prirodno radoznala, a i ku\u0107ni ljubimci svakodnevno istra\u017euju svoje okru\u017eenje. Za\u0161titna funkcija za decu mo\u017ee se aktivirati tasterom kako bi se za\u0161titile postavke ure\u0111aja od radoznalih ruku dece i ku\u0107nih ljubimaca. Status za\u0161tite za decu prikazuje se na digitalnom ekranu.<\/p>\n<p>UV funkcija<\/p>\n<p>\u010cista\u010d vazduha ima i UV funkciju. U kombinaciji sa fotokataliti\u010dkom povr\u0161inom filtera, UV-LED svetlo smanjuje formiranje bakterija, virusa<\/p>\n<p>i neprijatnih mirisa unutar ure\u0111aja.<\/p>\n<p>No\u0107ni re\u017eim sa prigu\u0161enom kontrolnom tablom i smanjenom bukom<\/p>\n<p>Za miran i neprekidan san, kontrolna tabla se prigu\u0161uje u re\u017eimu no\u0107nog rada. Protok vazduha se prilago\u0111ava potrebama tokom spavanja, a brzina ventilatora se smanjuje na najni\u017ei nivo.<\/p>\n<p>3-u-1 HEPA filtraciona tehnologija sa jonizacijom za zdravu unutra\u0161nju klimu<\/p>\n<p>Zahvaljuju\u0107i kombinovanom sistemu filtracije sa HEPA, aktivnim ugljem i DACRON\u00ae tehnikom, uz dodatnu jonizaciju, sitne \u010destice pra\u0161ine, alergeni i drugi patogeni se efikasno uklanjaju iz unutra\u0161njeg vazduha.<\/p>\n<p>HEPA filter (99,97%)<\/p>\n<p>HEPA filter uklanja viruse, bakterije, polen, alergene, \u010destice pra\u0161ine i spore plesni veli\u010dine do 0,3 mikrometra iz unutra\u0161njeg vazduha. Zahvaljuju\u0107i visokoj efikasnosti filtracije od 99,97%, filteri ove klase se koriste u higijenski osetljivim laboratorijskim okru\u017eenjima i u proizvodnji hrane. To stvara idealne uslove za pretvaranje stambenih prostora, de\u010dijih soba, teretana, baletskih studija ili konferencijskih sala u oaze udobnosti sa \u010distim, filtriranim i sve\u017eim vazduhom.<\/p>\n<p>Aktivni ugaljni filter (Filter sa aktivnim ugljem)<\/p>\n<p>Dodatni filter sa aktivnim ugljem idealan je za pu\u0161a\u010de, jer neutrali\u0161e \u0161tetne mirise, posebno miris duvana, mirise ku\u0107nih ljubimaca, kuhinjske mirise, dim cigareta i mirise formaldehida i rastvara\u010da iz okoline. Ovaj filter osigurava \u010dist vazduh bez neprijatnih mirisa.<\/p>\n<p>DACRON\u00ae predfilter<\/p>\n<p>DACRON\u00ae se odnosi na sinteti\u010dke neprekidne niti izra\u0111ene od poliestera, koje su idealne kao predfilter u \u010di\u0161\u0107enju vazduha zbog svojih posebno alergijskih svojstava. Filteri napravljeni od ovih sinteti\u010dkih vlakana su izuzetno izdr\u017eljivi, dugotrajni i otporni na vodu. Sam predfilter ve\u0107 efikasno filtrira lagane do srednje te\u0161ke mirise, ve\u0107e \u010destice pra\u0161ine i dlake ku\u0107nih ljubimaca iz unutra\u0161njeg vazduha.<\/p>\n<p>Jonizacija<\/p>\n<p>Ve\u0107 visok stepen filtracije dodatno se pobolj\u0161ava potpuno automatskom jonizacijom. Negativno naelektrisani joni se osloba\u0111aju, a njihovo stati\u010dko pra\u017enjenje vezuje lebde\u0107e polen, pra\u0161inu, viruse i bakterije i prisiljava ih da padnu na tlo, gde ih odmah usisava i uklanja vazdu\u0161na struja trostepenog ventilatora. Na ovaj na\u010din unutra\u0161nji vazduh se \u010disti jo\u0161 efikasnije i dodatno oboga\u0107uje aktivnim kiseonikom.<\/p>\n<p>Brza i jednostavna zamena filtera<\/p>\n<p>Zamena ve\u0107 predmontiranih filtera AirgoClean\u00ae 140 E je jednako jednostavna kao i upravljanje ure\u0111ajem. Poklopac ure\u0111aja se otvara bez upotrebe alata sa jednim pokretom kako bi se pregledali predfilter i HEPA filter i zamenili ih po potrebi.<\/p>\n<p>Prednosti u praksi:<\/p>\n<p>Vi\u0161estepeni sistem \u010di\u0161\u0107enja unutra\u0161njeg vazduha sa DACRON\u00ae predfilterom, HEPA-Carbon filterom (99,97%) i jonizacijom Visoko efikasna HEPA filtracija \u010destica pra\u0161ine, lebde\u0107ih \u010destica, \u0161tetnih materija, virusa i neprijatnih mirisa UV-LED \u0161titi unutra\u0161njost ure\u0111aja od razvoja bakterija, virusa i neprijatnih mirisa Kombinovani prikaz kvaliteta vazduha u LED bojama sa stvarnim vrednostima \u010destica pra\u0161ine (PM-2,5 vrednost) Pogodan za potpuno automatsko \u010di\u0161\u0107enje vazduha u prostorijama do 100 m\u00b3 Maksimalan protok vazduha od 330 m\u00b3\/h 3 brzine ventilatora sa turbo re\u017eimom 2 re\u017eima rada: automatski re\u017eim sa svetlosnim senzorom i no\u0107ni re\u017eim Prikaz kvaliteta vazduha sa temperaturom i relativnom vla\u017eno\u0161\u0107u vazduha Kompaktan i mo\u0107an sa jednostavnim upravljanjem Brza i laka zamena filtera Daljinska kontrola putem IR daljinskog upravlja\u010da Funkcija tajmera Za\u0161tita za decu Indikatori filtera No\u0107ni re\u017eim (smanjena buka) Mo\u017ee se koristiti kao zidni ili samostoje\u0107i ure\u0111aj Nizak energetski potro\u0161a\u010d Pogodno za alergi\u010dare Napomena: Koristite samo originalne Trotec zamenske filtere. Samo oni su prilago\u0111eni i testirani za va\u0161 ure\u0111aj. Jeftine zamenske filtere obi\u010dno ne ispunjavaju navedene vrednosti filtera i ne garantuju protok vazduha za koji je ure\u0111aj projektovan. Upotreba jeftinih zamenskih filtera za za\u0161titu od virusa mo\u017ee predstavljati rizik za zdravlje. Zbog svoje bezbednosti koristite samo originalne Trotec filtere.<\/p>\n","protected":false},"excerpt":{"rendered":"<h2 class=\"elementor-heading-title elementor-size-default\">Zidni pre\u010dista\u010d vazduha sa daljinskim upravlja\u010dem &#8211; HEPA filter + UV funkcija za za\u0161titu od virusa, bakterija, fine pra\u0161ine i drugih \u010destica<\/h2>\n","protected":false},"featured_media":4325,"comment_status":"open","ping_status":"closed","template":"","meta":[],"product_cat":[196,206],"product_tag":[238],"class_list":["post-4324","product","type-product","status-publish","has-post-thumbnail","hentry","product_cat-preciscivaci-vazduha","product_cat-preciscivaci-vazduha-kucni","product_tag-trotec"],"_links":{"self":[{"href":"https:\/\/masinezavlagu021.com\/index.php\/wp-json\/wp\/v2\/product\/4324","targetHints":{"allow":["GET"]}}],"collection":[{"href":"https:\/\/masinezavlagu021.com\/index.php\/wp-json\/wp\/v2\/product"}],"about":[{"href":"https:\/\/masinezavlagu021.com\/index.php\/wp-json\/wp\/v2\/types\/product"}],"replies":[{"embeddable":true,"href":"https:\/\/masinezavlagu021.com\/index.php\/wp-json\/wp\/v2\/comments?post=4324"}],"wp:featuredmedia":[{"embeddable":true,"href":"https:\/\/masinezavlagu021.com\/index.php\/wp-json\/wp\/v2\/media\/4325"}],"wp:attachment":[{"href":"https:\/\/masinezavlagu021.com\/index.php\/wp-json\/wp\/v2\/media?parent=4324"}],"wp:term":[{"taxonomy":"product_cat","embeddable":true,"href":"https:\/\/masinezavlagu021.com\/index.php\/wp-json\/wp\/v2\/product_cat?post=4324"},{"taxonomy":"product_tag","embeddable":true,"href":"https:\/\/masinezavlagu021.com\/index.php\/wp-json\/wp\/v2\/product_tag?post=4324"}],"curies":[{"name":"wp","href":"https:\/\/api.w.org\/{rel}","templated":true}]}}