{"id":78,"date":"2023-10-09T09:36:05","date_gmt":"2023-10-09T09:36:05","guid":{"rendered":"https:\/\/masine.aviportfolio.com\/?page_id=78"},"modified":"2025-12-22T20:35:28","modified_gmt":"2025-12-22T19:35:28","slug":"elektricna-grejalica-tds-20-r","status":"publish","type":"page","link":"https:\/\/masinezavlagu021.com\/index.php\/elektricna-grejalica-tds-20-r\/","title":{"rendered":"ELEKTRI\u010cNA GREJALICA TDS 20 R"},"content":{"rendered":"\t\t<div data-elementor-type=\"wp-page\" data-elementor-id=\"78\" class=\"elementor elementor-78\" data-elementor-post-type=\"page\">\n\t\t\t\t<div class=\"elementor-element elementor-element-51405ab9 e-con-full e-flex e-con e-parent\" data-id=\"51405ab9\" data-element_type=\"container\">\n\t\t\t\t<div class=\"elementor-element elementor-element-31923559 elementor-widget elementor-widget-image\" data-id=\"31923559\" data-element_type=\"widget\" data-widget_type=\"image.default\">\n\t\t\t\t<div class=\"elementor-widget-container\">\n\t\t\t\t\t\t\t\t\t\t\t\t\t<img fetchpriority=\"high\" decoding=\"async\" width=\"1600\" height=\"374\" src=\"https:\/\/masinezavlagu021.com\/wp-content\/uploads\/2023\/10\/elektro-heizkanone-tds-20-r-32a1.jpg\" class=\"attachment-full size-full wp-image-80\" alt=\"\" srcset=\"https:\/\/masinezavlagu021.com\/wp-content\/uploads\/2023\/10\/elektro-heizkanone-tds-20-r-32a1.jpg 1600w, https:\/\/masinezavlagu021.com\/wp-content\/uploads\/2023\/10\/elektro-heizkanone-tds-20-r-32a1-90x21.jpg 90w, https:\/\/masinezavlagu021.com\/wp-content\/uploads\/2023\/10\/elektro-heizkanone-tds-20-r-32a1-600x140.jpg 600w, https:\/\/masinezavlagu021.com\/wp-content\/uploads\/2023\/10\/elektro-heizkanone-tds-20-r-32a1-300x70.jpg 300w, https:\/\/masinezavlagu021.com\/wp-content\/uploads\/2023\/10\/elektro-heizkanone-tds-20-r-32a1-1024x239.jpg 1024w, https:\/\/masinezavlagu021.com\/wp-content\/uploads\/2023\/10\/elektro-heizkanone-tds-20-r-32a1-768x180.jpg 768w, https:\/\/masinezavlagu021.com\/wp-content\/uploads\/2023\/10\/elektro-heizkanone-tds-20-r-32a1-1536x359.jpg 1536w\" sizes=\"(max-width: 1600px) 100vw, 1600px\" \/>\t\t\t\t\t\t\t\t\t\t\t\t\t<\/div>\n\t\t\t\t<\/div>\n\t\t\t\t<\/div>\n\t\t<div class=\"elementor-element elementor-element-5d607fea e-flex e-con-boxed e-con e-parent\" data-id=\"5d607fea\" data-element_type=\"container\">\n\t\t\t\t\t<div class=\"e-con-inner\">\n\t\t\t\t<div class=\"elementor-element elementor-element-7ab9885c elementor-widget elementor-widget-heading\" data-id=\"7ab9885c\" data-element_type=\"widget\" data-widget_type=\"heading.default\">\n\t\t\t\t<div class=\"elementor-widget-container\">\n\t\t\t<h2 class=\"elementor-heading-title elementor-size-default\">ELEKTRI\u010cNA GREJALICA TDS 20 R<\/h2>\t\t<\/div>\n\t\t\t\t<\/div>\n\t\t\t\t<div class=\"elementor-element elementor-element-2c61d2d9 elementor-widget elementor-widget-heading\" data-id=\"2c61d2d9\" data-element_type=\"widget\" data-widget_type=\"heading.default\">\n\t\t\t\t<div class=\"elementor-widget-container\">\n\t\t\t<h2 class=\"elementor-heading-title elementor-size-default\">Jeftino grejanje za negrejane male prostorije: sa malim, laganim i stoga veoma mobilnim TDS 20 R<\/h2>\t\t<\/div>\n\t\t\t\t<\/div>\n\t\t\t\t\t<\/div>\n\t\t\t\t<\/div>\n\t\t<div class=\"elementor-element elementor-element-792c95e1 e-con-full e-flex e-con e-parent\" data-id=\"792c95e1\" data-element_type=\"container\">\n\t\t<div class=\"elementor-element elementor-element-333a2c0d e-con-full e-flex e-con e-child\" data-id=\"333a2c0d\" data-element_type=\"container\">\n\t\t\t\t<div class=\"elementor-element elementor-element-489b6be5 elementor-widget elementor-widget-image\" data-id=\"489b6be5\" data-element_type=\"widget\" data-widget_type=\"image.default\">\n\t\t\t\t<div class=\"elementor-widget-container\">\n\t\t\t\t\t\t\t\t\t\t\t\t\t<img decoding=\"async\" width=\"800\" height=\"800\" src=\"https:\/\/masinezavlagu021.com\/wp-content\/uploads\/2023\/10\/elektro-heizkanone-tds-20-r-thermostat-und-heizstufen-regler-8d28.jpg\" class=\"attachment-large size-large wp-image-81\" alt=\"\" srcset=\"https:\/\/masinezavlagu021.com\/wp-content\/uploads\/2023\/10\/elektro-heizkanone-tds-20-r-thermostat-und-heizstufen-regler-8d28.jpg 800w, https:\/\/masinezavlagu021.com\/wp-content\/uploads\/2023\/10\/elektro-heizkanone-tds-20-r-thermostat-und-heizstufen-regler-8d28-300x300.jpg 300w, https:\/\/masinezavlagu021.com\/wp-content\/uploads\/2023\/10\/elektro-heizkanone-tds-20-r-thermostat-und-heizstufen-regler-8d28-54x54.jpg 54w, https:\/\/masinezavlagu021.com\/wp-content\/uploads\/2023\/10\/elektro-heizkanone-tds-20-r-thermostat-und-heizstufen-regler-8d28-600x600.jpg 600w, https:\/\/masinezavlagu021.com\/wp-content\/uploads\/2023\/10\/elektro-heizkanone-tds-20-r-thermostat-und-heizstufen-regler-8d28-150x150.jpg 150w, https:\/\/masinezavlagu021.com\/wp-content\/uploads\/2023\/10\/elektro-heizkanone-tds-20-r-thermostat-und-heizstufen-regler-8d28-768x768.jpg 768w\" sizes=\"(max-width: 800px) 100vw, 800px\" \/>\t\t\t\t\t\t\t\t\t\t\t\t\t<\/div>\n\t\t\t\t<\/div>\n\t\t\t\t<div class=\"elementor-element elementor-element-7c67326a elementor-widget elementor-widget-image\" data-id=\"7c67326a\" data-element_type=\"widget\" data-widget_type=\"image.default\">\n\t\t\t\t<div class=\"elementor-widget-container\">\n\t\t\t\t\t\t\t\t\t\t\t\t\t<img decoding=\"async\" width=\"800\" height=\"800\" src=\"https:\/\/masinezavlagu021.com\/wp-content\/uploads\/2023\/10\/elektro-heizkanone-tds-20-r-20e6.jpg\" class=\"attachment-large size-large wp-image-83\" alt=\"\" srcset=\"https:\/\/masinezavlagu021.com\/wp-content\/uploads\/2023\/10\/elektro-heizkanone-tds-20-r-20e6.jpg 800w, https:\/\/masinezavlagu021.com\/wp-content\/uploads\/2023\/10\/elektro-heizkanone-tds-20-r-20e6-300x300.jpg 300w, https:\/\/masinezavlagu021.com\/wp-content\/uploads\/2023\/10\/elektro-heizkanone-tds-20-r-20e6-54x54.jpg 54w, https:\/\/masinezavlagu021.com\/wp-content\/uploads\/2023\/10\/elektro-heizkanone-tds-20-r-20e6-600x600.jpg 600w, https:\/\/masinezavlagu021.com\/wp-content\/uploads\/2023\/10\/elektro-heizkanone-tds-20-r-20e6-150x150.jpg 150w, https:\/\/masinezavlagu021.com\/wp-content\/uploads\/2023\/10\/elektro-heizkanone-tds-20-r-20e6-768x768.jpg 768w\" sizes=\"(max-width: 800px) 100vw, 800px\" \/>\t\t\t\t\t\t\t\t\t\t\t\t\t<\/div>\n\t\t\t\t<\/div>\n\t\t\t\t<\/div>\n\t\t<div class=\"elementor-element elementor-element-322bbf0d e-con-full e-flex e-con e-child\" data-id=\"322bbf0d\" data-element_type=\"container\">\n\t\t\t\t<div class=\"elementor-element elementor-element-6b5fa79b elementor-widget elementor-widget-image\" data-id=\"6b5fa79b\" data-element_type=\"widget\" data-widget_type=\"image.default\">\n\t\t\t\t<div class=\"elementor-widget-container\">\n\t\t\t\t\t\t\t\t\t\t\t\t\t<img loading=\"lazy\" decoding=\"async\" width=\"800\" height=\"800\" src=\"https:\/\/masinezavlagu021.com\/wp-content\/uploads\/2023\/10\/elektro-heizkanone-tds-20-r-9f9c.jpg\" class=\"attachment-full size-full wp-image-82\" alt=\"\" srcset=\"https:\/\/masinezavlagu021.com\/wp-content\/uploads\/2023\/10\/elektro-heizkanone-tds-20-r-9f9c.jpg 800w, https:\/\/masinezavlagu021.com\/wp-content\/uploads\/2023\/10\/elektro-heizkanone-tds-20-r-9f9c-300x300.jpg 300w, https:\/\/masinezavlagu021.com\/wp-content\/uploads\/2023\/10\/elektro-heizkanone-tds-20-r-9f9c-54x54.jpg 54w, https:\/\/masinezavlagu021.com\/wp-content\/uploads\/2023\/10\/elektro-heizkanone-tds-20-r-9f9c-600x600.jpg 600w, https:\/\/masinezavlagu021.com\/wp-content\/uploads\/2023\/10\/elektro-heizkanone-tds-20-r-9f9c-150x150.jpg 150w, https:\/\/masinezavlagu021.com\/wp-content\/uploads\/2023\/10\/elektro-heizkanone-tds-20-r-9f9c-768x768.jpg 768w\" sizes=\"(max-width: 800px) 100vw, 800px\" \/>\t\t\t\t\t\t\t\t\t\t\t\t\t<\/div>\n\t\t\t\t<\/div>\n\t\t\t\t<\/div>\n\t\t<div class=\"elementor-element elementor-element-32be9276 e-con-full e-flex e-con e-child\" data-id=\"32be9276\" data-element_type=\"container\">\n\t\t<div class=\"elementor-element elementor-element-263e4542 e-flex e-con-boxed e-con e-child\" data-id=\"263e4542\" data-element_type=\"container\">\n\t\t\t\t\t<div class=\"e-con-inner\">\n\t\t\t\t<div class=\"elementor-element elementor-element-726aa458 elementor-widget elementor-widget-text-editor\" data-id=\"726aa458\" data-element_type=\"widget\" data-widget_type=\"text-editor.default\">\n\t\t\t\t<div class=\"elementor-widget-container\">\n\t\t\t\t\t\t\t<p>Ako tra\u017eite solidno i bud\u017eetom optimizovano re\u0161enje za brzo i jednostavno grejanje na struju, onda mo\u017eemo samo toplo da preporu\u010dimo na\u0161 elektri\u010dni greja\u010d TDS 20 R.<\/p><p>Podesite ga, uklju\u010dite, gotovo \u2013 ovaj greja\u010d je lak za kori\u0161c\u0301enje koliko i prenosiv i proizvodi prijatnu toplotu bez tro\u0161enja kiseonika. Zbog toga je elektri\u010dni greja\u010d za topove TDS 20 R tako\u0111e idealan za grejanje slabo provetrenih prostorija ili podruma bez prozora i lako se mo\u017ee koristiti svuda gde direktno lo\u017eeni greja\u010di na gas ili ulje nisu po\u017eeljni ili dozvoljeni.<\/p><p>Integrisani termostat omoguc\u0301ava da se protok toplog vazduha neprekidno pode\u0161ava na \u017eeljenu temperaturu, a zatim uklju\u010duje i isklju\u010duje grejne elemente pored stalnog ventilatora radi u\u0161tede energije i to samo kada je to potrebno.<\/p>\t\t\t\t\t\t<\/div>\n\t\t\t\t<\/div>\n\t\t\t\t\t<\/div>\n\t\t\t\t<\/div>\n\t\t\t\t<\/div>\n\t\t\t\t<\/div>\n\t\t<div class=\"elementor-element elementor-element-230446e2 e-con-full e-flex e-con e-parent\" data-id=\"230446e2\" data-element_type=\"container\">\n\t\t<div class=\"elementor-element elementor-element-66fd8f12 e-con-full e-flex e-con e-child\" data-id=\"66fd8f12\" data-element_type=\"container\">\n\t\t\t\t<div class=\"elementor-element elementor-element-23d564d4 elementor-widget elementor-widget-text-editor\" data-id=\"23d564d4\" data-element_type=\"widget\" data-widget_type=\"text-editor.default\">\n\t\t\t\t<div class=\"elementor-widget-container\">\n\t\t\t\t\t\t\t<h2 class=\"\">Prednosti za praksu:<\/h2><ul><li>Integrisani termostat za konstantan protok toplog vazduha<\/li><li>Za\u0161tita od pregrevanja<\/li><li>Motor ventilatora sa termi\u010dkom za\u0161titom<\/li><li>Toplota bez kondenzacije \u2013 bez potro\u0161nje kiseonika \u2013 stoga idealno za unutra\u0161nje grejanje<\/li><\/ul>\t\t\t\t\t\t<\/div>\n\t\t\t\t<\/div>\n\t\t\t\t<\/div>\n\t\t<div class=\"elementor-element elementor-element-a3c6a73 e-con-full e-flex e-con e-child\" data-id=\"a3c6a73\" data-element_type=\"container\">\n\t\t\t\t<div class=\"elementor-element elementor-element-706cd43f elementor-widget elementor-widget-text-editor\" data-id=\"706cd43f\" data-element_type=\"widget\" data-widget_type=\"text-editor.default\">\n\t\t\t\t<div class=\"elementor-widget-container\">\n\t\t\t\t\t\t\t<ul class=\"list-grid grid-md-2 csc-default csc-bulletlist-1-a\"><li class=\"column\">Jednostavan za transport i rad<\/li><li class=\"column\">Rad ventilatora je moguc\u0301 i bez funkcije grejanja<\/li><li class=\"column\">Robusna konstrukcija sa ergonomskom ru\u010dkom za no\u0161enje<\/li><\/ul>\t\t\t\t\t\t<\/div>\n\t\t\t\t<\/div>\n\t\t\t\t<\/div>\n\t\t\t\t<\/div>\n\t\t<div class=\"elementor-element elementor-element-7143140c e-con-full e-flex e-con e-parent\" data-id=\"7143140c\" data-element_type=\"container\">\n\t\t<div class=\"elementor-element elementor-element-16434a3c e-con-full e-flex e-con e-child\" data-id=\"16434a3c\" data-element_type=\"container\">\n\t\t\t\t<div class=\"elementor-element elementor-element-7410a844 elementor-widget elementor-widget-image\" data-id=\"7410a844\" data-element_type=\"widget\" data-widget_type=\"image.default\">\n\t\t\t\t<div class=\"elementor-widget-container\">\n\t\t\t\t\t\t\t\t\t\t\t\t\t<img loading=\"lazy\" decoding=\"async\" width=\"960\" height=\"247\" src=\"https:\/\/masinezavlagu021.com\/wp-content\/uploads\/2023\/10\/technische-daten-im-vergleich-2ec9-1024x263.jpg\" class=\"attachment-large size-large wp-image-84\" alt=\"\" srcset=\"https:\/\/masinezavlagu021.com\/wp-content\/uploads\/2023\/10\/technische-daten-im-vergleich-2ec9-1024x263.jpg 1024w, https:\/\/masinezavlagu021.com\/wp-content\/uploads\/2023\/10\/technische-daten-im-vergleich-2ec9-90x23.jpg 90w, https:\/\/masinezavlagu021.com\/wp-content\/uploads\/2023\/10\/technische-daten-im-vergleich-2ec9-600x154.jpg 600w, https:\/\/masinezavlagu021.com\/wp-content\/uploads\/2023\/10\/technische-daten-im-vergleich-2ec9-300x77.jpg 300w, https:\/\/masinezavlagu021.com\/wp-content\/uploads\/2023\/10\/technische-daten-im-vergleich-2ec9-768x197.jpg 768w, https:\/\/masinezavlagu021.com\/wp-content\/uploads\/2023\/10\/technische-daten-im-vergleich-2ec9.jpg 1400w\" sizes=\"(max-width: 960px) 100vw, 960px\" \/>\t\t\t\t\t\t\t\t\t\t\t\t\t<\/div>\n\t\t\t\t<\/div>\n\t\t\t\t<\/div>\n\t\t<div class=\"elementor-element elementor-element-212f3e29 e-con-full e-flex e-con e-child\" data-id=\"212f3e29\" data-element_type=\"container\">\n\t\t\t\t<div class=\"elementor-element elementor-element-4fd63a59 elementor-widget elementor-widget-text-editor\" data-id=\"4fd63a59\" data-element_type=\"widget\" data-widget_type=\"text-editor.default\">\n\t\t\t\t<div class=\"elementor-widget-container\">\n\t\t\t\t\t\t\t<p>Svi elektri\u010dni greja\u010di u seriji TDS-R u direktnom pore\u0111enju:<br \/>Da biste prona\u0161li ta\u010dno TDS-R elektri\u010dni greja\u010d koji odgovara va\u0161im potrebama, imate priliku da jasno uporedite sve ure\u0111aje iz serije TDS-R iz Trotec-a.<\/p><p>Modeli koje ne \u017eelite da uklju\u010dite u pore\u0111enje mo\u017eete jednostavno kliknuti.<\/p>\t\t\t\t\t\t<\/div>\n\t\t\t\t<\/div>\n\t\t\t\t<\/div>\n\t\t\t\t<\/div>\n\t\t<div class=\"elementor-element elementor-element-197b62ea e-con-full e-flex e-con e-parent\" data-id=\"197b62ea\" data-element_type=\"container\">\n\t\t<div class=\"elementor-element elementor-element-34b96390 e-con-full e-flex e-con e-child\" data-id=\"34b96390\" data-element_type=\"container\">\n\t\t<div class=\"elementor-element elementor-element-157d0796 e-con-full e-flex e-con e-child\" data-id=\"157d0796\" data-element_type=\"container\">\n\t\t\t\t<div class=\"elementor-element elementor-element-51c325b2 elementor-widget elementor-widget-text-editor\" data-id=\"51c325b2\" data-element_type=\"widget\" data-widget_type=\"text-editor.default\">\n\t\t\t\t<div class=\"elementor-widget-container\">\n\t\t\t\t\t\t\t<p><strong>Vodi\u010d za prakti\u010dno znanje \u2013 znanje o grejanju za profesionalne korisnike<\/strong><br \/>Iskoristite znanje proizvo\u0111a\u010da iz prve ruke: Na na\u0161im stranicama vodi\u010da pru\u017eamo vam detaljne informacije o razli\u010ditim tipovima greja\u010da sa funkcionalnim opisima, klju\u010dnim oblastima primene i jo\u0161 mnogo toga.<\/p>\t\t\t\t\t\t<\/div>\n\t\t\t\t<\/div>\n\t\t\t\t<\/div>\n\t\t\t\t<\/div>\n\t\t<div class=\"elementor-element elementor-element-4230e668 e-con-full e-flex e-con e-child\" data-id=\"4230e668\" data-element_type=\"container\">\n\t\t\t\t<div class=\"elementor-element elementor-element-281db9cc elementor-widget elementor-widget-image\" data-id=\"281db9cc\" data-element_type=\"widget\" data-widget_type=\"image.default\">\n\t\t\t\t<div class=\"elementor-widget-container\">\n\t\t\t\t\t\t\t\t\t\t\t\t\t<img loading=\"lazy\" decoding=\"async\" width=\"960\" height=\"257\" src=\"https:\/\/masinezavlagu021.com\/wp-content\/uploads\/2023\/10\/direkt-weiter-zum-ratgeber-praxiswissen-profi-beheizung-feee-1024x274.jpg\" class=\"attachment-large size-large wp-image-41\" alt=\"\" srcset=\"https:\/\/masinezavlagu021.com\/wp-content\/uploads\/2023\/10\/direkt-weiter-zum-ratgeber-praxiswissen-profi-beheizung-feee-1024x274.jpg 1024w, https:\/\/masinezavlagu021.com\/wp-content\/uploads\/2023\/10\/direkt-weiter-zum-ratgeber-praxiswissen-profi-beheizung-feee-90x24.jpg 90w, https:\/\/masinezavlagu021.com\/wp-content\/uploads\/2023\/10\/direkt-weiter-zum-ratgeber-praxiswissen-profi-beheizung-feee-600x161.jpg 600w, https:\/\/masinezavlagu021.com\/wp-content\/uploads\/2023\/10\/direkt-weiter-zum-ratgeber-praxiswissen-profi-beheizung-feee-300x80.jpg 300w, https:\/\/masinezavlagu021.com\/wp-content\/uploads\/2023\/10\/direkt-weiter-zum-ratgeber-praxiswissen-profi-beheizung-feee-768x206.jpg 768w, https:\/\/masinezavlagu021.com\/wp-content\/uploads\/2023\/10\/direkt-weiter-zum-ratgeber-praxiswissen-profi-beheizung-feee.jpg 1400w\" sizes=\"(max-width: 960px) 100vw, 960px\" \/>\t\t\t\t\t\t\t\t\t\t\t\t\t<\/div>\n\t\t\t\t<\/div>\n\t\t\t\t<\/div>\n\t\t\t\t<\/div>\n\t\t<div class=\"elementor-element elementor-element-d9b31ea e-con-full e-flex e-con e-parent\" data-id=\"d9b31ea\" data-element_type=\"container\">\n\t\t<div class=\"elementor-element elementor-element-2c5ed3d8 e-con-full e-flex e-con e-child\" data-id=\"2c5ed3d8\" data-element_type=\"container\">\n\t\t\t\t<div class=\"elementor-element elementor-element-23365f33 elementor-widget elementor-widget-image\" data-id=\"23365f33\" data-element_type=\"widget\" data-widget_type=\"image.default\">\n\t\t\t\t<div class=\"elementor-widget-container\">\n\t\t\t\t\t\t\t\t\t\t\t\t\t<img loading=\"lazy\" decoding=\"async\" width=\"960\" height=\"224\" src=\"https:\/\/masinezavlagu021.com\/wp-content\/uploads\/2023\/10\/zum-kapazitaetsberechner-beheizung-d9d3-1024x239.jpg\" class=\"attachment-large size-large wp-image-42\" alt=\"\" srcset=\"https:\/\/masinezavlagu021.com\/wp-content\/uploads\/2023\/10\/zum-kapazitaetsberechner-beheizung-d9d3-1024x239.jpg 1024w, https:\/\/masinezavlagu021.com\/wp-content\/uploads\/2023\/10\/zum-kapazitaetsberechner-beheizung-d9d3-90x21.jpg 90w, https:\/\/masinezavlagu021.com\/wp-content\/uploads\/2023\/10\/zum-kapazitaetsberechner-beheizung-d9d3-600x140.jpg 600w, https:\/\/masinezavlagu021.com\/wp-content\/uploads\/2023\/10\/zum-kapazitaetsberechner-beheizung-d9d3-300x70.jpg 300w, https:\/\/masinezavlagu021.com\/wp-content\/uploads\/2023\/10\/zum-kapazitaetsberechner-beheizung-d9d3-768x180.jpg 768w, https:\/\/masinezavlagu021.com\/wp-content\/uploads\/2023\/10\/zum-kapazitaetsberechner-beheizung-d9d3-1536x359.jpg 1536w, https:\/\/masinezavlagu021.com\/wp-content\/uploads\/2023\/10\/zum-kapazitaetsberechner-beheizung-d9d3.jpg 1600w\" sizes=\"(max-width: 960px) 100vw, 960px\" \/>\t\t\t\t\t\t\t\t\t\t\t\t\t<\/div>\n\t\t\t\t<\/div>\n\t\t\t\t<\/div>\n\t\t<div class=\"elementor-element elementor-element-70110cd4 e-con-full e-flex e-con e-child\" data-id=\"70110cd4\" data-element_type=\"container\">\n\t\t\t\t<div class=\"elementor-element elementor-element-31a01c43 elementor-widget elementor-widget-text-editor\" data-id=\"31a01c43\" data-element_type=\"widget\" data-widget_type=\"text-editor.default\">\n\t\t\t\t<div class=\"elementor-widget-container\">\n\t\t\t\t\t\t\t<p><strong>Prora\u010dun potrebe za toplotom<\/strong><br \/>Prona\u0111ite pravu snagu grejanja u samo nekoliko koraka. Izra\u010dunajte toplotu potrebnu za zagrevanje va\u0161ih soba pomoc\u0301u na\u0161eg prakti\u010dnog onlajn kalkulatora.<\/p><p>Do kalkulatora toplotne snage<\/p>\t\t\t\t\t\t<\/div>\n\t\t\t\t<\/div>\n\t\t\t\t<\/div>\n\t\t\t\t<\/div>\n\t\t\t\t<\/div>\n\t\t","protected":false},"excerpt":{"rendered":"<p>ELEKTRI\u010cNA GREJALICA TDS 20 R Jeftino grejanje za negrejane male prostorije: sa malim, laganim i stoga veoma mobilnim TDS 20 R Ako tra\u017eite solidno i bud\u017eetom optimizovano re\u0161enje za brzo i jednostavno grejanje na struju, onda mo\u017eemo samo toplo da preporu\u010dimo na\u0161 elektri\u010dni greja\u010d TDS 20 R. Podesite ga, uklju\u010dite, gotovo \u2013 ovaj greja\u010d je<\/p>\n<div class=\"klb-readmore button\"><a class=\"btn link\" href=\"https:\/\/masinezavlagu021.com\/index.php\/elektricna-grejalica-tds-20-r\/\">Read More <i class=\"klbth-icon-right-arrow\"><\/i><\/a><\/div>\n","protected":false},"author":1,"featured_media":0,"parent":0,"menu_order":0,"comment_status":"closed","ping_status":"closed","template":"elementor_header_footer","meta":{"footnotes":""},"class_list":["post-78","page","type-page","status-publish","hentry"],"_links":{"self":[{"href":"https:\/\/masinezavlagu021.com\/index.php\/wp-json\/wp\/v2\/pages\/78","targetHints":{"allow":["GET"]}}],"collection":[{"href":"https:\/\/masinezavlagu021.com\/index.php\/wp-json\/wp\/v2\/pages"}],"about":[{"href":"https:\/\/masinezavlagu021.com\/index.php\/wp-json\/wp\/v2\/types\/page"}],"author":[{"embeddable":true,"href":"https:\/\/masinezavlagu021.com\/index.php\/wp-json\/wp\/v2\/users\/1"}],"replies":[{"embeddable":true,"href":"https:\/\/masinezavlagu021.com\/index.php\/wp-json\/wp\/v2\/comments?post=78"}],"version-history":[{"count":4,"href":"https:\/\/masinezavlagu021.com\/index.php\/wp-json\/wp\/v2\/pages\/78\/revisions"}],"predecessor-version":[{"id":88,"href":"https:\/\/masinezavlagu021.com\/index.php\/wp-json\/wp\/v2\/pages\/78\/revisions\/88"}],"wp:attachment":[{"href":"https:\/\/masinezavlagu021.com\/index.php\/wp-json\/wp\/v2\/media?parent=78"}],"curies":[{"name":"wp","href":"https:\/\/api.w.org\/{rel}","templated":true}]}}