{"id":570,"date":"2023-10-12T12:01:41","date_gmt":"2023-10-12T10:01:41","guid":{"rendered":"https:\/\/masine.aviportfolio.com\/?page_id=570"},"modified":"2023-11-03T09:56:19","modified_gmt":"2023-11-03T08:56:19","slug":"spoljna-pumpa-kondenzata","status":"publish","type":"page","link":"https:\/\/masinezavlagu021.com\/index.php\/spoljna-pumpa-kondenzata\/","title":{"rendered":"PUMPA ZA ODVOD KONDEZATA"},"content":{"rendered":"\t\t<div data-elementor-type=\"wp-page\" data-elementor-id=\"570\" class=\"elementor elementor-570\" data-elementor-post-type=\"page\">\n\t\t\t\t<div class=\"elementor-element elementor-element-4f49eedf e-con-full e-flex e-con e-parent\" data-id=\"4f49eedf\" data-element_type=\"container\">\n\t\t\t\t<div class=\"elementor-element elementor-element-5fcd0715 elementor-widget elementor-widget-image\" data-id=\"5fcd0715\" data-element_type=\"widget\" data-widget_type=\"image.default\">\n\t\t\t\t<div class=\"elementor-widget-container\">\n\t\t\t\t\t\t\t\t\t\t\t\t\t<img fetchpriority=\"high\" decoding=\"async\" width=\"1600\" height=\"373\" src=\"https:\/\/masinezavlagu021.com\/wp-content\/uploads\/2023\/10\/externe-kondensatpumpe-3017.jpg\" class=\"attachment-full size-full wp-image-572\" alt=\"\" srcset=\"https:\/\/masinezavlagu021.com\/wp-content\/uploads\/2023\/10\/externe-kondensatpumpe-3017.jpg 1600w, https:\/\/masinezavlagu021.com\/wp-content\/uploads\/2023\/10\/externe-kondensatpumpe-3017-90x21.jpg 90w, https:\/\/masinezavlagu021.com\/wp-content\/uploads\/2023\/10\/externe-kondensatpumpe-3017-600x140.jpg 600w, https:\/\/masinezavlagu021.com\/wp-content\/uploads\/2023\/10\/externe-kondensatpumpe-3017-300x70.jpg 300w, https:\/\/masinezavlagu021.com\/wp-content\/uploads\/2023\/10\/externe-kondensatpumpe-3017-1024x239.jpg 1024w, https:\/\/masinezavlagu021.com\/wp-content\/uploads\/2023\/10\/externe-kondensatpumpe-3017-768x179.jpg 768w, https:\/\/masinezavlagu021.com\/wp-content\/uploads\/2023\/10\/externe-kondensatpumpe-3017-1536x358.jpg 1536w\" sizes=\"(max-width: 1600px) 100vw, 1600px\" \/>\t\t\t\t\t\t\t\t\t\t\t\t\t<\/div>\n\t\t\t\t<\/div>\n\t\t\t\t<\/div>\n\t\t<div class=\"elementor-element elementor-element-22f05f20 e-flex e-con-boxed e-con e-parent\" data-id=\"22f05f20\" data-element_type=\"container\">\n\t\t\t\t\t<div class=\"e-con-inner\">\n\t\t\t\t<div class=\"elementor-element elementor-element-42304faa elementor-widget elementor-widget-heading\" data-id=\"42304faa\" data-element_type=\"widget\" data-widget_type=\"heading.default\">\n\t\t\t\t<div class=\"elementor-widget-container\">\n\t\t\t<h2 class=\"elementor-heading-title elementor-size-default\">SPOLJNA PUMPA ZA ODVOD KONDENZATA<\/h2>\t\t<\/div>\n\t\t\t\t<\/div>\n\t\t\t\t<div class=\"elementor-element elementor-element-246751e6 elementor-widget elementor-widget-heading\" data-id=\"246751e6\" data-element_type=\"widget\" data-widget_type=\"heading.default\">\n\t\t\t\t<div class=\"elementor-widget-container\">\n\t\t\t<h2 class=\"elementor-heading-title elementor-size-default\">Na\u0161a najbolja preporuka za trajnu kombinovanu upotrebu sa odvla\u017eiva\u010dima za bazene\n<\/h2>\t\t<\/div>\n\t\t\t\t<\/div>\n\t\t\t\t\t<\/div>\n\t\t\t\t<\/div>\n\t\t<div class=\"elementor-element elementor-element-87f3900 e-con-full e-flex e-con e-parent\" data-id=\"87f3900\" data-element_type=\"container\">\n\t\t<div class=\"elementor-element elementor-element-6831b1c e-con-full e-flex e-con e-child\" data-id=\"6831b1c\" data-element_type=\"container\">\n\t\t\t\t<div class=\"elementor-element elementor-element-d2d35c7 elementor-widget elementor-widget-image\" data-id=\"d2d35c7\" data-element_type=\"widget\" data-widget_type=\"image.default\">\n\t\t\t\t<div class=\"elementor-widget-container\">\n\t\t\t\t\t\t\t\t\t\t\t\t\t<img decoding=\"async\" width=\"685\" height=\"648\" src=\"https:\/\/masinezavlagu021.com\/wp-content\/uploads\/2023\/10\/externe-kondensatpumpe-2d7d.jpg\" class=\"attachment-large size-large wp-image-574\" alt=\"\" srcset=\"https:\/\/masinezavlagu021.com\/wp-content\/uploads\/2023\/10\/externe-kondensatpumpe-2d7d.jpg 685w, https:\/\/masinezavlagu021.com\/wp-content\/uploads\/2023\/10\/externe-kondensatpumpe-2d7d-57x54.jpg 57w, https:\/\/masinezavlagu021.com\/wp-content\/uploads\/2023\/10\/externe-kondensatpumpe-2d7d-600x568.jpg 600w, https:\/\/masinezavlagu021.com\/wp-content\/uploads\/2023\/10\/externe-kondensatpumpe-2d7d-300x284.jpg 300w\" sizes=\"(max-width: 685px) 100vw, 685px\" \/>\t\t\t\t\t\t\t\t\t\t\t\t\t<\/div>\n\t\t\t\t<\/div>\n\t\t\t\t<\/div>\n\t\t<div class=\"elementor-element elementor-element-aa6eb42 e-con-full e-flex e-con e-child\" data-id=\"aa6eb42\" data-element_type=\"container\">\n\t\t\t\t<div class=\"elementor-element elementor-element-8e7c47e elementor-widget elementor-widget-text-editor\" data-id=\"8e7c47e\" data-element_type=\"widget\" data-widget_type=\"text-editor.default\">\n\t\t\t\t<div class=\"elementor-widget-container\">\n\t\t\t\t\t\t\t<p><strong>Jedinstveno \u2013 prilagodljiva kontrola rada odvla\u017eiva\u010da<\/strong><br \/>Da bi se obezbedio neprekidan rad bez problema, pumpa je opremljena automatskim isklju\u010divanjem priklju\u010denog odvla\u017eiva\u010da u slu\u010daju preopterec\u0301enja kao sigurnosne funkcije. Ako dovod kondenzata privremeno prema\u0161uje kapacitet isporuke pumpe, ona isklju\u010duje odvla\u017eiva\u010d dok se ponovo ne dostigne opseg opterec\u0301enja, a zatim ga automatski ponovo uklju\u010duje.<\/p><p>Baza sa gumenim no\u017eicama i otvorima za ka\u010denje na zadnjoj strani omoguc\u0301avaju fleksibilnu upotrebu kondenzatne pumpe u slobodnom polo\u017eaju ili monta\u017ei na zid.<\/p><p>Sa svojim izuzetno robusnim i izdr\u017eljivim V4A kuc\u0301i\u0161tem, ova eksterna pumpa za kondenzat je specijalno razvijena za neprekidan rad bez problema u kombinaciji sa odvla\u017eiva\u010dima za bazene iz serije DS, ali se mo\u017ee lako koristiti i sa drugim odvla\u017eiva\u010dima vazduha.<\/p><p>Odvla\u017eiva\u010d se mo\u017ee lako napajati preko servisne uti\u010dnice pumpe. Po \u017eelji se mo\u017ee podesiti i direktno snabdevanje. U tu svrhu, kablovska uti\u010dnica i unutra\u0161nji uti\u010dni priklju\u010dci su vec\u0301 dostupni spremni za ugradnju.<\/p>\t\t\t\t\t\t<\/div>\n\t\t\t\t<\/div>\n\t\t\t\t<div class=\"elementor-element elementor-element-6cca424 elementor-widget elementor-widget-text-editor\" data-id=\"6cca424\" data-element_type=\"widget\" data-widget_type=\"text-editor.default\">\n\t\t\t\t<div class=\"elementor-widget-container\">\n\t\t\t\t\t\t\t<h2 class=\"\">Prednosti za praksu:<\/h2><ul class=\"list-grid grid-md-2 csc-default csc-bulletlist-1-a\"><li class=\"column\">Profesionalni kvalitet \u201eproizvedeno u Nema\u010dkoj\u201c \u2013<br \/>originalna proizvodnja Trotec<\/li><li class=\"column\">Dizajniran za stalni rad u kombinaciji sa odvla\u017eiva\u010dima za bazene<\/li><li class=\"column\">Robusna konstrukcija od visokokvalitetnog V4A ner\u0111ajuc\u0301eg \u010delika sa dodatnim za\u0161titnim premazom<\/li><li class=\"column\">Efikasna V4A za\u0161tita od korozije &#8211; izuzetno otporna \u010dak i na posebno reaktivne me\u0161avine vazduha, na primer hloramine<\/li><li class=\"column\">Prilagodljiva kontrola rada priklju\u010denog odvla\u017eiva\u010da<\/li><li class=\"column\">Fleksibilan rad na zidu ili postolju<\/li><\/ul>\t\t\t\t\t\t<\/div>\n\t\t\t\t<\/div>\n\t\t\t\t<\/div>\n\t\t\t\t<\/div>\n\t\t<div class=\"elementor-element elementor-element-929a139 e-con-full e-flex e-con e-parent\" data-id=\"929a139\" data-element_type=\"container\">\n\t\t<div class=\"elementor-element elementor-element-0a5ad0c e-con-full e-flex e-con e-child\" data-id=\"0a5ad0c\" data-element_type=\"container\">\n\t\t\t\t<div class=\"elementor-element elementor-element-0661773 elementor-widget elementor-widget-video\" data-id=\"0661773\" data-element_type=\"widget\" data-settings=\"{&quot;youtube_url&quot;:&quot;https:\\\/\\\/youtu.be\\\/REliqJNnXbw&quot;,&quot;video_type&quot;:&quot;youtube&quot;,&quot;controls&quot;:&quot;yes&quot;}\" data-widget_type=\"video.default\">\n\t\t\t\t<div class=\"elementor-widget-container\">\n\t\t\t\t\t<div class=\"elementor-wrapper elementor-open-inline\">\n\t\t\t<div class=\"elementor-video\"><\/div>\t\t<\/div>\n\t\t\t\t<\/div>\n\t\t\t\t<\/div>\n\t\t\t\t<\/div>\n\t\t<div class=\"elementor-element elementor-element-0f5d680 e-con-full e-flex e-con e-child\" data-id=\"0f5d680\" data-element_type=\"container\">\n\t\t\t\t<div class=\"elementor-element elementor-element-64596ed elementor-widget elementor-widget-text-editor\" data-id=\"64596ed\" data-element_type=\"widget\" data-widget_type=\"text-editor.default\">\n\t\t\t\t<div class=\"elementor-widget-container\">\n\t\t\t\t\t\t\t<p><strong>Trotec: Inovacija napravljena u Nema\u010dkoj<\/strong><br \/>Pogledajte iza kulisa: Kao jedan od vodec\u0301ih me\u0111unarodnih proizvo\u0111a\u010da re\u0161enja za tretman vazduha, Trotec nudi industrijskim i komercijalnim kupcima inovativne proizvode za pre\u010di\u0161c\u0301avanje vazduha, odvla\u017eivanje vazduha, grejanje, klimatizaciju i ventilaciju. Mi se 100% oslanjamo na istra\u017eivanje, razvoj, dizajn i proizvodnju u Nema\u010dkoj za na\u0161e ure\u0111aje visokih performansi. Za najvi\u0161e zahteve kvaliteta, dobro osmi\u0161ljena sistemska re\u0161enja i sve\u017ee ideje.<\/p><p>Uverite se sami u video!<\/p>\t\t\t\t\t\t<\/div>\n\t\t\t\t<\/div>\n\t\t\t\t<\/div>\n\t\t\t\t<\/div>\n\t\t\t\t<\/div>\n\t\t","protected":false},"excerpt":{"rendered":"<p>SPOLJNA PUMPA ZA ODVOD KONDENZATA Na\u0161a najbolja preporuka za trajnu kombinovanu upotrebu sa odvla\u017eiva\u010dima za bazene Jedinstveno \u2013 prilagodljiva kontrola rada odvla\u017eiva\u010daDa bi se obezbedio neprekidan rad bez problema, pumpa je opremljena automatskim isklju\u010divanjem priklju\u010denog odvla\u017eiva\u010da u slu\u010daju preopterec\u0301enja kao sigurnosne funkcije. Ako dovod kondenzata privremeno prema\u0161uje kapacitet isporuke pumpe, ona isklju\u010duje odvla\u017eiva\u010d dok se<\/p>\n<div class=\"klb-readmore button\"><a class=\"btn link\" href=\"https:\/\/masinezavlagu021.com\/index.php\/spoljna-pumpa-kondenzata\/\">Read More <i class=\"klbth-icon-right-arrow\"><\/i><\/a><\/div>\n","protected":false},"author":1,"featured_media":0,"parent":0,"menu_order":0,"comment_status":"closed","ping_status":"closed","template":"elementor_header_footer","meta":{"footnotes":""},"class_list":["post-570","page","type-page","status-publish","hentry"],"_links":{"self":[{"href":"https:\/\/masinezavlagu021.com\/index.php\/wp-json\/wp\/v2\/pages\/570","targetHints":{"allow":["GET"]}}],"collection":[{"href":"https:\/\/masinezavlagu021.com\/index.php\/wp-json\/wp\/v2\/pages"}],"about":[{"href":"https:\/\/masinezavlagu021.com\/index.php\/wp-json\/wp\/v2\/types\/page"}],"author":[{"embeddable":true,"href":"https:\/\/masinezavlagu021.com\/index.php\/wp-json\/wp\/v2\/users\/1"}],"replies":[{"embeddable":true,"href":"https:\/\/masinezavlagu021.com\/index.php\/wp-json\/wp\/v2\/comments?post=570"}],"version-history":[{"count":11,"href":"https:\/\/masinezavlagu021.com\/index.php\/wp-json\/wp\/v2\/pages\/570\/revisions"}],"predecessor-version":[{"id":5456,"href":"https:\/\/masinezavlagu021.com\/index.php\/wp-json\/wp\/v2\/pages\/570\/revisions\/5456"}],"wp:attachment":[{"href":"https:\/\/masinezavlagu021.com\/index.php\/wp-json\/wp\/v2\/media?parent=570"}],"curies":[{"name":"wp","href":"https:\/\/api.w.org\/{rel}","templated":true}]}}