{"id":5372,"date":"2023-10-25T10:41:52","date_gmt":"2023-10-25T08:41:52","guid":{"rendered":"https:\/\/masine.aviportfolio.com\/?page_id=5372"},"modified":"2023-11-08T00:03:22","modified_gmt":"2023-11-07T23:03:22","slug":"grejaci-na-struju","status":"publish","type":"page","link":"https:\/\/masinezavlagu021.com\/index.php\/grejaci-na-struju\/","title":{"rendered":"Kalorifer na Struju"},"content":{"rendered":"\t\t<div data-elementor-type=\"wp-page\" data-elementor-id=\"5372\" class=\"elementor elementor-5372\" data-elementor-post-type=\"page\">\n\t\t\t\t<div class=\"elementor-element elementor-element-8b2a284 e-flex e-con-boxed e-con e-parent\" data-id=\"8b2a284\" data-element_type=\"container\">\n\t\t\t\t\t<div class=\"e-con-inner\">\n\t\t\t\t<div class=\"elementor-element elementor-element-2943df89 elementor-widget elementor-widget-heading\" data-id=\"2943df89\" data-element_type=\"widget\" data-widget_type=\"heading.default\">\n\t\t\t\t<div class=\"elementor-widget-container\">\n\t\t\t<h2 class=\"elementor-heading-title elementor-size-default\">Greja\u010di na Struju<\/h2>\t\t<\/div>\n\t\t\t\t<\/div>\n\t\t\t\t\t<\/div>\n\t\t\t\t<\/div>\n\t\t<div class=\"elementor-element elementor-element-7f353449 e-flex e-con-boxed e-con e-parent\" data-id=\"7f353449\" data-element_type=\"container\">\n\t\t\t\t\t<div class=\"e-con-inner\">\n\t\t<div class=\"elementor-element elementor-element-6563eadf e-con-full e-flex e-con e-child\" data-id=\"6563eadf\" data-element_type=\"container\">\n\t\t\t\t<div class=\"elementor-element elementor-element-3bc1ff4f elementor-widget elementor-widget-image\" data-id=\"3bc1ff4f\" data-element_type=\"widget\" data-widget_type=\"image.default\">\n\t\t\t\t<div class=\"elementor-widget-container\">\n\t\t\t\t\t\t\t\t\t\t\t\t\t<img fetchpriority=\"high\" decoding=\"async\" width=\"300\" height=\"300\" src=\"https:\/\/masinezavlagu021.com\/wp-content\/uploads\/2023\/10\/Elektroheizer-TDS-20-103623-1556032180-1-300x300.webp\" class=\"attachment-medium size-medium wp-image-5375\" alt=\"\" srcset=\"https:\/\/masinezavlagu021.com\/wp-content\/uploads\/2023\/10\/Elektroheizer-TDS-20-103623-1556032180-1-300x300.webp 300w, https:\/\/masinezavlagu021.com\/wp-content\/uploads\/2023\/10\/Elektroheizer-TDS-20-103623-1556032180-1-1024x1024.webp 1024w, https:\/\/masinezavlagu021.com\/wp-content\/uploads\/2023\/10\/Elektroheizer-TDS-20-103623-1556032180-1-150x150.webp 150w, https:\/\/masinezavlagu021.com\/wp-content\/uploads\/2023\/10\/Elektroheizer-TDS-20-103623-1556032180-1-768x768.webp 768w, https:\/\/masinezavlagu021.com\/wp-content\/uploads\/2023\/10\/Elektroheizer-TDS-20-103623-1556032180-1-450x450.webp 450w, https:\/\/masinezavlagu021.com\/wp-content\/uploads\/2023\/10\/Elektroheizer-TDS-20-103623-1556032180-1-600x600.webp 600w, https:\/\/masinezavlagu021.com\/wp-content\/uploads\/2023\/10\/Elektroheizer-TDS-20-103623-1556032180-1-54x54.webp 54w, https:\/\/masinezavlagu021.com\/wp-content\/uploads\/2023\/10\/Elektroheizer-TDS-20-103623-1556032180-1-96x96.webp 96w, https:\/\/masinezavlagu021.com\/wp-content\/uploads\/2023\/10\/Elektroheizer-TDS-20-103623-1556032180-1.webp 1500w\" sizes=\"(max-width: 300px) 100vw, 300px\" \/>\t\t\t\t\t\t\t\t\t\t\t\t\t<\/div>\n\t\t\t\t<\/div>\n\t\t\t\t<div class=\"elementor-element elementor-element-1ce7d7d elementor-widget elementor-widget-heading\" data-id=\"1ce7d7d\" data-element_type=\"widget\" data-widget_type=\"heading.default\">\n\t\t\t\t<div class=\"elementor-widget-container\">\n\t\t\t<h2 class=\"elementor-heading-title elementor-size-default\">ELEKTRI\u010cNI GREJA\u010c VENTILATOR TDS 20<\/h2>\t\t<\/div>\n\t\t\t\t<\/div>\n\t\t\t\t<div class=\"elementor-element elementor-element-6989ec4f elementor-align-center elementor-widget elementor-widget-button\" data-id=\"6989ec4f\" data-element_type=\"widget\" data-widget_type=\"button.default\">\n\t\t\t\t<div class=\"elementor-widget-container\">\n\t\t\t\t\t\t\t<div class=\"elementor-button-wrapper\">\n\t\t\t\t\t<a class=\"elementor-button elementor-button-link elementor-size-sm\" href=\"https:\/\/masinezavlagu021.com\/index.php\/elektricni-grejac-ventilator-tds-20\/\">\n\t\t\t\t\t\t<span class=\"elementor-button-content-wrapper\">\n\t\t\t\t\t\t\t\t\t<span class=\"elementor-button-text\">Vidi detalje<\/span>\n\t\t\t\t\t<\/span>\n\t\t\t\t\t<\/a>\n\t\t\t\t<\/div>\n\t\t\t\t\t\t<\/div>\n\t\t\t\t<\/div>\n\t\t\t\t<\/div>\n\t\t<div class=\"elementor-element elementor-element-1e479b98 e-con-full e-flex e-con e-child\" data-id=\"1e479b98\" data-element_type=\"container\">\n\t\t\t\t<div class=\"elementor-element elementor-element-59843401 elementor-widget elementor-widget-image\" data-id=\"59843401\" data-element_type=\"widget\" data-widget_type=\"image.default\">\n\t\t\t\t<div class=\"elementor-widget-container\">\n\t\t\t\t\t\t\t\t\t\t\t\t\t<img decoding=\"async\" width=\"300\" height=\"300\" src=\"https:\/\/masinezavlagu021.com\/wp-content\/uploads\/2023\/10\/Elektroheizer-TDS-50-157665-1677591602-1-300x300.webp\" class=\"attachment-medium size-medium wp-image-5376\" alt=\"\" srcset=\"https:\/\/masinezavlagu021.com\/wp-content\/uploads\/2023\/10\/Elektroheizer-TDS-50-157665-1677591602-1-300x300.webp 300w, https:\/\/masinezavlagu021.com\/wp-content\/uploads\/2023\/10\/Elektroheizer-TDS-50-157665-1677591602-1-1024x1024.webp 1024w, https:\/\/masinezavlagu021.com\/wp-content\/uploads\/2023\/10\/Elektroheizer-TDS-50-157665-1677591602-1-150x150.webp 150w, https:\/\/masinezavlagu021.com\/wp-content\/uploads\/2023\/10\/Elektroheizer-TDS-50-157665-1677591602-1-768x768.webp 768w, https:\/\/masinezavlagu021.com\/wp-content\/uploads\/2023\/10\/Elektroheizer-TDS-50-157665-1677591602-1-450x450.webp 450w, https:\/\/masinezavlagu021.com\/wp-content\/uploads\/2023\/10\/Elektroheizer-TDS-50-157665-1677591602-1-600x600.webp 600w, https:\/\/masinezavlagu021.com\/wp-content\/uploads\/2023\/10\/Elektroheizer-TDS-50-157665-1677591602-1-54x54.webp 54w, https:\/\/masinezavlagu021.com\/wp-content\/uploads\/2023\/10\/Elektroheizer-TDS-50-157665-1677591602-1-96x96.webp 96w, https:\/\/masinezavlagu021.com\/wp-content\/uploads\/2023\/10\/Elektroheizer-TDS-50-157665-1677591602-1.webp 1500w\" sizes=\"(max-width: 300px) 100vw, 300px\" \/>\t\t\t\t\t\t\t\t\t\t\t\t\t<\/div>\n\t\t\t\t<\/div>\n\t\t\t\t<div class=\"elementor-element elementor-element-27825cad elementor-widget elementor-widget-heading\" data-id=\"27825cad\" data-element_type=\"widget\" data-widget_type=\"heading.default\">\n\t\t\t\t<div class=\"elementor-widget-container\">\n\t\t\t<h2 class=\"elementor-heading-title elementor-size-default\">ELEKTRI\u010cNA GREJALICA SA VENTILATOROM TDS 50<\/h2>\t\t<\/div>\n\t\t\t\t<\/div>\n\t\t\t\t<div class=\"elementor-element elementor-element-503f3828 elementor-align-center elementor-widget elementor-widget-button\" data-id=\"503f3828\" data-element_type=\"widget\" data-widget_type=\"button.default\">\n\t\t\t\t<div class=\"elementor-widget-container\">\n\t\t\t\t\t\t\t<div class=\"elementor-button-wrapper\">\n\t\t\t\t\t<a class=\"elementor-button elementor-button-link elementor-size-sm\" href=\"https:\/\/masinezavlagu021.com\/index.php\/elektricna-grejalica-sa-ventilatorom-tds-50\/\">\n\t\t\t\t\t\t<span class=\"elementor-button-content-wrapper\">\n\t\t\t\t\t\t\t\t\t<span class=\"elementor-button-text\">Vidi detalje<\/span>\n\t\t\t\t\t<\/span>\n\t\t\t\t\t<\/a>\n\t\t\t\t<\/div>\n\t\t\t\t\t\t<\/div>\n\t\t\t\t<\/div>\n\t\t\t\t<\/div>\n\t\t<div class=\"elementor-element elementor-element-e4b1300 e-con-full e-flex e-con e-child\" data-id=\"e4b1300\" data-element_type=\"container\">\n\t\t\t\t<div class=\"elementor-element elementor-element-e633a06 elementor-widget elementor-widget-image\" data-id=\"e633a06\" data-element_type=\"widget\" data-widget_type=\"image.default\">\n\t\t\t\t<div class=\"elementor-widget-container\">\n\t\t\t\t\t\t\t\t\t\t\t\t\t<img decoding=\"async\" width=\"300\" height=\"300\" src=\"https:\/\/masinezavlagu021.com\/wp-content\/uploads\/2023\/10\/Elektroheizer-TDS-100-65320-1507644423-1-300x300.webp\" class=\"attachment-medium size-medium wp-image-5377\" alt=\"\" srcset=\"https:\/\/masinezavlagu021.com\/wp-content\/uploads\/2023\/10\/Elektroheizer-TDS-100-65320-1507644423-1-300x300.webp 300w, https:\/\/masinezavlagu021.com\/wp-content\/uploads\/2023\/10\/Elektroheizer-TDS-100-65320-1507644423-1-1024x1024.webp 1024w, https:\/\/masinezavlagu021.com\/wp-content\/uploads\/2023\/10\/Elektroheizer-TDS-100-65320-1507644423-1-150x150.webp 150w, https:\/\/masinezavlagu021.com\/wp-content\/uploads\/2023\/10\/Elektroheizer-TDS-100-65320-1507644423-1-768x768.webp 768w, https:\/\/masinezavlagu021.com\/wp-content\/uploads\/2023\/10\/Elektroheizer-TDS-100-65320-1507644423-1-450x450.webp 450w, https:\/\/masinezavlagu021.com\/wp-content\/uploads\/2023\/10\/Elektroheizer-TDS-100-65320-1507644423-1-600x600.webp 600w, https:\/\/masinezavlagu021.com\/wp-content\/uploads\/2023\/10\/Elektroheizer-TDS-100-65320-1507644423-1-54x54.webp 54w, https:\/\/masinezavlagu021.com\/wp-content\/uploads\/2023\/10\/Elektroheizer-TDS-100-65320-1507644423-1-96x96.webp 96w, https:\/\/masinezavlagu021.com\/wp-content\/uploads\/2023\/10\/Elektroheizer-TDS-100-65320-1507644423-1.webp 1500w\" sizes=\"(max-width: 300px) 100vw, 300px\" \/>\t\t\t\t\t\t\t\t\t\t\t\t\t<\/div>\n\t\t\t\t<\/div>\n\t\t\t\t<div class=\"elementor-element elementor-element-8022c07 elementor-widget elementor-widget-heading\" data-id=\"8022c07\" data-element_type=\"widget\" data-widget_type=\"heading.default\">\n\t\t\t\t<div class=\"elementor-widget-container\">\n\t\t\t<h2 class=\"elementor-heading-title elementor-size-default\">ELEKTRI\u010cNA GREJALICA SA VENTILATOROM TDS 100<\/h2>\t\t<\/div>\n\t\t\t\t<\/div>\n\t\t\t\t<div class=\"elementor-element elementor-element-1da5d9 elementor-align-center elementor-widget elementor-widget-button\" data-id=\"1da5d9\" data-element_type=\"widget\" data-widget_type=\"button.default\">\n\t\t\t\t<div class=\"elementor-widget-container\">\n\t\t\t\t\t\t\t<div class=\"elementor-button-wrapper\">\n\t\t\t\t\t<a class=\"elementor-button elementor-button-link elementor-size-sm\" href=\"https:\/\/masinezavlagu021.com\/index.php\/elektricna-grejalica-sa-ventilatorom-tds-100\/\">\n\t\t\t\t\t\t<span class=\"elementor-button-content-wrapper\">\n\t\t\t\t\t\t\t\t\t<span class=\"elementor-button-text\">Vidi detalje<\/span>\n\t\t\t\t\t<\/span>\n\t\t\t\t\t<\/a>\n\t\t\t\t<\/div>\n\t\t\t\t\t\t<\/div>\n\t\t\t\t<\/div>\n\t\t\t\t<\/div>\n\t\t\t\t\t<\/div>\n\t\t\t\t<\/div>\n\t\t<div class=\"elementor-element elementor-element-b39c7dd e-con-full e-flex e-con e-parent\" data-id=\"b39c7dd\" data-element_type=\"container\">\n\t\t<div class=\"elementor-element elementor-element-c8c367c e-con-full e-flex e-con e-child\" data-id=\"c8c367c\" data-element_type=\"container\">\n\t\t\t\t<div class=\"elementor-element elementor-element-3de8f68 elementor-widget elementor-widget-image\" data-id=\"3de8f68\" data-element_type=\"widget\" data-widget_type=\"image.default\">\n\t\t\t\t<div class=\"elementor-widget-container\">\n\t\t\t\t\t\t\t\t\t\t\t\t\t<img loading=\"lazy\" decoding=\"async\" width=\"300\" height=\"300\" src=\"https:\/\/masinezavlagu021.com\/wp-content\/uploads\/2023\/10\/Elektroheizer-TDS-20-R-65259-1507644416-1-300x300.webp\" class=\"attachment-medium size-medium wp-image-5378\" alt=\"\" srcset=\"https:\/\/masinezavlagu021.com\/wp-content\/uploads\/2023\/10\/Elektroheizer-TDS-20-R-65259-1507644416-1-300x300.webp 300w, https:\/\/masinezavlagu021.com\/wp-content\/uploads\/2023\/10\/Elektroheizer-TDS-20-R-65259-1507644416-1-1024x1024.webp 1024w, https:\/\/masinezavlagu021.com\/wp-content\/uploads\/2023\/10\/Elektroheizer-TDS-20-R-65259-1507644416-1-150x150.webp 150w, https:\/\/masinezavlagu021.com\/wp-content\/uploads\/2023\/10\/Elektroheizer-TDS-20-R-65259-1507644416-1-768x768.webp 768w, https:\/\/masinezavlagu021.com\/wp-content\/uploads\/2023\/10\/Elektroheizer-TDS-20-R-65259-1507644416-1-450x450.webp 450w, https:\/\/masinezavlagu021.com\/wp-content\/uploads\/2023\/10\/Elektroheizer-TDS-20-R-65259-1507644416-1-600x600.webp 600w, https:\/\/masinezavlagu021.com\/wp-content\/uploads\/2023\/10\/Elektroheizer-TDS-20-R-65259-1507644416-1-54x54.webp 54w, https:\/\/masinezavlagu021.com\/wp-content\/uploads\/2023\/10\/Elektroheizer-TDS-20-R-65259-1507644416-1-96x96.webp 96w, https:\/\/masinezavlagu021.com\/wp-content\/uploads\/2023\/10\/Elektroheizer-TDS-20-R-65259-1507644416-1.webp 1500w\" sizes=\"(max-width: 300px) 100vw, 300px\" \/>\t\t\t\t\t\t\t\t\t\t\t\t\t<\/div>\n\t\t\t\t<\/div>\n\t\t\t\t<div class=\"elementor-element elementor-element-34ab2f8 elementor-widget elementor-widget-heading\" data-id=\"34ab2f8\" data-element_type=\"widget\" data-widget_type=\"heading.default\">\n\t\t\t\t<div class=\"elementor-widget-container\">\n\t\t\t<h2 class=\"elementor-heading-title elementor-size-default\">ELEKTRI\u010cNA GREJALICA TDS 20 R<\/h2>\t\t<\/div>\n\t\t\t\t<\/div>\n\t\t\t\t<div class=\"elementor-element elementor-element-db41c5a elementor-align-center elementor-widget elementor-widget-button\" data-id=\"db41c5a\" data-element_type=\"widget\" data-widget_type=\"button.default\">\n\t\t\t\t<div class=\"elementor-widget-container\">\n\t\t\t\t\t\t\t<div class=\"elementor-button-wrapper\">\n\t\t\t\t\t<a class=\"elementor-button elementor-button-link elementor-size-sm\" href=\"https:\/\/masinezavlagu021.com\/index.php\/elektricna-grejalica-tds-20-r\/\">\n\t\t\t\t\t\t<span class=\"elementor-button-content-wrapper\">\n\t\t\t\t\t\t\t\t\t<span class=\"elementor-button-text\">Vidi detalje<\/span>\n\t\t\t\t\t<\/span>\n\t\t\t\t\t<\/a>\n\t\t\t\t<\/div>\n\t\t\t\t\t\t<\/div>\n\t\t\t\t<\/div>\n\t\t\t\t<\/div>\n\t\t<div class=\"elementor-element elementor-element-069c304 e-con-full e-flex e-con e-child\" data-id=\"069c304\" data-element_type=\"container\">\n\t\t\t\t<div class=\"elementor-element elementor-element-98d35ec elementor-widget elementor-widget-image\" data-id=\"98d35ec\" data-element_type=\"widget\" data-widget_type=\"image.default\">\n\t\t\t\t<div class=\"elementor-widget-container\">\n\t\t\t\t\t\t\t\t\t\t\t\t\t<img loading=\"lazy\" decoding=\"async\" width=\"300\" height=\"300\" src=\"https:\/\/masinezavlagu021.com\/wp-content\/uploads\/2023\/10\/Elektroheizer-TDS-30-R-65264-1507644416-1-300x300.webp\" class=\"attachment-medium size-medium wp-image-5379\" alt=\"\" srcset=\"https:\/\/masinezavlagu021.com\/wp-content\/uploads\/2023\/10\/Elektroheizer-TDS-30-R-65264-1507644416-1-300x300.webp 300w, https:\/\/masinezavlagu021.com\/wp-content\/uploads\/2023\/10\/Elektroheizer-TDS-30-R-65264-1507644416-1-1024x1024.webp 1024w, https:\/\/masinezavlagu021.com\/wp-content\/uploads\/2023\/10\/Elektroheizer-TDS-30-R-65264-1507644416-1-150x150.webp 150w, https:\/\/masinezavlagu021.com\/wp-content\/uploads\/2023\/10\/Elektroheizer-TDS-30-R-65264-1507644416-1-768x768.webp 768w, https:\/\/masinezavlagu021.com\/wp-content\/uploads\/2023\/10\/Elektroheizer-TDS-30-R-65264-1507644416-1-450x450.webp 450w, https:\/\/masinezavlagu021.com\/wp-content\/uploads\/2023\/10\/Elektroheizer-TDS-30-R-65264-1507644416-1-600x600.webp 600w, https:\/\/masinezavlagu021.com\/wp-content\/uploads\/2023\/10\/Elektroheizer-TDS-30-R-65264-1507644416-1-54x54.webp 54w, https:\/\/masinezavlagu021.com\/wp-content\/uploads\/2023\/10\/Elektroheizer-TDS-30-R-65264-1507644416-1-96x96.webp 96w, https:\/\/masinezavlagu021.com\/wp-content\/uploads\/2023\/10\/Elektroheizer-TDS-30-R-65264-1507644416-1.webp 1500w\" sizes=\"(max-width: 300px) 100vw, 300px\" \/>\t\t\t\t\t\t\t\t\t\t\t\t\t<\/div>\n\t\t\t\t<\/div>\n\t\t\t\t<div class=\"elementor-element elementor-element-b8259e4 elementor-widget elementor-widget-heading\" data-id=\"b8259e4\" data-element_type=\"widget\" data-widget_type=\"heading.default\">\n\t\t\t\t<div class=\"elementor-widget-container\">\n\t\t\t<h2 class=\"elementor-heading-title elementor-size-default\">ELEKTRI\u010cNA GREJALICA TDS 30 R<\/h2>\t\t<\/div>\n\t\t\t\t<\/div>\n\t\t\t\t<div class=\"elementor-element elementor-element-1d76787 elementor-align-center elementor-widget elementor-widget-button\" data-id=\"1d76787\" data-element_type=\"widget\" data-widget_type=\"button.default\">\n\t\t\t\t<div class=\"elementor-widget-container\">\n\t\t\t\t\t\t\t<div class=\"elementor-button-wrapper\">\n\t\t\t\t\t<a class=\"elementor-button elementor-button-link elementor-size-sm\" href=\"https:\/\/masinezavlagu021.com\/index.php\/elektricna-grejalica-tds-30-r\/\">\n\t\t\t\t\t\t<span class=\"elementor-button-content-wrapper\">\n\t\t\t\t\t\t\t\t\t<span class=\"elementor-button-text\">Vidi detalje<\/span>\n\t\t\t\t\t<\/span>\n\t\t\t\t\t<\/a>\n\t\t\t\t<\/div>\n\t\t\t\t\t\t<\/div>\n\t\t\t\t<\/div>\n\t\t\t\t<\/div>\n\t\t<div class=\"elementor-element elementor-element-098263c e-con-full e-flex e-con e-child\" data-id=\"098263c\" data-element_type=\"container\">\n\t\t\t\t<div class=\"elementor-element elementor-element-27f40db elementor-widget elementor-widget-image\" data-id=\"27f40db\" data-element_type=\"widget\" data-widget_type=\"image.default\">\n\t\t\t\t<div class=\"elementor-widget-container\">\n\t\t\t\t\t\t\t\t\t\t\t\t\t<img loading=\"lazy\" decoding=\"async\" width=\"300\" height=\"300\" src=\"https:\/\/masinezavlagu021.com\/wp-content\/uploads\/2023\/10\/Elektroheizer-TDS-75-R-155832-1669989829-1-300x300.webp\" class=\"attachment-medium size-medium wp-image-5380\" alt=\"\" srcset=\"https:\/\/masinezavlagu021.com\/wp-content\/uploads\/2023\/10\/Elektroheizer-TDS-75-R-155832-1669989829-1-300x300.webp 300w, https:\/\/masinezavlagu021.com\/wp-content\/uploads\/2023\/10\/Elektroheizer-TDS-75-R-155832-1669989829-1-1024x1024.webp 1024w, https:\/\/masinezavlagu021.com\/wp-content\/uploads\/2023\/10\/Elektroheizer-TDS-75-R-155832-1669989829-1-150x150.webp 150w, https:\/\/masinezavlagu021.com\/wp-content\/uploads\/2023\/10\/Elektroheizer-TDS-75-R-155832-1669989829-1-768x768.webp 768w, https:\/\/masinezavlagu021.com\/wp-content\/uploads\/2023\/10\/Elektroheizer-TDS-75-R-155832-1669989829-1-450x450.webp 450w, https:\/\/masinezavlagu021.com\/wp-content\/uploads\/2023\/10\/Elektroheizer-TDS-75-R-155832-1669989829-1-600x600.webp 600w, https:\/\/masinezavlagu021.com\/wp-content\/uploads\/2023\/10\/Elektroheizer-TDS-75-R-155832-1669989829-1-54x54.webp 54w, https:\/\/masinezavlagu021.com\/wp-content\/uploads\/2023\/10\/Elektroheizer-TDS-75-R-155832-1669989829-1-96x96.webp 96w, https:\/\/masinezavlagu021.com\/wp-content\/uploads\/2023\/10\/Elektroheizer-TDS-75-R-155832-1669989829-1.webp 1500w\" sizes=\"(max-width: 300px) 100vw, 300px\" \/>\t\t\t\t\t\t\t\t\t\t\t\t\t<\/div>\n\t\t\t\t<\/div>\n\t\t\t\t<div class=\"elementor-element elementor-element-6c1d568 elementor-widget elementor-widget-heading\" data-id=\"6c1d568\" data-element_type=\"widget\" data-widget_type=\"heading.default\">\n\t\t\t\t<div class=\"elementor-widget-container\">\n\t\t\t<h2 class=\"elementor-heading-title elementor-size-default\">ELEKTRI\u010cNA GREJALICA TDS 75 R<\/h2>\t\t<\/div>\n\t\t\t\t<\/div>\n\t\t\t\t<div class=\"elementor-element elementor-element-57c2163 elementor-align-center elementor-widget elementor-widget-button\" data-id=\"57c2163\" data-element_type=\"widget\" data-widget_type=\"button.default\">\n\t\t\t\t<div class=\"elementor-widget-container\">\n\t\t\t\t\t\t\t<div class=\"elementor-button-wrapper\">\n\t\t\t\t\t<a class=\"elementor-button elementor-button-link elementor-size-sm\" href=\"https:\/\/masinezavlagu021.com\/index.php\/elektricna-grejalica-tds-75-r\/\">\n\t\t\t\t\t\t<span class=\"elementor-button-content-wrapper\">\n\t\t\t\t\t\t\t\t\t<span class=\"elementor-button-text\">Vidi detalje<\/span>\n\t\t\t\t\t<\/span>\n\t\t\t\t\t<\/a>\n\t\t\t\t<\/div>\n\t\t\t\t\t\t<\/div>\n\t\t\t\t<\/div>\n\t\t\t\t<\/div>\n\t\t<div class=\"elementor-element elementor-element-e131994 e-con-full e-flex e-con e-child\" data-id=\"e131994\" data-element_type=\"container\">\n\t\t\t\t<div class=\"elementor-element elementor-element-792370d elementor-widget elementor-widget-image\" data-id=\"792370d\" data-element_type=\"widget\" data-widget_type=\"image.default\">\n\t\t\t\t<div class=\"elementor-widget-container\">\n\t\t\t\t\t\t\t\t\t\t\t\t\t<img loading=\"lazy\" decoding=\"async\" width=\"300\" height=\"300\" src=\"https:\/\/masinezavlagu021.com\/wp-content\/uploads\/2023\/10\/Elektroheizer-TEH-200-103850-1556785345-300x300.webp\" class=\"attachment-medium size-medium wp-image-4916\" alt=\"\" srcset=\"https:\/\/masinezavlagu021.com\/wp-content\/uploads\/2023\/10\/Elektroheizer-TEH-200-103850-1556785345-300x300.webp 300w, https:\/\/masinezavlagu021.com\/wp-content\/uploads\/2023\/10\/Elektroheizer-TEH-200-103850-1556785345-1024x1024.webp 1024w, https:\/\/masinezavlagu021.com\/wp-content\/uploads\/2023\/10\/Elektroheizer-TEH-200-103850-1556785345-150x150.webp 150w, https:\/\/masinezavlagu021.com\/wp-content\/uploads\/2023\/10\/Elektroheizer-TEH-200-103850-1556785345-768x768.webp 768w, https:\/\/masinezavlagu021.com\/wp-content\/uploads\/2023\/10\/Elektroheizer-TEH-200-103850-1556785345-450x450.webp 450w, https:\/\/masinezavlagu021.com\/wp-content\/uploads\/2023\/10\/Elektroheizer-TEH-200-103850-1556785345-600x600.webp 600w, https:\/\/masinezavlagu021.com\/wp-content\/uploads\/2023\/10\/Elektroheizer-TEH-200-103850-1556785345-54x54.webp 54w, https:\/\/masinezavlagu021.com\/wp-content\/uploads\/2023\/10\/Elektroheizer-TEH-200-103850-1556785345-96x96.webp 96w, https:\/\/masinezavlagu021.com\/wp-content\/uploads\/2023\/10\/Elektroheizer-TEH-200-103850-1556785345.webp 1500w\" sizes=\"(max-width: 300px) 100vw, 300px\" \/>\t\t\t\t\t\t\t\t\t\t\t\t\t<\/div>\n\t\t\t\t<\/div>\n\t\t\t\t<div class=\"elementor-element elementor-element-51237b9 elementor-widget elementor-widget-heading\" data-id=\"51237b9\" data-element_type=\"widget\" data-widget_type=\"heading.default\">\n\t\t\t\t<div class=\"elementor-widget-container\">\n\t\t\t<h2 class=\"elementor-heading-title elementor-size-default\">ELEKTRI\u010cNA JEDINICA VISOKIH PERFORMANSA TEH 200<\/h2>\t\t<\/div>\n\t\t\t\t<\/div>\n\t\t\t\t<div class=\"elementor-element elementor-element-7a96b6a elementor-align-center elementor-widget elementor-widget-button\" data-id=\"7a96b6a\" data-element_type=\"widget\" data-widget_type=\"button.default\">\n\t\t\t\t<div class=\"elementor-widget-container\">\n\t\t\t\t\t\t\t<div class=\"elementor-button-wrapper\">\n\t\t\t\t\t<a class=\"elementor-button elementor-button-link elementor-size-sm\" href=\"https:\/\/masinezavlagu021.com\/index.php\/elektricna-jedinica-visokih-performansa-teh-200\/\">\n\t\t\t\t\t\t<span class=\"elementor-button-content-wrapper\">\n\t\t\t\t\t\t\t\t\t<span class=\"elementor-button-text\">Vidi detalje<\/span>\n\t\t\t\t\t<\/span>\n\t\t\t\t\t<\/a>\n\t\t\t\t<\/div>\n\t\t\t\t\t\t<\/div>\n\t\t\t\t<\/div>\n\t\t\t\t<\/div>\n\t\t\t\t<\/div>\n\t\t\t\t<\/div>\n\t\t","protected":false},"excerpt":{"rendered":"<p>Greja\u010di na Struju ELEKTRI\u010cNI GREJA\u010c VENTILATOR TDS 20 Vidi detalje ELEKTRI\u010cNA GREJALICA SA VENTILATOROM TDS 50 Vidi detalje ELEKTRI\u010cNA GREJALICA SA VENTILATOROM TDS 100 Vidi detalje ELEKTRI\u010cNA GREJALICA TDS 20 R Vidi detalje ELEKTRI\u010cNA GREJALICA TDS 30 R Vidi detalje ELEKTRI\u010cNA GREJALICA TDS 75 R Vidi detalje ELEKTRI\u010cNA JEDINICA VISOKIH PERFORMANSA TEH 200 Vidi detalje<\/p>\n","protected":false},"author":1,"featured_media":0,"parent":0,"menu_order":0,"comment_status":"closed","ping_status":"closed","template":"elementor_header_footer","meta":{"footnotes":""},"class_list":["post-5372","page","type-page","status-publish","hentry"],"_links":{"self":[{"href":"https:\/\/masinezavlagu021.com\/index.php\/wp-json\/wp\/v2\/pages\/5372","targetHints":{"allow":["GET"]}}],"collection":[{"href":"https:\/\/masinezavlagu021.com\/index.php\/wp-json\/wp\/v2\/pages"}],"about":[{"href":"https:\/\/masinezavlagu021.com\/index.php\/wp-json\/wp\/v2\/types\/page"}],"author":[{"embeddable":true,"href":"https:\/\/masinezavlagu021.com\/index.php\/wp-json\/wp\/v2\/users\/1"}],"replies":[{"embeddable":true,"href":"https:\/\/masinezavlagu021.com\/index.php\/wp-json\/wp\/v2\/comments?post=5372"}],"version-history":[{"count":11,"href":"https:\/\/masinezavlagu021.com\/index.php\/wp-json\/wp\/v2\/pages\/5372\/revisions"}],"predecessor-version":[{"id":5544,"href":"https:\/\/masinezavlagu021.com\/index.php\/wp-json\/wp\/v2\/pages\/5372\/revisions\/5544"}],"wp:attachment":[{"href":"https:\/\/masinezavlagu021.com\/index.php\/wp-json\/wp\/v2\/media?parent=5372"}],"curies":[{"name":"wp","href":"https:\/\/api.w.org\/{rel}","templated":true}]}}