{"id":5322,"date":"2023-10-25T09:22:51","date_gmt":"2023-10-25T09:22:51","guid":{"rendered":"https:\/\/masine.aviportfolio.com\/?page_id=5322"},"modified":"2023-10-25T09:28:32","modified_gmt":"2023-10-25T09:28:32","slug":"preciscivaci-vazduha-kucni","status":"publish","type":"page","link":"https:\/\/masinezavlagu021.com\/index.php\/preciscivaci-vazduha-kucni\/","title":{"rendered":"Pre\u010di\u0161\u0107iva\u010di Vazduha Ku\u0107ni"},"content":{"rendered":"\t\t<div data-elementor-type=\"wp-page\" data-elementor-id=\"5322\" class=\"elementor elementor-5322\" data-elementor-post-type=\"page\">\n\t\t\t\t<div class=\"elementor-element elementor-element-30c8bc39 e-flex e-con-boxed e-con e-parent\" data-id=\"30c8bc39\" data-element_type=\"container\">\n\t\t\t\t\t<div class=\"e-con-inner\">\n\t\t\t\t<div class=\"elementor-element elementor-element-6de6ca6e elementor-widget elementor-widget-heading\" data-id=\"6de6ca6e\" data-element_type=\"widget\" data-widget_type=\"heading.default\">\n\t\t\t\t<div class=\"elementor-widget-container\">\n\t\t\t<h2 class=\"elementor-heading-title elementor-size-default\">Pre\u010di\u0161\u0107iva\u010di Vazduha Ku\u0107ni<\/h2>\t\t<\/div>\n\t\t\t\t<\/div>\n\t\t\t\t\t<\/div>\n\t\t\t\t<\/div>\n\t\t<div class=\"elementor-element elementor-element-187439ab e-flex e-con-boxed e-con e-parent\" data-id=\"187439ab\" data-element_type=\"container\">\n\t\t\t\t\t<div class=\"e-con-inner\">\n\t\t<div class=\"elementor-element elementor-element-43a2a486 e-con-full e-flex e-con e-child\" data-id=\"43a2a486\" data-element_type=\"container\">\n\t\t\t\t<div class=\"elementor-element elementor-element-6cc4cf24 elementor-widget elementor-widget-image\" data-id=\"6cc4cf24\" data-element_type=\"widget\" data-widget_type=\"image.default\">\n\t\t\t\t<div class=\"elementor-widget-container\">\n\t\t\t\t\t\t\t\t\t\t\t\t\t<img fetchpriority=\"high\" decoding=\"async\" width=\"300\" height=\"300\" src=\"https:\/\/masinezavlagu021.com\/wp-content\/uploads\/2023\/10\/Design-Luftreiniger-AirgoClean\u00ae-140-E-139109-1628603700-2-300x300.webp\" class=\"attachment-medium size-medium wp-image-5329\" alt=\"\" srcset=\"https:\/\/masinezavlagu021.com\/wp-content\/uploads\/2023\/10\/Design-Luftreiniger-AirgoClean\u00ae-140-E-139109-1628603700-2-300x300.webp 300w, https:\/\/masinezavlagu021.com\/wp-content\/uploads\/2023\/10\/Design-Luftreiniger-AirgoClean\u00ae-140-E-139109-1628603700-2-150x150.webp 150w, https:\/\/masinezavlagu021.com\/wp-content\/uploads\/2023\/10\/Design-Luftreiniger-AirgoClean\u00ae-140-E-139109-1628603700-2-450x450.webp 450w, https:\/\/masinezavlagu021.com\/wp-content\/uploads\/2023\/10\/Design-Luftreiniger-AirgoClean\u00ae-140-E-139109-1628603700-2-600x600.webp 600w, https:\/\/masinezavlagu021.com\/wp-content\/uploads\/2023\/10\/Design-Luftreiniger-AirgoClean\u00ae-140-E-139109-1628603700-2-54x54.webp 54w, https:\/\/masinezavlagu021.com\/wp-content\/uploads\/2023\/10\/Design-Luftreiniger-AirgoClean\u00ae-140-E-139109-1628603700-2-96x96.webp 96w, https:\/\/masinezavlagu021.com\/wp-content\/uploads\/2023\/10\/Design-Luftreiniger-AirgoClean\u00ae-140-E-139109-1628603700-2.webp 750w\" sizes=\"(max-width: 300px) 100vw, 300px\" \/>\t\t\t\t\t\t\t\t\t\t\t\t\t<\/div>\n\t\t\t\t<\/div>\n\t\t\t\t<div class=\"elementor-element elementor-element-f8575d1 elementor-widget elementor-widget-heading\" data-id=\"f8575d1\" data-element_type=\"widget\" data-widget_type=\"heading.default\">\n\t\t\t\t<div class=\"elementor-widget-container\">\n\t\t\t<h2 class=\"elementor-heading-title elementor-size-default\">DIZAJNERSKI PRE\u010cI\u0160C\u0301IVA\u010c VAZDUHA AIRGOCLEAN \u00ae 140 E\/145 E<\/h2>\t\t<\/div>\n\t\t\t\t<\/div>\n\t\t\t\t<div class=\"elementor-element elementor-element-7bd7ac20 elementor-align-center elementor-widget elementor-widget-button\" data-id=\"7bd7ac20\" data-element_type=\"widget\" data-widget_type=\"button.default\">\n\t\t\t\t<div class=\"elementor-widget-container\">\n\t\t\t\t\t\t\t<div class=\"elementor-button-wrapper\">\n\t\t\t\t\t<a class=\"elementor-button elementor-button-link elementor-size-sm\" href=\"https:\/\/masinezavlagu021.com\/index.php\/dizajnerski-preciscivac-vazduha-airgoclean-140-e-145-e\/\">\n\t\t\t\t\t\t<span class=\"elementor-button-content-wrapper\">\n\t\t\t\t\t\t\t\t\t<span class=\"elementor-button-text\">Vidi detalje<\/span>\n\t\t\t\t\t<\/span>\n\t\t\t\t\t<\/a>\n\t\t\t\t<\/div>\n\t\t\t\t\t\t<\/div>\n\t\t\t\t<\/div>\n\t\t\t\t<\/div>\n\t\t<div class=\"elementor-element elementor-element-5382a307 e-con-full e-flex e-con e-child\" data-id=\"5382a307\" data-element_type=\"container\">\n\t\t\t\t<div class=\"elementor-element elementor-element-384dc624 elementor-widget elementor-widget-image\" data-id=\"384dc624\" data-element_type=\"widget\" data-widget_type=\"image.default\">\n\t\t\t\t<div class=\"elementor-widget-container\">\n\t\t\t\t\t\t\t\t\t\t\t\t\t<img decoding=\"async\" width=\"300\" height=\"300\" src=\"https:\/\/masinezavlagu021.com\/wp-content\/uploads\/2023\/10\/Hochleistungs-Luftreiniger-AirgoClean\u00ae-350-E-133188-1615272500-2-300x300.webp\" class=\"attachment-medium size-medium wp-image-5331\" alt=\"\" srcset=\"https:\/\/masinezavlagu021.com\/wp-content\/uploads\/2023\/10\/Hochleistungs-Luftreiniger-AirgoClean\u00ae-350-E-133188-1615272500-2-300x300.webp 300w, https:\/\/masinezavlagu021.com\/wp-content\/uploads\/2023\/10\/Hochleistungs-Luftreiniger-AirgoClean\u00ae-350-E-133188-1615272500-2-1024x1024.webp 1024w, https:\/\/masinezavlagu021.com\/wp-content\/uploads\/2023\/10\/Hochleistungs-Luftreiniger-AirgoClean\u00ae-350-E-133188-1615272500-2-150x150.webp 150w, https:\/\/masinezavlagu021.com\/wp-content\/uploads\/2023\/10\/Hochleistungs-Luftreiniger-AirgoClean\u00ae-350-E-133188-1615272500-2-768x768.webp 768w, https:\/\/masinezavlagu021.com\/wp-content\/uploads\/2023\/10\/Hochleistungs-Luftreiniger-AirgoClean\u00ae-350-E-133188-1615272500-2-450x450.webp 450w, https:\/\/masinezavlagu021.com\/wp-content\/uploads\/2023\/10\/Hochleistungs-Luftreiniger-AirgoClean\u00ae-350-E-133188-1615272500-2-600x600.webp 600w, https:\/\/masinezavlagu021.com\/wp-content\/uploads\/2023\/10\/Hochleistungs-Luftreiniger-AirgoClean\u00ae-350-E-133188-1615272500-2-54x54.webp 54w, https:\/\/masinezavlagu021.com\/wp-content\/uploads\/2023\/10\/Hochleistungs-Luftreiniger-AirgoClean\u00ae-350-E-133188-1615272500-2-96x96.webp 96w, https:\/\/masinezavlagu021.com\/wp-content\/uploads\/2023\/10\/Hochleistungs-Luftreiniger-AirgoClean\u00ae-350-E-133188-1615272500-2.webp 1500w\" sizes=\"(max-width: 300px) 100vw, 300px\" \/>\t\t\t\t\t\t\t\t\t\t\t\t\t<\/div>\n\t\t\t\t<\/div>\n\t\t\t\t<div class=\"elementor-element elementor-element-5823864 elementor-widget elementor-widget-heading\" data-id=\"5823864\" data-element_type=\"widget\" data-widget_type=\"heading.default\">\n\t\t\t\t<div class=\"elementor-widget-container\">\n\t\t\t<h2 class=\"elementor-heading-title elementor-size-default\">PRE\u010cI\u0160C\u0301IVA\u010c VAZDUHA VISOKIH PERFORMANSI AIRGOCLEAN \u00ae 350 E<\/h2>\t\t<\/div>\n\t\t\t\t<\/div>\n\t\t\t\t<div class=\"elementor-element elementor-element-346911e4 elementor-align-center elementor-widget elementor-widget-button\" data-id=\"346911e4\" data-element_type=\"widget\" data-widget_type=\"button.default\">\n\t\t\t\t<div class=\"elementor-widget-container\">\n\t\t\t\t\t\t\t<div class=\"elementor-button-wrapper\">\n\t\t\t\t\t<a class=\"elementor-button elementor-button-link elementor-size-sm\" href=\"https:\/\/masinezavlagu021.com\/index.php\/preciscivac-vazduha-visokih-performansi-airgoclean-350-e\/\">\n\t\t\t\t\t\t<span class=\"elementor-button-content-wrapper\">\n\t\t\t\t\t\t\t\t\t<span class=\"elementor-button-text\">Vidi detalje<\/span>\n\t\t\t\t\t<\/span>\n\t\t\t\t\t<\/a>\n\t\t\t\t<\/div>\n\t\t\t\t\t\t<\/div>\n\t\t\t\t<\/div>\n\t\t\t\t<\/div>\n\t\t<div class=\"elementor-element elementor-element-7c33ed69 e-con-full e-flex e-con e-child\" data-id=\"7c33ed69\" data-element_type=\"container\">\n\t\t\t\t<div class=\"elementor-element elementor-element-215f3e52 elementor-widget elementor-widget-image\" data-id=\"215f3e52\" data-element_type=\"widget\" data-widget_type=\"image.default\">\n\t\t\t\t<div class=\"elementor-widget-container\">\n\t\t\t\t\t\t\t\t\t\t\t\t\t<img decoding=\"async\" width=\"300\" height=\"300\" src=\"https:\/\/masinezavlagu021.com\/wp-content\/uploads\/2023\/10\/Raumluftreiniger-TAC-ECO-II-141406-1633003364-1-300x300.webp\" class=\"attachment-medium size-medium wp-image-5332\" alt=\"\" srcset=\"https:\/\/masinezavlagu021.com\/wp-content\/uploads\/2023\/10\/Raumluftreiniger-TAC-ECO-II-141406-1633003364-1-300x300.webp 300w, https:\/\/masinezavlagu021.com\/wp-content\/uploads\/2023\/10\/Raumluftreiniger-TAC-ECO-II-141406-1633003364-1-1024x1024.webp 1024w, https:\/\/masinezavlagu021.com\/wp-content\/uploads\/2023\/10\/Raumluftreiniger-TAC-ECO-II-141406-1633003364-1-150x150.webp 150w, https:\/\/masinezavlagu021.com\/wp-content\/uploads\/2023\/10\/Raumluftreiniger-TAC-ECO-II-141406-1633003364-1-768x768.webp 768w, https:\/\/masinezavlagu021.com\/wp-content\/uploads\/2023\/10\/Raumluftreiniger-TAC-ECO-II-141406-1633003364-1-450x450.webp 450w, https:\/\/masinezavlagu021.com\/wp-content\/uploads\/2023\/10\/Raumluftreiniger-TAC-ECO-II-141406-1633003364-1-600x600.webp 600w, https:\/\/masinezavlagu021.com\/wp-content\/uploads\/2023\/10\/Raumluftreiniger-TAC-ECO-II-141406-1633003364-1-54x54.webp 54w, https:\/\/masinezavlagu021.com\/wp-content\/uploads\/2023\/10\/Raumluftreiniger-TAC-ECO-II-141406-1633003364-1-96x96.webp 96w, https:\/\/masinezavlagu021.com\/wp-content\/uploads\/2023\/10\/Raumluftreiniger-TAC-ECO-II-141406-1633003364-1.webp 1500w\" sizes=\"(max-width: 300px) 100vw, 300px\" \/>\t\t\t\t\t\t\t\t\t\t\t\t\t<\/div>\n\t\t\t\t<\/div>\n\t\t\t\t<div class=\"elementor-element elementor-element-8939428 elementor-widget elementor-widget-heading\" data-id=\"8939428\" data-element_type=\"widget\" data-widget_type=\"heading.default\">\n\t\t\t\t<div class=\"elementor-widget-container\">\n\t\t\t<h2 class=\"elementor-heading-title elementor-size-default\">PRE\u010cI\u0160\u0106IVA\u010c VAZDUHA VISOKIH PERFORMANSI TAC V+ OD TROTEC-a<\/h2>\t\t<\/div>\n\t\t\t\t<\/div>\n\t\t\t\t<div class=\"elementor-element elementor-element-330239d5 elementor-align-center elementor-widget elementor-widget-button\" data-id=\"330239d5\" data-element_type=\"widget\" data-widget_type=\"button.default\">\n\t\t\t\t<div class=\"elementor-widget-container\">\n\t\t\t\t\t\t\t<div class=\"elementor-button-wrapper\">\n\t\t\t\t\t<a class=\"elementor-button elementor-button-link elementor-size-sm\" href=\"https:\/\/masinezavlagu021.com\/index.php\/vrhunski-precistivac-vazduha-u-sobi-preciscivac-vazduha-visokih-performansi-tac-v-od-trotec-a\/\">\n\t\t\t\t\t\t<span class=\"elementor-button-content-wrapper\">\n\t\t\t\t\t\t\t\t\t<span class=\"elementor-button-text\">Vidi detalje<\/span>\n\t\t\t\t\t<\/span>\n\t\t\t\t\t<\/a>\n\t\t\t\t<\/div>\n\t\t\t\t\t\t<\/div>\n\t\t\t\t<\/div>\n\t\t\t\t<\/div>\n\t\t\t\t\t<\/div>\n\t\t\t\t<\/div>\n\t\t\t\t<\/div>\n\t\t","protected":false},"excerpt":{"rendered":"<p>Pre\u010di\u0161\u0107iva\u010di Vazduha Ku\u0107ni DIZAJNERSKI PRE\u010cI\u0160C\u0301IVA\u010c VAZDUHA AIRGOCLEAN \u00ae 140 E\/145 E Vidi detalje PRE\u010cI\u0160C\u0301IVA\u010c VAZDUHA VISOKIH PERFORMANSI AIRGOCLEAN \u00ae 350 E Vidi detalje PRE\u010cI\u0160\u0106IVA\u010c VAZDUHA VISOKIH PERFORMANSI TAC V+ OD TROTEC-a Vidi detalje<\/p>\n","protected":false},"author":1,"featured_media":0,"parent":0,"menu_order":0,"comment_status":"closed","ping_status":"closed","template":"elementor_header_footer","meta":{"footnotes":""},"class_list":["post-5322","page","type-page","status-publish","hentry"],"_links":{"self":[{"href":"https:\/\/masinezavlagu021.com\/index.php\/wp-json\/wp\/v2\/pages\/5322","targetHints":{"allow":["GET"]}}],"collection":[{"href":"https:\/\/masinezavlagu021.com\/index.php\/wp-json\/wp\/v2\/pages"}],"about":[{"href":"https:\/\/masinezavlagu021.com\/index.php\/wp-json\/wp\/v2\/types\/page"}],"author":[{"embeddable":true,"href":"https:\/\/masinezavlagu021.com\/index.php\/wp-json\/wp\/v2\/users\/1"}],"replies":[{"embeddable":true,"href":"https:\/\/masinezavlagu021.com\/index.php\/wp-json\/wp\/v2\/comments?post=5322"}],"version-history":[{"count":11,"href":"https:\/\/masinezavlagu021.com\/index.php\/wp-json\/wp\/v2\/pages\/5322\/revisions"}],"predecessor-version":[{"id":5338,"href":"https:\/\/masinezavlagu021.com\/index.php\/wp-json\/wp\/v2\/pages\/5322\/revisions\/5338"}],"wp:attachment":[{"href":"https:\/\/masinezavlagu021.com\/index.php\/wp-json\/wp\/v2\/media?parent=5322"}],"curies":[{"name":"wp","href":"https:\/\/api.w.org\/{rel}","templated":true}]}}