{"id":5311,"date":"2023-10-25T09:16:03","date_gmt":"2023-10-25T09:16:03","guid":{"rendered":"https:\/\/masine.aviportfolio.com\/?page_id=5311"},"modified":"2023-10-25T09:20:24","modified_gmt":"2023-10-25T09:20:24","slug":"ovlazivaci-vazduha","status":"publish","type":"page","link":"https:\/\/masinezavlagu021.com\/index.php\/ovlazivaci-vazduha\/","title":{"rendered":"Ovla\u017eiva\u010di Vazduha"},"content":{"rendered":"\t\t<div data-elementor-type=\"wp-page\" data-elementor-id=\"5311\" class=\"elementor elementor-5311\" data-elementor-post-type=\"page\">\n\t\t\t\t<div class=\"elementor-element elementor-element-216f05c4 e-flex e-con-boxed e-con e-parent\" data-id=\"216f05c4\" data-element_type=\"container\">\n\t\t\t\t\t<div class=\"e-con-inner\">\n\t\t\t\t<div class=\"elementor-element elementor-element-7fda602a elementor-widget elementor-widget-heading\" data-id=\"7fda602a\" data-element_type=\"widget\" data-widget_type=\"heading.default\">\n\t\t\t\t<div class=\"elementor-widget-container\">\n\t\t\t<h2 class=\"elementor-heading-title elementor-size-default\">Ovla\u017eiva\u010di Vazduha<\/h2>\t\t<\/div>\n\t\t\t\t<\/div>\n\t\t\t\t\t<\/div>\n\t\t\t\t<\/div>\n\t\t<div class=\"elementor-element elementor-element-3aff8c9b e-flex e-con-boxed e-con e-parent\" data-id=\"3aff8c9b\" data-element_type=\"container\">\n\t\t\t\t\t<div class=\"e-con-inner\">\n\t\t<div class=\"elementor-element elementor-element-1c496adc e-con-full e-flex e-con e-child\" data-id=\"1c496adc\" data-element_type=\"container\">\n\t\t\t\t<div class=\"elementor-element elementor-element-5ed61a9 elementor-widget elementor-widget-image\" data-id=\"5ed61a9\" data-element_type=\"widget\" data-widget_type=\"image.default\">\n\t\t\t\t<div class=\"elementor-widget-container\">\n\t\t\t\t\t\t\t\t\t\t\t\t\t<img fetchpriority=\"high\" decoding=\"async\" width=\"300\" height=\"300\" src=\"https:\/\/masinezavlagu021.com\/wp-content\/uploads\/2023\/10\/Ultraschall-Luftbefeuchter-B-2-E-140455-1631001377-1-300x300.webp\" class=\"attachment-medium size-medium wp-image-5315\" alt=\"\" srcset=\"https:\/\/masinezavlagu021.com\/wp-content\/uploads\/2023\/10\/Ultraschall-Luftbefeuchter-B-2-E-140455-1631001377-1-300x300.webp 300w, https:\/\/masinezavlagu021.com\/wp-content\/uploads\/2023\/10\/Ultraschall-Luftbefeuchter-B-2-E-140455-1631001377-1-1024x1024.webp 1024w, https:\/\/masinezavlagu021.com\/wp-content\/uploads\/2023\/10\/Ultraschall-Luftbefeuchter-B-2-E-140455-1631001377-1-150x150.webp 150w, https:\/\/masinezavlagu021.com\/wp-content\/uploads\/2023\/10\/Ultraschall-Luftbefeuchter-B-2-E-140455-1631001377-1-768x768.webp 768w, https:\/\/masinezavlagu021.com\/wp-content\/uploads\/2023\/10\/Ultraschall-Luftbefeuchter-B-2-E-140455-1631001377-1-450x450.webp 450w, https:\/\/masinezavlagu021.com\/wp-content\/uploads\/2023\/10\/Ultraschall-Luftbefeuchter-B-2-E-140455-1631001377-1-600x600.webp 600w, https:\/\/masinezavlagu021.com\/wp-content\/uploads\/2023\/10\/Ultraschall-Luftbefeuchter-B-2-E-140455-1631001377-1-54x54.webp 54w, https:\/\/masinezavlagu021.com\/wp-content\/uploads\/2023\/10\/Ultraschall-Luftbefeuchter-B-2-E-140455-1631001377-1-96x96.webp 96w, https:\/\/masinezavlagu021.com\/wp-content\/uploads\/2023\/10\/Ultraschall-Luftbefeuchter-B-2-E-140455-1631001377-1.webp 1500w\" sizes=\"(max-width: 300px) 100vw, 300px\" \/>\t\t\t\t\t\t\t\t\t\t\t\t\t<\/div>\n\t\t\t\t<\/div>\n\t\t\t\t<div class=\"elementor-element elementor-element-293e5946 elementor-widget elementor-widget-heading\" data-id=\"293e5946\" data-element_type=\"widget\" data-widget_type=\"heading.default\">\n\t\t\t\t<div class=\"elementor-widget-container\">\n\t\t\t<h2 class=\"elementor-heading-title elementor-size-default\">ULTRAZVU\u010cNI OVLA\u017dIVA\u010c B 2 E<\/h2>\t\t<\/div>\n\t\t\t\t<\/div>\n\t\t\t\t<div class=\"elementor-element elementor-element-8feff03 elementor-align-center elementor-widget elementor-widget-button\" data-id=\"8feff03\" data-element_type=\"widget\" data-widget_type=\"button.default\">\n\t\t\t\t<div class=\"elementor-widget-container\">\n\t\t\t\t\t\t\t<div class=\"elementor-button-wrapper\">\n\t\t\t\t\t<a class=\"elementor-button elementor-button-link elementor-size-sm\" href=\"https:\/\/masinezavlagu021.com\/index.php\/ultrazvucni-ovlazivac-b-2-e\/\">\n\t\t\t\t\t\t<span class=\"elementor-button-content-wrapper\">\n\t\t\t\t\t\t\t\t\t<span class=\"elementor-button-text\">Vidi detalje<\/span>\n\t\t\t\t\t<\/span>\n\t\t\t\t\t<\/a>\n\t\t\t\t<\/div>\n\t\t\t\t\t\t<\/div>\n\t\t\t\t<\/div>\n\t\t\t\t<\/div>\n\t\t<div class=\"elementor-element elementor-element-3bad6894 e-con-full e-flex e-con e-child\" data-id=\"3bad6894\" data-element_type=\"container\">\n\t\t\t\t<div class=\"elementor-element elementor-element-3a22b228 elementor-widget elementor-widget-image\" data-id=\"3a22b228\" data-element_type=\"widget\" data-widget_type=\"image.default\">\n\t\t\t\t<div class=\"elementor-widget-container\">\n\t\t\t\t\t\t\t\t\t\t\t\t\t<img decoding=\"async\" width=\"300\" height=\"300\" src=\"https:\/\/masinezavlagu021.com\/wp-content\/uploads\/2023\/10\/Ultraschall-Luftbefeuchter-B-7-E-139515-1629699637-1-300x300.webp\" class=\"attachment-medium size-medium wp-image-5316\" alt=\"\" srcset=\"https:\/\/masinezavlagu021.com\/wp-content\/uploads\/2023\/10\/Ultraschall-Luftbefeuchter-B-7-E-139515-1629699637-1-300x300.webp 300w, https:\/\/masinezavlagu021.com\/wp-content\/uploads\/2023\/10\/Ultraschall-Luftbefeuchter-B-7-E-139515-1629699637-1-1024x1024.webp 1024w, https:\/\/masinezavlagu021.com\/wp-content\/uploads\/2023\/10\/Ultraschall-Luftbefeuchter-B-7-E-139515-1629699637-1-150x150.webp 150w, https:\/\/masinezavlagu021.com\/wp-content\/uploads\/2023\/10\/Ultraschall-Luftbefeuchter-B-7-E-139515-1629699637-1-768x768.webp 768w, https:\/\/masinezavlagu021.com\/wp-content\/uploads\/2023\/10\/Ultraschall-Luftbefeuchter-B-7-E-139515-1629699637-1-450x450.webp 450w, https:\/\/masinezavlagu021.com\/wp-content\/uploads\/2023\/10\/Ultraschall-Luftbefeuchter-B-7-E-139515-1629699637-1-600x600.webp 600w, https:\/\/masinezavlagu021.com\/wp-content\/uploads\/2023\/10\/Ultraschall-Luftbefeuchter-B-7-E-139515-1629699637-1-54x54.webp 54w, https:\/\/masinezavlagu021.com\/wp-content\/uploads\/2023\/10\/Ultraschall-Luftbefeuchter-B-7-E-139515-1629699637-1-96x96.webp 96w, https:\/\/masinezavlagu021.com\/wp-content\/uploads\/2023\/10\/Ultraschall-Luftbefeuchter-B-7-E-139515-1629699637-1.webp 1500w\" sizes=\"(max-width: 300px) 100vw, 300px\" \/>\t\t\t\t\t\t\t\t\t\t\t\t\t<\/div>\n\t\t\t\t<\/div>\n\t\t\t\t<div class=\"elementor-element elementor-element-b641fc0 elementor-widget elementor-widget-heading\" data-id=\"b641fc0\" data-element_type=\"widget\" data-widget_type=\"heading.default\">\n\t\t\t\t<div class=\"elementor-widget-container\">\n\t\t\t<h2 class=\"elementor-heading-title elementor-size-default\">ULTRAZVU\u010cNI OVLA\u017dIVA\u010c B 7 E<\/h2>\t\t<\/div>\n\t\t\t\t<\/div>\n\t\t\t\t<div class=\"elementor-element elementor-element-2ee7674a elementor-align-center elementor-widget elementor-widget-button\" data-id=\"2ee7674a\" data-element_type=\"widget\" data-widget_type=\"button.default\">\n\t\t\t\t<div class=\"elementor-widget-container\">\n\t\t\t\t\t\t\t<div class=\"elementor-button-wrapper\">\n\t\t\t\t\t<a class=\"elementor-button elementor-button-link elementor-size-sm\" href=\"https:\/\/masinezavlagu021.com\/index.php\/ultrazvucni-ovlazivac-b-7-e\/\">\n\t\t\t\t\t\t<span class=\"elementor-button-content-wrapper\">\n\t\t\t\t\t\t\t\t\t<span class=\"elementor-button-text\">Vidi detalje<\/span>\n\t\t\t\t\t<\/span>\n\t\t\t\t\t<\/a>\n\t\t\t\t<\/div>\n\t\t\t\t\t\t<\/div>\n\t\t\t\t<\/div>\n\t\t\t\t<\/div>\n\t\t<div class=\"elementor-element elementor-element-3e3adfac e-con-full e-flex e-con e-child\" data-id=\"3e3adfac\" data-element_type=\"container\">\n\t\t\t\t<div class=\"elementor-element elementor-element-3a6f2afc elementor-widget elementor-widget-image\" data-id=\"3a6f2afc\" data-element_type=\"widget\" data-widget_type=\"image.default\">\n\t\t\t\t<div class=\"elementor-widget-container\">\n\t\t\t\t\t\t\t\t\t\t\t\t\t<img decoding=\"async\" width=\"300\" height=\"300\" src=\"https:\/\/masinezavlagu021.com\/wp-content\/uploads\/2023\/10\/Verdunstungs-Luftbefeuchter-B-400-64949-1507644377-1-300x300.webp\" class=\"attachment-medium size-medium wp-image-5317\" alt=\"\" srcset=\"https:\/\/masinezavlagu021.com\/wp-content\/uploads\/2023\/10\/Verdunstungs-Luftbefeuchter-B-400-64949-1507644377-1-300x300.webp 300w, https:\/\/masinezavlagu021.com\/wp-content\/uploads\/2023\/10\/Verdunstungs-Luftbefeuchter-B-400-64949-1507644377-1-1024x1024.webp 1024w, https:\/\/masinezavlagu021.com\/wp-content\/uploads\/2023\/10\/Verdunstungs-Luftbefeuchter-B-400-64949-1507644377-1-150x150.webp 150w, https:\/\/masinezavlagu021.com\/wp-content\/uploads\/2023\/10\/Verdunstungs-Luftbefeuchter-B-400-64949-1507644377-1-768x768.webp 768w, https:\/\/masinezavlagu021.com\/wp-content\/uploads\/2023\/10\/Verdunstungs-Luftbefeuchter-B-400-64949-1507644377-1-450x450.webp 450w, https:\/\/masinezavlagu021.com\/wp-content\/uploads\/2023\/10\/Verdunstungs-Luftbefeuchter-B-400-64949-1507644377-1-600x600.webp 600w, https:\/\/masinezavlagu021.com\/wp-content\/uploads\/2023\/10\/Verdunstungs-Luftbefeuchter-B-400-64949-1507644377-1-54x54.webp 54w, https:\/\/masinezavlagu021.com\/wp-content\/uploads\/2023\/10\/Verdunstungs-Luftbefeuchter-B-400-64949-1507644377-1-96x96.webp 96w, https:\/\/masinezavlagu021.com\/wp-content\/uploads\/2023\/10\/Verdunstungs-Luftbefeuchter-B-400-64949-1507644377-1.webp 1500w\" sizes=\"(max-width: 300px) 100vw, 300px\" \/>\t\t\t\t\t\t\t\t\t\t\t\t\t<\/div>\n\t\t\t\t<\/div>\n\t\t\t\t<div class=\"elementor-element elementor-element-3cef8779 elementor-widget elementor-widget-heading\" data-id=\"3cef8779\" data-element_type=\"widget\" data-widget_type=\"heading.default\">\n\t\t\t\t<div class=\"elementor-widget-container\">\n\t\t\t<h2 class=\"elementor-heading-title elementor-size-default\">OVLA\u017dIVA\u010c B 400<\/h2>\t\t<\/div>\n\t\t\t\t<\/div>\n\t\t\t\t<div class=\"elementor-element elementor-element-427bffc3 elementor-align-center elementor-widget elementor-widget-button\" data-id=\"427bffc3\" data-element_type=\"widget\" data-widget_type=\"button.default\">\n\t\t\t\t<div class=\"elementor-widget-container\">\n\t\t\t\t\t\t\t<div class=\"elementor-button-wrapper\">\n\t\t\t\t\t<a class=\"elementor-button elementor-button-link elementor-size-sm\" href=\"https:\/\/masinezavlagu021.com\/index.php\/ovlazivac-b-400\/\">\n\t\t\t\t\t\t<span class=\"elementor-button-content-wrapper\">\n\t\t\t\t\t\t\t\t\t<span class=\"elementor-button-text\">Vidi detalje<\/span>\n\t\t\t\t\t<\/span>\n\t\t\t\t\t<\/a>\n\t\t\t\t<\/div>\n\t\t\t\t\t\t<\/div>\n\t\t\t\t<\/div>\n\t\t\t\t<\/div>\n\t\t\t\t\t<\/div>\n\t\t\t\t<\/div>\n\t\t\t\t<\/div>\n\t\t","protected":false},"excerpt":{"rendered":"<p>Ovla\u017eiva\u010di Vazduha ULTRAZVU\u010cNI OVLA\u017dIVA\u010c B 2 E Vidi detalje ULTRAZVU\u010cNI OVLA\u017dIVA\u010c B 7 E Vidi detalje OVLA\u017dIVA\u010c B 400 Vidi detalje<\/p>\n","protected":false},"author":1,"featured_media":0,"parent":0,"menu_order":0,"comment_status":"closed","ping_status":"closed","template":"elementor_header_footer","meta":{"footnotes":""},"class_list":["post-5311","page","type-page","status-publish","hentry"],"_links":{"self":[{"href":"https:\/\/masinezavlagu021.com\/index.php\/wp-json\/wp\/v2\/pages\/5311","targetHints":{"allow":["GET"]}}],"collection":[{"href":"https:\/\/masinezavlagu021.com\/index.php\/wp-json\/wp\/v2\/pages"}],"about":[{"href":"https:\/\/masinezavlagu021.com\/index.php\/wp-json\/wp\/v2\/types\/page"}],"author":[{"embeddable":true,"href":"https:\/\/masinezavlagu021.com\/index.php\/wp-json\/wp\/v2\/users\/1"}],"replies":[{"embeddable":true,"href":"https:\/\/masinezavlagu021.com\/index.php\/wp-json\/wp\/v2\/comments?post=5311"}],"version-history":[{"count":4,"href":"https:\/\/masinezavlagu021.com\/index.php\/wp-json\/wp\/v2\/pages\/5311\/revisions"}],"predecessor-version":[{"id":5320,"href":"https:\/\/masinezavlagu021.com\/index.php\/wp-json\/wp\/v2\/pages\/5311\/revisions\/5320"}],"wp:attachment":[{"href":"https:\/\/masinezavlagu021.com\/index.php\/wp-json\/wp\/v2\/media?parent=5311"}],"curies":[{"name":"wp","href":"https:\/\/api.w.org\/{rel}","templated":true}]}}