{"id":49,"date":"2023-10-09T09:16:00","date_gmt":"2023-10-09T09:16:00","guid":{"rendered":"https:\/\/masine.aviportfolio.com\/?page_id=49"},"modified":"2025-12-22T20:35:28","modified_gmt":"2025-12-22T19:35:28","slug":"elektricna-grejalica-sa-ventilatorom-tds-50","status":"publish","type":"page","link":"https:\/\/masinezavlagu021.com\/index.php\/elektricna-grejalica-sa-ventilatorom-tds-50\/","title":{"rendered":"ELEKTRI\u010cNA GREJALICA SA VENTILATOROM TDS 50"},"content":{"rendered":"\t\t<div data-elementor-type=\"wp-page\" data-elementor-id=\"49\" class=\"elementor elementor-49\" data-elementor-post-type=\"page\">\n\t\t\t\t<div class=\"elementor-element elementor-element-766cd84a e-con-full e-flex e-con e-parent\" data-id=\"766cd84a\" data-element_type=\"container\">\n\t\t\t\t<div class=\"elementor-element elementor-element-216236ba elementor-widget elementor-widget-image\" data-id=\"216236ba\" data-element_type=\"widget\" data-widget_type=\"image.default\">\n\t\t\t\t<div class=\"elementor-widget-container\">\n\t\t\t\t\t\t\t\t\t\t\t\t\t<img fetchpriority=\"high\" decoding=\"async\" width=\"1600\" height=\"374\" src=\"https:\/\/masinezavlagu021.com\/wp-content\/uploads\/2023\/10\/elektroheizgeblaese-tds-50-7270.jpg\" class=\"attachment-full size-full wp-image-51\" alt=\"\" srcset=\"https:\/\/masinezavlagu021.com\/wp-content\/uploads\/2023\/10\/elektroheizgeblaese-tds-50-7270.jpg 1600w, https:\/\/masinezavlagu021.com\/wp-content\/uploads\/2023\/10\/elektroheizgeblaese-tds-50-7270-90x21.jpg 90w, https:\/\/masinezavlagu021.com\/wp-content\/uploads\/2023\/10\/elektroheizgeblaese-tds-50-7270-600x140.jpg 600w, https:\/\/masinezavlagu021.com\/wp-content\/uploads\/2023\/10\/elektroheizgeblaese-tds-50-7270-300x70.jpg 300w, https:\/\/masinezavlagu021.com\/wp-content\/uploads\/2023\/10\/elektroheizgeblaese-tds-50-7270-1024x239.jpg 1024w, https:\/\/masinezavlagu021.com\/wp-content\/uploads\/2023\/10\/elektroheizgeblaese-tds-50-7270-768x180.jpg 768w, https:\/\/masinezavlagu021.com\/wp-content\/uploads\/2023\/10\/elektroheizgeblaese-tds-50-7270-1536x359.jpg 1536w\" sizes=\"(max-width: 1600px) 100vw, 1600px\" \/>\t\t\t\t\t\t\t\t\t\t\t\t\t<\/div>\n\t\t\t\t<\/div>\n\t\t\t\t<\/div>\n\t\t<div class=\"elementor-element elementor-element-97909c5 e-flex e-con-boxed e-con e-parent\" data-id=\"97909c5\" data-element_type=\"container\">\n\t\t\t\t\t<div class=\"e-con-inner\">\n\t\t\t\t<div class=\"elementor-element elementor-element-6b015c7a elementor-widget elementor-widget-heading\" data-id=\"6b015c7a\" data-element_type=\"widget\" data-widget_type=\"heading.default\">\n\t\t\t\t<div class=\"elementor-widget-container\">\n\t\t\t<h2 class=\"elementor-heading-title elementor-size-default\">ELEKTRI\u010cNA GREJALICA SA VENTILATOROM TDS 50<\/h2>\t\t<\/div>\n\t\t\t\t<\/div>\n\t\t\t\t<div class=\"elementor-element elementor-element-7b6673 elementor-widget elementor-widget-heading\" data-id=\"7b6673\" data-element_type=\"widget\" data-widget_type=\"heading.default\">\n\t\t\t\t<div class=\"elementor-widget-container\">\n\t\t\t<h2 class=\"elementor-heading-title elementor-size-default\">Mnogo toplog vazduha \u2013 i mnogo iza toga!<\/h2>\t\t<\/div>\n\t\t\t\t<\/div>\n\t\t\t\t\t<\/div>\n\t\t\t\t<\/div>\n\t\t<div class=\"elementor-element elementor-element-6b1a9d1f e-con-full e-flex e-con e-parent\" data-id=\"6b1a9d1f\" data-element_type=\"container\">\n\t\t<div class=\"elementor-element elementor-element-49144f8 e-con-full e-flex e-con e-child\" data-id=\"49144f8\" data-element_type=\"container\">\n\t\t\t\t<div class=\"elementor-element elementor-element-5fa78292 elementor-widget elementor-widget-image\" data-id=\"5fa78292\" data-element_type=\"widget\" data-widget_type=\"image.default\">\n\t\t\t\t<div class=\"elementor-widget-container\">\n\t\t\t\t\t\t\t\t\t\t\t\t\t<img decoding=\"async\" width=\"800\" height=\"800\" src=\"https:\/\/masinezavlagu021.com\/wp-content\/uploads\/2023\/10\/elektroheizgeblaese-tds-50-8f97.jpg\" class=\"attachment-large size-large wp-image-54\" alt=\"\" srcset=\"https:\/\/masinezavlagu021.com\/wp-content\/uploads\/2023\/10\/elektroheizgeblaese-tds-50-8f97.jpg 800w, https:\/\/masinezavlagu021.com\/wp-content\/uploads\/2023\/10\/elektroheizgeblaese-tds-50-8f97-300x300.jpg 300w, https:\/\/masinezavlagu021.com\/wp-content\/uploads\/2023\/10\/elektroheizgeblaese-tds-50-8f97-54x54.jpg 54w, https:\/\/masinezavlagu021.com\/wp-content\/uploads\/2023\/10\/elektroheizgeblaese-tds-50-8f97-600x600.jpg 600w, https:\/\/masinezavlagu021.com\/wp-content\/uploads\/2023\/10\/elektroheizgeblaese-tds-50-8f97-150x150.jpg 150w, https:\/\/masinezavlagu021.com\/wp-content\/uploads\/2023\/10\/elektroheizgeblaese-tds-50-8f97-768x768.jpg 768w\" sizes=\"(max-width: 800px) 100vw, 800px\" \/>\t\t\t\t\t\t\t\t\t\t\t\t\t<\/div>\n\t\t\t\t<\/div>\n\t\t\t\t<div class=\"elementor-element elementor-element-3e48ee4a elementor-widget elementor-widget-image\" data-id=\"3e48ee4a\" data-element_type=\"widget\" data-widget_type=\"image.default\">\n\t\t\t\t<div class=\"elementor-widget-container\">\n\t\t\t\t\t\t\t\t\t\t\t\t\t<img decoding=\"async\" width=\"800\" height=\"800\" src=\"https:\/\/masinezavlagu021.com\/wp-content\/uploads\/2023\/10\/elektroheizgeblaese-tds-50-1464.jpg\" class=\"attachment-large size-large wp-image-52\" alt=\"\" srcset=\"https:\/\/masinezavlagu021.com\/wp-content\/uploads\/2023\/10\/elektroheizgeblaese-tds-50-1464.jpg 800w, https:\/\/masinezavlagu021.com\/wp-content\/uploads\/2023\/10\/elektroheizgeblaese-tds-50-1464-300x300.jpg 300w, https:\/\/masinezavlagu021.com\/wp-content\/uploads\/2023\/10\/elektroheizgeblaese-tds-50-1464-54x54.jpg 54w, https:\/\/masinezavlagu021.com\/wp-content\/uploads\/2023\/10\/elektroheizgeblaese-tds-50-1464-600x600.jpg 600w, https:\/\/masinezavlagu021.com\/wp-content\/uploads\/2023\/10\/elektroheizgeblaese-tds-50-1464-150x150.jpg 150w, https:\/\/masinezavlagu021.com\/wp-content\/uploads\/2023\/10\/elektroheizgeblaese-tds-50-1464-768x768.jpg 768w\" sizes=\"(max-width: 800px) 100vw, 800px\" \/>\t\t\t\t\t\t\t\t\t\t\t\t\t<\/div>\n\t\t\t\t<\/div>\n\t\t\t\t<\/div>\n\t\t<div class=\"elementor-element elementor-element-3fcc9826 e-con-full e-flex e-con e-child\" data-id=\"3fcc9826\" data-element_type=\"container\">\n\t\t\t\t<div class=\"elementor-element elementor-element-2c5394c2 elementor-widget elementor-widget-image\" data-id=\"2c5394c2\" data-element_type=\"widget\" data-widget_type=\"image.default\">\n\t\t\t\t<div class=\"elementor-widget-container\">\n\t\t\t\t\t\t\t\t\t\t\t\t\t<img loading=\"lazy\" decoding=\"async\" width=\"800\" height=\"800\" src=\"https:\/\/masinezavlagu021.com\/wp-content\/uploads\/2023\/10\/elektroheizgeblaese-tds-50-2743.jpg\" class=\"attachment-full size-full wp-image-53\" alt=\"\" srcset=\"https:\/\/masinezavlagu021.com\/wp-content\/uploads\/2023\/10\/elektroheizgeblaese-tds-50-2743.jpg 800w, https:\/\/masinezavlagu021.com\/wp-content\/uploads\/2023\/10\/elektroheizgeblaese-tds-50-2743-300x300.jpg 300w, https:\/\/masinezavlagu021.com\/wp-content\/uploads\/2023\/10\/elektroheizgeblaese-tds-50-2743-54x54.jpg 54w, https:\/\/masinezavlagu021.com\/wp-content\/uploads\/2023\/10\/elektroheizgeblaese-tds-50-2743-600x600.jpg 600w, https:\/\/masinezavlagu021.com\/wp-content\/uploads\/2023\/10\/elektroheizgeblaese-tds-50-2743-150x150.jpg 150w, https:\/\/masinezavlagu021.com\/wp-content\/uploads\/2023\/10\/elektroheizgeblaese-tds-50-2743-768x768.jpg 768w\" sizes=\"(max-width: 800px) 100vw, 800px\" \/>\t\t\t\t\t\t\t\t\t\t\t\t\t<\/div>\n\t\t\t\t<\/div>\n\t\t\t\t<\/div>\n\t\t<div class=\"elementor-element elementor-element-5bced7cd e-con-full e-flex e-con e-child\" data-id=\"5bced7cd\" data-element_type=\"container\">\n\t\t<div class=\"elementor-element elementor-element-1af23958 e-flex e-con-boxed e-con e-child\" data-id=\"1af23958\" data-element_type=\"container\">\n\t\t\t\t\t<div class=\"e-con-inner\">\n\t\t\t\t<div class=\"elementor-element elementor-element-3f8052cd elementor-widget elementor-widget-text-editor\" data-id=\"3f8052cd\" data-element_type=\"widget\" data-widget_type=\"text-editor.default\">\n\t\t\t\t<div class=\"elementor-widget-container\">\n\t\t\t\t\t\t\t<p>Elektri\u010dna grejalica sa ventilatorom TDS 50 je moc\u0301no re\u0161enje za grejanje za gra\u0111evinsku industriju i ugostiteljstvo, ba\u0161tensku \u0161upu ili vikendicu. Kao i svi modeli iz serije TDS, ovaj elektri\u010dni greja\u010d ventilatora, za razliku od direktno lo\u017eenih gasnih ili uljnih greja\u010da, ne tro\u0161i kiseonik niti proizvodi izduvne gasove sagorevanjem, zbog \u010dega se ovaj greja\u010d mo\u017ee koristiti prakti\u010dno svuda i posebno je pogodan za kontrolu temperature. negrejanih unutra\u0161njih prostora.<\/p><p>Zahvaljujuc\u0301i integrisanoj termostatskoj kontroli, generisani protok toplog vazduha mo\u017ee se kontinuirano pode\u0161avati na \u017eeljenu temperaturu i meriti po potrebi preko dvostepene kontrole snage za kontrolu temperature punjenja prostorije.<\/p><p>Standardno ugra\u0111ena vazdu\u0161na pregrada tako\u0111e optimizuje emisiju toplote i na taj na\u010din garantuje maksimalnu efikasnost za va\u0161e grejne aplikacije.<\/p>\t\t\t\t\t\t<\/div>\n\t\t\t\t<\/div>\n\t\t\t\t\t<\/div>\n\t\t\t\t<\/div>\n\t\t\t\t<\/div>\n\t\t\t\t<\/div>\n\t\t<div class=\"elementor-element elementor-element-4e6d878 e-con-full e-flex e-con e-parent\" data-id=\"4e6d878\" data-element_type=\"container\">\n\t\t<div class=\"elementor-element elementor-element-604f4ea2 e-con-full e-flex e-con e-child\" data-id=\"604f4ea2\" data-element_type=\"container\">\n\t\t\t\t<div class=\"elementor-element elementor-element-782006ff elementor-widget elementor-widget-text-editor\" data-id=\"782006ff\" data-element_type=\"widget\" data-widget_type=\"text-editor.default\">\n\t\t\t\t<div class=\"elementor-widget-container\">\n\t\t\t\t\t\t\t<p>Da je TDS 50 originalni elektri\u010dni greja\u010d sa ventilatorom iz Trotec-a, mo\u017eete rec\u0301i, pored prepoznatljivog utiskivanja logotipa, kao i po dva monta\u017ena navoja sa strane, koji se koriste za postavljanje opciono dostupnih zidnih i plafonskih nosa\u010da, sa kojima mo\u017eete koristiti svoj TDS greja\u010d ventilatora fleksibilno umesto da ga postavljate na pod Mo\u017ee se pri\u010dvrstiti na zid ili plafon.<\/p><p>Zahvaljujuc\u0301i ru\u010dkama za no\u0161enje u obliku trapeza, ovaj elektri\u010dni greja\u010d ventilatora se tako\u0111e mo\u017ee stabilno slagati nekoliko puta.<\/p>\t\t\t\t\t\t<\/div>\n\t\t\t\t<\/div>\n\t\t\t\t<div class=\"elementor-element elementor-element-4afa21cf elementor-widget elementor-widget-text-editor\" data-id=\"4afa21cf\" data-element_type=\"widget\" data-widget_type=\"text-editor.default\">\n\t\t\t\t<div class=\"elementor-widget-container\">\n\t\t\t\t\t\t\t<div class=\"csc-header csc-header-n1\"><h2 class=\"csc-firstHeader\">Posebne osobine:<\/h2><\/div><ul class=\"csc-bulletlist-3\"><li>Priprema za monta\u017eu za zidnu ili plafonsku monta\u017eu<\/li><li>Standardno sa vazdu\u0161nom pregradom<\/li><li>Za\u0161titne udubljene kontrole<\/li><li>Mogu\u0107nost slaganja vi\u0161e ure\u0111aja jedan na drugi radi u\u0161tede prostora<\/li><\/ul>\t\t\t\t\t\t<\/div>\n\t\t\t\t<\/div>\n\t\t\t\t<\/div>\n\t\t<div class=\"elementor-element elementor-element-21360863 e-con-full e-flex e-con e-child\" data-id=\"21360863\" data-element_type=\"container\">\n\t\t\t\t<div class=\"elementor-element elementor-element-6efa6360 elementor-widget elementor-widget-image\" data-id=\"6efa6360\" data-element_type=\"widget\" data-widget_type=\"image.default\">\n\t\t\t\t<div class=\"elementor-widget-container\">\n\t\t\t\t\t\t\t\t\t\t\t\t\t<img loading=\"lazy\" decoding=\"async\" width=\"960\" height=\"960\" src=\"https:\/\/masinezavlagu021.com\/wp-content\/uploads\/2023\/10\/wand-und-deckenbefestigung-moeglich-fc89-1024x1024.jpg\" class=\"attachment-large size-large wp-image-56\" alt=\"\" srcset=\"https:\/\/masinezavlagu021.com\/wp-content\/uploads\/2023\/10\/wand-und-deckenbefestigung-moeglich-fc89-1024x1024.jpg 1024w, https:\/\/masinezavlagu021.com\/wp-content\/uploads\/2023\/10\/wand-und-deckenbefestigung-moeglich-fc89-300x300.jpg 300w, https:\/\/masinezavlagu021.com\/wp-content\/uploads\/2023\/10\/wand-und-deckenbefestigung-moeglich-fc89-54x54.jpg 54w, https:\/\/masinezavlagu021.com\/wp-content\/uploads\/2023\/10\/wand-und-deckenbefestigung-moeglich-fc89-600x600.jpg 600w, https:\/\/masinezavlagu021.com\/wp-content\/uploads\/2023\/10\/wand-und-deckenbefestigung-moeglich-fc89-150x150.jpg 150w, https:\/\/masinezavlagu021.com\/wp-content\/uploads\/2023\/10\/wand-und-deckenbefestigung-moeglich-fc89-768x768.jpg 768w, https:\/\/masinezavlagu021.com\/wp-content\/uploads\/2023\/10\/wand-und-deckenbefestigung-moeglich-fc89.jpg 1400w\" sizes=\"(max-width: 960px) 100vw, 960px\" \/>\t\t\t\t\t\t\t\t\t\t\t\t\t<\/div>\n\t\t\t\t<\/div>\n\t\t\t\t<div class=\"elementor-element elementor-element-56aac739 elementor-widget elementor-widget-image\" data-id=\"56aac739\" data-element_type=\"widget\" data-widget_type=\"image.default\">\n\t\t\t\t<div class=\"elementor-widget-container\">\n\t\t\t\t\t\t\t\t\t\t\t\t\t<img loading=\"lazy\" decoding=\"async\" width=\"960\" height=\"346\" src=\"https:\/\/masinezavlagu021.com\/wp-content\/uploads\/2023\/10\/wand-und-deckenhalterungen-e804-1024x369.png\" class=\"attachment-large size-large wp-image-38\" alt=\"\" srcset=\"https:\/\/masinezavlagu021.com\/wp-content\/uploads\/2023\/10\/wand-und-deckenhalterungen-e804-1024x369.png 1024w, https:\/\/masinezavlagu021.com\/wp-content\/uploads\/2023\/10\/wand-und-deckenhalterungen-e804-90x32.png 90w, https:\/\/masinezavlagu021.com\/wp-content\/uploads\/2023\/10\/wand-und-deckenhalterungen-e804-600x216.png 600w, https:\/\/masinezavlagu021.com\/wp-content\/uploads\/2023\/10\/wand-und-deckenhalterungen-e804-300x108.png 300w, https:\/\/masinezavlagu021.com\/wp-content\/uploads\/2023\/10\/wand-und-deckenhalterungen-e804-768x277.png 768w, https:\/\/masinezavlagu021.com\/wp-content\/uploads\/2023\/10\/wand-und-deckenhalterungen-e804.png 1270w\" sizes=\"(max-width: 960px) 100vw, 960px\" \/>\t\t\t\t\t\t\t\t\t\t\t\t\t<\/div>\n\t\t\t\t<\/div>\n\t\t\t\t<\/div>\n\t\t<div class=\"elementor-element elementor-element-6fcfd2 e-con-full e-flex e-con e-child\" data-id=\"6fcfd2\" data-element_type=\"container\">\n\t\t\t\t<div class=\"elementor-element elementor-element-3a519fdd elementor-widget elementor-widget-image\" data-id=\"3a519fdd\" data-element_type=\"widget\" data-widget_type=\"image.default\">\n\t\t\t\t<div class=\"elementor-widget-container\">\n\t\t\t\t\t\t\t\t\t\t\t\t\t<img loading=\"lazy\" decoding=\"async\" width=\"960\" height=\"960\" src=\"https:\/\/masinezavlagu021.com\/wp-content\/uploads\/2023\/10\/wand-und-deckenbefestigung-moeglich-6f86-1024x1024.jpg\" class=\"attachment-large size-large wp-image-55\" alt=\"\" srcset=\"https:\/\/masinezavlagu021.com\/wp-content\/uploads\/2023\/10\/wand-und-deckenbefestigung-moeglich-6f86-1024x1024.jpg 1024w, https:\/\/masinezavlagu021.com\/wp-content\/uploads\/2023\/10\/wand-und-deckenbefestigung-moeglich-6f86-300x300.jpg 300w, https:\/\/masinezavlagu021.com\/wp-content\/uploads\/2023\/10\/wand-und-deckenbefestigung-moeglich-6f86-54x54.jpg 54w, https:\/\/masinezavlagu021.com\/wp-content\/uploads\/2023\/10\/wand-und-deckenbefestigung-moeglich-6f86-600x600.jpg 600w, https:\/\/masinezavlagu021.com\/wp-content\/uploads\/2023\/10\/wand-und-deckenbefestigung-moeglich-6f86-150x150.jpg 150w, https:\/\/masinezavlagu021.com\/wp-content\/uploads\/2023\/10\/wand-und-deckenbefestigung-moeglich-6f86-768x768.jpg 768w, https:\/\/masinezavlagu021.com\/wp-content\/uploads\/2023\/10\/wand-und-deckenbefestigung-moeglich-6f86.jpg 1400w\" sizes=\"(max-width: 960px) 100vw, 960px\" \/>\t\t\t\t\t\t\t\t\t\t\t\t\t<\/div>\n\t\t\t\t<\/div>\n\t\t\t\t<\/div>\n\t\t\t\t<\/div>\n\t\t<div class=\"elementor-element elementor-element-3c39985c e-con-full e-flex e-con e-parent\" data-id=\"3c39985c\" data-element_type=\"container\">\n\t\t<div class=\"elementor-element elementor-element-67509674 e-con-full e-flex e-con e-child\" data-id=\"67509674\" data-element_type=\"container\">\n\t\t\t\t<div class=\"elementor-element elementor-element-4d240424 elementor-widget elementor-widget-text-editor\" data-id=\"4d240424\" data-element_type=\"widget\" data-widget_type=\"text-editor.default\">\n\t\t\t\t<div class=\"elementor-widget-container\">\n\t\t\t\t\t\t\t<h2 class=\"\"><span>Prednosti za praksu:<\/span><\/h2><ul class=\"list-grid grid-md-2 csc-default csc-bulletlist-1-a\"><li class=\"column\">Razvoj, dizajn, proizvodnja: 100% Trotec<\/li><li class=\"column\">Regulacija temperature sa dva nivoa grejanja<\/li><li class=\"column\">Integrisani termostat za konstantan protok toplog vazduha<\/li><li class=\"column\">Funkcija ventilatora<\/li><\/ul>\t\t\t\t\t\t<\/div>\n\t\t\t\t<\/div>\n\t\t\t\t<\/div>\n\t\t<div class=\"elementor-element elementor-element-7a66b7fa e-con-full e-flex e-con e-child\" data-id=\"7a66b7fa\" data-element_type=\"container\">\n\t\t\t\t<div class=\"elementor-element elementor-element-36f724b8 elementor-widget elementor-widget-text-editor\" data-id=\"36f724b8\" data-element_type=\"widget\" data-widget_type=\"text-editor.default\">\n\t\t\t\t<div class=\"elementor-widget-container\">\n\t\t\t\t\t\t\t<ul class=\"list-grid grid-md-2 csc-default csc-bulletlist-1-a\"><li class=\"column\">Za\u0161tita od pregrevanja<\/li><li class=\"column\">Motor sa ventilatorom sa termi\u010dkom za\u0161titom<\/li><li class=\"column\">Toplota bez kondenzacije \u2013 bez potro\u0161nje kiseonika \u2013 stoga idealno za unutra\u0161nje grejanje<\/li><li>Funkcija rada ventilatora za hla\u0111enje komponenti<\/li><\/ul>\t\t\t\t\t\t<\/div>\n\t\t\t\t<\/div>\n\t\t\t\t<\/div>\n\t\t\t\t<\/div>\n\t\t<div class=\"elementor-element elementor-element-6b655e88 e-con-full e-flex e-con e-parent\" data-id=\"6b655e88\" data-element_type=\"container\">\n\t\t<div class=\"elementor-element elementor-element-1cb88c8e e-con-full e-flex e-con e-child\" data-id=\"1cb88c8e\" data-element_type=\"container\">\n\t\t\t\t<div class=\"elementor-element elementor-element-104b46a7 elementor-widget elementor-widget-image\" data-id=\"104b46a7\" data-element_type=\"widget\" data-widget_type=\"image.default\">\n\t\t\t\t<div class=\"elementor-widget-container\">\n\t\t\t\t\t\t\t\t\t\t\t\t\t<img loading=\"lazy\" decoding=\"async\" width=\"960\" height=\"247\" src=\"https:\/\/masinezavlagu021.com\/wp-content\/uploads\/2023\/10\/technische-daten-im-vergleich-2e23-1024x263.jpg\" class=\"attachment-large size-large wp-image-40\" alt=\"\" srcset=\"https:\/\/masinezavlagu021.com\/wp-content\/uploads\/2023\/10\/technische-daten-im-vergleich-2e23-1024x263.jpg 1024w, https:\/\/masinezavlagu021.com\/wp-content\/uploads\/2023\/10\/technische-daten-im-vergleich-2e23-90x23.jpg 90w, https:\/\/masinezavlagu021.com\/wp-content\/uploads\/2023\/10\/technische-daten-im-vergleich-2e23-600x154.jpg 600w, https:\/\/masinezavlagu021.com\/wp-content\/uploads\/2023\/10\/technische-daten-im-vergleich-2e23-300x77.jpg 300w, https:\/\/masinezavlagu021.com\/wp-content\/uploads\/2023\/10\/technische-daten-im-vergleich-2e23-768x197.jpg 768w, https:\/\/masinezavlagu021.com\/wp-content\/uploads\/2023\/10\/technische-daten-im-vergleich-2e23.jpg 1400w\" sizes=\"(max-width: 960px) 100vw, 960px\" \/>\t\t\t\t\t\t\t\t\t\t\t\t\t<\/div>\n\t\t\t\t<\/div>\n\t\t\t\t<\/div>\n\t\t<div class=\"elementor-element elementor-element-5511d9e4 e-con-full e-flex e-con e-child\" data-id=\"5511d9e4\" data-element_type=\"container\">\n\t\t\t\t<div class=\"elementor-element elementor-element-780bb7e3 elementor-widget elementor-widget-text-editor\" data-id=\"780bb7e3\" data-element_type=\"widget\" data-widget_type=\"text-editor.default\">\n\t\t\t\t<div class=\"elementor-widget-container\">\n\t\t\t\t\t\t\t<p><strong>Tehni\u010dki podaci u pore\u0111enju:<\/strong><br \/>Svi elektri\u010dni greja\u010di ventilatora u TDS seriji u direktnom pore\u0111enju:<br \/>Da biste mogli da prona\u0111ete ta\u010dno TDS elektri\u010dni greja\u010d ventilatora koji odgovara va\u0161im potrebama, imate priliku da ovde jasno uporedite sve ure\u0111aje iz Trotec TDS serije.<\/p><p>Modeli koje ne \u017eelite da uklju\u010dite u pore\u0111enje mo\u017eete jednostavno kliknuti.<\/p>\t\t\t\t\t\t<\/div>\n\t\t\t\t<\/div>\n\t\t\t\t<\/div>\n\t\t\t\t<\/div>\n\t\t<div class=\"elementor-element elementor-element-3cc00db9 e-con-full e-flex e-con e-parent\" data-id=\"3cc00db9\" data-element_type=\"container\">\n\t\t<div class=\"elementor-element elementor-element-27666805 e-con-full e-flex e-con e-child\" data-id=\"27666805\" data-element_type=\"container\">\n\t\t<div class=\"elementor-element elementor-element-3dfaafa6 e-con-full e-flex e-con e-child\" data-id=\"3dfaafa6\" data-element_type=\"container\">\n\t\t\t\t<div class=\"elementor-element elementor-element-5aa19d02 elementor-widget elementor-widget-text-editor\" data-id=\"5aa19d02\" data-element_type=\"widget\" data-widget_type=\"text-editor.default\">\n\t\t\t\t<div class=\"elementor-widget-container\">\n\t\t\t\t\t\t\t<p><strong>Vodi\u010d za prakti\u010dno znanje \u2013 znanje o grejanju za profesionalne korisnike<\/strong><br \/>Iskoristite znanje proizvo\u0111a\u010da iz prve ruke: Na na\u0161im stranicama vodi\u010da pru\u017eamo vam detaljne informacije o razli\u010ditim tipovima greja\u010da sa funkcionalnim opisima, klju\u010dnim oblastima primene i jo\u0161 mnogo toga.<\/p>\t\t\t\t\t\t<\/div>\n\t\t\t\t<\/div>\n\t\t\t\t<\/div>\n\t\t\t\t<\/div>\n\t\t<div class=\"elementor-element elementor-element-23b9fc82 e-con-full e-flex e-con e-child\" data-id=\"23b9fc82\" data-element_type=\"container\">\n\t\t\t\t<div class=\"elementor-element elementor-element-55018b60 elementor-widget elementor-widget-image\" data-id=\"55018b60\" data-element_type=\"widget\" data-widget_type=\"image.default\">\n\t\t\t\t<div class=\"elementor-widget-container\">\n\t\t\t\t\t\t\t\t\t\t\t\t\t<img loading=\"lazy\" decoding=\"async\" width=\"960\" height=\"257\" src=\"https:\/\/masinezavlagu021.com\/wp-content\/uploads\/2023\/10\/direkt-weiter-zum-ratgeber-praxiswissen-profi-beheizung-feee-1024x274.jpg\" class=\"attachment-large size-large wp-image-41\" alt=\"\" srcset=\"https:\/\/masinezavlagu021.com\/wp-content\/uploads\/2023\/10\/direkt-weiter-zum-ratgeber-praxiswissen-profi-beheizung-feee-1024x274.jpg 1024w, https:\/\/masinezavlagu021.com\/wp-content\/uploads\/2023\/10\/direkt-weiter-zum-ratgeber-praxiswissen-profi-beheizung-feee-90x24.jpg 90w, https:\/\/masinezavlagu021.com\/wp-content\/uploads\/2023\/10\/direkt-weiter-zum-ratgeber-praxiswissen-profi-beheizung-feee-600x161.jpg 600w, https:\/\/masinezavlagu021.com\/wp-content\/uploads\/2023\/10\/direkt-weiter-zum-ratgeber-praxiswissen-profi-beheizung-feee-300x80.jpg 300w, https:\/\/masinezavlagu021.com\/wp-content\/uploads\/2023\/10\/direkt-weiter-zum-ratgeber-praxiswissen-profi-beheizung-feee-768x206.jpg 768w, https:\/\/masinezavlagu021.com\/wp-content\/uploads\/2023\/10\/direkt-weiter-zum-ratgeber-praxiswissen-profi-beheizung-feee.jpg 1400w\" sizes=\"(max-width: 960px) 100vw, 960px\" \/>\t\t\t\t\t\t\t\t\t\t\t\t\t<\/div>\n\t\t\t\t<\/div>\n\t\t\t\t<\/div>\n\t\t\t\t<\/div>\n\t\t<div class=\"elementor-element elementor-element-56834b6f e-con-full e-flex e-con e-parent\" data-id=\"56834b6f\" data-element_type=\"container\">\n\t\t<div class=\"elementor-element elementor-element-25cc51bd e-con-full e-flex e-con e-child\" data-id=\"25cc51bd\" data-element_type=\"container\">\n\t\t\t\t<div class=\"elementor-element elementor-element-406c915e elementor-widget elementor-widget-image\" data-id=\"406c915e\" data-element_type=\"widget\" data-widget_type=\"image.default\">\n\t\t\t\t<div class=\"elementor-widget-container\">\n\t\t\t\t\t\t\t\t\t\t\t\t\t<img loading=\"lazy\" decoding=\"async\" width=\"960\" height=\"224\" src=\"https:\/\/masinezavlagu021.com\/wp-content\/uploads\/2023\/10\/zum-kapazitaetsberechner-beheizung-d9d3-1024x239.jpg\" class=\"attachment-large size-large wp-image-42\" alt=\"\" srcset=\"https:\/\/masinezavlagu021.com\/wp-content\/uploads\/2023\/10\/zum-kapazitaetsberechner-beheizung-d9d3-1024x239.jpg 1024w, https:\/\/masinezavlagu021.com\/wp-content\/uploads\/2023\/10\/zum-kapazitaetsberechner-beheizung-d9d3-90x21.jpg 90w, https:\/\/masinezavlagu021.com\/wp-content\/uploads\/2023\/10\/zum-kapazitaetsberechner-beheizung-d9d3-600x140.jpg 600w, https:\/\/masinezavlagu021.com\/wp-content\/uploads\/2023\/10\/zum-kapazitaetsberechner-beheizung-d9d3-300x70.jpg 300w, https:\/\/masinezavlagu021.com\/wp-content\/uploads\/2023\/10\/zum-kapazitaetsberechner-beheizung-d9d3-768x180.jpg 768w, https:\/\/masinezavlagu021.com\/wp-content\/uploads\/2023\/10\/zum-kapazitaetsberechner-beheizung-d9d3-1536x359.jpg 1536w, https:\/\/masinezavlagu021.com\/wp-content\/uploads\/2023\/10\/zum-kapazitaetsberechner-beheizung-d9d3.jpg 1600w\" sizes=\"(max-width: 960px) 100vw, 960px\" \/>\t\t\t\t\t\t\t\t\t\t\t\t\t<\/div>\n\t\t\t\t<\/div>\n\t\t\t\t<\/div>\n\t\t<div class=\"elementor-element elementor-element-51c50bde e-con-full e-flex e-con e-child\" data-id=\"51c50bde\" data-element_type=\"container\">\n\t\t\t\t<div class=\"elementor-element elementor-element-6ff43fdc elementor-widget elementor-widget-text-editor\" data-id=\"6ff43fdc\" data-element_type=\"widget\" data-widget_type=\"text-editor.default\">\n\t\t\t\t<div class=\"elementor-widget-container\">\n\t\t\t\t\t\t\t<p><strong>Prora\u010dun potrebe za toplotom<\/strong><br \/>Prona\u0111ite pravu snagu grejanja u samo nekoliko koraka. Izra\u010dunajte toplotu potrebnu za zagrevanje va\u0161ih soba pomoc\u0301u na\u0161eg prakti\u010dnog onlajn kalkulatora.<\/p><p>Do kalkulatora toplotne snage<\/p>\t\t\t\t\t\t<\/div>\n\t\t\t\t<\/div>\n\t\t\t\t<\/div>\n\t\t\t\t<\/div>\n\t\t\t\t<\/div>\n\t\t","protected":false},"excerpt":{"rendered":"<p>ELEKTRI\u010cNA GREJALICA SA VENTILATOROM TDS 50 Mnogo toplog vazduha \u2013 i mnogo iza toga! Elektri\u010dna grejalica sa ventilatorom TDS 50 je moc\u0301no re\u0161enje za grejanje za gra\u0111evinsku industriju i ugostiteljstvo, ba\u0161tensku \u0161upu ili vikendicu. Kao i svi modeli iz serije TDS, ovaj elektri\u010dni greja\u010d ventilatora, za razliku od direktno lo\u017eenih gasnih ili uljnih greja\u010da, ne<\/p>\n<div class=\"klb-readmore button\"><a class=\"btn link\" href=\"https:\/\/masinezavlagu021.com\/index.php\/elektricna-grejalica-sa-ventilatorom-tds-50\/\">Read More <i class=\"klbth-icon-right-arrow\"><\/i><\/a><\/div>\n","protected":false},"author":1,"featured_media":0,"parent":0,"menu_order":0,"comment_status":"closed","ping_status":"closed","template":"elementor_header_footer","meta":{"footnotes":""},"class_list":["post-49","page","type-page","status-publish","hentry"],"_links":{"self":[{"href":"https:\/\/masinezavlagu021.com\/index.php\/wp-json\/wp\/v2\/pages\/49","targetHints":{"allow":["GET"]}}],"collection":[{"href":"https:\/\/masinezavlagu021.com\/index.php\/wp-json\/wp\/v2\/pages"}],"about":[{"href":"https:\/\/masinezavlagu021.com\/index.php\/wp-json\/wp\/v2\/types\/page"}],"author":[{"embeddable":true,"href":"https:\/\/masinezavlagu021.com\/index.php\/wp-json\/wp\/v2\/users\/1"}],"replies":[{"embeddable":true,"href":"https:\/\/masinezavlagu021.com\/index.php\/wp-json\/wp\/v2\/comments?post=49"}],"version-history":[{"count":4,"href":"https:\/\/masinezavlagu021.com\/index.php\/wp-json\/wp\/v2\/pages\/49\/revisions"}],"predecessor-version":[{"id":64,"href":"https:\/\/masinezavlagu021.com\/index.php\/wp-json\/wp\/v2\/pages\/49\/revisions\/64"}],"wp:attachment":[{"href":"https:\/\/masinezavlagu021.com\/index.php\/wp-json\/wp\/v2\/media?parent=49"}],"curies":[{"name":"wp","href":"https:\/\/api.w.org\/{rel}","templated":true}]}}