{"id":21,"date":"2023-10-09T08:21:19","date_gmt":"2023-10-09T08:21:19","guid":{"rendered":"https:\/\/masine.aviportfolio.com\/?page_id=21"},"modified":"2025-12-22T20:35:28","modified_gmt":"2025-12-22T19:35:28","slug":"elektricni-grejac-ventilator-tds-20","status":"publish","type":"page","link":"https:\/\/masinezavlagu021.com\/index.php\/elektricni-grejac-ventilator-tds-20\/","title":{"rendered":"ELEKTRI\u010cNI GREJA\u010c VENTILATOR TDS 20"},"content":{"rendered":"\t\t<div data-elementor-type=\"wp-page\" data-elementor-id=\"21\" class=\"elementor elementor-21\" data-elementor-post-type=\"page\">\n\t\t\t\t<div class=\"elementor-element elementor-element-b4b08ca e-con-full e-flex e-con e-parent\" data-id=\"b4b08ca\" data-element_type=\"container\">\n\t\t\t\t<div class=\"elementor-element elementor-element-976ba2d elementor-widget elementor-widget-image\" data-id=\"976ba2d\" data-element_type=\"widget\" data-widget_type=\"image.default\">\n\t\t\t\t<div class=\"elementor-widget-container\">\n\t\t\t\t\t\t\t\t\t\t\t\t\t<img fetchpriority=\"high\" decoding=\"async\" width=\"1600\" height=\"374\" src=\"https:\/\/masinezavlagu021.com\/wp-content\/uploads\/2023\/10\/elektroheizgeblaese-tds-20-0e57.jpg\" class=\"attachment-full size-full wp-image-23\" alt=\"\" srcset=\"https:\/\/masinezavlagu021.com\/wp-content\/uploads\/2023\/10\/elektroheizgeblaese-tds-20-0e57.jpg 1600w, https:\/\/masinezavlagu021.com\/wp-content\/uploads\/2023\/10\/elektroheizgeblaese-tds-20-0e57-90x21.jpg 90w, https:\/\/masinezavlagu021.com\/wp-content\/uploads\/2023\/10\/elektroheizgeblaese-tds-20-0e57-600x140.jpg 600w, https:\/\/masinezavlagu021.com\/wp-content\/uploads\/2023\/10\/elektroheizgeblaese-tds-20-0e57-300x70.jpg 300w, https:\/\/masinezavlagu021.com\/wp-content\/uploads\/2023\/10\/elektroheizgeblaese-tds-20-0e57-1024x239.jpg 1024w, https:\/\/masinezavlagu021.com\/wp-content\/uploads\/2023\/10\/elektroheizgeblaese-tds-20-0e57-768x180.jpg 768w, https:\/\/masinezavlagu021.com\/wp-content\/uploads\/2023\/10\/elektroheizgeblaese-tds-20-0e57-1536x359.jpg 1536w\" sizes=\"(max-width: 1600px) 100vw, 1600px\" \/>\t\t\t\t\t\t\t\t\t\t\t\t\t<\/div>\n\t\t\t\t<\/div>\n\t\t\t\t<\/div>\n\t\t<div class=\"elementor-element elementor-element-f1810d8 e-flex e-con-boxed e-con e-parent\" data-id=\"f1810d8\" data-element_type=\"container\">\n\t\t\t\t\t<div class=\"e-con-inner\">\n\t\t\t\t<div class=\"elementor-element elementor-element-7632063 elementor-widget elementor-widget-heading\" data-id=\"7632063\" data-element_type=\"widget\" data-widget_type=\"heading.default\">\n\t\t\t\t<div class=\"elementor-widget-container\">\n\t\t\t<h2 class=\"elementor-heading-title elementor-size-default\">ELEKTRI\u010cNI GREJA\u010c VENTILATOR TDS 20<\/h2>\t\t<\/div>\n\t\t\t\t<\/div>\n\t\t\t\t<div class=\"elementor-element elementor-element-7c4bf02 elementor-widget elementor-widget-heading\" data-id=\"7c4bf02\" data-element_type=\"widget\" data-widget_type=\"heading.default\">\n\t\t\t\t<div class=\"elementor-widget-container\">\n\t\t\t<h2 class=\"elementor-heading-title elementor-size-default\">Crno, belo, vruc\u0301e! Idealan za mnoge zadatke stacionarnog grejanja.\n<\/h2>\t\t<\/div>\n\t\t\t\t<\/div>\n\t\t\t\t\t<\/div>\n\t\t\t\t<\/div>\n\t\t<div class=\"elementor-element elementor-element-6340112 e-con-full e-flex e-con e-parent\" data-id=\"6340112\" data-element_type=\"container\">\n\t\t<div class=\"elementor-element elementor-element-83a9251 e-con-full e-flex e-con e-child\" data-id=\"83a9251\" data-element_type=\"container\">\n\t\t\t\t<div class=\"elementor-element elementor-element-640e0fa elementor-widget elementor-widget-text-editor\" data-id=\"640e0fa\" data-element_type=\"widget\" data-widget_type=\"text-editor.default\">\n\t\t\t\t<div class=\"elementor-widget-container\">\n\t\t\t\t\t\t\t<p>Ovaj elektri\u010dni greja\u010d\u00a0 sa ventilatorom je izuzetno dobar za \u0161irok spektar zadataka grejanja. Nije slu\u010dajno, isklju\u010divo je iz Troteca.<\/p><p>Prilikom razvoja TDS serije obratili smo pa\u017enju na mnoge prakti\u010dne detalje, a oni \u010dine veliku razliku u pore\u0111enju sa konvencionalnim standardnim elektri\u010dnim greja\u010dima ventilatora. Pored uobi\u010dajenih karakteristika kao \u0161to su za\u0161tita od pregrevanja ili motor ventilatora opremljen termi\u010dkom za\u0161titom, elektri\u010dni greja\u010d TDS 20 <strong>ima, na primer, dodatnu vazdu\u0161nu pregradu koja optimalno vodi tok toplog vazduha ka spolja i pokrec\u0301e maksimalnu efikasnost. <\/strong><\/p><p>A zahvaljujuc\u0301i integrisanoj kontroli termostata, generisani protok toplog vazduha mo\u017ee se kontinuirano pode\u0161avati na \u017eeljenu temperaturu.<\/p>\t\t\t\t\t\t<\/div>\n\t\t\t\t<\/div>\n\t\t\t\t<\/div>\n\t\t<div class=\"elementor-element elementor-element-37230b4 e-con-full e-flex e-con e-child\" data-id=\"37230b4\" data-element_type=\"container\">\n\t\t\t\t<div class=\"elementor-element elementor-element-0f44011 elementor-widget elementor-widget-image\" data-id=\"0f44011\" data-element_type=\"widget\" data-widget_type=\"image.default\">\n\t\t\t\t<div class=\"elementor-widget-container\">\n\t\t\t\t\t\t\t\t\t\t\t\t\t<img decoding=\"async\" width=\"800\" height=\"800\" src=\"https:\/\/masinezavlagu021.com\/wp-content\/uploads\/2023\/10\/elektroheizgeblaese-tds-20-df0e.jpg\" class=\"attachment-full size-full wp-image-29\" alt=\"\" srcset=\"https:\/\/masinezavlagu021.com\/wp-content\/uploads\/2023\/10\/elektroheizgeblaese-tds-20-df0e.jpg 800w, https:\/\/masinezavlagu021.com\/wp-content\/uploads\/2023\/10\/elektroheizgeblaese-tds-20-df0e-300x300.jpg 300w, https:\/\/masinezavlagu021.com\/wp-content\/uploads\/2023\/10\/elektroheizgeblaese-tds-20-df0e-54x54.jpg 54w, https:\/\/masinezavlagu021.com\/wp-content\/uploads\/2023\/10\/elektroheizgeblaese-tds-20-df0e-600x600.jpg 600w, https:\/\/masinezavlagu021.com\/wp-content\/uploads\/2023\/10\/elektroheizgeblaese-tds-20-df0e-150x150.jpg 150w, https:\/\/masinezavlagu021.com\/wp-content\/uploads\/2023\/10\/elektroheizgeblaese-tds-20-df0e-768x768.jpg 768w\" sizes=\"(max-width: 800px) 100vw, 800px\" \/>\t\t\t\t\t\t\t\t\t\t\t\t\t<\/div>\n\t\t\t\t<\/div>\n\t\t\t\t<\/div>\n\t\t<div class=\"elementor-element elementor-element-d41e6a6 e-con-full e-flex e-con e-child\" data-id=\"d41e6a6\" data-element_type=\"container\">\n\t\t<div class=\"elementor-element elementor-element-33b544c e-flex e-con-boxed e-con e-child\" data-id=\"33b544c\" data-element_type=\"container\">\n\t\t\t\t\t<div class=\"e-con-inner\">\n\t\t\t\t<div class=\"elementor-element elementor-element-3cb40f3 elementor-widget elementor-widget-image\" data-id=\"3cb40f3\" data-element_type=\"widget\" data-widget_type=\"image.default\">\n\t\t\t\t<div class=\"elementor-widget-container\">\n\t\t\t\t\t\t\t\t\t\t\t\t\t<img decoding=\"async\" width=\"800\" height=\"800\" src=\"https:\/\/masinezavlagu021.com\/wp-content\/uploads\/2023\/10\/elektroheizgeblaese-tds-20-7a3f.jpg\" class=\"attachment-large size-large wp-image-31\" alt=\"\" srcset=\"https:\/\/masinezavlagu021.com\/wp-content\/uploads\/2023\/10\/elektroheizgeblaese-tds-20-7a3f.jpg 800w, https:\/\/masinezavlagu021.com\/wp-content\/uploads\/2023\/10\/elektroheizgeblaese-tds-20-7a3f-300x300.jpg 300w, https:\/\/masinezavlagu021.com\/wp-content\/uploads\/2023\/10\/elektroheizgeblaese-tds-20-7a3f-54x54.jpg 54w, https:\/\/masinezavlagu021.com\/wp-content\/uploads\/2023\/10\/elektroheizgeblaese-tds-20-7a3f-600x600.jpg 600w, https:\/\/masinezavlagu021.com\/wp-content\/uploads\/2023\/10\/elektroheizgeblaese-tds-20-7a3f-150x150.jpg 150w, https:\/\/masinezavlagu021.com\/wp-content\/uploads\/2023\/10\/elektroheizgeblaese-tds-20-7a3f-768x768.jpg 768w\" sizes=\"(max-width: 800px) 100vw, 800px\" \/>\t\t\t\t\t\t\t\t\t\t\t\t\t<\/div>\n\t\t\t\t<\/div>\n\t\t\t\t\t<\/div>\n\t\t\t\t<\/div>\n\t\t<div class=\"elementor-element elementor-element-2951259 e-flex e-con-boxed e-con e-child\" data-id=\"2951259\" data-element_type=\"container\">\n\t\t\t\t\t<div class=\"e-con-inner\">\n\t\t\t\t<div class=\"elementor-element elementor-element-d34aaa3 elementor-widget elementor-widget-image\" data-id=\"d34aaa3\" data-element_type=\"widget\" data-widget_type=\"image.default\">\n\t\t\t\t<div class=\"elementor-widget-container\">\n\t\t\t\t\t\t\t\t\t\t\t\t\t<img loading=\"lazy\" decoding=\"async\" width=\"800\" height=\"800\" src=\"https:\/\/masinezavlagu021.com\/wp-content\/uploads\/2023\/10\/elektroheizgeblaese-tds-20-36b5.jpg\" class=\"attachment-large size-large wp-image-30\" alt=\"\" srcset=\"https:\/\/masinezavlagu021.com\/wp-content\/uploads\/2023\/10\/elektroheizgeblaese-tds-20-36b5.jpg 800w, https:\/\/masinezavlagu021.com\/wp-content\/uploads\/2023\/10\/elektroheizgeblaese-tds-20-36b5-300x300.jpg 300w, https:\/\/masinezavlagu021.com\/wp-content\/uploads\/2023\/10\/elektroheizgeblaese-tds-20-36b5-54x54.jpg 54w, https:\/\/masinezavlagu021.com\/wp-content\/uploads\/2023\/10\/elektroheizgeblaese-tds-20-36b5-600x600.jpg 600w, https:\/\/masinezavlagu021.com\/wp-content\/uploads\/2023\/10\/elektroheizgeblaese-tds-20-36b5-150x150.jpg 150w, https:\/\/masinezavlagu021.com\/wp-content\/uploads\/2023\/10\/elektroheizgeblaese-tds-20-36b5-768x768.jpg 768w\" sizes=\"(max-width: 800px) 100vw, 800px\" \/>\t\t\t\t\t\t\t\t\t\t\t\t\t<\/div>\n\t\t\t\t<\/div>\n\t\t\t\t\t<\/div>\n\t\t\t\t<\/div>\n\t\t\t\t<\/div>\n\t\t\t\t<\/div>\n\t\t<div class=\"elementor-element elementor-element-c3ca04c e-con-full e-flex e-con e-parent\" data-id=\"c3ca04c\" data-element_type=\"container\">\n\t\t<div class=\"elementor-element elementor-element-f66c991 e-con-full e-flex e-con e-child\" data-id=\"f66c991\" data-element_type=\"container\">\n\t\t\t\t<div class=\"elementor-element elementor-element-73031b6 elementor-widget elementor-widget-text-editor\" data-id=\"73031b6\" data-element_type=\"widget\" data-widget_type=\"text-editor.default\">\n\t\t\t\t<div class=\"elementor-widget-container\">\n\t\t\t\t\t\t\t<p class=\"bodytext\">Mo\u017eete videti da je ovo originalni TDS elektri\u010dni greja\u010d ventilatora iz Trotec-a pored prepoznatljivog reljefnog logotipa i dva monta\u017ena navoja sa strane, koji se koriste za sme\u0161taj opciono dostupnih zidnih i plafonskih nosa\u010da. Na ovaj na\u010din mo\u017eete da postavite elektri\u010dni greja\u010d ventilatora TDS 20 podjednako fleksibilno na pod kao i na zidove ili plafone za grejanje i tako ga koristite kao svestrano re\u0161enje za grejanje skladi\u0161ta, radionica, podrumskih prostorija bez prozora ili na tezgi.<\/p>\t\t\t\t\t\t<\/div>\n\t\t\t\t<\/div>\n\t\t\t\t<div class=\"elementor-element elementor-element-1ad261f elementor-widget elementor-widget-text-editor\" data-id=\"1ad261f\" data-element_type=\"widget\" data-widget_type=\"text-editor.default\">\n\t\t\t\t<div class=\"elementor-widget-container\">\n\t\t\t\t\t\t\t<div class=\"csc-header csc-header-n1\"><h2 class=\"csc-firstHeader\">Posebne osobine:<\/h2><\/div><ul class=\"csc-bulletlist-3\"><li>Priprema za monta\u017eu za zidnu ili plafonsku monta\u017eu<\/li><li>Standardno sa vazdu\u0161nom pregradom<\/li><li>Za\u0161titne udubljene kontrole<\/li><\/ul>\t\t\t\t\t\t<\/div>\n\t\t\t\t<\/div>\n\t\t\t\t<\/div>\n\t\t<div class=\"elementor-element elementor-element-d40831c e-con-full e-flex e-con e-child\" data-id=\"d40831c\" data-element_type=\"container\">\n\t\t\t\t<div class=\"elementor-element elementor-element-94be38a elementor-widget elementor-widget-image\" data-id=\"94be38a\" data-element_type=\"widget\" data-widget_type=\"image.default\">\n\t\t\t\t<div class=\"elementor-widget-container\">\n\t\t\t\t\t\t\t\t\t\t\t\t\t<img loading=\"lazy\" decoding=\"async\" width=\"960\" height=\"960\" src=\"https:\/\/masinezavlagu021.com\/wp-content\/uploads\/2023\/10\/wand-und-deckenbefestigung-moeglich-b00d-1-1024x1024.jpg\" class=\"attachment-large size-large wp-image-36\" alt=\"\" srcset=\"https:\/\/masinezavlagu021.com\/wp-content\/uploads\/2023\/10\/wand-und-deckenbefestigung-moeglich-b00d-1-1024x1024.jpg 1024w, https:\/\/masinezavlagu021.com\/wp-content\/uploads\/2023\/10\/wand-und-deckenbefestigung-moeglich-b00d-1-300x300.jpg 300w, https:\/\/masinezavlagu021.com\/wp-content\/uploads\/2023\/10\/wand-und-deckenbefestigung-moeglich-b00d-1-54x54.jpg 54w, https:\/\/masinezavlagu021.com\/wp-content\/uploads\/2023\/10\/wand-und-deckenbefestigung-moeglich-b00d-1-600x600.jpg 600w, https:\/\/masinezavlagu021.com\/wp-content\/uploads\/2023\/10\/wand-und-deckenbefestigung-moeglich-b00d-1-150x150.jpg 150w, https:\/\/masinezavlagu021.com\/wp-content\/uploads\/2023\/10\/wand-und-deckenbefestigung-moeglich-b00d-1-768x768.jpg 768w, https:\/\/masinezavlagu021.com\/wp-content\/uploads\/2023\/10\/wand-und-deckenbefestigung-moeglich-b00d-1.jpg 1400w\" sizes=\"(max-width: 960px) 100vw, 960px\" \/>\t\t\t\t\t\t\t\t\t\t\t\t\t<\/div>\n\t\t\t\t<\/div>\n\t\t\t\t<div class=\"elementor-element elementor-element-40ec3d8 elementor-widget elementor-widget-image\" data-id=\"40ec3d8\" data-element_type=\"widget\" data-widget_type=\"image.default\">\n\t\t\t\t<div class=\"elementor-widget-container\">\n\t\t\t\t\t\t\t\t\t\t\t\t\t<img loading=\"lazy\" decoding=\"async\" width=\"960\" height=\"346\" src=\"https:\/\/masinezavlagu021.com\/wp-content\/uploads\/2023\/10\/wand-und-deckenhalterungen-e804-1024x369.png\" class=\"attachment-large size-large wp-image-38\" alt=\"\" srcset=\"https:\/\/masinezavlagu021.com\/wp-content\/uploads\/2023\/10\/wand-und-deckenhalterungen-e804-1024x369.png 1024w, https:\/\/masinezavlagu021.com\/wp-content\/uploads\/2023\/10\/wand-und-deckenhalterungen-e804-90x32.png 90w, https:\/\/masinezavlagu021.com\/wp-content\/uploads\/2023\/10\/wand-und-deckenhalterungen-e804-600x216.png 600w, https:\/\/masinezavlagu021.com\/wp-content\/uploads\/2023\/10\/wand-und-deckenhalterungen-e804-300x108.png 300w, https:\/\/masinezavlagu021.com\/wp-content\/uploads\/2023\/10\/wand-und-deckenhalterungen-e804-768x277.png 768w, https:\/\/masinezavlagu021.com\/wp-content\/uploads\/2023\/10\/wand-und-deckenhalterungen-e804.png 1270w\" sizes=\"(max-width: 960px) 100vw, 960px\" \/>\t\t\t\t\t\t\t\t\t\t\t\t\t<\/div>\n\t\t\t\t<\/div>\n\t\t\t\t<\/div>\n\t\t<div class=\"elementor-element elementor-element-70a3b6b e-con-full e-flex e-con e-child\" data-id=\"70a3b6b\" data-element_type=\"container\">\n\t\t\t\t<div class=\"elementor-element elementor-element-817d296 elementor-widget elementor-widget-image\" data-id=\"817d296\" data-element_type=\"widget\" data-widget_type=\"image.default\">\n\t\t\t\t<div class=\"elementor-widget-container\">\n\t\t\t\t\t\t\t\t\t\t\t\t\t<img loading=\"lazy\" decoding=\"async\" width=\"960\" height=\"960\" src=\"https:\/\/masinezavlagu021.com\/wp-content\/uploads\/2023\/10\/wand-und-deckenbefestigung-moeglich-3ad0-1-1024x1024.jpg\" class=\"attachment-large size-large wp-image-37\" alt=\"\" srcset=\"https:\/\/masinezavlagu021.com\/wp-content\/uploads\/2023\/10\/wand-und-deckenbefestigung-moeglich-3ad0-1-1024x1024.jpg 1024w, https:\/\/masinezavlagu021.com\/wp-content\/uploads\/2023\/10\/wand-und-deckenbefestigung-moeglich-3ad0-1-300x300.jpg 300w, https:\/\/masinezavlagu021.com\/wp-content\/uploads\/2023\/10\/wand-und-deckenbefestigung-moeglich-3ad0-1-54x54.jpg 54w, https:\/\/masinezavlagu021.com\/wp-content\/uploads\/2023\/10\/wand-und-deckenbefestigung-moeglich-3ad0-1-600x600.jpg 600w, https:\/\/masinezavlagu021.com\/wp-content\/uploads\/2023\/10\/wand-und-deckenbefestigung-moeglich-3ad0-1-150x150.jpg 150w, https:\/\/masinezavlagu021.com\/wp-content\/uploads\/2023\/10\/wand-und-deckenbefestigung-moeglich-3ad0-1-768x768.jpg 768w, https:\/\/masinezavlagu021.com\/wp-content\/uploads\/2023\/10\/wand-und-deckenbefestigung-moeglich-3ad0-1.jpg 1400w\" sizes=\"(max-width: 960px) 100vw, 960px\" \/>\t\t\t\t\t\t\t\t\t\t\t\t\t<\/div>\n\t\t\t\t<\/div>\n\t\t\t\t<\/div>\n\t\t\t\t<\/div>\n\t\t<div class=\"elementor-element elementor-element-d392515 e-con-full e-flex e-con e-parent\" data-id=\"d392515\" data-element_type=\"container\">\n\t\t<div class=\"elementor-element elementor-element-a9d28e1 e-con-full e-flex e-con e-child\" data-id=\"a9d28e1\" data-element_type=\"container\">\n\t\t\t\t<div class=\"elementor-element elementor-element-54bc539 elementor-widget elementor-widget-text-editor\" data-id=\"54bc539\" data-element_type=\"widget\" data-widget_type=\"text-editor.default\">\n\t\t\t\t<div class=\"elementor-widget-container\">\n\t\t\t\t\t\t\t<h2 class=\"\"><span>Prednosti za praksu:<\/span><\/h2><ul class=\"list-grid grid-md-2 csc-default csc-bulletlist-1-a\"><li class=\"column\">Razvoj, dizajn, proizvodnja: 100% Trotec<\/li><li class=\"column\">Regulacija temperature sa dva nivoa grejanja<\/li><li class=\"column\">Integrisani termostat za konstantan protok toplog vazduha<\/li><li class=\"column\">Funkcija ventilatora<\/li><\/ul>\t\t\t\t\t\t<\/div>\n\t\t\t\t<\/div>\n\t\t\t\t<\/div>\n\t\t<div class=\"elementor-element elementor-element-719e1bc e-con-full e-flex e-con e-child\" data-id=\"719e1bc\" data-element_type=\"container\">\n\t\t\t\t<div class=\"elementor-element elementor-element-09d2edb elementor-widget elementor-widget-text-editor\" data-id=\"09d2edb\" data-element_type=\"widget\" data-widget_type=\"text-editor.default\">\n\t\t\t\t<div class=\"elementor-widget-container\">\n\t\t\t\t\t\t\t<ul class=\"list-grid grid-md-2 csc-default csc-bulletlist-1-a\"><li class=\"column\">Za\u0161tita od pregrevanja<\/li><li class=\"column\">Motor ventilatora sa termi\u010dkom za\u0161titom<\/li><li class=\"column\">Toplota bez kondenzacije \u2013 bez potro\u0161nje kiseonika \u2013 stoga idealno za unutra\u0161nje grejanje<\/li><\/ul>\t\t\t\t\t\t<\/div>\n\t\t\t\t<\/div>\n\t\t\t\t<\/div>\n\t\t\t\t<\/div>\n\t\t<div class=\"elementor-element elementor-element-1e182cc e-con-full e-flex e-con e-parent\" data-id=\"1e182cc\" data-element_type=\"container\">\n\t\t<div class=\"elementor-element elementor-element-8a69753 e-con-full e-flex e-con e-child\" data-id=\"8a69753\" data-element_type=\"container\">\n\t\t\t\t<div class=\"elementor-element elementor-element-60ae5c4 elementor-widget elementor-widget-image\" data-id=\"60ae5c4\" data-element_type=\"widget\" data-widget_type=\"image.default\">\n\t\t\t\t<div class=\"elementor-widget-container\">\n\t\t\t\t\t\t\t\t\t\t\t\t\t<img loading=\"lazy\" decoding=\"async\" width=\"960\" height=\"247\" src=\"https:\/\/masinezavlagu021.com\/wp-content\/uploads\/2023\/10\/technische-daten-im-vergleich-2e23-1024x263.jpg\" class=\"attachment-large size-large wp-image-40\" alt=\"\" srcset=\"https:\/\/masinezavlagu021.com\/wp-content\/uploads\/2023\/10\/technische-daten-im-vergleich-2e23-1024x263.jpg 1024w, https:\/\/masinezavlagu021.com\/wp-content\/uploads\/2023\/10\/technische-daten-im-vergleich-2e23-90x23.jpg 90w, https:\/\/masinezavlagu021.com\/wp-content\/uploads\/2023\/10\/technische-daten-im-vergleich-2e23-600x154.jpg 600w, https:\/\/masinezavlagu021.com\/wp-content\/uploads\/2023\/10\/technische-daten-im-vergleich-2e23-300x77.jpg 300w, https:\/\/masinezavlagu021.com\/wp-content\/uploads\/2023\/10\/technische-daten-im-vergleich-2e23-768x197.jpg 768w, https:\/\/masinezavlagu021.com\/wp-content\/uploads\/2023\/10\/technische-daten-im-vergleich-2e23.jpg 1400w\" sizes=\"(max-width: 960px) 100vw, 960px\" \/>\t\t\t\t\t\t\t\t\t\t\t\t\t<\/div>\n\t\t\t\t<\/div>\n\t\t\t\t<\/div>\n\t\t<div class=\"elementor-element elementor-element-13a31f0 e-con-full e-flex e-con e-child\" data-id=\"13a31f0\" data-element_type=\"container\">\n\t\t\t\t<div class=\"elementor-element elementor-element-828003e elementor-widget elementor-widget-text-editor\" data-id=\"828003e\" data-element_type=\"widget\" data-widget_type=\"text-editor.default\">\n\t\t\t\t<div class=\"elementor-widget-container\">\n\t\t\t\t\t\t\t<p><strong>Tehni\u010dki podaci u pore\u0111enju:<\/strong><br \/>Svi elektri\u010dni greja\u010di ventilatora u TDS seriji u direktnom pore\u0111enju:<br \/>Da biste mogli da prona\u0111ete ta\u010dno TDS elektri\u010dni greja\u010d ventilatora koji odgovara va\u0161im potrebama, imate priliku da ovde jasno uporedite sve ure\u0111aje iz Trotec TDS serije.<\/p><p>Modeli koje ne \u017eelite da uklju\u010dite u pore\u0111enje mo\u017eete jednostavno kliknuti.<\/p>\t\t\t\t\t\t<\/div>\n\t\t\t\t<\/div>\n\t\t\t\t<\/div>\n\t\t\t\t<\/div>\n\t\t<div class=\"elementor-element elementor-element-55b4348 e-con-full e-flex e-con e-parent\" data-id=\"55b4348\" data-element_type=\"container\">\n\t\t<div class=\"elementor-element elementor-element-b2438b8 e-con-full e-flex e-con e-child\" data-id=\"b2438b8\" data-element_type=\"container\">\n\t\t<div class=\"elementor-element elementor-element-6ab0653 e-con-full e-flex e-con e-child\" data-id=\"6ab0653\" data-element_type=\"container\">\n\t\t\t\t<div class=\"elementor-element elementor-element-7264691 elementor-widget elementor-widget-text-editor\" data-id=\"7264691\" data-element_type=\"widget\" data-widget_type=\"text-editor.default\">\n\t\t\t\t<div class=\"elementor-widget-container\">\n\t\t\t\t\t\t\t<p><strong>Vodi\u010d za prakti\u010dno znanje \u2013 znanje o grejanju za profesionalne korisnike<\/strong><br \/>Iskoristite znanje proizvo\u0111a\u010da iz prve ruke: Na na\u0161im stranicama vodi\u010da pru\u017eamo vam detaljne informacije o razli\u010ditim tipovima greja\u010da sa funkcionalnim opisima, klju\u010dnim oblastima primene i jo\u0161 mnogo toga.<\/p>\t\t\t\t\t\t<\/div>\n\t\t\t\t<\/div>\n\t\t\t\t<\/div>\n\t\t\t\t<\/div>\n\t\t<div class=\"elementor-element elementor-element-1f1fdad e-con-full e-flex e-con e-child\" data-id=\"1f1fdad\" data-element_type=\"container\">\n\t\t\t\t<div class=\"elementor-element elementor-element-c62f904 elementor-widget elementor-widget-image\" data-id=\"c62f904\" data-element_type=\"widget\" data-widget_type=\"image.default\">\n\t\t\t\t<div class=\"elementor-widget-container\">\n\t\t\t\t\t\t\t\t\t\t\t\t\t<img loading=\"lazy\" decoding=\"async\" width=\"960\" height=\"257\" src=\"https:\/\/masinezavlagu021.com\/wp-content\/uploads\/2023\/10\/direkt-weiter-zum-ratgeber-praxiswissen-profi-beheizung-feee-1024x274.jpg\" class=\"attachment-large size-large wp-image-41\" alt=\"\" srcset=\"https:\/\/masinezavlagu021.com\/wp-content\/uploads\/2023\/10\/direkt-weiter-zum-ratgeber-praxiswissen-profi-beheizung-feee-1024x274.jpg 1024w, https:\/\/masinezavlagu021.com\/wp-content\/uploads\/2023\/10\/direkt-weiter-zum-ratgeber-praxiswissen-profi-beheizung-feee-90x24.jpg 90w, https:\/\/masinezavlagu021.com\/wp-content\/uploads\/2023\/10\/direkt-weiter-zum-ratgeber-praxiswissen-profi-beheizung-feee-600x161.jpg 600w, https:\/\/masinezavlagu021.com\/wp-content\/uploads\/2023\/10\/direkt-weiter-zum-ratgeber-praxiswissen-profi-beheizung-feee-300x80.jpg 300w, https:\/\/masinezavlagu021.com\/wp-content\/uploads\/2023\/10\/direkt-weiter-zum-ratgeber-praxiswissen-profi-beheizung-feee-768x206.jpg 768w, https:\/\/masinezavlagu021.com\/wp-content\/uploads\/2023\/10\/direkt-weiter-zum-ratgeber-praxiswissen-profi-beheizung-feee.jpg 1400w\" sizes=\"(max-width: 960px) 100vw, 960px\" \/>\t\t\t\t\t\t\t\t\t\t\t\t\t<\/div>\n\t\t\t\t<\/div>\n\t\t\t\t<\/div>\n\t\t\t\t<\/div>\n\t\t<div class=\"elementor-element elementor-element-8334fb4 e-con-full e-flex e-con e-parent\" data-id=\"8334fb4\" data-element_type=\"container\">\n\t\t<div class=\"elementor-element elementor-element-803d2cd e-con-full e-flex e-con e-child\" data-id=\"803d2cd\" data-element_type=\"container\">\n\t\t\t\t<div class=\"elementor-element elementor-element-fd44adf elementor-widget elementor-widget-image\" data-id=\"fd44adf\" data-element_type=\"widget\" data-widget_type=\"image.default\">\n\t\t\t\t<div class=\"elementor-widget-container\">\n\t\t\t\t\t\t\t\t\t\t\t\t\t<img loading=\"lazy\" decoding=\"async\" width=\"960\" height=\"224\" src=\"https:\/\/masinezavlagu021.com\/wp-content\/uploads\/2023\/10\/zum-kapazitaetsberechner-beheizung-d9d3-1024x239.jpg\" class=\"attachment-large size-large wp-image-42\" alt=\"\" srcset=\"https:\/\/masinezavlagu021.com\/wp-content\/uploads\/2023\/10\/zum-kapazitaetsberechner-beheizung-d9d3-1024x239.jpg 1024w, https:\/\/masinezavlagu021.com\/wp-content\/uploads\/2023\/10\/zum-kapazitaetsberechner-beheizung-d9d3-90x21.jpg 90w, https:\/\/masinezavlagu021.com\/wp-content\/uploads\/2023\/10\/zum-kapazitaetsberechner-beheizung-d9d3-600x140.jpg 600w, https:\/\/masinezavlagu021.com\/wp-content\/uploads\/2023\/10\/zum-kapazitaetsberechner-beheizung-d9d3-300x70.jpg 300w, https:\/\/masinezavlagu021.com\/wp-content\/uploads\/2023\/10\/zum-kapazitaetsberechner-beheizung-d9d3-768x180.jpg 768w, https:\/\/masinezavlagu021.com\/wp-content\/uploads\/2023\/10\/zum-kapazitaetsberechner-beheizung-d9d3-1536x359.jpg 1536w, https:\/\/masinezavlagu021.com\/wp-content\/uploads\/2023\/10\/zum-kapazitaetsberechner-beheizung-d9d3.jpg 1600w\" sizes=\"(max-width: 960px) 100vw, 960px\" \/>\t\t\t\t\t\t\t\t\t\t\t\t\t<\/div>\n\t\t\t\t<\/div>\n\t\t\t\t<\/div>\n\t\t<div class=\"elementor-element elementor-element-6a59a82 e-con-full e-flex e-con e-child\" data-id=\"6a59a82\" data-element_type=\"container\">\n\t\t\t\t<div class=\"elementor-element elementor-element-cc1bc6b elementor-widget elementor-widget-text-editor\" data-id=\"cc1bc6b\" data-element_type=\"widget\" data-widget_type=\"text-editor.default\">\n\t\t\t\t<div class=\"elementor-widget-container\">\n\t\t\t\t\t\t\t<p><strong>Prora\u010dun potrebe za toplotom<\/strong><br \/>Prona\u0111ite pravu snagu grejanja u samo nekoliko koraka. Izra\u010dunajte toplotu potrebnu za zagrevanje va\u0161ih soba pomoc\u0301u na\u0161eg prakti\u010dnog onlajn kalkulatora.<\/p><p>Do kalkulatora toplotne snage<\/p>\t\t\t\t\t\t<\/div>\n\t\t\t\t<\/div>\n\t\t\t\t<\/div>\n\t\t\t\t<\/div>\n\t\t\t\t<\/div>\n\t\t","protected":false},"excerpt":{"rendered":"<p>ELEKTRI\u010cNI GREJA\u010c VENTILATOR TDS 20 Crno, belo, vruc\u0301e! Idealan za mnoge zadatke stacionarnog grejanja. Ovaj elektri\u010dni greja\u010d\u00a0 sa ventilatorom je izuzetno dobar za \u0161irok spektar zadataka grejanja. Nije slu\u010dajno, isklju\u010divo je iz Troteca. Prilikom razvoja TDS serije obratili smo pa\u017enju na mnoge prakti\u010dne detalje, a oni \u010dine veliku razliku u pore\u0111enju sa konvencionalnim standardnim elektri\u010dnim<\/p>\n<div class=\"klb-readmore button\"><a class=\"btn link\" href=\"https:\/\/masinezavlagu021.com\/index.php\/elektricni-grejac-ventilator-tds-20\/\">Read More <i class=\"klbth-icon-right-arrow\"><\/i><\/a><\/div>\n","protected":false},"author":1,"featured_media":0,"parent":0,"menu_order":0,"comment_status":"closed","ping_status":"closed","template":"elementor_header_footer","meta":{"footnotes":""},"class_list":["post-21","page","type-page","status-publish","hentry"],"_links":{"self":[{"href":"https:\/\/masinezavlagu021.com\/index.php\/wp-json\/wp\/v2\/pages\/21","targetHints":{"allow":["GET"]}}],"collection":[{"href":"https:\/\/masinezavlagu021.com\/index.php\/wp-json\/wp\/v2\/pages"}],"about":[{"href":"https:\/\/masinezavlagu021.com\/index.php\/wp-json\/wp\/v2\/types\/page"}],"author":[{"embeddable":true,"href":"https:\/\/masinezavlagu021.com\/index.php\/wp-json\/wp\/v2\/users\/1"}],"replies":[{"embeddable":true,"href":"https:\/\/masinezavlagu021.com\/index.php\/wp-json\/wp\/v2\/comments?post=21"}],"version-history":[{"count":15,"href":"https:\/\/masinezavlagu021.com\/index.php\/wp-json\/wp\/v2\/pages\/21\/revisions"}],"predecessor-version":[{"id":61,"href":"https:\/\/masinezavlagu021.com\/index.php\/wp-json\/wp\/v2\/pages\/21\/revisions\/61"}],"wp:attachment":[{"href":"https:\/\/masinezavlagu021.com\/index.php\/wp-json\/wp\/v2\/media?parent=21"}],"curies":[{"name":"wp","href":"https:\/\/api.w.org\/{rel}","templated":true}]}}