{"id":103,"date":"2023-10-09T10:56:07","date_gmt":"2023-10-09T10:56:07","guid":{"rendered":"https:\/\/masine.aviportfolio.com\/?page_id=103"},"modified":"2025-12-22T20:35:28","modified_gmt":"2025-12-22T19:35:28","slug":"elektricna-grejalica-tds-75-r","status":"publish","type":"page","link":"https:\/\/masinezavlagu021.com\/index.php\/elektricna-grejalica-tds-75-r\/","title":{"rendered":"ELEKTRI\u010cNA GREJALICA TDS 75 R"},"content":{"rendered":"\t\t<div data-elementor-type=\"wp-page\" data-elementor-id=\"103\" class=\"elementor elementor-103\" data-elementor-post-type=\"page\">\n\t\t\t\t<div class=\"elementor-element elementor-element-553dd22e e-con-full e-flex e-con e-parent\" data-id=\"553dd22e\" data-element_type=\"container\">\n\t\t\t\t<div class=\"elementor-element elementor-element-6cf44b3e elementor-widget elementor-widget-image\" data-id=\"6cf44b3e\" data-element_type=\"widget\" data-widget_type=\"image.default\">\n\t\t\t\t<div class=\"elementor-widget-container\">\n\t\t\t\t\t\t\t\t\t\t\t\t\t<img fetchpriority=\"high\" decoding=\"async\" width=\"1600\" height=\"374\" src=\"https:\/\/masinezavlagu021.com\/wp-content\/uploads\/2023\/10\/tds-75-r-elektro-heizkanone-0a69.jpg\" class=\"attachment-full size-full wp-image-105\" alt=\"\" srcset=\"https:\/\/masinezavlagu021.com\/wp-content\/uploads\/2023\/10\/tds-75-r-elektro-heizkanone-0a69.jpg 1600w, https:\/\/masinezavlagu021.com\/wp-content\/uploads\/2023\/10\/tds-75-r-elektro-heizkanone-0a69-90x21.jpg 90w, https:\/\/masinezavlagu021.com\/wp-content\/uploads\/2023\/10\/tds-75-r-elektro-heizkanone-0a69-600x140.jpg 600w, https:\/\/masinezavlagu021.com\/wp-content\/uploads\/2023\/10\/tds-75-r-elektro-heizkanone-0a69-300x70.jpg 300w, https:\/\/masinezavlagu021.com\/wp-content\/uploads\/2023\/10\/tds-75-r-elektro-heizkanone-0a69-1024x239.jpg 1024w, https:\/\/masinezavlagu021.com\/wp-content\/uploads\/2023\/10\/tds-75-r-elektro-heizkanone-0a69-768x180.jpg 768w, https:\/\/masinezavlagu021.com\/wp-content\/uploads\/2023\/10\/tds-75-r-elektro-heizkanone-0a69-1536x359.jpg 1536w\" sizes=\"(max-width: 1600px) 100vw, 1600px\" \/>\t\t\t\t\t\t\t\t\t\t\t\t\t<\/div>\n\t\t\t\t<\/div>\n\t\t\t\t<\/div>\n\t\t<div class=\"elementor-element elementor-element-3ce6c21c e-flex e-con-boxed e-con e-parent\" data-id=\"3ce6c21c\" data-element_type=\"container\">\n\t\t\t\t\t<div class=\"e-con-inner\">\n\t\t\t\t<div class=\"elementor-element elementor-element-60ac04f8 elementor-widget elementor-widget-heading\" data-id=\"60ac04f8\" data-element_type=\"widget\" data-widget_type=\"heading.default\">\n\t\t\t\t<div class=\"elementor-widget-container\">\n\t\t\t<h2 class=\"elementor-heading-title elementor-size-default\">ELEKTRI\u010cNA GREJALICA TDS 75 R<\/h2>\t\t<\/div>\n\t\t\t\t<\/div>\n\t\t\t\t<div class=\"elementor-element elementor-element-7143c7e2 elementor-widget elementor-widget-heading\" data-id=\"7143c7e2\" data-element_type=\"widget\" data-widget_type=\"heading.default\">\n\t\t\t\t<div class=\"elementor-widget-container\">\n\t\t\t<h2 class=\"elementor-heading-title elementor-size-default\">Profesionalna grejalica za \u0161irok spektar primena: sa elektri\u010dnim greja\u010dem TDS 75 R<\/h2>\t\t<\/div>\n\t\t\t\t<\/div>\n\t\t\t\t\t<\/div>\n\t\t\t\t<\/div>\n\t\t<div class=\"elementor-element elementor-element-53db81f5 e-con-full e-flex e-con e-parent\" data-id=\"53db81f5\" data-element_type=\"container\">\n\t\t<div class=\"elementor-element elementor-element-5b40378a e-con-full e-flex e-con e-child\" data-id=\"5b40378a\" data-element_type=\"container\">\n\t\t\t\t<div class=\"elementor-element elementor-element-4c1e4d70 elementor-widget elementor-widget-image\" data-id=\"4c1e4d70\" data-element_type=\"widget\" data-widget_type=\"image.default\">\n\t\t\t\t<div class=\"elementor-widget-container\">\n\t\t\t\t\t\t\t\t\t\t\t\t\t<img decoding=\"async\" width=\"800\" height=\"800\" src=\"https:\/\/masinezavlagu021.com\/wp-content\/uploads\/2023\/10\/elektro-heizkanone-tds-75-r-e058.jpg\" class=\"attachment-large size-large wp-image-108\" alt=\"\" srcset=\"https:\/\/masinezavlagu021.com\/wp-content\/uploads\/2023\/10\/elektro-heizkanone-tds-75-r-e058.jpg 800w, https:\/\/masinezavlagu021.com\/wp-content\/uploads\/2023\/10\/elektro-heizkanone-tds-75-r-e058-300x300.jpg 300w, https:\/\/masinezavlagu021.com\/wp-content\/uploads\/2023\/10\/elektro-heizkanone-tds-75-r-e058-54x54.jpg 54w, https:\/\/masinezavlagu021.com\/wp-content\/uploads\/2023\/10\/elektro-heizkanone-tds-75-r-e058-600x600.jpg 600w, https:\/\/masinezavlagu021.com\/wp-content\/uploads\/2023\/10\/elektro-heizkanone-tds-75-r-e058-150x150.jpg 150w, https:\/\/masinezavlagu021.com\/wp-content\/uploads\/2023\/10\/elektro-heizkanone-tds-75-r-e058-768x768.jpg 768w\" sizes=\"(max-width: 800px) 100vw, 800px\" \/>\t\t\t\t\t\t\t\t\t\t\t\t\t<\/div>\n\t\t\t\t<\/div>\n\t\t\t\t<div class=\"elementor-element elementor-element-20951bcd elementor-widget elementor-widget-image\" data-id=\"20951bcd\" data-element_type=\"widget\" data-widget_type=\"image.default\">\n\t\t\t\t<div class=\"elementor-widget-container\">\n\t\t\t\t\t\t\t\t\t\t\t\t\t<img decoding=\"async\" width=\"800\" height=\"800\" src=\"https:\/\/masinezavlagu021.com\/wp-content\/uploads\/2023\/10\/elektro-heizkanone-tds-75-r-thermostat-und-heizstufen-regler-665b.jpg\" class=\"attachment-large size-large wp-image-106\" alt=\"\" srcset=\"https:\/\/masinezavlagu021.com\/wp-content\/uploads\/2023\/10\/elektro-heizkanone-tds-75-r-thermostat-und-heizstufen-regler-665b.jpg 800w, https:\/\/masinezavlagu021.com\/wp-content\/uploads\/2023\/10\/elektro-heizkanone-tds-75-r-thermostat-und-heizstufen-regler-665b-300x300.jpg 300w, https:\/\/masinezavlagu021.com\/wp-content\/uploads\/2023\/10\/elektro-heizkanone-tds-75-r-thermostat-und-heizstufen-regler-665b-54x54.jpg 54w, https:\/\/masinezavlagu021.com\/wp-content\/uploads\/2023\/10\/elektro-heizkanone-tds-75-r-thermostat-und-heizstufen-regler-665b-600x600.jpg 600w, https:\/\/masinezavlagu021.com\/wp-content\/uploads\/2023\/10\/elektro-heizkanone-tds-75-r-thermostat-und-heizstufen-regler-665b-150x150.jpg 150w, https:\/\/masinezavlagu021.com\/wp-content\/uploads\/2023\/10\/elektro-heizkanone-tds-75-r-thermostat-und-heizstufen-regler-665b-768x768.jpg 768w\" sizes=\"(max-width: 800px) 100vw, 800px\" \/>\t\t\t\t\t\t\t\t\t\t\t\t\t<\/div>\n\t\t\t\t<\/div>\n\t\t\t\t<\/div>\n\t\t<div class=\"elementor-element elementor-element-709351a3 e-con-full e-flex e-con e-child\" data-id=\"709351a3\" data-element_type=\"container\">\n\t\t\t\t<div class=\"elementor-element elementor-element-7d8d001 elementor-widget elementor-widget-image\" data-id=\"7d8d001\" data-element_type=\"widget\" data-widget_type=\"image.default\">\n\t\t\t\t<div class=\"elementor-widget-container\">\n\t\t\t\t\t\t\t\t\t\t\t\t\t<img loading=\"lazy\" decoding=\"async\" width=\"800\" height=\"800\" src=\"https:\/\/masinezavlagu021.com\/wp-content\/uploads\/2023\/10\/elektro-heizkanone-tds-75-r-ff8b.jpg\" class=\"attachment-full size-full wp-image-107\" alt=\"\" srcset=\"https:\/\/masinezavlagu021.com\/wp-content\/uploads\/2023\/10\/elektro-heizkanone-tds-75-r-ff8b.jpg 800w, https:\/\/masinezavlagu021.com\/wp-content\/uploads\/2023\/10\/elektro-heizkanone-tds-75-r-ff8b-300x300.jpg 300w, https:\/\/masinezavlagu021.com\/wp-content\/uploads\/2023\/10\/elektro-heizkanone-tds-75-r-ff8b-54x54.jpg 54w, https:\/\/masinezavlagu021.com\/wp-content\/uploads\/2023\/10\/elektro-heizkanone-tds-75-r-ff8b-600x600.jpg 600w, https:\/\/masinezavlagu021.com\/wp-content\/uploads\/2023\/10\/elektro-heizkanone-tds-75-r-ff8b-150x150.jpg 150w, https:\/\/masinezavlagu021.com\/wp-content\/uploads\/2023\/10\/elektro-heizkanone-tds-75-r-ff8b-768x768.jpg 768w\" sizes=\"(max-width: 800px) 100vw, 800px\" \/>\t\t\t\t\t\t\t\t\t\t\t\t\t<\/div>\n\t\t\t\t<\/div>\n\t\t\t\t<\/div>\n\t\t<div class=\"elementor-element elementor-element-13d3bcc4 e-con-full e-flex e-con e-child\" data-id=\"13d3bcc4\" data-element_type=\"container\">\n\t\t<div class=\"elementor-element elementor-element-13a2574e e-flex e-con-boxed e-con e-child\" data-id=\"13a2574e\" data-element_type=\"container\">\n\t\t\t\t\t<div class=\"e-con-inner\">\n\t\t\t\t<div class=\"elementor-element elementor-element-30f9eda8 elementor-widget elementor-widget-text-editor\" data-id=\"30f9eda8\" data-element_type=\"widget\" data-widget_type=\"text-editor.default\">\n\t\t\t\t<div class=\"elementor-widget-container\">\n\t\t\t\t\t\t\t<p>Sistemi direktnog grejanja na licu mesta sa moc\u0301nim elektri\u010dnim greja\u010dem TDS 75 R rade glatko u svakom pogledu, a ne samo zbog okruglog izlaza toplog vazduha.<\/p><p>Kombinacija \u010dvrste tehnologije grejanja bez nepotrebnih detalja koja koristi grejne elemente od ner\u0111ajuc\u0301eg \u010delika za\u0161tic\u0301enog od korozije za pouzdane, neprekidne primene grejanja bez problema, kao i jednostavno rukovanje preko termostata bez stepena i trosmernog preklopnog regulatora izlazne snage grejanja nudi vam bud\u017eet- optimizovano re\u0161enje za grejanje bez uglova i ivica za \u0161irok spektar primena &#8211; sme\u0161teno u potpuno pocinkovano kuc\u0301i\u0161te od obojenog \u010deli\u010dnog lima sa ergonomskom ru\u010dkom za no\u0161enje.<\/p><p>I po\u0161to elektri\u010dni greja\u010d TDS 75 R, za razliku od greja\u010da na gas ili ulje na direktno lo\u017eenje, ne tro\u0161i kiseonik niti proizvodi gasove sagorevanja kada proizvodi topli vazduh, mo\u017ee se fleksibilno koristiti bilo gde za velike koli\u010dine grejanja &#8211; \u010dak i u zatvorenim ili slabo provetrenim enterijerima.<\/p><p>Zahvaljujuc\u0301i snazi grejanja koja se mo\u017ee prebaciti do 15 kV u tri nivoa grejanja i velikom izlazu vazduha koji cirkuli\u0161e, elektri\u010dni greja\u010d TDS 75 R je idealan za grejanje u vec\u0301im radionicama, skladi\u0161tima, plastenicima, gradili\u0161tima ili proizvodnim okru\u017eenjima u komercijalnih i industrijskih preduzec\u0301a.<\/p>\t\t\t\t\t\t<\/div>\n\t\t\t\t<\/div>\n\t\t\t\t\t<\/div>\n\t\t\t\t<\/div>\n\t\t\t\t<\/div>\n\t\t\t\t<\/div>\n\t\t<div class=\"elementor-element elementor-element-1bbceb9b e-con-full e-flex e-con e-parent\" data-id=\"1bbceb9b\" data-element_type=\"container\">\n\t\t<div class=\"elementor-element elementor-element-79f1aa1 e-con-full e-flex e-con e-child\" data-id=\"79f1aa1\" data-element_type=\"container\">\n\t\t\t\t<div class=\"elementor-element elementor-element-11ad680c elementor-widget elementor-widget-text-editor\" data-id=\"11ad680c\" data-element_type=\"widget\" data-widget_type=\"text-editor.default\">\n\t\t\t\t<div class=\"elementor-widget-container\">\n\t\t\t\t\t\t\t<h2 class=\"\">Prednosti za praksu:<\/h2><ul class=\"list-grid grid-md-2 csc-default csc-bulletlist-1-a\"><li class=\"column\">Integrisani termostat za konstantan protok toplog vazduha<\/li><li class=\"column\">Za\u0161tita od pregrevanja<\/li><li class=\"column\">Motor ventilatora sa termi\u010dkom za\u0161titom<\/li><li class=\"column\">Funkcija rada ventilatora za hla\u0111enje komponenti<\/li><\/ul>\t\t\t\t\t\t<\/div>\n\t\t\t\t<\/div>\n\t\t\t\t<\/div>\n\t\t<div class=\"elementor-element elementor-element-78b4d5b7 e-con-full e-flex e-con e-child\" data-id=\"78b4d5b7\" data-element_type=\"container\">\n\t\t\t\t<div class=\"elementor-element elementor-element-57b29613 elementor-widget elementor-widget-text-editor\" data-id=\"57b29613\" data-element_type=\"widget\" data-widget_type=\"text-editor.default\">\n\t\t\t\t<div class=\"elementor-widget-container\">\n\t\t\t\t\t\t\t<ul class=\"list-grid grid-md-2 csc-default csc-bulletlist-1-a\"><li class=\"column\">Toplota bez kondenzacije \u2013 bez potro\u0161nje kiseonika \u2013 stoga idealno za unutra\u0161nje grejanje<\/li><li class=\"column\">Jednostavan za transport i rad<\/li><li class=\"column\">Rad ventilatora je moguc\u0301 i bez funkcije grejanja<\/li><li class=\"column\">Robusna konstrukcija sa ergonomskom ru\u010dkom za no\u0161enje<\/li><\/ul>\t\t\t\t\t\t<\/div>\n\t\t\t\t<\/div>\n\t\t\t\t<\/div>\n\t\t\t\t<\/div>\n\t\t<div class=\"elementor-element elementor-element-5767539f e-con-full e-flex e-con e-parent\" data-id=\"5767539f\" data-element_type=\"container\">\n\t\t<div class=\"elementor-element elementor-element-56488d96 e-con-full e-flex e-con e-child\" data-id=\"56488d96\" data-element_type=\"container\">\n\t\t\t\t<div class=\"elementor-element elementor-element-5a033ff8 elementor-widget elementor-widget-image\" data-id=\"5a033ff8\" data-element_type=\"widget\" data-widget_type=\"image.default\">\n\t\t\t\t<div class=\"elementor-widget-container\">\n\t\t\t\t\t\t\t\t\t\t\t\t\t<img loading=\"lazy\" decoding=\"async\" width=\"960\" height=\"247\" src=\"https:\/\/masinezavlagu021.com\/wp-content\/uploads\/2023\/10\/technische-daten-im-vergleich-2ec9-1-1024x263.jpg\" class=\"attachment-large size-large wp-image-92\" alt=\"\" srcset=\"https:\/\/masinezavlagu021.com\/wp-content\/uploads\/2023\/10\/technische-daten-im-vergleich-2ec9-1-1024x263.jpg 1024w, https:\/\/masinezavlagu021.com\/wp-content\/uploads\/2023\/10\/technische-daten-im-vergleich-2ec9-1-90x23.jpg 90w, https:\/\/masinezavlagu021.com\/wp-content\/uploads\/2023\/10\/technische-daten-im-vergleich-2ec9-1-600x154.jpg 600w, https:\/\/masinezavlagu021.com\/wp-content\/uploads\/2023\/10\/technische-daten-im-vergleich-2ec9-1-300x77.jpg 300w, https:\/\/masinezavlagu021.com\/wp-content\/uploads\/2023\/10\/technische-daten-im-vergleich-2ec9-1-768x197.jpg 768w, https:\/\/masinezavlagu021.com\/wp-content\/uploads\/2023\/10\/technische-daten-im-vergleich-2ec9-1.jpg 1400w\" sizes=\"(max-width: 960px) 100vw, 960px\" \/>\t\t\t\t\t\t\t\t\t\t\t\t\t<\/div>\n\t\t\t\t<\/div>\n\t\t\t\t<\/div>\n\t\t<div class=\"elementor-element elementor-element-29fcd e-con-full e-flex e-con e-child\" data-id=\"29fcd\" data-element_type=\"container\">\n\t\t\t\t<div class=\"elementor-element elementor-element-6fec324c elementor-widget elementor-widget-text-editor\" data-id=\"6fec324c\" data-element_type=\"widget\" data-widget_type=\"text-editor.default\">\n\t\t\t\t<div class=\"elementor-widget-container\">\n\t\t\t\t\t\t\t<p><strong>Tehni\u010dki podaci u pore\u0111enju:<\/strong><br \/>Svi elektri\u010dni greja\u010di u seriji TDS-R u direktnom pore\u0111enju: Da biste prona\u0161li ta\u010dno TDS-R elektri\u010dni greja\u010d koji odgovara va\u0161im potrebama, imate priliku da jasno uporedite sve ure\u0111aje iz serije TDS-R iz Trotec-a. Modeli koje ne \u017eelite da uklju\u010dite u pore\u0111enje mo\u017eete jednostavno kliknuti.<\/p>\t\t\t\t\t\t<\/div>\n\t\t\t\t<\/div>\n\t\t\t\t<\/div>\n\t\t\t\t<\/div>\n\t\t<div class=\"elementor-element elementor-element-764d674e e-con-full e-flex e-con e-parent\" data-id=\"764d674e\" data-element_type=\"container\">\n\t\t<div class=\"elementor-element elementor-element-253c03e7 e-con-full e-flex e-con e-child\" data-id=\"253c03e7\" data-element_type=\"container\">\n\t\t<div class=\"elementor-element elementor-element-ace00d2 e-con-full e-flex e-con e-child\" data-id=\"ace00d2\" data-element_type=\"container\">\n\t\t\t\t<div class=\"elementor-element elementor-element-7d93163c elementor-widget elementor-widget-text-editor\" data-id=\"7d93163c\" data-element_type=\"widget\" data-widget_type=\"text-editor.default\">\n\t\t\t\t<div class=\"elementor-widget-container\">\n\t\t\t\t\t\t\t<p><strong>Vodi\u010d za prakti\u010dno znanje \u2013 znanje o grejanju za profesionalne korisnike<\/strong><br \/>Iskoristite znanje proizvo\u0111a\u010da iz prve ruke: Na na\u0161im stranicama vodi\u010da pru\u017eamo vam detaljne informacije o razli\u010ditim tipovima greja\u010da sa funkcionalnim opisima, klju\u010dnim oblastima primene i jo\u0161 mnogo toga.<\/p>\t\t\t\t\t\t<\/div>\n\t\t\t\t<\/div>\n\t\t\t\t<\/div>\n\t\t\t\t<\/div>\n\t\t<div class=\"elementor-element elementor-element-72518048 e-con-full e-flex e-con e-child\" data-id=\"72518048\" data-element_type=\"container\">\n\t\t\t\t<div class=\"elementor-element elementor-element-e39076 elementor-widget elementor-widget-image\" data-id=\"e39076\" data-element_type=\"widget\" data-widget_type=\"image.default\">\n\t\t\t\t<div class=\"elementor-widget-container\">\n\t\t\t\t\t\t\t\t\t\t\t\t\t<img loading=\"lazy\" decoding=\"async\" width=\"960\" height=\"257\" src=\"https:\/\/masinezavlagu021.com\/wp-content\/uploads\/2023\/10\/direkt-weiter-zum-ratgeber-praxiswissen-profi-beheizung-feee-1024x274.jpg\" class=\"attachment-large size-large wp-image-41\" alt=\"\" srcset=\"https:\/\/masinezavlagu021.com\/wp-content\/uploads\/2023\/10\/direkt-weiter-zum-ratgeber-praxiswissen-profi-beheizung-feee-1024x274.jpg 1024w, https:\/\/masinezavlagu021.com\/wp-content\/uploads\/2023\/10\/direkt-weiter-zum-ratgeber-praxiswissen-profi-beheizung-feee-90x24.jpg 90w, https:\/\/masinezavlagu021.com\/wp-content\/uploads\/2023\/10\/direkt-weiter-zum-ratgeber-praxiswissen-profi-beheizung-feee-600x161.jpg 600w, https:\/\/masinezavlagu021.com\/wp-content\/uploads\/2023\/10\/direkt-weiter-zum-ratgeber-praxiswissen-profi-beheizung-feee-300x80.jpg 300w, https:\/\/masinezavlagu021.com\/wp-content\/uploads\/2023\/10\/direkt-weiter-zum-ratgeber-praxiswissen-profi-beheizung-feee-768x206.jpg 768w, https:\/\/masinezavlagu021.com\/wp-content\/uploads\/2023\/10\/direkt-weiter-zum-ratgeber-praxiswissen-profi-beheizung-feee.jpg 1400w\" sizes=\"(max-width: 960px) 100vw, 960px\" \/>\t\t\t\t\t\t\t\t\t\t\t\t\t<\/div>\n\t\t\t\t<\/div>\n\t\t\t\t<\/div>\n\t\t\t\t<\/div>\n\t\t<div class=\"elementor-element elementor-element-2092c6c8 e-con-full e-flex e-con e-parent\" data-id=\"2092c6c8\" data-element_type=\"container\">\n\t\t<div class=\"elementor-element elementor-element-21dfc1e7 e-con-full e-flex e-con e-child\" data-id=\"21dfc1e7\" data-element_type=\"container\">\n\t\t\t\t<div class=\"elementor-element elementor-element-2b84a597 elementor-widget elementor-widget-image\" data-id=\"2b84a597\" data-element_type=\"widget\" data-widget_type=\"image.default\">\n\t\t\t\t<div class=\"elementor-widget-container\">\n\t\t\t\t\t\t\t\t\t\t\t\t\t<img loading=\"lazy\" decoding=\"async\" width=\"960\" height=\"224\" src=\"https:\/\/masinezavlagu021.com\/wp-content\/uploads\/2023\/10\/zum-kapazitaetsberechner-beheizung-d9d3-1024x239.jpg\" class=\"attachment-large size-large wp-image-42\" alt=\"\" srcset=\"https:\/\/masinezavlagu021.com\/wp-content\/uploads\/2023\/10\/zum-kapazitaetsberechner-beheizung-d9d3-1024x239.jpg 1024w, https:\/\/masinezavlagu021.com\/wp-content\/uploads\/2023\/10\/zum-kapazitaetsberechner-beheizung-d9d3-90x21.jpg 90w, https:\/\/masinezavlagu021.com\/wp-content\/uploads\/2023\/10\/zum-kapazitaetsberechner-beheizung-d9d3-600x140.jpg 600w, https:\/\/masinezavlagu021.com\/wp-content\/uploads\/2023\/10\/zum-kapazitaetsberechner-beheizung-d9d3-300x70.jpg 300w, https:\/\/masinezavlagu021.com\/wp-content\/uploads\/2023\/10\/zum-kapazitaetsberechner-beheizung-d9d3-768x180.jpg 768w, https:\/\/masinezavlagu021.com\/wp-content\/uploads\/2023\/10\/zum-kapazitaetsberechner-beheizung-d9d3-1536x359.jpg 1536w, https:\/\/masinezavlagu021.com\/wp-content\/uploads\/2023\/10\/zum-kapazitaetsberechner-beheizung-d9d3.jpg 1600w\" sizes=\"(max-width: 960px) 100vw, 960px\" \/>\t\t\t\t\t\t\t\t\t\t\t\t\t<\/div>\n\t\t\t\t<\/div>\n\t\t\t\t<\/div>\n\t\t<div class=\"elementor-element elementor-element-3b3841be e-con-full e-flex e-con e-child\" data-id=\"3b3841be\" data-element_type=\"container\">\n\t\t\t\t<div class=\"elementor-element elementor-element-45449153 elementor-widget elementor-widget-text-editor\" data-id=\"45449153\" data-element_type=\"widget\" data-widget_type=\"text-editor.default\">\n\t\t\t\t<div class=\"elementor-widget-container\">\n\t\t\t\t\t\t\t<p><strong>Prora\u010dun potrebe za toplotom<\/strong><br \/>Prona\u0111ite pravu snagu grejanja u samo nekoliko koraka. Izra\u010dunajte toplotu potrebnu za zagrevanje va\u0161ih soba pomoc\u0301u na\u0161eg prakti\u010dnog onlajn kalkulatora.<\/p><p>Do kalkulatora toplotne snage<\/p>\t\t\t\t\t\t<\/div>\n\t\t\t\t<\/div>\n\t\t\t\t<\/div>\n\t\t\t\t<\/div>\n\t\t\t\t<\/div>\n\t\t","protected":false},"excerpt":{"rendered":"<p>ELEKTRI\u010cNA GREJALICA TDS 75 R Profesionalna grejalica za \u0161irok spektar primena: sa elektri\u010dnim greja\u010dem TDS 75 R Sistemi direktnog grejanja na licu mesta sa moc\u0301nim elektri\u010dnim greja\u010dem TDS 75 R rade glatko u svakom pogledu, a ne samo zbog okruglog izlaza toplog vazduha. Kombinacija \u010dvrste tehnologije grejanja bez nepotrebnih detalja koja koristi grejne elemente od<\/p>\n<div class=\"klb-readmore button\"><a class=\"btn link\" href=\"https:\/\/masinezavlagu021.com\/index.php\/elektricna-grejalica-tds-75-r\/\">Read More <i class=\"klbth-icon-right-arrow\"><\/i><\/a><\/div>\n","protected":false},"author":1,"featured_media":0,"parent":0,"menu_order":0,"comment_status":"closed","ping_status":"closed","template":"elementor_header_footer","meta":{"footnotes":""},"class_list":["post-103","page","type-page","status-publish","hentry"],"_links":{"self":[{"href":"https:\/\/masinezavlagu021.com\/index.php\/wp-json\/wp\/v2\/pages\/103","targetHints":{"allow":["GET"]}}],"collection":[{"href":"https:\/\/masinezavlagu021.com\/index.php\/wp-json\/wp\/v2\/pages"}],"about":[{"href":"https:\/\/masinezavlagu021.com\/index.php\/wp-json\/wp\/v2\/types\/page"}],"author":[{"embeddable":true,"href":"https:\/\/masinezavlagu021.com\/index.php\/wp-json\/wp\/v2\/users\/1"}],"replies":[{"embeddable":true,"href":"https:\/\/masinezavlagu021.com\/index.php\/wp-json\/wp\/v2\/comments?post=103"}],"version-history":[{"count":4,"href":"https:\/\/masinezavlagu021.com\/index.php\/wp-json\/wp\/v2\/pages\/103\/revisions"}],"predecessor-version":[{"id":111,"href":"https:\/\/masinezavlagu021.com\/index.php\/wp-json\/wp\/v2\/pages\/103\/revisions\/111"}],"wp:attachment":[{"href":"https:\/\/masinezavlagu021.com\/index.php\/wp-json\/wp\/v2\/media?parent=103"}],"curies":[{"name":"wp","href":"https:\/\/api.w.org\/{rel}","templated":true}]}}